{"id":36939,"date":"2025-11-28T18:38:53","date_gmt":"2025-11-28T18:38:53","guid":{"rendered":"https:\/\/lescollectionsprivees.com\/?post_type=product&#038;p=36939"},"modified":"2025-11-28T18:41:16","modified_gmt":"2025-11-28T18:41:16","slug":"woda-perfumowana-odyssey-marshmallow","status":"publish","type":"product","link":"https:\/\/lescollectionsprivees.com\/pl\/parfum\/eau-de-parfum-odyssey-marshmallow\/","title":{"rendered":"Woda perfumowana Odyssey Marshmallow 100 ml \u2013 Armaf"},"content":{"rendered":"","protected":false},"excerpt":{"rendered":"<p><strong><u>Dane techniczne :<\/u><\/strong><\/p>\n<p><strong>Nazwa perfum<\/strong> : Odyssey Marshmallow<br \/>\n<strong>Marka<\/strong> : Armaf<br \/>\n<strong>Typ<\/strong> M\u0119\u017cczyzna<br \/>\n<strong>Pojemno\u015b\u0107<\/strong> 100 ml<\/p>\n<p><strong><u>Nuty zapachowe :<\/u><\/strong><\/p>\n<p><strong>Uwagi og\u00f3lne<\/strong> : R\u00f3\u017cowe jab\u0142ko, sk\u00f3rka cytryny, kokos, piwonia, konwalia<br \/>\n<strong>Nuty serca<\/strong> : Truskawka, brzoskwinia, malina, morela, kwiat pomara\u0144czy, pianka<br \/>\n<strong>Nuty bazy<\/strong> : R\u00f3\u017cany pi\u017cmo, wanilia, bursztyn, mascarpone, pralinka, fasola tonka.<\/p>","protected":false},"featured_media":36940,"template":"","meta":[],"product_brand":[],"product_cat":[320,204,216,207,202,272,208],"product_tag":[],"class_list":{"0":"post-36939","1":"product","2":"type-product","3":"status-publish","4":"has-post-thumbnail","6":"product_cat-armaf-parfum","7":"product_cat-parfum-citron","8":"product_cat-parfum-coco","9":"product_cat-parfum-fleur-doranger","10":"product_cat-parfum-homme","11":"product_cat-parfum-sucre","12":"product_cat-parfum-vanille","14":"first","15":"instock","16":"taxable","17":"shipping-taxable","18":"purchasable","19":"product-type-simple"},"yoast_head":"<!-- This site is optimized with the Yoast SEO plugin v27.5 - https:\/\/yoast.com\/product\/yoast-seo-wordpress\/ -->\n<title>Eau de parfum Odyssey Marshmallow 100ml \u2013 Armaf - Les Collections Priv\u00e9es<\/title>\n<meta name=\"robots\" content=\"index, follow, max-snippet:-1, max-image-preview:large, max-video-preview:-1\" \/>\n<link rel=\"canonical\" href=\"https:\/\/lescollectionsprivees.com\/pl\/zapach\/woda-perfumowana-odyssey-marshmallow\/\" \/>\n<meta property=\"og:locale\" content=\"pl_PL\" \/>\n<meta property=\"og:type\" content=\"article\" \/>\n<meta property=\"og:title\" content=\"Eau de parfum Odyssey Marshmallow 100ml \u2013 Armaf - Les Collections Priv\u00e9es\" \/>\n<meta property=\"og:description\" content=\"Donn\u00e9es Techniques :  Nom du parfum : Odyssey Marshmallow Marque : Armaf Genre : Masculin Contenance : 100 mL  Notes Olfactives :  Notes de t\u00eate : Pomme rose, citron zest\u00e9, noix de coco, pivoine, muguet Notes de c\u0153ur : Fraise, p\u00eache, framboise, abricot, fleur d\u2019oranger, guimauve Notes de fond : Musc rose, vanille, ambre, mascarpone, pralin\u00e9, f\u00e8ve tonka.\" \/>\n<meta property=\"og:url\" content=\"https:\/\/lescollectionsprivees.com\/pl\/zapach\/woda-perfumowana-odyssey-marshmallow\/\" \/>\n<meta property=\"og:site_name\" content=\"Les Collections Priv\u00e9es\" \/>\n<meta property=\"article:modified_time\" content=\"2025-11-28T18:41:16+00:00\" \/>\n<meta property=\"og:image\" content=\"https:\/\/lescollectionsprivees.com\/wp-content\/uploads\/2025\/11\/EAU-DE-PARFUM-ODYSSEY-MARSHMALLOW-100ML-ARMAF.jpg\" \/>\n\t<meta property=\"og:image:width\" content=\"600\" \/>\n\t<meta property=\"og:image:height\" content=\"600\" \/>\n\t<meta property=\"og:image:type\" content=\"image\/jpeg\" \/>\n<meta name=\"twitter:card\" content=\"summary_large_image\" \/>\n<meta name=\"twitter:label1\" content=\"Szacowany czas czytania\" \/>\n\t<meta name=\"twitter:data1\" content=\"1 minuta\" \/>\n<script type=\"application\/ld+json\" class=\"yoast-schema-graph\">{\"@context\":\"https:\\\/\\\/schema.org\",\"@graph\":[{\"@type\":\"WebPage\",\"@id\":\"https:\\\/\\\/lescollectionsprivees.com\\\/parfum\\\/eau-de-parfum-odyssey-marshmallow\\\/\",\"url\":\"https:\\\/\\\/lescollectionsprivees.com\\\/parfum\\\/eau-de-parfum-odyssey-marshmallow\\\/\",\"name\":\"Eau de parfum Odyssey Marshmallow 100ml \u2013 Armaf - Les Collections Priv\u00e9es\",\"isPartOf\":{\"@id\":\"https:\\\/\\\/lescollectionsprivees.com\\\/#website\"},\"primaryImageOfPage\":{\"@id\":\"https:\\\/\\\/lescollectionsprivees.com\\\/parfum\\\/eau-de-parfum-odyssey-marshmallow\\\/#primaryimage\"},\"image\":{\"@id\":\"https:\\\/\\\/lescollectionsprivees.com\\\/parfum\\\/eau-de-parfum-odyssey-marshmallow\\\/#primaryimage\"},\"thumbnailUrl\":\"https:\\\/\\\/lescollectionsprivees.com\\\/wp-content\\\/uploads\\\/2025\\\/11\\\/EAU-DE-PARFUM-ODYSSEY-MARSHMALLOW-100ML-ARMAF.jpg\",\"datePublished\":\"2025-11-28T18:38:53+00:00\",\"dateModified\":\"2025-11-28T18:41:16+00:00\",\"breadcrumb\":{\"@id\":\"https:\\\/\\\/lescollectionsprivees.com\\\/parfum\\\/eau-de-parfum-odyssey-marshmallow\\\/#breadcrumb\"},\"inLanguage\":\"pl-PL\",\"potentialAction\":[{\"@type\":\"ReadAction\",\"target\":[\"https:\\\/\\\/lescollectionsprivees.com\\\/parfum\\\/eau-de-parfum-odyssey-marshmallow\\\/\"]}]},{\"@type\":\"ImageObject\",\"inLanguage\":\"pl-PL\",\"@id\":\"https:\\\/\\\/lescollectionsprivees.com\\\/parfum\\\/eau-de-parfum-odyssey-marshmallow\\\/#primaryimage\",\"url\":\"https:\\\/\\\/lescollectionsprivees.com\\\/wp-content\\\/uploads\\\/2025\\\/11\\\/EAU-DE-PARFUM-ODYSSEY-MARSHMALLOW-100ML-ARMAF.jpg\",\"contentUrl\":\"https:\\\/\\\/lescollectionsprivees.com\\\/wp-content\\\/uploads\\\/2025\\\/11\\\/EAU-DE-PARFUM-ODYSSEY-MARSHMALLOW-100ML-ARMAF.jpg\",\"width\":600,\"height\":600,\"caption\":\"Eau de parfum Odyssey Marshmallow 100ml \u2013 Armaf\"},{\"@type\":\"BreadcrumbList\",\"@id\":\"https:\\\/\\\/lescollectionsprivees.com\\\/parfum\\\/eau-de-parfum-odyssey-marshmallow\\\/#breadcrumb\",\"itemListElement\":[{\"@type\":\"ListItem\",\"position\":1,\"name\":\"Accueil\",\"item\":\"https:\\\/\\\/lescollectionsprivees.com\\\/\"},{\"@type\":\"ListItem\",\"position\":2,\"name\":\"Boutique\",\"item\":\"https:\\\/\\\/lescollectionsprivees.com\\\/boutique\\\/\"},{\"@type\":\"ListItem\",\"position\":3,\"name\":\"Eau de parfum Odyssey Marshmallow 100ml \u2013 Armaf\"}]},{\"@type\":\"WebSite\",\"@id\":\"https:\\\/\\\/lescollectionsprivees.com\\\/#website\",\"url\":\"https:\\\/\\\/lescollectionsprivees.com\\\/\",\"name\":\"Les Collections Priv\u00e9es\",\"description\":\"\",\"publisher\":{\"@id\":\"https:\\\/\\\/lescollectionsprivees.com\\\/#organization\"},\"potentialAction\":[{\"@type\":\"SearchAction\",\"target\":{\"@type\":\"EntryPoint\",\"urlTemplate\":\"https:\\\/\\\/lescollectionsprivees.com\\\/?s={search_term_string}\"},\"query-input\":{\"@type\":\"PropertyValueSpecification\",\"valueRequired\":true,\"valueName\":\"search_term_string\"}}],\"inLanguage\":\"pl-PL\"},{\"@type\":\"Organization\",\"@id\":\"https:\\\/\\\/lescollectionsprivees.com\\\/#organization\",\"name\":\"Les Collections Priv\u00e9es\",\"url\":\"https:\\\/\\\/lescollectionsprivees.com\\\/\",\"logo\":{\"@type\":\"ImageObject\",\"inLanguage\":\"pl-PL\",\"@id\":\"https:\\\/\\\/lescollectionsprivees.com\\\/#\\\/schema\\\/logo\\\/image\\\/\",\"url\":\"https:\\\/\\\/lescollectionsprivees.com\\\/wp-content\\\/uploads\\\/2020\\\/02\\\/Logo-Les-Collections-Priv\u00e9es-450x450-1.png\",\"contentUrl\":\"https:\\\/\\\/lescollectionsprivees.com\\\/wp-content\\\/uploads\\\/2020\\\/02\\\/Logo-Les-Collections-Priv\u00e9es-450x450-1.png\",\"width\":450,\"height\":450,\"caption\":\"Les Collections Priv\u00e9es\"},\"image\":{\"@id\":\"https:\\\/\\\/lescollectionsprivees.com\\\/#\\\/schema\\\/logo\\\/image\\\/\"}}]}<\/script>\n<!-- \/ Yoast SEO plugin. -->","yoast_head_json":{"title":"Woda perfumowana Odyssey Marshmallow 100 ml \u2013 Armaf \u2013 Kolekcje prywatne","robots":{"index":"index","follow":"follow","max-snippet":"max-snippet:-1","max-image-preview":"max-image-preview:large","max-video-preview":"max-video-preview:-1"},"canonical":"https:\/\/lescollectionsprivees.com\/pl\/zapach\/woda-perfumowana-odyssey-marshmallow\/","og_locale":"pl_PL","og_type":"article","og_title":"Eau de parfum Odyssey Marshmallow 100ml \u2013 Armaf - Les Collections Priv\u00e9es","og_description":"Donn\u00e9es Techniques :  Nom du parfum : Odyssey Marshmallow Marque : Armaf Genre : Masculin Contenance : 100 mL  Notes Olfactives :  Notes de t\u00eate : Pomme rose, citron zest\u00e9, noix de coco, pivoine, muguet Notes de c\u0153ur : Fraise, p\u00eache, framboise, abricot, fleur d\u2019oranger, guimauve Notes de fond : Musc rose, vanille, ambre, mascarpone, pralin\u00e9, f\u00e8ve tonka.","og_url":"https:\/\/lescollectionsprivees.com\/pl\/zapach\/woda-perfumowana-odyssey-marshmallow\/","og_site_name":"Les Collections Priv\u00e9es","article_modified_time":"2025-11-28T18:41:16+00:00","og_image":[{"width":600,"height":600,"url":"https:\/\/lescollectionsprivees.com\/wp-content\/uploads\/2025\/11\/EAU-DE-PARFUM-ODYSSEY-MARSHMALLOW-100ML-ARMAF.jpg","type":"image\/jpeg"}],"twitter_card":"summary_large_image","twitter_misc":{"Szacowany czas czytania":"1 minuta"},"schema":{"@context":"https:\/\/schema.org","@graph":[{"@type":"WebPage","@id":"https:\/\/lescollectionsprivees.com\/parfum\/eau-de-parfum-odyssey-marshmallow\/","url":"https:\/\/lescollectionsprivees.com\/parfum\/eau-de-parfum-odyssey-marshmallow\/","name":"Woda perfumowana Odyssey Marshmallow 100 ml \u2013 Armaf \u2013 Kolekcje prywatne","isPartOf":{"@id":"https:\/\/lescollectionsprivees.com\/#website"},"primaryImageOfPage":{"@id":"https:\/\/lescollectionsprivees.com\/parfum\/eau-de-parfum-odyssey-marshmallow\/#primaryimage"},"image":{"@id":"https:\/\/lescollectionsprivees.com\/parfum\/eau-de-parfum-odyssey-marshmallow\/#primaryimage"},"thumbnailUrl":"https:\/\/lescollectionsprivees.com\/wp-content\/uploads\/2025\/11\/EAU-DE-PARFUM-ODYSSEY-MARSHMALLOW-100ML-ARMAF.jpg","datePublished":"2025-11-28T18:38:53+00:00","dateModified":"2025-11-28T18:41:16+00:00","breadcrumb":{"@id":"https:\/\/lescollectionsprivees.com\/parfum\/eau-de-parfum-odyssey-marshmallow\/#breadcrumb"},"inLanguage":"pl-PL","potentialAction":[{"@type":"ReadAction","target":["https:\/\/lescollectionsprivees.com\/parfum\/eau-de-parfum-odyssey-marshmallow\/"]}]},{"@type":"ImageObject","inLanguage":"pl-PL","@id":"https:\/\/lescollectionsprivees.com\/parfum\/eau-de-parfum-odyssey-marshmallow\/#primaryimage","url":"https:\/\/lescollectionsprivees.com\/wp-content\/uploads\/2025\/11\/EAU-DE-PARFUM-ODYSSEY-MARSHMALLOW-100ML-ARMAF.jpg","contentUrl":"https:\/\/lescollectionsprivees.com\/wp-content\/uploads\/2025\/11\/EAU-DE-PARFUM-ODYSSEY-MARSHMALLOW-100ML-ARMAF.jpg","width":600,"height":600,"caption":"Eau de parfum Odyssey Marshmallow 100ml \u2013 Armaf"},{"@type":"BreadcrumbList","@id":"https:\/\/lescollectionsprivees.com\/parfum\/eau-de-parfum-odyssey-marshmallow\/#breadcrumb","itemListElement":[{"@type":"ListItem","position":1,"name":"Accueil","item":"https:\/\/lescollectionsprivees.com\/"},{"@type":"ListItem","position":2,"name":"Boutique","item":"https:\/\/lescollectionsprivees.com\/boutique\/"},{"@type":"ListItem","position":3,"name":"Eau de parfum Odyssey Marshmallow 100ml \u2013 Armaf"}]},{"@type":"WebSite","@id":"https:\/\/lescollectionsprivees.com\/#website","url":"https:\/\/lescollectionsprivees.com\/","name":"Kolekcje prywatne","description":"","publisher":{"@id":"https:\/\/lescollectionsprivees.com\/#organization"},"potentialAction":[{"@type":"SearchAction","target":{"@type":"EntryPoint","urlTemplate":"https:\/\/lescollectionsprivees.com\/?s={search_term_string}"},"query-input":{"@type":"PropertyValueSpecification","valueRequired":true,"valueName":"search_term_string"}}],"inLanguage":"pl-PL"},{"@type":"Organization","@id":"https:\/\/lescollectionsprivees.com\/#organization","name":"Kolekcje prywatne","url":"https:\/\/lescollectionsprivees.com\/","logo":{"@type":"ImageObject","inLanguage":"pl-PL","@id":"https:\/\/lescollectionsprivees.com\/#\/schema\/logo\/image\/","url":"https:\/\/lescollectionsprivees.com\/wp-content\/uploads\/2020\/02\/Logo-Les-Collections-Priv\u00e9es-450x450-1.png","contentUrl":"https:\/\/lescollectionsprivees.com\/wp-content\/uploads\/2020\/02\/Logo-Les-Collections-Priv\u00e9es-450x450-1.png","width":450,"height":450,"caption":"Les Collections Priv\u00e9es"},"image":{"@id":"https:\/\/lescollectionsprivees.com\/#\/schema\/logo\/image\/"}}]}},"_links":{"self":[{"href":"https:\/\/lescollectionsprivees.com\/pl\/wp-json\/wp\/v2\/product\/36939","targetHints":{"allow":["GET"]}}],"collection":[{"href":"https:\/\/lescollectionsprivees.com\/pl\/wp-json\/wp\/v2\/product"}],"about":[{"href":"https:\/\/lescollectionsprivees.com\/pl\/wp-json\/wp\/v2\/types\/product"}],"wp:featuredmedia":[{"embeddable":true,"href":"https:\/\/lescollectionsprivees.com\/pl\/wp-json\/wp\/v2\/media\/36940"}],"wp:attachment":[{"href":"https:\/\/lescollectionsprivees.com\/pl\/wp-json\/wp\/v2\/media?parent=36939"}],"wp:term":[{"taxonomy":"product_brand","embeddable":true,"href":"https:\/\/lescollectionsprivees.com\/pl\/wp-json\/wp\/v2\/product_brand?post=36939"},{"taxonomy":"product_cat","embeddable":true,"href":"https:\/\/lescollectionsprivees.com\/pl\/wp-json\/wp\/v2\/product_cat?post=36939"},{"taxonomy":"product_tag","embeddable":true,"href":"https:\/\/lescollectionsprivees.com\/pl\/wp-json\/wp\/v2\/product_tag?post=36939"}],"curies":[{"name":"wp","href":"https:\/\/api.w.org\/{rel}","templated":true}]}}