{"id":6329,"date":"2020-02-06T12:41:15","date_gmt":"2020-02-06T12:41:15","guid":{"rendered":"https:\/\/lescollectionsprivees.com\/produit\/import-placeholder-for-1759\/"},"modified":"2024-08-23T09:00:30","modified_gmt":"2024-08-23T09:00:30","slug":"perfumy-shahrazad-lattafa","status":"publish","type":"product","link":"https:\/\/lescollectionsprivees.com\/pl\/parfum\/shahrazad-lattafa-perfumes\/","title":{"rendered":"Shahrazad - Perfumy Lattafa"},"content":{"rendered":"<h2><strong>Shahrazad by Lattafa Perfumes<\/strong><\/h2>\n<p>Shahrazad ma wszelkie zadatki na uwodzicielskie arcydzie\u0142o. I jest to jasne od pierwszych chwil. W tym przypadku Lattafa Perfumes umiej\u0119tnie pod\u0105\u017ca wbrew oczekiwaniom i tradycjom. Zamiast oferowa\u0107 z\u0142o\u017cony, prze\u0142adowany zapach z mn\u00f3stwem aromat\u00f3w gourmand, Shahrazad okazuje si\u0119 by\u0107 prawdziw\u0105 olfaktoryczn\u0105 podr\u00f3\u017c\u0105, prowadz\u0105c\u0105 od pierwszych s\u0142odkich wra\u017ce\u0144 do stonowanego, subtelnego pi\u0119kna.<\/p>\n<h2><strong>Harmonizacja dla lepszego uwodzenia <\/strong><\/h2>\n<p>Z\u0142o\u017cona z wanilii, kardamonu i szafranu, ta woda perfumowana bez trudu znalaz\u0142aby si\u0119 w\u015br\u00f3d najs\u0142odszych zapach\u00f3w marki. Jednak pocz\u0105tkowa ekspresja wanilii nie jest ani zbyt wyra\u017ana, ani zbyt d\u0142uga. To westchnienie, niemal niespodziewane, kt\u00f3re szybko ust\u0119puje miejsca drzewnym zapachom oudu. Od tego momentu rozpoczyna si\u0119 symfonia akord\u00f3w. Od gwajaku po cypriol, wszystkie nuty harmonizuj\u0105 kolejno z oudem, tworz\u0105c zaskakuj\u0105co sp\u00f3jn\u0105 ca\u0142o\u015b\u0107.<\/p>\n<p>Tak wi\u0119c, pomimo zauwa\u017calnej obecno\u015bci silnych zapach\u00f3w i \u0142atwo rozpoznawalnych nut, Shahrazad by Lattafa Perfumes udaje si\u0119 stworzy\u0107 zapach, kt\u00f3ry jest prosty i przyjemny. Zapach ten wznosi si\u0119 ponad zwyk\u0142e wyrafinowanie uwodzicielskich zapach\u00f3w, aby zaprezentowa\u0107 pi\u0119kno, kt\u00f3re nie ukrywa si\u0119 za sztuczno\u015bci\u0105, ale stoi samodzielnie.<\/p>\n<h2><strong>Subtelno\u015b\u0107 orientalnych zapach\u00f3w<\/strong><\/h2>\n<p>Shahrazad marki Lattafa Perfumes to prawdziwy archetyp cennego orientalnego zapachu o stosunkowo d\u0142ugiej trwa\u0142o\u015bci i satysfakcjonuj\u0105cej projekcji. To zapach z drzewnymi, gourmand nutami, kt\u00f3ry zawsze pozostawia po sobie podbite duchy.<\/p>","protected":false},"excerpt":{"rendered":"<p><strong><u>Dane techniczne :<\/u><\/strong><\/p>\n<p><strong>Nazwa perfum<\/strong> Szahrazad<br \/>\n<strong>Marka<\/strong> Perfumy Lattafa<br \/>\n<strong>Typ<\/strong> Unisex<br \/>\n<strong>Pojemno\u015b\u0107<\/strong> 100 ml<\/p>\n<p><span style=\"text-decoration: underline;\"><strong>Profil zapachowy<\/strong> :<\/span><\/p>\n<p>Oud, kardamon, gwajak, wanilia, szafran, olejek eteryczny Cypriol<\/p>","protected":false},"featured_media":8359,"template":"","meta":[],"product_brand":[],"product_cat":[227,15],"product_tag":[],"class_list":{"0":"post-6329","1":"product","2":"type-product","3":"status-publish","4":"has-post-thumbnail","6":"product_cat-parfum-lattafa","7":"product_cat-parfums-de-dubai","8":"pa_marque-lattafa-perfumes","10":"first","11":"instock","12":"taxable","13":"shipping-taxable","14":"purchasable","15":"product-type-simple"},"yoast_head":"<!-- This site is optimized with the Yoast SEO plugin v27.5 - https:\/\/yoast.com\/product\/yoast-seo-wordpress\/ -->\n<title>Shahrazad de Lattafa Perfumes en 100 ml - Les Collections Priv\u00e9es<\/title>\n<meta name=\"description\" content=\"Shahrazad\u00a0de Lattafa Perfumes a tout d\u2019un chef-d\u2019\u0153uvre de s\u00e9duction. Et on s\u2019en rend bien compte d\u00e8s les premiers instants. Pour le d\u00e9couvrir, cliquez ici !\" \/>\n<meta name=\"robots\" content=\"index, follow, max-snippet:-1, max-image-preview:large, max-video-preview:-1\" \/>\n<link rel=\"canonical\" href=\"https:\/\/lescollectionsprivees.com\/pl\/zapach\/perfumy-shahrazad-lattafa\/\" \/>\n<meta property=\"og:locale\" content=\"pl_PL\" \/>\n<meta property=\"og:type\" content=\"article\" \/>\n<meta property=\"og:title\" content=\"Shahrazad de Lattafa Perfumes en 100 ml - Les Collections Priv\u00e9es\" \/>\n<meta property=\"og:description\" content=\"Shahrazad\u00a0de Lattafa Perfumes a tout d\u2019un chef-d\u2019\u0153uvre de s\u00e9duction. Et on s\u2019en rend bien compte d\u00e8s les premiers instants. Pour le d\u00e9couvrir, cliquez ici !\" \/>\n<meta property=\"og:url\" content=\"https:\/\/lescollectionsprivees.com\/pl\/zapach\/perfumy-shahrazad-lattafa\/\" \/>\n<meta property=\"og:site_name\" content=\"Les Collections Priv\u00e9es\" \/>\n<meta property=\"article:modified_time\" content=\"2024-08-23T09:00:30+00:00\" \/>\n<meta property=\"og:image\" content=\"https:\/\/lescollectionsprivees.com\/wp-content\/uploads\/2020\/02\/Shahrazad-Ard-Al-Zaafaran-Les-Collections-Priv\u00e9es.jpg\" \/>\n\t<meta property=\"og:image:width\" content=\"521\" \/>\n\t<meta property=\"og:image:height\" content=\"695\" \/>\n\t<meta property=\"og:image:type\" content=\"image\/jpeg\" \/>\n<meta name=\"twitter:card\" content=\"summary_large_image\" \/>\n<meta name=\"twitter:label1\" content=\"Szacowany czas czytania\" \/>\n\t<meta name=\"twitter:data1\" content=\"2 minuty\" \/>\n<script type=\"application\/ld+json\" class=\"yoast-schema-graph\">{\"@context\":\"https:\\\/\\\/schema.org\",\"@graph\":[{\"@type\":\"WebPage\",\"@id\":\"https:\\\/\\\/lescollectionsprivees.com\\\/parfum\\\/shahrazad-lattafa-perfumes\\\/\",\"url\":\"https:\\\/\\\/lescollectionsprivees.com\\\/parfum\\\/shahrazad-lattafa-perfumes\\\/\",\"name\":\"Shahrazad de Lattafa Perfumes en 100 ml - Les Collections Priv\u00e9es\",\"isPartOf\":{\"@id\":\"https:\\\/\\\/lescollectionsprivees.com\\\/#website\"},\"primaryImageOfPage\":{\"@id\":\"https:\\\/\\\/lescollectionsprivees.com\\\/parfum\\\/shahrazad-lattafa-perfumes\\\/#primaryimage\"},\"image\":{\"@id\":\"https:\\\/\\\/lescollectionsprivees.com\\\/parfum\\\/shahrazad-lattafa-perfumes\\\/#primaryimage\"},\"thumbnailUrl\":\"https:\\\/\\\/lescollectionsprivees.com\\\/wp-content\\\/uploads\\\/2020\\\/02\\\/Shahrazad-Ard-Al-Zaafaran-Les-Collections-Priv\u00e9es.jpg\",\"datePublished\":\"2020-02-06T12:41:15+00:00\",\"dateModified\":\"2024-08-23T09:00:30+00:00\",\"description\":\"Shahrazad\u00a0de Lattafa Perfumes a tout d\u2019un chef-d\u2019\u0153uvre de s\u00e9duction. Et on s\u2019en rend bien compte d\u00e8s les premiers instants. Pour le d\u00e9couvrir, cliquez ici !\",\"breadcrumb\":{\"@id\":\"https:\\\/\\\/lescollectionsprivees.com\\\/parfum\\\/shahrazad-lattafa-perfumes\\\/#breadcrumb\"},\"inLanguage\":\"pl-PL\",\"potentialAction\":[{\"@type\":\"ReadAction\",\"target\":[\"https:\\\/\\\/lescollectionsprivees.com\\\/parfum\\\/shahrazad-lattafa-perfumes\\\/\"]}]},{\"@type\":\"ImageObject\",\"inLanguage\":\"pl-PL\",\"@id\":\"https:\\\/\\\/lescollectionsprivees.com\\\/parfum\\\/shahrazad-lattafa-perfumes\\\/#primaryimage\",\"url\":\"https:\\\/\\\/lescollectionsprivees.com\\\/wp-content\\\/uploads\\\/2020\\\/02\\\/Shahrazad-Ard-Al-Zaafaran-Les-Collections-Priv\u00e9es.jpg\",\"contentUrl\":\"https:\\\/\\\/lescollectionsprivees.com\\\/wp-content\\\/uploads\\\/2020\\\/02\\\/Shahrazad-Ard-Al-Zaafaran-Les-Collections-Priv\u00e9es.jpg\",\"width\":521,\"height\":695,\"caption\":\"Shahrazad - Ard Al Zaafaran - Les Collections Priv\u00e9es\"},{\"@type\":\"BreadcrumbList\",\"@id\":\"https:\\\/\\\/lescollectionsprivees.com\\\/parfum\\\/shahrazad-lattafa-perfumes\\\/#breadcrumb\",\"itemListElement\":[{\"@type\":\"ListItem\",\"position\":1,\"name\":\"Accueil\",\"item\":\"https:\\\/\\\/lescollectionsprivees.com\\\/\"},{\"@type\":\"ListItem\",\"position\":2,\"name\":\"Boutique\",\"item\":\"https:\\\/\\\/lescollectionsprivees.com\\\/boutique\\\/\"},{\"@type\":\"ListItem\",\"position\":3,\"name\":\"Shahrazad &#8211; Lattafa Perfumes\"}]},{\"@type\":\"WebSite\",\"@id\":\"https:\\\/\\\/lescollectionsprivees.com\\\/#website\",\"url\":\"https:\\\/\\\/lescollectionsprivees.com\\\/\",\"name\":\"Les Collections Priv\u00e9es\",\"description\":\"\",\"publisher\":{\"@id\":\"https:\\\/\\\/lescollectionsprivees.com\\\/#organization\"},\"potentialAction\":[{\"@type\":\"SearchAction\",\"target\":{\"@type\":\"EntryPoint\",\"urlTemplate\":\"https:\\\/\\\/lescollectionsprivees.com\\\/?s={search_term_string}\"},\"query-input\":{\"@type\":\"PropertyValueSpecification\",\"valueRequired\":true,\"valueName\":\"search_term_string\"}}],\"inLanguage\":\"pl-PL\"},{\"@type\":\"Organization\",\"@id\":\"https:\\\/\\\/lescollectionsprivees.com\\\/#organization\",\"name\":\"Les Collections Priv\u00e9es\",\"url\":\"https:\\\/\\\/lescollectionsprivees.com\\\/\",\"logo\":{\"@type\":\"ImageObject\",\"inLanguage\":\"pl-PL\",\"@id\":\"https:\\\/\\\/lescollectionsprivees.com\\\/#\\\/schema\\\/logo\\\/image\\\/\",\"url\":\"https:\\\/\\\/lescollectionsprivees.com\\\/wp-content\\\/uploads\\\/2020\\\/02\\\/Logo-Les-Collections-Priv\u00e9es-450x450-1.png\",\"contentUrl\":\"https:\\\/\\\/lescollectionsprivees.com\\\/wp-content\\\/uploads\\\/2020\\\/02\\\/Logo-Les-Collections-Priv\u00e9es-450x450-1.png\",\"width\":450,\"height\":450,\"caption\":\"Les Collections Priv\u00e9es\"},\"image\":{\"@id\":\"https:\\\/\\\/lescollectionsprivees.com\\\/#\\\/schema\\\/logo\\\/image\\\/\"}}]}<\/script>\n<!-- \/ Yoast SEO plugin. -->","yoast_head_json":{"title":"Shahrazad by Lattafa Perfumy w 100 ml - Les Collections Priv\u00e9es","description":"Shahrazad marki Lattafa Perfumes ma wszelkie zadatki na uwodzicielskie arcydzie\u0142o. I jest to jasne od pierwszej chwili. Aby go odkry\u0107, kliknij tutaj!","robots":{"index":"index","follow":"follow","max-snippet":"max-snippet:-1","max-image-preview":"max-image-preview:large","max-video-preview":"max-video-preview:-1"},"canonical":"https:\/\/lescollectionsprivees.com\/pl\/zapach\/perfumy-shahrazad-lattafa\/","og_locale":"pl_PL","og_type":"article","og_title":"Shahrazad de Lattafa Perfumes en 100 ml - Les Collections Priv\u00e9es","og_description":"Shahrazad\u00a0de Lattafa Perfumes a tout d\u2019un chef-d\u2019\u0153uvre de s\u00e9duction. Et on s\u2019en rend bien compte d\u00e8s les premiers instants. Pour le d\u00e9couvrir, cliquez ici !","og_url":"https:\/\/lescollectionsprivees.com\/pl\/zapach\/perfumy-shahrazad-lattafa\/","og_site_name":"Les Collections Priv\u00e9es","article_modified_time":"2024-08-23T09:00:30+00:00","og_image":[{"width":521,"height":695,"url":"https:\/\/lescollectionsprivees.com\/wp-content\/uploads\/2020\/02\/Shahrazad-Ard-Al-Zaafaran-Les-Collections-Priv\u00e9es.jpg","type":"image\/jpeg"}],"twitter_card":"summary_large_image","twitter_misc":{"Szacowany czas czytania":"2 minuty"},"schema":{"@context":"https:\/\/schema.org","@graph":[{"@type":"WebPage","@id":"https:\/\/lescollectionsprivees.com\/parfum\/shahrazad-lattafa-perfumes\/","url":"https:\/\/lescollectionsprivees.com\/parfum\/shahrazad-lattafa-perfumes\/","name":"Shahrazad by Lattafa Perfumy w 100 ml - Les Collections Priv\u00e9es","isPartOf":{"@id":"https:\/\/lescollectionsprivees.com\/#website"},"primaryImageOfPage":{"@id":"https:\/\/lescollectionsprivees.com\/parfum\/shahrazad-lattafa-perfumes\/#primaryimage"},"image":{"@id":"https:\/\/lescollectionsprivees.com\/parfum\/shahrazad-lattafa-perfumes\/#primaryimage"},"thumbnailUrl":"https:\/\/lescollectionsprivees.com\/wp-content\/uploads\/2020\/02\/Shahrazad-Ard-Al-Zaafaran-Les-Collections-Priv\u00e9es.jpg","datePublished":"2020-02-06T12:41:15+00:00","dateModified":"2024-08-23T09:00:30+00:00","description":"Shahrazad marki Lattafa Perfumes ma wszelkie zadatki na uwodzicielskie arcydzie\u0142o. I jest to jasne od pierwszej chwili. Aby go odkry\u0107, kliknij tutaj!","breadcrumb":{"@id":"https:\/\/lescollectionsprivees.com\/parfum\/shahrazad-lattafa-perfumes\/#breadcrumb"},"inLanguage":"pl-PL","potentialAction":[{"@type":"ReadAction","target":["https:\/\/lescollectionsprivees.com\/parfum\/shahrazad-lattafa-perfumes\/"]}]},{"@type":"ImageObject","inLanguage":"pl-PL","@id":"https:\/\/lescollectionsprivees.com\/parfum\/shahrazad-lattafa-perfumes\/#primaryimage","url":"https:\/\/lescollectionsprivees.com\/wp-content\/uploads\/2020\/02\/Shahrazad-Ard-Al-Zaafaran-Les-Collections-Priv\u00e9es.jpg","contentUrl":"https:\/\/lescollectionsprivees.com\/wp-content\/uploads\/2020\/02\/Shahrazad-Ard-Al-Zaafaran-Les-Collections-Priv\u00e9es.jpg","width":521,"height":695,"caption":"Shahrazad - Ard Al Zaafaran - Les Collections Priv\u00e9es"},{"@type":"BreadcrumbList","@id":"https:\/\/lescollectionsprivees.com\/parfum\/shahrazad-lattafa-perfumes\/#breadcrumb","itemListElement":[{"@type":"ListItem","position":1,"name":"Accueil","item":"https:\/\/lescollectionsprivees.com\/"},{"@type":"ListItem","position":2,"name":"Boutique","item":"https:\/\/lescollectionsprivees.com\/boutique\/"},{"@type":"ListItem","position":3,"name":"Shahrazad &#8211; Lattafa Perfumes"}]},{"@type":"WebSite","@id":"https:\/\/lescollectionsprivees.com\/#website","url":"https:\/\/lescollectionsprivees.com\/","name":"Kolekcje prywatne","description":"","publisher":{"@id":"https:\/\/lescollectionsprivees.com\/#organization"},"potentialAction":[{"@type":"SearchAction","target":{"@type":"EntryPoint","urlTemplate":"https:\/\/lescollectionsprivees.com\/?s={search_term_string}"},"query-input":{"@type":"PropertyValueSpecification","valueRequired":true,"valueName":"search_term_string"}}],"inLanguage":"pl-PL"},{"@type":"Organization","@id":"https:\/\/lescollectionsprivees.com\/#organization","name":"Kolekcje prywatne","url":"https:\/\/lescollectionsprivees.com\/","logo":{"@type":"ImageObject","inLanguage":"pl-PL","@id":"https:\/\/lescollectionsprivees.com\/#\/schema\/logo\/image\/","url":"https:\/\/lescollectionsprivees.com\/wp-content\/uploads\/2020\/02\/Logo-Les-Collections-Priv\u00e9es-450x450-1.png","contentUrl":"https:\/\/lescollectionsprivees.com\/wp-content\/uploads\/2020\/02\/Logo-Les-Collections-Priv\u00e9es-450x450-1.png","width":450,"height":450,"caption":"Les Collections Priv\u00e9es"},"image":{"@id":"https:\/\/lescollectionsprivees.com\/#\/schema\/logo\/image\/"}}]}},"_links":{"self":[{"href":"https:\/\/lescollectionsprivees.com\/pl\/wp-json\/wp\/v2\/product\/6329","targetHints":{"allow":["GET"]}}],"collection":[{"href":"https:\/\/lescollectionsprivees.com\/pl\/wp-json\/wp\/v2\/product"}],"about":[{"href":"https:\/\/lescollectionsprivees.com\/pl\/wp-json\/wp\/v2\/types\/product"}],"wp:featuredmedia":[{"embeddable":true,"href":"https:\/\/lescollectionsprivees.com\/pl\/wp-json\/wp\/v2\/media\/8359"}],"wp:attachment":[{"href":"https:\/\/lescollectionsprivees.com\/pl\/wp-json\/wp\/v2\/media?parent=6329"}],"wp:term":[{"taxonomy":"product_brand","embeddable":true,"href":"https:\/\/lescollectionsprivees.com\/pl\/wp-json\/wp\/v2\/product_brand?post=6329"},{"taxonomy":"product_cat","embeddable":true,"href":"https:\/\/lescollectionsprivees.com\/pl\/wp-json\/wp\/v2\/product_cat?post=6329"},{"taxonomy":"product_tag","embeddable":true,"href":"https:\/\/lescollectionsprivees.com\/pl\/wp-json\/wp\/v2\/product_tag?post=6329"}],"curies":[{"name":"wp","href":"https:\/\/api.w.org\/{rel}","templated":true}]}}