{"id":6370,"date":"2020-02-06T12:41:24","date_gmt":"2020-02-06T12:41:24","guid":{"rendered":"https:\/\/lescollectionsprivees.com\/produit\/import-placeholder-for-1887\/"},"modified":"2025-11-07T16:02:54","modified_gmt":"2025-11-07T16:02:54","slug":"intesar-al-hub-ard-al-zaafaran","status":"publish","type":"product","link":"https:\/\/lescollectionsprivees.com\/pl\/parfum\/intesar-al-hub-ard-al-zaafaran\/","title":{"rendered":"Intesar Al Hub - Ard Al Zaafaran"},"content":{"rendered":"<h2>Intesar Al Hub by Ard Al Zaafaran<\/h2>\n<p>Urzekaj\u0105cy i zmys\u0142owy Intesar Al Hub marki Ard Al Zaafaran zachwyca mi\u0142o\u015bnik\u00f3w wspania\u0142ych orientalnych zapach\u00f3w, w szczeg\u00f3lno\u015bci dzi\u0119ki delikatnym, wystawnym aromatom. Marzysz o noszeniu luksusowych perfum, aby czu\u0107 si\u0119 elegancko i dobrze. Uwielbiasz te\u017c wdycha\u0107 dobre zapachy i dzieli\u0107 si\u0119 nimi z innymi. Ciesz si\u0119 wi\u0119c tym wspania\u0142ym zapachem z Dubaju, kt\u00f3ry nape\u0142ni szcz\u0119\u015bciem Ciebie i osoby wok\u00f3\u0142 Ciebie. Odkryj jego cudowne s\u0142odkie, bursztynowe, drzewne i kwiatowe aromaty, gotowe pobudzi\u0107 Twoje zmys\u0142y i zmi\u0119kczy\u0107 Twoje serce.<\/p>\n<h2>Niedrogie i rozs\u0105dne luksusowe perfumy<\/h2>\n<p>Pomimo bardzo przyst\u0119pnej ceny, Intesar Al Hub marki Ard Al Zaafaran to jedne z najbardziej presti\u017cowych luksusowych perfum na Bliskim Wschodzie. Temu s\u0142ynnemu emirackiemu domowi perfumeryjnemu uda\u0142o si\u0119 zaprojektowa\u0107 zapach o wyj\u0105tkowych w\u0142a\u015bciwo\u015bciach, a jednocze\u015bnie dost\u0119pny dla og\u00f3\u0142u spo\u0142ecze\u0144stwa. Jego kompozycja zawiera wysokiej jako\u015bci sk\u0142adniki skrupulatnie dobrane, aby zapewni\u0107 rewelacyjny zapach.<\/p>\n<p>I zapewnia pot\u0119\u017cny bukiet zapachowy z nutami wanilii, bursztynu, drzewa sanda\u0142owego i gardenii. Soczyste, s\u0142odkie zapachy, kt\u00f3re odurzaj\u0105 i oczarowuj\u0105 ka\u017cdy nos na horyzoncie. Mo\u017cesz wi\u0119c cieszy\u0107 si\u0119 cennym, nowoczesnym orientalnym zapachem bez wydawania fortuny.<\/p>\n<h2>Absolutna zmys\u0142owo\u015b\u0107 i wyrafinowanie<\/h2>\n<p>Niezale\u017cnie od tego, czy jeste\u015b m\u0119\u017cczyzn\u0105, czy kobiet\u0105, z pewno\u015bci\u0105 docenisz eleganckie, atrakcyjne cechy tego wysublimowanego zapachu. Prawda jest taka, \u017ce b\u0119dziesz w stanie wydoby\u0107 swoj\u0105 seksown\u0105, szarmanck\u0105 stron\u0119 bez utraty to\u017csamo\u015bci.<\/p>\n<p>To powiedziawszy, ten luksusowy zapach ma intensywny \u015blad i du\u017c\u0105 projekcj\u0119. W rezultacie b\u0119dziesz w stanie wydycha\u0107 fantastyczne zapachy z \u0142atwo\u015bci\u0105 i przez wiele godzin. Co wi\u0119cej, pokochasz go gdziekolwiek jeste\u015b, czy to w pracy, czy w domu.<\/p>","protected":false},"excerpt":{"rendered":"<p><strong><u>Dane techniczne :<\/u><\/strong><\/p>\n<p><strong>Nazwa perfum<\/strong>\u00a0Intesar Al Hub<br \/>\n<strong>Marka<\/strong>\u00a0Ard Al Zaafaran<br \/>\n<strong>Typ<\/strong>\u00a0Unisex<br \/>\n<strong>Pojemno\u015b\u0107<\/strong>\u00a0100 ml<\/p>\n<p><span style=\"text-decoration: underline;\"><strong>Profil zapachowy<\/strong>\u00a0:<\/span><\/p>\n<p>Nuty wanilii, bursztynu, drzewa sanda\u0142owego i gardenii.<\/p>","protected":false},"featured_media":7266,"template":"","meta":[],"product_brand":[],"product_cat":[274,15],"product_tag":[],"class_list":{"0":"post-6370","1":"product","2":"type-product","3":"status-publish","4":"has-post-thumbnail","6":"product_cat-ard-al-zaafaran","7":"product_cat-parfums-de-dubai","8":"pa_marque-ard-al-zaafaran","10":"first","11":"outofstock","12":"taxable","13":"shipping-taxable","14":"purchasable","15":"product-type-simple"},"yoast_head":"<!-- This site is optimized with the Yoast SEO plugin v27.5 - https:\/\/yoast.com\/product\/yoast-seo-wordpress\/ -->\n<title>Intesar Al Hub de Ard Al Zaafaran en 100ml - Les Collections Priv\u00e9es<\/title>\n<meta name=\"description\" content=\"Captivant et sensuel, Intesar Al Hub de Ard Al Zaafaran passionne les amateurs de parfums orientaux avec ses senteurs somptueuses. D\u00e9couvrez-le vite\u00a0!\" \/>\n<meta name=\"robots\" content=\"index, follow, max-snippet:-1, max-image-preview:large, max-video-preview:-1\" \/>\n<link rel=\"canonical\" href=\"https:\/\/lescollectionsprivees.com\/pl\/zapach\/intesar-al-hub-ard-al-zaafaran\/\" \/>\n<meta property=\"og:locale\" content=\"pl_PL\" \/>\n<meta property=\"og:type\" content=\"article\" \/>\n<meta property=\"og:title\" content=\"Intesar Al Hub de Ard Al Zaafaran en 100ml - Les Collections Priv\u00e9es\" \/>\n<meta property=\"og:description\" content=\"Captivant et sensuel, Intesar Al Hub de Ard Al Zaafaran passionne les amateurs de parfums orientaux avec ses senteurs somptueuses. D\u00e9couvrez-le vite\u00a0!\" \/>\n<meta property=\"og:url\" content=\"https:\/\/lescollectionsprivees.com\/pl\/zapach\/intesar-al-hub-ard-al-zaafaran\/\" \/>\n<meta property=\"og:site_name\" content=\"Les Collections Priv\u00e9es\" \/>\n<meta property=\"article:modified_time\" content=\"2025-11-07T16:02:54+00:00\" \/>\n<meta property=\"og:image\" content=\"https:\/\/lescollectionsprivees.com\/wp-content\/uploads\/2020\/02\/Intesar-Al-Hub-Ard-Al-Zaafaran-Les-Collections-Priv\u00e9es.png\" \/>\n\t<meta property=\"og:image:width\" content=\"521\" \/>\n\t<meta property=\"og:image:height\" content=\"695\" \/>\n\t<meta property=\"og:image:type\" content=\"image\/png\" \/>\n<meta name=\"twitter:card\" content=\"summary_large_image\" \/>\n<meta name=\"twitter:label1\" content=\"Szacowany czas czytania\" \/>\n\t<meta name=\"twitter:data1\" content=\"2 minuty\" \/>\n<script type=\"application\/ld+json\" class=\"yoast-schema-graph\">{\"@context\":\"https:\\\/\\\/schema.org\",\"@graph\":[{\"@type\":\"WebPage\",\"@id\":\"https:\\\/\\\/lescollectionsprivees.com\\\/parfum\\\/intesar-al-hub-ard-al-zaafaran\\\/\",\"url\":\"https:\\\/\\\/lescollectionsprivees.com\\\/parfum\\\/intesar-al-hub-ard-al-zaafaran\\\/\",\"name\":\"Intesar Al Hub de Ard Al Zaafaran en 100ml - Les Collections Priv\u00e9es\",\"isPartOf\":{\"@id\":\"https:\\\/\\\/lescollectionsprivees.com\\\/#website\"},\"primaryImageOfPage\":{\"@id\":\"https:\\\/\\\/lescollectionsprivees.com\\\/parfum\\\/intesar-al-hub-ard-al-zaafaran\\\/#primaryimage\"},\"image\":{\"@id\":\"https:\\\/\\\/lescollectionsprivees.com\\\/parfum\\\/intesar-al-hub-ard-al-zaafaran\\\/#primaryimage\"},\"thumbnailUrl\":\"https:\\\/\\\/lescollectionsprivees.com\\\/wp-content\\\/uploads\\\/2020\\\/02\\\/Intesar-Al-Hub-Ard-Al-Zaafaran-Les-Collections-Priv\u00e9es.png\",\"datePublished\":\"2020-02-06T12:41:24+00:00\",\"dateModified\":\"2025-11-07T16:02:54+00:00\",\"description\":\"Captivant et sensuel, Intesar Al Hub de Ard Al Zaafaran passionne les amateurs de parfums orientaux avec ses senteurs somptueuses. D\u00e9couvrez-le vite\u00a0!\",\"breadcrumb\":{\"@id\":\"https:\\\/\\\/lescollectionsprivees.com\\\/parfum\\\/intesar-al-hub-ard-al-zaafaran\\\/#breadcrumb\"},\"inLanguage\":\"pl-PL\",\"potentialAction\":[{\"@type\":\"ReadAction\",\"target\":[\"https:\\\/\\\/lescollectionsprivees.com\\\/parfum\\\/intesar-al-hub-ard-al-zaafaran\\\/\"]}]},{\"@type\":\"ImageObject\",\"inLanguage\":\"pl-PL\",\"@id\":\"https:\\\/\\\/lescollectionsprivees.com\\\/parfum\\\/intesar-al-hub-ard-al-zaafaran\\\/#primaryimage\",\"url\":\"https:\\\/\\\/lescollectionsprivees.com\\\/wp-content\\\/uploads\\\/2020\\\/02\\\/Intesar-Al-Hub-Ard-Al-Zaafaran-Les-Collections-Priv\u00e9es.png\",\"contentUrl\":\"https:\\\/\\\/lescollectionsprivees.com\\\/wp-content\\\/uploads\\\/2020\\\/02\\\/Intesar-Al-Hub-Ard-Al-Zaafaran-Les-Collections-Priv\u00e9es.png\",\"width\":521,\"height\":695,\"caption\":\"Intesar Al Hub - Ard Al Zaafaran - Les Collections Priv\u00e9es\"},{\"@type\":\"BreadcrumbList\",\"@id\":\"https:\\\/\\\/lescollectionsprivees.com\\\/parfum\\\/intesar-al-hub-ard-al-zaafaran\\\/#breadcrumb\",\"itemListElement\":[{\"@type\":\"ListItem\",\"position\":1,\"name\":\"Accueil\",\"item\":\"https:\\\/\\\/lescollectionsprivees.com\\\/\"},{\"@type\":\"ListItem\",\"position\":2,\"name\":\"Boutique\",\"item\":\"https:\\\/\\\/lescollectionsprivees.com\\\/boutique\\\/\"},{\"@type\":\"ListItem\",\"position\":3,\"name\":\"Intesar Al Hub &#8211; Ard Al Zaafaran\"}]},{\"@type\":\"WebSite\",\"@id\":\"https:\\\/\\\/lescollectionsprivees.com\\\/#website\",\"url\":\"https:\\\/\\\/lescollectionsprivees.com\\\/\",\"name\":\"Les Collections Priv\u00e9es\",\"description\":\"\",\"publisher\":{\"@id\":\"https:\\\/\\\/lescollectionsprivees.com\\\/#organization\"},\"potentialAction\":[{\"@type\":\"SearchAction\",\"target\":{\"@type\":\"EntryPoint\",\"urlTemplate\":\"https:\\\/\\\/lescollectionsprivees.com\\\/?s={search_term_string}\"},\"query-input\":{\"@type\":\"PropertyValueSpecification\",\"valueRequired\":true,\"valueName\":\"search_term_string\"}}],\"inLanguage\":\"pl-PL\"},{\"@type\":\"Organization\",\"@id\":\"https:\\\/\\\/lescollectionsprivees.com\\\/#organization\",\"name\":\"Les Collections Priv\u00e9es\",\"url\":\"https:\\\/\\\/lescollectionsprivees.com\\\/\",\"logo\":{\"@type\":\"ImageObject\",\"inLanguage\":\"pl-PL\",\"@id\":\"https:\\\/\\\/lescollectionsprivees.com\\\/#\\\/schema\\\/logo\\\/image\\\/\",\"url\":\"https:\\\/\\\/lescollectionsprivees.com\\\/wp-content\\\/uploads\\\/2020\\\/02\\\/Logo-Les-Collections-Priv\u00e9es-450x450-1.png\",\"contentUrl\":\"https:\\\/\\\/lescollectionsprivees.com\\\/wp-content\\\/uploads\\\/2020\\\/02\\\/Logo-Les-Collections-Priv\u00e9es-450x450-1.png\",\"width\":450,\"height\":450,\"caption\":\"Les Collections Priv\u00e9es\"},\"image\":{\"@id\":\"https:\\\/\\\/lescollectionsprivees.com\\\/#\\\/schema\\\/logo\\\/image\\\/\"}}]}<\/script>\n<!-- \/ Yoast SEO plugin. -->","yoast_head_json":{"title":"Intesar Al Hub by Ard Al Zaafaran 100ml - Les Collections Priv\u00e9es","description":"Urzekaj\u0105cy i zmys\u0142owy zapach Intesar Al Hub marki Ard Al Zaafaran oczaruje mi\u0142o\u015bnik\u00f3w orientalnych zapach\u00f3w. Odkryj go ju\u017c teraz!","robots":{"index":"index","follow":"follow","max-snippet":"max-snippet:-1","max-image-preview":"max-image-preview:large","max-video-preview":"max-video-preview:-1"},"canonical":"https:\/\/lescollectionsprivees.com\/pl\/zapach\/intesar-al-hub-ard-al-zaafaran\/","og_locale":"pl_PL","og_type":"article","og_title":"Intesar Al Hub de Ard Al Zaafaran en 100ml - Les Collections Priv\u00e9es","og_description":"Captivant et sensuel, Intesar Al Hub de Ard Al Zaafaran passionne les amateurs de parfums orientaux avec ses senteurs somptueuses. D\u00e9couvrez-le vite\u00a0!","og_url":"https:\/\/lescollectionsprivees.com\/pl\/zapach\/intesar-al-hub-ard-al-zaafaran\/","og_site_name":"Les Collections Priv\u00e9es","article_modified_time":"2025-11-07T16:02:54+00:00","og_image":[{"width":521,"height":695,"url":"https:\/\/lescollectionsprivees.com\/wp-content\/uploads\/2020\/02\/Intesar-Al-Hub-Ard-Al-Zaafaran-Les-Collections-Priv\u00e9es.png","type":"image\/png"}],"twitter_card":"summary_large_image","twitter_misc":{"Szacowany czas czytania":"2 minuty"},"schema":{"@context":"https:\/\/schema.org","@graph":[{"@type":"WebPage","@id":"https:\/\/lescollectionsprivees.com\/parfum\/intesar-al-hub-ard-al-zaafaran\/","url":"https:\/\/lescollectionsprivees.com\/parfum\/intesar-al-hub-ard-al-zaafaran\/","name":"Intesar Al Hub by Ard Al Zaafaran 100ml - Les Collections Priv\u00e9es","isPartOf":{"@id":"https:\/\/lescollectionsprivees.com\/#website"},"primaryImageOfPage":{"@id":"https:\/\/lescollectionsprivees.com\/parfum\/intesar-al-hub-ard-al-zaafaran\/#primaryimage"},"image":{"@id":"https:\/\/lescollectionsprivees.com\/parfum\/intesar-al-hub-ard-al-zaafaran\/#primaryimage"},"thumbnailUrl":"https:\/\/lescollectionsprivees.com\/wp-content\/uploads\/2020\/02\/Intesar-Al-Hub-Ard-Al-Zaafaran-Les-Collections-Priv\u00e9es.png","datePublished":"2020-02-06T12:41:24+00:00","dateModified":"2025-11-07T16:02:54+00:00","description":"Urzekaj\u0105cy i zmys\u0142owy zapach Intesar Al Hub marki Ard Al Zaafaran oczaruje mi\u0142o\u015bnik\u00f3w orientalnych zapach\u00f3w. Odkryj go ju\u017c teraz!","breadcrumb":{"@id":"https:\/\/lescollectionsprivees.com\/parfum\/intesar-al-hub-ard-al-zaafaran\/#breadcrumb"},"inLanguage":"pl-PL","potentialAction":[{"@type":"ReadAction","target":["https:\/\/lescollectionsprivees.com\/parfum\/intesar-al-hub-ard-al-zaafaran\/"]}]},{"@type":"ImageObject","inLanguage":"pl-PL","@id":"https:\/\/lescollectionsprivees.com\/parfum\/intesar-al-hub-ard-al-zaafaran\/#primaryimage","url":"https:\/\/lescollectionsprivees.com\/wp-content\/uploads\/2020\/02\/Intesar-Al-Hub-Ard-Al-Zaafaran-Les-Collections-Priv\u00e9es.png","contentUrl":"https:\/\/lescollectionsprivees.com\/wp-content\/uploads\/2020\/02\/Intesar-Al-Hub-Ard-Al-Zaafaran-Les-Collections-Priv\u00e9es.png","width":521,"height":695,"caption":"Intesar Al Hub - Ard Al Zaafaran - Les Collections Priv\u00e9es"},{"@type":"BreadcrumbList","@id":"https:\/\/lescollectionsprivees.com\/parfum\/intesar-al-hub-ard-al-zaafaran\/#breadcrumb","itemListElement":[{"@type":"ListItem","position":1,"name":"Accueil","item":"https:\/\/lescollectionsprivees.com\/"},{"@type":"ListItem","position":2,"name":"Boutique","item":"https:\/\/lescollectionsprivees.com\/boutique\/"},{"@type":"ListItem","position":3,"name":"Intesar Al Hub &#8211; Ard Al Zaafaran"}]},{"@type":"WebSite","@id":"https:\/\/lescollectionsprivees.com\/#website","url":"https:\/\/lescollectionsprivees.com\/","name":"Kolekcje prywatne","description":"","publisher":{"@id":"https:\/\/lescollectionsprivees.com\/#organization"},"potentialAction":[{"@type":"SearchAction","target":{"@type":"EntryPoint","urlTemplate":"https:\/\/lescollectionsprivees.com\/?s={search_term_string}"},"query-input":{"@type":"PropertyValueSpecification","valueRequired":true,"valueName":"search_term_string"}}],"inLanguage":"pl-PL"},{"@type":"Organization","@id":"https:\/\/lescollectionsprivees.com\/#organization","name":"Kolekcje prywatne","url":"https:\/\/lescollectionsprivees.com\/","logo":{"@type":"ImageObject","inLanguage":"pl-PL","@id":"https:\/\/lescollectionsprivees.com\/#\/schema\/logo\/image\/","url":"https:\/\/lescollectionsprivees.com\/wp-content\/uploads\/2020\/02\/Logo-Les-Collections-Priv\u00e9es-450x450-1.png","contentUrl":"https:\/\/lescollectionsprivees.com\/wp-content\/uploads\/2020\/02\/Logo-Les-Collections-Priv\u00e9es-450x450-1.png","width":450,"height":450,"caption":"Les Collections Priv\u00e9es"},"image":{"@id":"https:\/\/lescollectionsprivees.com\/#\/schema\/logo\/image\/"}}]}},"_links":{"self":[{"href":"https:\/\/lescollectionsprivees.com\/pl\/wp-json\/wp\/v2\/product\/6370","targetHints":{"allow":["GET"]}}],"collection":[{"href":"https:\/\/lescollectionsprivees.com\/pl\/wp-json\/wp\/v2\/product"}],"about":[{"href":"https:\/\/lescollectionsprivees.com\/pl\/wp-json\/wp\/v2\/types\/product"}],"wp:featuredmedia":[{"embeddable":true,"href":"https:\/\/lescollectionsprivees.com\/pl\/wp-json\/wp\/v2\/media\/7266"}],"wp:attachment":[{"href":"https:\/\/lescollectionsprivees.com\/pl\/wp-json\/wp\/v2\/media?parent=6370"}],"wp:term":[{"taxonomy":"product_brand","embeddable":true,"href":"https:\/\/lescollectionsprivees.com\/pl\/wp-json\/wp\/v2\/product_brand?post=6370"},{"taxonomy":"product_cat","embeddable":true,"href":"https:\/\/lescollectionsprivees.com\/pl\/wp-json\/wp\/v2\/product_cat?post=6370"},{"taxonomy":"product_tag","embeddable":true,"href":"https:\/\/lescollectionsprivees.com\/pl\/wp-json\/wp\/v2\/product_tag?post=6370"}],"curies":[{"name":"wp","href":"https:\/\/api.w.org\/{rel}","templated":true}]}}