{"id":6372,"date":"2020-02-06T12:41:24","date_gmt":"2020-02-06T12:41:24","guid":{"rendered":"https:\/\/lescollectionsprivees.com\/produit\/import-placeholder-for-1900\/"},"modified":"2025-05-20T05:15:33","modified_gmt":"2025-05-20T05:15:33","slug":"jazzab-silver-ard-al-zaafaran","status":"publish","type":"product","link":"https:\/\/lescollectionsprivees.com\/pl\/parfum\/jazzab-silver-ard-al-zaafaran\/","title":{"rendered":"Jazzab Silver - Ard Al Zaafaran"},"content":{"rendered":"<h2><strong>Jazzab Silver by Ard Al Zaafaran<\/strong><\/h2>\n<p>Wyj\u0105tkowy zapach Jazzab Silver marki Ard Al Zaafaran podkre\u015bla atmosfer\u0119 dzi\u0119ki fantastycznym nutom owocowym, korzennym, drzewnym i pi\u017cmowym. S\u0142ynna emiracka marka wywar\u0142a podw\u00f3jny wp\u0142yw tym luksusowym zapachem.<\/p>\n<p>Jego metaliczna szara butelka ze srebrn\u0105 p\u0142ytk\u0105 po\u015brodku jest prawdziwym dzie\u0142em sztuki. Ale cudowna substancja w \u015brodku r\u00f3wnie\u017c ma co\u015b do powiedzenia. W rzeczywisto\u015bci ten wspania\u0142y zapach zawiera starannie wyselekcjonowane, czyste, niezafa\u0142szowane sk\u0142adniki. Innymi s\u0142owy, to po\u0142\u0105czenie nieskazitelnych sk\u0142adnik\u00f3w stworzy\u0142o cenny, drogocenny p\u0142yn o pi\u0119knym, ujmuj\u0105cym zapachu.<\/p>\n<h2><strong>B\u0142yskawiczny start<\/strong><\/h2>\n<p>Z wybuchowym pocz\u0105tkiem, Jazzab Silver by Ard Al Zaafaran toruje drog\u0119 do wra\u017cliwej, czu\u0142ej i czu\u0142ej przygody. Ten uwodzicielski, elegancki arabski zapach od samego pocz\u0105tku wstrz\u0105sa i porywa. Z pewno\u015bci\u0105 jego majestatyczne, ekstrawaganckie emanacje mieni\u0105 si\u0119 na ca\u0142ym horyzoncie nutami cytrus\u00f3w, cytryn i li\u015bci herbaty.<\/p>\n<p>Wystawne, zdecydowane trio, kt\u00f3re oczaruje Ci\u0119 i przeniesie w orze\u017awiaj\u0105c\u0105, \u015bwie\u017c\u0105 atmosfer\u0119. B\u0119dziesz dr\u017ce\u0107 z emocji na widok tych doskona\u0142ych, pysznych smak\u00f3w. W pewnym sensie ten ol\u015bniewaj\u0105cy pocz\u0105tek sprawia, \u017ce jeste\u015b w lepszym stanie, aby powita\u0107 reszt\u0119 tej niezwyk\u0142ej kompozycji.<\/p>\n<h2><strong>Wra\u017cenie, kt\u00f3re trwa i g\u0119stnieje<\/strong><\/h2>\n<p>Gdy ju\u017c posmakujesz tej ol\u015bniewaj\u0105cej \u015bwie\u017co\u015bci, jeste\u015b gotowy na nieodparty \u0142a\u0144cuch wydech\u00f3w. Rzeczywi\u015bcie, przyprawy, kadzid\u0142o i wetyweria w \u015brodkowych nutach wzmacniaj\u0105 nag\u0142y, szybki efekt, kt\u00f3rego w\u0142a\u015bnie do\u015bwiadczy\u0142e\u015b, nie szokuj\u0105c Ci\u0119. Wr\u0119cz przeciwnie, ta przyjemna, d\u0142ugotrwa\u0142a przyjemno\u015b\u0107 wydaje si\u0119 rozpala\u0107 i podnieca\u0107.<\/p>\n<p>Aby zintensyfikowa\u0107 to do\u015bwiadczenie, cedr, wetyweria i pi\u017cmo wy\u0142aniaj\u0105 si\u0119 i stopniowo osiadaj\u0105 w Twojej przestrzeni, aby Ci\u0119 uspokoi\u0107. Poczujesz ulg\u0119, gdy ugasisz pragnienie, wdychaj\u0105c relaksuj\u0105ce zapachy.<\/p>","protected":false},"excerpt":{"rendered":"<p><strong><u>Dane techniczne :<\/u><\/strong><\/p>\n<p><strong>Nazwa perfum<\/strong>\u00a0Jazzab Silver<br \/>\n<strong>Marka<\/strong>\u00a0Ard Al Zaafaran<br \/>\n<strong>Typ<\/strong>\u00a0Unisex<br \/>\n<strong>Pojemno\u015b\u0107<\/strong>\u00a0100 ml<\/p>\n<p><span style=\"text-decoration: underline;\"><strong>Profil zapachowy<\/strong>\u00a0:<\/span><\/p>\n<p><strong>G\u0142owa :<\/strong> Owoce cytrusowe, Cytryny, Li\u015bcie herbaty<br \/>\n<b>Serce :<\/b> Przyprawy, kadzid\u0142o, wetiwer<br \/>\n<strong>Kontekst :<\/strong> Cedr, wetiwer i pi\u017cmo<\/p>","protected":false},"featured_media":7270,"template":"","meta":[],"product_brand":[],"product_cat":[274,15],"product_tag":[],"class_list":{"0":"post-6372","1":"product","2":"type-product","3":"status-publish","4":"has-post-thumbnail","6":"product_cat-ard-al-zaafaran","7":"product_cat-parfums-de-dubai","8":"pa_marque-ard-al-zaafaran","10":"first","11":"instock","12":"taxable","13":"shipping-taxable","14":"purchasable","15":"product-type-simple"},"yoast_head":"<!-- This site is optimized with the Yoast SEO plugin v27.5 - https:\/\/yoast.com\/product\/yoast-seo-wordpress\/ -->\n<title>Jazzab Silver de Ard Al Zaafaran en 100ml - Les Collections Priv\u00e9es<\/title>\n<meta name=\"description\" content=\"Jazzab Silver de Ard Al Zaafaran sublime l&#039;atmosph\u00e8re avec ses fantastiques notes fruit\u00e9es, \u00e9pic\u00e9es, bois\u00e9es et musqu\u00e9es. D\u00e9couvrez ce parfum d&#039;exception\u00a0!\" \/>\n<meta name=\"robots\" content=\"index, follow, max-snippet:-1, max-image-preview:large, max-video-preview:-1\" \/>\n<link rel=\"canonical\" href=\"https:\/\/lescollectionsprivees.com\/pl\/zapach\/jazzab-silver-ard-al-zaafaran\/\" \/>\n<meta property=\"og:locale\" content=\"pl_PL\" \/>\n<meta property=\"og:type\" content=\"article\" \/>\n<meta property=\"og:title\" content=\"Jazzab Silver de Ard Al Zaafaran en 100ml - Les Collections Priv\u00e9es\" \/>\n<meta property=\"og:description\" content=\"Jazzab Silver de Ard Al Zaafaran sublime l&#039;atmosph\u00e8re avec ses fantastiques notes fruit\u00e9es, \u00e9pic\u00e9es, bois\u00e9es et musqu\u00e9es. D\u00e9couvrez ce parfum d&#039;exception\u00a0!\" \/>\n<meta property=\"og:url\" content=\"https:\/\/lescollectionsprivees.com\/pl\/zapach\/jazzab-silver-ard-al-zaafaran\/\" \/>\n<meta property=\"og:site_name\" content=\"Les Collections Priv\u00e9es\" \/>\n<meta property=\"article:modified_time\" content=\"2025-05-20T05:15:33+00:00\" \/>\n<meta property=\"og:image\" content=\"https:\/\/lescollectionsprivees.com\/wp-content\/uploads\/2020\/02\/Jazzab-Silver-Ard-Al-Zaafaran-Les-Collections-Priv\u00e9es.png\" \/>\n\t<meta property=\"og:image:width\" content=\"521\" \/>\n\t<meta property=\"og:image:height\" content=\"695\" \/>\n\t<meta property=\"og:image:type\" content=\"image\/png\" \/>\n<meta name=\"twitter:card\" content=\"summary_large_image\" \/>\n<meta name=\"twitter:label1\" content=\"Szacowany czas czytania\" \/>\n\t<meta name=\"twitter:data1\" content=\"2 minuty\" \/>\n<script type=\"application\/ld+json\" class=\"yoast-schema-graph\">{\"@context\":\"https:\\\/\\\/schema.org\",\"@graph\":[{\"@type\":\"WebPage\",\"@id\":\"https:\\\/\\\/lescollectionsprivees.com\\\/parfum\\\/jazzab-silver-ard-al-zaafaran\\\/\",\"url\":\"https:\\\/\\\/lescollectionsprivees.com\\\/parfum\\\/jazzab-silver-ard-al-zaafaran\\\/\",\"name\":\"Jazzab Silver de Ard Al Zaafaran en 100ml - Les Collections Priv\u00e9es\",\"isPartOf\":{\"@id\":\"https:\\\/\\\/lescollectionsprivees.com\\\/#website\"},\"primaryImageOfPage\":{\"@id\":\"https:\\\/\\\/lescollectionsprivees.com\\\/parfum\\\/jazzab-silver-ard-al-zaafaran\\\/#primaryimage\"},\"image\":{\"@id\":\"https:\\\/\\\/lescollectionsprivees.com\\\/parfum\\\/jazzab-silver-ard-al-zaafaran\\\/#primaryimage\"},\"thumbnailUrl\":\"https:\\\/\\\/lescollectionsprivees.com\\\/wp-content\\\/uploads\\\/2020\\\/02\\\/Jazzab-Silver-Ard-Al-Zaafaran-Les-Collections-Priv\u00e9es.png\",\"datePublished\":\"2020-02-06T12:41:24+00:00\",\"dateModified\":\"2025-05-20T05:15:33+00:00\",\"description\":\"Jazzab Silver de Ard Al Zaafaran sublime l'atmosph\u00e8re avec ses fantastiques notes fruit\u00e9es, \u00e9pic\u00e9es, bois\u00e9es et musqu\u00e9es. D\u00e9couvrez ce parfum d'exception\u00a0!\",\"breadcrumb\":{\"@id\":\"https:\\\/\\\/lescollectionsprivees.com\\\/parfum\\\/jazzab-silver-ard-al-zaafaran\\\/#breadcrumb\"},\"inLanguage\":\"pl-PL\",\"potentialAction\":[{\"@type\":\"ReadAction\",\"target\":[\"https:\\\/\\\/lescollectionsprivees.com\\\/parfum\\\/jazzab-silver-ard-al-zaafaran\\\/\"]}]},{\"@type\":\"ImageObject\",\"inLanguage\":\"pl-PL\",\"@id\":\"https:\\\/\\\/lescollectionsprivees.com\\\/parfum\\\/jazzab-silver-ard-al-zaafaran\\\/#primaryimage\",\"url\":\"https:\\\/\\\/lescollectionsprivees.com\\\/wp-content\\\/uploads\\\/2020\\\/02\\\/Jazzab-Silver-Ard-Al-Zaafaran-Les-Collections-Priv\u00e9es.png\",\"contentUrl\":\"https:\\\/\\\/lescollectionsprivees.com\\\/wp-content\\\/uploads\\\/2020\\\/02\\\/Jazzab-Silver-Ard-Al-Zaafaran-Les-Collections-Priv\u00e9es.png\",\"width\":521,\"height\":695,\"caption\":\"Jazzab Silver - Ard Al Zaafaran - Les Collections Priv\u00e9es\"},{\"@type\":\"BreadcrumbList\",\"@id\":\"https:\\\/\\\/lescollectionsprivees.com\\\/parfum\\\/jazzab-silver-ard-al-zaafaran\\\/#breadcrumb\",\"itemListElement\":[{\"@type\":\"ListItem\",\"position\":1,\"name\":\"Accueil\",\"item\":\"https:\\\/\\\/lescollectionsprivees.com\\\/\"},{\"@type\":\"ListItem\",\"position\":2,\"name\":\"Boutique\",\"item\":\"https:\\\/\\\/lescollectionsprivees.com\\\/boutique\\\/\"},{\"@type\":\"ListItem\",\"position\":3,\"name\":\"Jazzab Silver &#8211; Ard Al Zaafaran\"}]},{\"@type\":\"WebSite\",\"@id\":\"https:\\\/\\\/lescollectionsprivees.com\\\/#website\",\"url\":\"https:\\\/\\\/lescollectionsprivees.com\\\/\",\"name\":\"Les Collections Priv\u00e9es\",\"description\":\"\",\"publisher\":{\"@id\":\"https:\\\/\\\/lescollectionsprivees.com\\\/#organization\"},\"potentialAction\":[{\"@type\":\"SearchAction\",\"target\":{\"@type\":\"EntryPoint\",\"urlTemplate\":\"https:\\\/\\\/lescollectionsprivees.com\\\/?s={search_term_string}\"},\"query-input\":{\"@type\":\"PropertyValueSpecification\",\"valueRequired\":true,\"valueName\":\"search_term_string\"}}],\"inLanguage\":\"pl-PL\"},{\"@type\":\"Organization\",\"@id\":\"https:\\\/\\\/lescollectionsprivees.com\\\/#organization\",\"name\":\"Les Collections Priv\u00e9es\",\"url\":\"https:\\\/\\\/lescollectionsprivees.com\\\/\",\"logo\":{\"@type\":\"ImageObject\",\"inLanguage\":\"pl-PL\",\"@id\":\"https:\\\/\\\/lescollectionsprivees.com\\\/#\\\/schema\\\/logo\\\/image\\\/\",\"url\":\"https:\\\/\\\/lescollectionsprivees.com\\\/wp-content\\\/uploads\\\/2020\\\/02\\\/Logo-Les-Collections-Priv\u00e9es-450x450-1.png\",\"contentUrl\":\"https:\\\/\\\/lescollectionsprivees.com\\\/wp-content\\\/uploads\\\/2020\\\/02\\\/Logo-Les-Collections-Priv\u00e9es-450x450-1.png\",\"width\":450,\"height\":450,\"caption\":\"Les Collections Priv\u00e9es\"},\"image\":{\"@id\":\"https:\\\/\\\/lescollectionsprivees.com\\\/#\\\/schema\\\/logo\\\/image\\\/\"}}]}<\/script>\n<!-- \/ Yoast SEO plugin. -->","yoast_head_json":{"title":"Jazzab Silver by Ard Al Zaafaran 100ml - Les Collections Priv\u00e9es","description":"Jazzab Silver marki Ard Al Zaafaran poprawia atmosfer\u0119 dzi\u0119ki fantastycznym nutom owocowym, korzennym, drzewnym i pi\u017cmowym. Odkryj ten wyj\u0105tkowy zapach!","robots":{"index":"index","follow":"follow","max-snippet":"max-snippet:-1","max-image-preview":"max-image-preview:large","max-video-preview":"max-video-preview:-1"},"canonical":"https:\/\/lescollectionsprivees.com\/pl\/zapach\/jazzab-silver-ard-al-zaafaran\/","og_locale":"pl_PL","og_type":"article","og_title":"Jazzab Silver de Ard Al Zaafaran en 100ml - Les Collections Priv\u00e9es","og_description":"Jazzab Silver de Ard Al Zaafaran sublime l'atmosph\u00e8re avec ses fantastiques notes fruit\u00e9es, \u00e9pic\u00e9es, bois\u00e9es et musqu\u00e9es. D\u00e9couvrez ce parfum d'exception\u00a0!","og_url":"https:\/\/lescollectionsprivees.com\/pl\/zapach\/jazzab-silver-ard-al-zaafaran\/","og_site_name":"Les Collections Priv\u00e9es","article_modified_time":"2025-05-20T05:15:33+00:00","og_image":[{"width":521,"height":695,"url":"https:\/\/lescollectionsprivees.com\/wp-content\/uploads\/2020\/02\/Jazzab-Silver-Ard-Al-Zaafaran-Les-Collections-Priv\u00e9es.png","type":"image\/png"}],"twitter_card":"summary_large_image","twitter_misc":{"Szacowany czas czytania":"2 minuty"},"schema":{"@context":"https:\/\/schema.org","@graph":[{"@type":"WebPage","@id":"https:\/\/lescollectionsprivees.com\/parfum\/jazzab-silver-ard-al-zaafaran\/","url":"https:\/\/lescollectionsprivees.com\/parfum\/jazzab-silver-ard-al-zaafaran\/","name":"Jazzab Silver by Ard Al Zaafaran 100ml - Les Collections Priv\u00e9es","isPartOf":{"@id":"https:\/\/lescollectionsprivees.com\/#website"},"primaryImageOfPage":{"@id":"https:\/\/lescollectionsprivees.com\/parfum\/jazzab-silver-ard-al-zaafaran\/#primaryimage"},"image":{"@id":"https:\/\/lescollectionsprivees.com\/parfum\/jazzab-silver-ard-al-zaafaran\/#primaryimage"},"thumbnailUrl":"https:\/\/lescollectionsprivees.com\/wp-content\/uploads\/2020\/02\/Jazzab-Silver-Ard-Al-Zaafaran-Les-Collections-Priv\u00e9es.png","datePublished":"2020-02-06T12:41:24+00:00","dateModified":"2025-05-20T05:15:33+00:00","description":"Jazzab Silver marki Ard Al Zaafaran poprawia atmosfer\u0119 dzi\u0119ki fantastycznym nutom owocowym, korzennym, drzewnym i pi\u017cmowym. Odkryj ten wyj\u0105tkowy zapach!","breadcrumb":{"@id":"https:\/\/lescollectionsprivees.com\/parfum\/jazzab-silver-ard-al-zaafaran\/#breadcrumb"},"inLanguage":"pl-PL","potentialAction":[{"@type":"ReadAction","target":["https:\/\/lescollectionsprivees.com\/parfum\/jazzab-silver-ard-al-zaafaran\/"]}]},{"@type":"ImageObject","inLanguage":"pl-PL","@id":"https:\/\/lescollectionsprivees.com\/parfum\/jazzab-silver-ard-al-zaafaran\/#primaryimage","url":"https:\/\/lescollectionsprivees.com\/wp-content\/uploads\/2020\/02\/Jazzab-Silver-Ard-Al-Zaafaran-Les-Collections-Priv\u00e9es.png","contentUrl":"https:\/\/lescollectionsprivees.com\/wp-content\/uploads\/2020\/02\/Jazzab-Silver-Ard-Al-Zaafaran-Les-Collections-Priv\u00e9es.png","width":521,"height":695,"caption":"Jazzab Silver - Ard Al Zaafaran - Les Collections Priv\u00e9es"},{"@type":"BreadcrumbList","@id":"https:\/\/lescollectionsprivees.com\/parfum\/jazzab-silver-ard-al-zaafaran\/#breadcrumb","itemListElement":[{"@type":"ListItem","position":1,"name":"Accueil","item":"https:\/\/lescollectionsprivees.com\/"},{"@type":"ListItem","position":2,"name":"Boutique","item":"https:\/\/lescollectionsprivees.com\/boutique\/"},{"@type":"ListItem","position":3,"name":"Jazzab Silver &#8211; Ard Al Zaafaran"}]},{"@type":"WebSite","@id":"https:\/\/lescollectionsprivees.com\/#website","url":"https:\/\/lescollectionsprivees.com\/","name":"Kolekcje prywatne","description":"","publisher":{"@id":"https:\/\/lescollectionsprivees.com\/#organization"},"potentialAction":[{"@type":"SearchAction","target":{"@type":"EntryPoint","urlTemplate":"https:\/\/lescollectionsprivees.com\/?s={search_term_string}"},"query-input":{"@type":"PropertyValueSpecification","valueRequired":true,"valueName":"search_term_string"}}],"inLanguage":"pl-PL"},{"@type":"Organization","@id":"https:\/\/lescollectionsprivees.com\/#organization","name":"Kolekcje prywatne","url":"https:\/\/lescollectionsprivees.com\/","logo":{"@type":"ImageObject","inLanguage":"pl-PL","@id":"https:\/\/lescollectionsprivees.com\/#\/schema\/logo\/image\/","url":"https:\/\/lescollectionsprivees.com\/wp-content\/uploads\/2020\/02\/Logo-Les-Collections-Priv\u00e9es-450x450-1.png","contentUrl":"https:\/\/lescollectionsprivees.com\/wp-content\/uploads\/2020\/02\/Logo-Les-Collections-Priv\u00e9es-450x450-1.png","width":450,"height":450,"caption":"Les Collections Priv\u00e9es"},"image":{"@id":"https:\/\/lescollectionsprivees.com\/#\/schema\/logo\/image\/"}}]}},"_links":{"self":[{"href":"https:\/\/lescollectionsprivees.com\/pl\/wp-json\/wp\/v2\/product\/6372","targetHints":{"allow":["GET"]}}],"collection":[{"href":"https:\/\/lescollectionsprivees.com\/pl\/wp-json\/wp\/v2\/product"}],"about":[{"href":"https:\/\/lescollectionsprivees.com\/pl\/wp-json\/wp\/v2\/types\/product"}],"wp:featuredmedia":[{"embeddable":true,"href":"https:\/\/lescollectionsprivees.com\/pl\/wp-json\/wp\/v2\/media\/7270"}],"wp:attachment":[{"href":"https:\/\/lescollectionsprivees.com\/pl\/wp-json\/wp\/v2\/media?parent=6372"}],"wp:term":[{"taxonomy":"product_brand","embeddable":true,"href":"https:\/\/lescollectionsprivees.com\/pl\/wp-json\/wp\/v2\/product_brand?post=6372"},{"taxonomy":"product_cat","embeddable":true,"href":"https:\/\/lescollectionsprivees.com\/pl\/wp-json\/wp\/v2\/product_cat?post=6372"},{"taxonomy":"product_tag","embeddable":true,"href":"https:\/\/lescollectionsprivees.com\/pl\/wp-json\/wp\/v2\/product_tag?post=6372"}],"curies":[{"name":"wp","href":"https:\/\/api.w.org\/{rel}","templated":true}]}}