{"id":6386,"date":"2020-02-06T12:41:31","date_gmt":"2020-02-06T12:41:31","guid":{"rendered":"https:\/\/lescollectionsprivees.com\/produit\/import-placeholder-for-2036\/"},"modified":"2023-04-24T20:26:37","modified_gmt":"2023-04-24T20:26:37","slug":"oud-mood-reminiscence-lattafa-perfumy","status":"publish","type":"product","link":"https:\/\/lescollectionsprivees.com\/pl\/parfum\/oud-mood-reminiscence-lattafa-perfumes\/","title":{"rendered":"Oud Mood Reminiscence - Perfumy Lattafa"},"content":{"rendered":"<h2><strong>Oud Mood Reminiscence marki Lattafa Perfumes<\/strong><\/h2>\n<p>Dzi\u0119ki Oud Mood Reminiscence Lattafa Perfumes na nowo odkry\u0142a jeden ze swoich kultowych zapach\u00f3w. Perfumiarz powr\u00f3ci\u0142 do swojej popularnej interpretacji zapachu Oud i doda\u0142 nowe nuty, aby stworzy\u0107 r\u00f3\u017cne, ale r\u00f3wnie odurzaj\u0105ce harmonie. Prawdziwy koktajl owocowych, kwiatowych i drzewnych zapach\u00f3w, kt\u00f3re otaczaj\u0105 Oud w ca\u0142ej jego okaza\u0142o\u015bci.<\/p>\n<h2><strong>Nowy g\u0142os dla oud<\/strong><\/h2>\n<p>Oud Mood Reminiscence umiej\u0119tnie wykorzystuje swoje nuty sk\u0142adowe, tworz\u0105c niezwyk\u0142\u0105 symfoni\u0119. G\u00f3rne nuty maliny, pomara\u0144czy i szafranu wprowadzaj\u0105 zar\u00f3wno \u015bwie\u017co\u015b\u0107, jak i nuty owocowe. Czyste, orze\u017awiaj\u0105ce otwarcie ust\u0119puje miejsca nutom serca. Tutaj r\u00f3\u017cnorodne przyprawy - laur, ga\u0142ka muszkato\u0142owa i kardamon - wsp\u00f3\u0142graj\u0105 z bursztynem, geranium i lawend\u0105, zabieraj\u0105c Ci\u0119 w czaruj\u0105c\u0105 zapachow\u0105 przygod\u0119. Wreszcie, nuty bazy z siln\u0105 przewag\u0105 drzewn\u0105 tworz\u0105 solidny fundament, na kt\u00f3rym zbudowany jest ten zapach.<\/p>\n<p>Ta harmonia zapach\u00f3w s\u0142u\u017cy przede wszystkim zaprezentowaniu Oud w zupe\u0142nie nowym kontek\u015bcie. Dla tych, kt\u00f3rzy s\u0105 przyzwyczajeni do zapach\u00f3w Lattafa, jest to znajomy, ale zupe\u0142nie nowy zapach, kt\u00f3ry jest dostarczany do zmys\u0142\u00f3w.<\/p>\n<h2><strong>Z\u0142o\u017cony i wszechstronny <\/strong><\/h2>\n<p>Dzi\u0119ki prawid\u0142owej projekcji i niezwyk\u0142ej trwa\u0142o\u015bci, Oud Mood Reminiscence marki Lattafa Perfumes jest jednym z najlepszych dost\u0119pnych zapach\u00f3w. To z\u0142o\u017cony zapach, kt\u00f3ry przywo\u0142uje kwiatowe, korzenne, owocowe i zawsze \u015bwie\u017ce dziedzictwo. Zapach, kt\u00f3ry przemawia zar\u00f3wno do kobiet, jak i m\u0119\u017cczyzn, i jest odpowiedni na wszystkie okazje \u017cyciowe; od najbardziej formalnych po najbardziej swobodne....<\/p>","protected":false},"excerpt":{"rendered":"<p><strong><u>Dane techniczne : <\/u><\/strong><\/p>\n<p><strong>Nazwa perfum<\/strong> Oud Mood Reminiscence<br \/>\n<strong>Marka<\/strong> Perfumy Lattafa<br \/>\n<strong>Typ<\/strong> Unisex<br \/>\n<strong>Pojemno\u015b\u0107<\/strong> 100 ml<\/p>\n<p><span style=\"text-decoration: underline;\"><strong>Profil zapachowy<\/strong> :<\/span><\/p>\n<p><strong>G\u0142owa<\/strong> Szafran, malina<br \/>\n<strong>Serce<\/strong> Kardamon, Geranium<br \/>\n<strong>Kontekst<\/strong> Drzewo sanda\u0142owe, drzewo cedrowe, wetyweria, pi\u017cmo i oud<\/p>","protected":false},"featured_media":8335,"template":"","meta":[],"product_brand":[],"product_cat":[227,15],"product_tag":[],"class_list":{"0":"post-6386","1":"product","2":"type-product","3":"status-publish","4":"has-post-thumbnail","6":"product_cat-parfum-lattafa","7":"product_cat-parfums-de-dubai","8":"pa_marque-lattafa-perfumes","10":"first","11":"instock","12":"taxable","13":"shipping-taxable","14":"purchasable","15":"product-type-simple"},"yoast_head":"<!-- This site is optimized with the Yoast SEO plugin v27.5 - https:\/\/yoast.com\/product\/yoast-seo-wordpress\/ -->\n<title>Oud Mood Reminiscence de Lattafa en 100ml - Les Collections Priv\u00e9es<\/title>\n<meta name=\"description\" content=\"Oud Mood Reminiscence de Lattafa Perfumes est un v\u00e9ritable cocktail de senteurs fruit\u00e9es, fleuries et bois\u00e9es. Venez vite le d\u00e9couvrir !\" \/>\n<meta name=\"robots\" content=\"index, follow, max-snippet:-1, max-image-preview:large, max-video-preview:-1\" \/>\n<link rel=\"canonical\" href=\"https:\/\/lescollectionsprivees.com\/pl\/zapach\/oud-mood-reminiscence-lattafa-perfumy\/\" \/>\n<meta property=\"og:locale\" content=\"pl_PL\" \/>\n<meta property=\"og:type\" content=\"article\" \/>\n<meta property=\"og:title\" content=\"Oud Mood Reminiscence de Lattafa en 100ml - Les Collections Priv\u00e9es\" \/>\n<meta property=\"og:description\" content=\"Oud Mood Reminiscence de Lattafa Perfumes est un v\u00e9ritable cocktail de senteurs fruit\u00e9es, fleuries et bois\u00e9es. Venez vite le d\u00e9couvrir !\" \/>\n<meta property=\"og:url\" content=\"https:\/\/lescollectionsprivees.com\/pl\/zapach\/oud-mood-reminiscence-lattafa-perfumy\/\" \/>\n<meta property=\"og:site_name\" content=\"Les Collections Priv\u00e9es\" \/>\n<meta property=\"article:modified_time\" content=\"2023-04-24T20:26:37+00:00\" \/>\n<meta property=\"og:image\" content=\"https:\/\/lescollectionsprivees.com\/wp-content\/uploads\/2020\/02\/Oud-Mood-Reminiscence-Lattafa-Perfumes-Les-Collections-Priv\u00e9es.jpg\" \/>\n\t<meta property=\"og:image:width\" content=\"521\" \/>\n\t<meta property=\"og:image:height\" content=\"695\" \/>\n\t<meta property=\"og:image:type\" content=\"image\/jpeg\" \/>\n<meta name=\"twitter:card\" content=\"summary_large_image\" \/>\n<meta name=\"twitter:label1\" content=\"Szacowany czas czytania\" \/>\n\t<meta name=\"twitter:data1\" content=\"2 minuty\" \/>\n<script type=\"application\/ld+json\" class=\"yoast-schema-graph\">{\"@context\":\"https:\\\/\\\/schema.org\",\"@graph\":[{\"@type\":\"WebPage\",\"@id\":\"https:\\\/\\\/lescollectionsprivees.com\\\/parfum\\\/oud-mood-reminiscence-lattafa-perfumes\\\/\",\"url\":\"https:\\\/\\\/lescollectionsprivees.com\\\/parfum\\\/oud-mood-reminiscence-lattafa-perfumes\\\/\",\"name\":\"Oud Mood Reminiscence de Lattafa en 100ml - Les Collections Priv\u00e9es\",\"isPartOf\":{\"@id\":\"https:\\\/\\\/lescollectionsprivees.com\\\/#website\"},\"primaryImageOfPage\":{\"@id\":\"https:\\\/\\\/lescollectionsprivees.com\\\/parfum\\\/oud-mood-reminiscence-lattafa-perfumes\\\/#primaryimage\"},\"image\":{\"@id\":\"https:\\\/\\\/lescollectionsprivees.com\\\/parfum\\\/oud-mood-reminiscence-lattafa-perfumes\\\/#primaryimage\"},\"thumbnailUrl\":\"https:\\\/\\\/lescollectionsprivees.com\\\/wp-content\\\/uploads\\\/2020\\\/02\\\/Oud-Mood-Reminiscence-Lattafa-Perfumes-Les-Collections-Priv\u00e9es.jpg\",\"datePublished\":\"2020-02-06T12:41:31+00:00\",\"dateModified\":\"2023-04-24T20:26:37+00:00\",\"description\":\"Oud Mood Reminiscence de Lattafa Perfumes est un v\u00e9ritable cocktail de senteurs fruit\u00e9es, fleuries et bois\u00e9es. Venez vite le d\u00e9couvrir !\",\"breadcrumb\":{\"@id\":\"https:\\\/\\\/lescollectionsprivees.com\\\/parfum\\\/oud-mood-reminiscence-lattafa-perfumes\\\/#breadcrumb\"},\"inLanguage\":\"pl-PL\",\"potentialAction\":[{\"@type\":\"ReadAction\",\"target\":[\"https:\\\/\\\/lescollectionsprivees.com\\\/parfum\\\/oud-mood-reminiscence-lattafa-perfumes\\\/\"]}]},{\"@type\":\"ImageObject\",\"inLanguage\":\"pl-PL\",\"@id\":\"https:\\\/\\\/lescollectionsprivees.com\\\/parfum\\\/oud-mood-reminiscence-lattafa-perfumes\\\/#primaryimage\",\"url\":\"https:\\\/\\\/lescollectionsprivees.com\\\/wp-content\\\/uploads\\\/2020\\\/02\\\/Oud-Mood-Reminiscence-Lattafa-Perfumes-Les-Collections-Priv\u00e9es.jpg\",\"contentUrl\":\"https:\\\/\\\/lescollectionsprivees.com\\\/wp-content\\\/uploads\\\/2020\\\/02\\\/Oud-Mood-Reminiscence-Lattafa-Perfumes-Les-Collections-Priv\u00e9es.jpg\",\"width\":521,\"height\":695,\"caption\":\"Oud Mood Reminiscence - Lattafa Perfumes - Les Collections Priv\u00e9es\"},{\"@type\":\"BreadcrumbList\",\"@id\":\"https:\\\/\\\/lescollectionsprivees.com\\\/parfum\\\/oud-mood-reminiscence-lattafa-perfumes\\\/#breadcrumb\",\"itemListElement\":[{\"@type\":\"ListItem\",\"position\":1,\"name\":\"Accueil\",\"item\":\"https:\\\/\\\/lescollectionsprivees.com\\\/\"},{\"@type\":\"ListItem\",\"position\":2,\"name\":\"Boutique\",\"item\":\"https:\\\/\\\/lescollectionsprivees.com\\\/boutique\\\/\"},{\"@type\":\"ListItem\",\"position\":3,\"name\":\"Oud Mood Reminiscence &#8211; Lattafa Perfumes\"}]},{\"@type\":\"WebSite\",\"@id\":\"https:\\\/\\\/lescollectionsprivees.com\\\/#website\",\"url\":\"https:\\\/\\\/lescollectionsprivees.com\\\/\",\"name\":\"Les Collections Priv\u00e9es\",\"description\":\"\",\"publisher\":{\"@id\":\"https:\\\/\\\/lescollectionsprivees.com\\\/#organization\"},\"potentialAction\":[{\"@type\":\"SearchAction\",\"target\":{\"@type\":\"EntryPoint\",\"urlTemplate\":\"https:\\\/\\\/lescollectionsprivees.com\\\/?s={search_term_string}\"},\"query-input\":{\"@type\":\"PropertyValueSpecification\",\"valueRequired\":true,\"valueName\":\"search_term_string\"}}],\"inLanguage\":\"pl-PL\"},{\"@type\":\"Organization\",\"@id\":\"https:\\\/\\\/lescollectionsprivees.com\\\/#organization\",\"name\":\"Les Collections Priv\u00e9es\",\"url\":\"https:\\\/\\\/lescollectionsprivees.com\\\/\",\"logo\":{\"@type\":\"ImageObject\",\"inLanguage\":\"pl-PL\",\"@id\":\"https:\\\/\\\/lescollectionsprivees.com\\\/#\\\/schema\\\/logo\\\/image\\\/\",\"url\":\"https:\\\/\\\/lescollectionsprivees.com\\\/wp-content\\\/uploads\\\/2020\\\/02\\\/Logo-Les-Collections-Priv\u00e9es-450x450-1.png\",\"contentUrl\":\"https:\\\/\\\/lescollectionsprivees.com\\\/wp-content\\\/uploads\\\/2020\\\/02\\\/Logo-Les-Collections-Priv\u00e9es-450x450-1.png\",\"width\":450,\"height\":450,\"caption\":\"Les Collections Priv\u00e9es\"},\"image\":{\"@id\":\"https:\\\/\\\/lescollectionsprivees.com\\\/#\\\/schema\\\/logo\\\/image\\\/\"}}]}<\/script>\n<!-- \/ Yoast SEO plugin. -->","yoast_head_json":{"title":"Oud Mood Reminiscence by Lattafa 100ml - Les Collections Priv\u00e9es","description":"Oud Mood Reminiscence marki Lattafa Perfumes to prawdziwy koktajl owocowych, kwiatowych i drzewnych zapach\u00f3w. Przyjd\u017a i odkryj go dla siebie!","robots":{"index":"index","follow":"follow","max-snippet":"max-snippet:-1","max-image-preview":"max-image-preview:large","max-video-preview":"max-video-preview:-1"},"canonical":"https:\/\/lescollectionsprivees.com\/pl\/zapach\/oud-mood-reminiscence-lattafa-perfumy\/","og_locale":"pl_PL","og_type":"article","og_title":"Oud Mood Reminiscence de Lattafa en 100ml - Les Collections Priv\u00e9es","og_description":"Oud Mood Reminiscence de Lattafa Perfumes est un v\u00e9ritable cocktail de senteurs fruit\u00e9es, fleuries et bois\u00e9es. Venez vite le d\u00e9couvrir !","og_url":"https:\/\/lescollectionsprivees.com\/pl\/zapach\/oud-mood-reminiscence-lattafa-perfumy\/","og_site_name":"Les Collections Priv\u00e9es","article_modified_time":"2023-04-24T20:26:37+00:00","og_image":[{"width":521,"height":695,"url":"https:\/\/lescollectionsprivees.com\/wp-content\/uploads\/2020\/02\/Oud-Mood-Reminiscence-Lattafa-Perfumes-Les-Collections-Priv\u00e9es.jpg","type":"image\/jpeg"}],"twitter_card":"summary_large_image","twitter_misc":{"Szacowany czas czytania":"2 minuty"},"schema":{"@context":"https:\/\/schema.org","@graph":[{"@type":"WebPage","@id":"https:\/\/lescollectionsprivees.com\/parfum\/oud-mood-reminiscence-lattafa-perfumes\/","url":"https:\/\/lescollectionsprivees.com\/parfum\/oud-mood-reminiscence-lattafa-perfumes\/","name":"Oud Mood Reminiscence by Lattafa 100ml - Les Collections Priv\u00e9es","isPartOf":{"@id":"https:\/\/lescollectionsprivees.com\/#website"},"primaryImageOfPage":{"@id":"https:\/\/lescollectionsprivees.com\/parfum\/oud-mood-reminiscence-lattafa-perfumes\/#primaryimage"},"image":{"@id":"https:\/\/lescollectionsprivees.com\/parfum\/oud-mood-reminiscence-lattafa-perfumes\/#primaryimage"},"thumbnailUrl":"https:\/\/lescollectionsprivees.com\/wp-content\/uploads\/2020\/02\/Oud-Mood-Reminiscence-Lattafa-Perfumes-Les-Collections-Priv\u00e9es.jpg","datePublished":"2020-02-06T12:41:31+00:00","dateModified":"2023-04-24T20:26:37+00:00","description":"Oud Mood Reminiscence marki Lattafa Perfumes to prawdziwy koktajl owocowych, kwiatowych i drzewnych zapach\u00f3w. Przyjd\u017a i odkryj go dla siebie!","breadcrumb":{"@id":"https:\/\/lescollectionsprivees.com\/parfum\/oud-mood-reminiscence-lattafa-perfumes\/#breadcrumb"},"inLanguage":"pl-PL","potentialAction":[{"@type":"ReadAction","target":["https:\/\/lescollectionsprivees.com\/parfum\/oud-mood-reminiscence-lattafa-perfumes\/"]}]},{"@type":"ImageObject","inLanguage":"pl-PL","@id":"https:\/\/lescollectionsprivees.com\/parfum\/oud-mood-reminiscence-lattafa-perfumes\/#primaryimage","url":"https:\/\/lescollectionsprivees.com\/wp-content\/uploads\/2020\/02\/Oud-Mood-Reminiscence-Lattafa-Perfumes-Les-Collections-Priv\u00e9es.jpg","contentUrl":"https:\/\/lescollectionsprivees.com\/wp-content\/uploads\/2020\/02\/Oud-Mood-Reminiscence-Lattafa-Perfumes-Les-Collections-Priv\u00e9es.jpg","width":521,"height":695,"caption":"Oud Mood Reminiscence - Lattafa Perfumes - Les Collections Priv\u00e9es"},{"@type":"BreadcrumbList","@id":"https:\/\/lescollectionsprivees.com\/parfum\/oud-mood-reminiscence-lattafa-perfumes\/#breadcrumb","itemListElement":[{"@type":"ListItem","position":1,"name":"Accueil","item":"https:\/\/lescollectionsprivees.com\/"},{"@type":"ListItem","position":2,"name":"Boutique","item":"https:\/\/lescollectionsprivees.com\/boutique\/"},{"@type":"ListItem","position":3,"name":"Oud Mood Reminiscence &#8211; Lattafa Perfumes"}]},{"@type":"WebSite","@id":"https:\/\/lescollectionsprivees.com\/#website","url":"https:\/\/lescollectionsprivees.com\/","name":"Kolekcje prywatne","description":"","publisher":{"@id":"https:\/\/lescollectionsprivees.com\/#organization"},"potentialAction":[{"@type":"SearchAction","target":{"@type":"EntryPoint","urlTemplate":"https:\/\/lescollectionsprivees.com\/?s={search_term_string}"},"query-input":{"@type":"PropertyValueSpecification","valueRequired":true,"valueName":"search_term_string"}}],"inLanguage":"pl-PL"},{"@type":"Organization","@id":"https:\/\/lescollectionsprivees.com\/#organization","name":"Kolekcje prywatne","url":"https:\/\/lescollectionsprivees.com\/","logo":{"@type":"ImageObject","inLanguage":"pl-PL","@id":"https:\/\/lescollectionsprivees.com\/#\/schema\/logo\/image\/","url":"https:\/\/lescollectionsprivees.com\/wp-content\/uploads\/2020\/02\/Logo-Les-Collections-Priv\u00e9es-450x450-1.png","contentUrl":"https:\/\/lescollectionsprivees.com\/wp-content\/uploads\/2020\/02\/Logo-Les-Collections-Priv\u00e9es-450x450-1.png","width":450,"height":450,"caption":"Les Collections Priv\u00e9es"},"image":{"@id":"https:\/\/lescollectionsprivees.com\/#\/schema\/logo\/image\/"}}]}},"_links":{"self":[{"href":"https:\/\/lescollectionsprivees.com\/pl\/wp-json\/wp\/v2\/product\/6386","targetHints":{"allow":["GET"]}}],"collection":[{"href":"https:\/\/lescollectionsprivees.com\/pl\/wp-json\/wp\/v2\/product"}],"about":[{"href":"https:\/\/lescollectionsprivees.com\/pl\/wp-json\/wp\/v2\/types\/product"}],"wp:featuredmedia":[{"embeddable":true,"href":"https:\/\/lescollectionsprivees.com\/pl\/wp-json\/wp\/v2\/media\/8335"}],"wp:attachment":[{"href":"https:\/\/lescollectionsprivees.com\/pl\/wp-json\/wp\/v2\/media?parent=6386"}],"wp:term":[{"taxonomy":"product_brand","embeddable":true,"href":"https:\/\/lescollectionsprivees.com\/pl\/wp-json\/wp\/v2\/product_brand?post=6386"},{"taxonomy":"product_cat","embeddable":true,"href":"https:\/\/lescollectionsprivees.com\/pl\/wp-json\/wp\/v2\/product_cat?post=6386"},{"taxonomy":"product_tag","embeddable":true,"href":"https:\/\/lescollectionsprivees.com\/pl\/wp-json\/wp\/v2\/product_tag?post=6386"}],"curies":[{"name":"wp","href":"https:\/\/api.w.org\/{rel}","templated":true}]}}