{"id":7109,"date":"2020-02-17T15:36:48","date_gmt":"2020-02-17T15:36:48","guid":{"rendered":"https:\/\/lescollectionsprivees.com\/?post_type=product&#038;p=7109"},"modified":"2026-03-27T08:48:24","modified_gmt":"2026-03-27T08:48:24","slug":"dziewczeca-rozowa-edycja","status":"publish","type":"product","link":"https:\/\/lescollectionsprivees.com\/pl\/parfum\/girl-pink-edition\/","title":{"rendered":"Dziewczyna - r\u00f3\u017cowa edycja"},"content":{"rendered":"<h2><strong>Dziewczyna z r\u00f3\u017cowej edycji<\/strong><\/h2>\n<p>Pomimo dyskretnego, niemal skromnego opakowania, ten zapach Pink Edition jest prawdziwym koncentratem g\u00f3rnych nut, w melodyjnej symfonii zapachowej z\u0142o\u017conej z pomara\u0144czy Bigarade, r\u00f3\u017cy Centifolia i bobu tonka. Zr\u00f3wnowa\u017cona kompozycja nut g\u00f3rnych, \u015brodkowych i bazowych nie tworzy nieprzyjemnych kontrast\u00f3w. Wr\u0119cz przeciwnie, zapachy wzbogacaj\u0105 si\u0119 wzajemnie, nadaj\u0105c Girl charakterystyczne nuty.<\/p>\n<p>Zmys\u0142owy i delikatny, mocny, a jednocze\u015bnie subtelny, nie ma problemu z uwiedzeniem nawet najbardziej rygorystycznych nos\u00f3w. Girl by Pink Edition odziedziczy\u0142 tradycyjny know-how i nie boi si\u0119 podbija\u0107 nowych horyzont\u00f3w. Jego znaczna trwa\u0142o\u015b\u0107 i niezwyk\u0142a projekcja s\u0105 doskona\u0142ym \u015bwiadectwem do\u015bwiadczenia perfumiarzy Pink Edition. \u0141atwo zrozumie\u0107, dlaczego Girl by\u0142 i nadal jest tak popularny!<\/p>\n<h2><strong>Twoja g\u0142\u00f3wna bro\u0144<\/strong><\/h2>\n<p>Dzi\u0119ki nowym zapachom Pink Edition udaje si\u0119 odnowi\u0107 ca\u0142e do\u015bwiadczenie w\u0119chowe kultowych zapach\u00f3w. R\u00f3wnie\u017c w tym przypadku Girl jest mistrzowskim poci\u0105gni\u0119ciem. To zapach o majestatycznym charakterze, kt\u00f3ry z pewno\u015bci\u0105 sprawi, \u017ce wyr\u00f3\u017cnisz si\u0119 z t\u0142umu i oczarujesz otoczenie. Na specjalne okazje lub na co dzie\u0144, uczy\u0144 z tego zapachu swoj\u0105 mistrzowsk\u0105 bro\u0144!<\/p>","protected":false},"excerpt":{"rendered":"<p><strong><u>Dane techniczne :<\/u><\/strong><\/p>\n<p><strong>Nazwa perfum<\/strong> Dziewczyna<br \/>\n<strong>Marka<\/strong>\u00a0Black Edition<br \/>\n<strong>Kolekcja<\/strong> Pink Edition<br \/>\n<strong>Typ<\/strong> Kobieta<br \/>\n<strong>Pojemno\u015b\u0107<\/strong>\u00a050 ml<\/p>\n<p><span style=\"text-decoration: underline;\"><strong>Profil zapachowy<\/strong> :<\/span><\/p>\n<p><strong>G\u0142owa<\/strong> Bigarada pomara\u0144czowa<br \/>\n<strong>Serce<\/strong> R\u00f3\u017ca stulistna<br \/>\n<strong>Kontekst<\/strong> Tonka Bean<\/p>","protected":false},"featured_media":32497,"template":"","meta":[],"product_brand":[],"product_cat":[110,101],"product_tag":[],"class_list":{"0":"post-7109","1":"product","2":"type-product","3":"status-publish","4":"has-post-thumbnail","6":"product_cat-black-edition","7":"product_cat-parfums-occidentaux","8":"pa_marque-black-edition","10":"first","11":"instock","12":"taxable","13":"shipping-taxable","14":"purchasable","15":"product-type-simple"},"yoast_head":"<!-- This site is optimized with the Yoast SEO plugin v27.5 - https:\/\/yoast.com\/product\/yoast-seo-wordpress\/ -->\n<title>Girl de Pink Edition en 50ml - Les Collections Priv\u00e9es<\/title>\n<meta name=\"description\" content=\"Girl de Pink Edition vient rejoindre des parfums et senteur hors du commun. Laissez-vous charmez par ses d\u00e9licieuses fragrances en venant le d\u00e9couvrir !\" \/>\n<meta name=\"robots\" content=\"index, follow, max-snippet:-1, max-image-preview:large, max-video-preview:-1\" \/>\n<link rel=\"canonical\" href=\"https:\/\/lescollectionsprivees.com\/pl\/zapach\/dziewczeca-rozowa-edycja\/\" \/>\n<meta property=\"og:locale\" content=\"pl_PL\" \/>\n<meta property=\"og:type\" content=\"article\" \/>\n<meta property=\"og:title\" content=\"Girl de Pink Edition en 50ml - Les Collections Priv\u00e9es\" \/>\n<meta property=\"og:description\" content=\"Girl de Pink Edition vient rejoindre des parfums et senteur hors du commun. Laissez-vous charmez par ses d\u00e9licieuses fragrances en venant le d\u00e9couvrir !\" \/>\n<meta property=\"og:url\" content=\"https:\/\/lescollectionsprivees.com\/pl\/zapach\/dziewczeca-rozowa-edycja\/\" \/>\n<meta property=\"og:site_name\" content=\"Les Collections Priv\u00e9es\" \/>\n<meta property=\"article:modified_time\" content=\"2026-03-27T08:48:24+00:00\" \/>\n<meta property=\"og:image\" content=\"https:\/\/lescollectionsprivees.com\/wp-content\/uploads\/2024\/12\/BLACK-EDITION-GIRL.webp\" \/>\n\t<meta property=\"og:image:width\" content=\"2560\" \/>\n\t<meta property=\"og:image:height\" content=\"2560\" \/>\n\t<meta property=\"og:image:type\" content=\"image\/webp\" \/>\n<meta name=\"twitter:card\" content=\"summary_large_image\" \/>\n<meta name=\"twitter:label1\" content=\"Szacowany czas czytania\" \/>\n\t<meta name=\"twitter:data1\" content=\"2 minuty\" \/>\n<script type=\"application\/ld+json\" class=\"yoast-schema-graph\">{\"@context\":\"https:\\\/\\\/schema.org\",\"@graph\":[{\"@type\":\"WebPage\",\"@id\":\"https:\\\/\\\/lescollectionsprivees.com\\\/parfum\\\/girl-pink-edition\\\/\",\"url\":\"https:\\\/\\\/lescollectionsprivees.com\\\/parfum\\\/girl-pink-edition\\\/\",\"name\":\"Girl de Pink Edition en 50ml - Les Collections Priv\u00e9es\",\"isPartOf\":{\"@id\":\"https:\\\/\\\/lescollectionsprivees.com\\\/#website\"},\"primaryImageOfPage\":{\"@id\":\"https:\\\/\\\/lescollectionsprivees.com\\\/parfum\\\/girl-pink-edition\\\/#primaryimage\"},\"image\":{\"@id\":\"https:\\\/\\\/lescollectionsprivees.com\\\/parfum\\\/girl-pink-edition\\\/#primaryimage\"},\"thumbnailUrl\":\"https:\\\/\\\/lescollectionsprivees.com\\\/wp-content\\\/uploads\\\/2024\\\/12\\\/BLACK-EDITION-GIRL.webp\",\"datePublished\":\"2020-02-17T15:36:48+00:00\",\"dateModified\":\"2026-03-27T08:48:24+00:00\",\"description\":\"Girl de Pink Edition vient rejoindre des parfums et senteur hors du commun. Laissez-vous charmez par ses d\u00e9licieuses fragrances en venant le d\u00e9couvrir !\",\"breadcrumb\":{\"@id\":\"https:\\\/\\\/lescollectionsprivees.com\\\/parfum\\\/girl-pink-edition\\\/#breadcrumb\"},\"inLanguage\":\"pl-PL\",\"potentialAction\":[{\"@type\":\"ReadAction\",\"target\":[\"https:\\\/\\\/lescollectionsprivees.com\\\/parfum\\\/girl-pink-edition\\\/\"]}]},{\"@type\":\"ImageObject\",\"inLanguage\":\"pl-PL\",\"@id\":\"https:\\\/\\\/lescollectionsprivees.com\\\/parfum\\\/girl-pink-edition\\\/#primaryimage\",\"url\":\"https:\\\/\\\/lescollectionsprivees.com\\\/wp-content\\\/uploads\\\/2024\\\/12\\\/BLACK-EDITION-GIRL.webp\",\"contentUrl\":\"https:\\\/\\\/lescollectionsprivees.com\\\/wp-content\\\/uploads\\\/2024\\\/12\\\/BLACK-EDITION-GIRL.webp\",\"width\":2560,\"height\":2560,\"caption\":\"BLACK-EDITION-GIRL\"},{\"@type\":\"BreadcrumbList\",\"@id\":\"https:\\\/\\\/lescollectionsprivees.com\\\/parfum\\\/girl-pink-edition\\\/#breadcrumb\",\"itemListElement\":[{\"@type\":\"ListItem\",\"position\":1,\"name\":\"Accueil\",\"item\":\"https:\\\/\\\/lescollectionsprivees.com\\\/\"},{\"@type\":\"ListItem\",\"position\":2,\"name\":\"Boutique\",\"item\":\"https:\\\/\\\/lescollectionsprivees.com\\\/boutique\\\/\"},{\"@type\":\"ListItem\",\"position\":3,\"name\":\"Girl &#8211; Pink Edition\"}]},{\"@type\":\"WebSite\",\"@id\":\"https:\\\/\\\/lescollectionsprivees.com\\\/#website\",\"url\":\"https:\\\/\\\/lescollectionsprivees.com\\\/\",\"name\":\"Les Collections Priv\u00e9es\",\"description\":\"\",\"publisher\":{\"@id\":\"https:\\\/\\\/lescollectionsprivees.com\\\/#organization\"},\"potentialAction\":[{\"@type\":\"SearchAction\",\"target\":{\"@type\":\"EntryPoint\",\"urlTemplate\":\"https:\\\/\\\/lescollectionsprivees.com\\\/?s={search_term_string}\"},\"query-input\":{\"@type\":\"PropertyValueSpecification\",\"valueRequired\":true,\"valueName\":\"search_term_string\"}}],\"inLanguage\":\"pl-PL\"},{\"@type\":\"Organization\",\"@id\":\"https:\\\/\\\/lescollectionsprivees.com\\\/#organization\",\"name\":\"Les Collections Priv\u00e9es\",\"url\":\"https:\\\/\\\/lescollectionsprivees.com\\\/\",\"logo\":{\"@type\":\"ImageObject\",\"inLanguage\":\"pl-PL\",\"@id\":\"https:\\\/\\\/lescollectionsprivees.com\\\/#\\\/schema\\\/logo\\\/image\\\/\",\"url\":\"https:\\\/\\\/lescollectionsprivees.com\\\/wp-content\\\/uploads\\\/2020\\\/02\\\/Logo-Les-Collections-Priv\u00e9es-450x450-1.png\",\"contentUrl\":\"https:\\\/\\\/lescollectionsprivees.com\\\/wp-content\\\/uploads\\\/2020\\\/02\\\/Logo-Les-Collections-Priv\u00e9es-450x450-1.png\",\"width\":450,\"height\":450,\"caption\":\"Les Collections Priv\u00e9es\"},\"image\":{\"@id\":\"https:\\\/\\\/lescollectionsprivees.com\\\/#\\\/schema\\\/logo\\\/image\\\/\"}}]}<\/script>\n<!-- \/ Yoast SEO plugin. -->","yoast_head_json":{"title":"Girl by Pink Edition w 50ml - Les Collections Priv\u00e9es","description":"Girl by Pink Edition do\u0142\u0105cza do grona niezwyk\u0142ych zapach\u00f3w. Przyjd\u017a i odkryj nasze wy\u015bmienite zapachy!","robots":{"index":"index","follow":"follow","max-snippet":"max-snippet:-1","max-image-preview":"max-image-preview:large","max-video-preview":"max-video-preview:-1"},"canonical":"https:\/\/lescollectionsprivees.com\/pl\/zapach\/dziewczeca-rozowa-edycja\/","og_locale":"pl_PL","og_type":"article","og_title":"Girl de Pink Edition en 50ml - Les Collections Priv\u00e9es","og_description":"Girl de Pink Edition vient rejoindre des parfums et senteur hors du commun. Laissez-vous charmez par ses d\u00e9licieuses fragrances en venant le d\u00e9couvrir !","og_url":"https:\/\/lescollectionsprivees.com\/pl\/zapach\/dziewczeca-rozowa-edycja\/","og_site_name":"Les Collections Priv\u00e9es","article_modified_time":"2026-03-27T08:48:24+00:00","og_image":[{"width":2560,"height":2560,"url":"https:\/\/lescollectionsprivees.com\/wp-content\/uploads\/2024\/12\/BLACK-EDITION-GIRL.webp","type":"image\/webp"}],"twitter_card":"summary_large_image","twitter_misc":{"Szacowany czas czytania":"2 minuty"},"schema":{"@context":"https:\/\/schema.org","@graph":[{"@type":"WebPage","@id":"https:\/\/lescollectionsprivees.com\/parfum\/girl-pink-edition\/","url":"https:\/\/lescollectionsprivees.com\/parfum\/girl-pink-edition\/","name":"Girl by Pink Edition w 50ml - Les Collections Priv\u00e9es","isPartOf":{"@id":"https:\/\/lescollectionsprivees.com\/#website"},"primaryImageOfPage":{"@id":"https:\/\/lescollectionsprivees.com\/parfum\/girl-pink-edition\/#primaryimage"},"image":{"@id":"https:\/\/lescollectionsprivees.com\/parfum\/girl-pink-edition\/#primaryimage"},"thumbnailUrl":"https:\/\/lescollectionsprivees.com\/wp-content\/uploads\/2024\/12\/BLACK-EDITION-GIRL.webp","datePublished":"2020-02-17T15:36:48+00:00","dateModified":"2026-03-27T08:48:24+00:00","description":"Girl by Pink Edition do\u0142\u0105cza do grona niezwyk\u0142ych zapach\u00f3w. Przyjd\u017a i odkryj nasze wy\u015bmienite zapachy!","breadcrumb":{"@id":"https:\/\/lescollectionsprivees.com\/parfum\/girl-pink-edition\/#breadcrumb"},"inLanguage":"pl-PL","potentialAction":[{"@type":"ReadAction","target":["https:\/\/lescollectionsprivees.com\/parfum\/girl-pink-edition\/"]}]},{"@type":"ImageObject","inLanguage":"pl-PL","@id":"https:\/\/lescollectionsprivees.com\/parfum\/girl-pink-edition\/#primaryimage","url":"https:\/\/lescollectionsprivees.com\/wp-content\/uploads\/2024\/12\/BLACK-EDITION-GIRL.webp","contentUrl":"https:\/\/lescollectionsprivees.com\/wp-content\/uploads\/2024\/12\/BLACK-EDITION-GIRL.webp","width":2560,"height":2560,"caption":"BLACK-EDITION-GIRL"},{"@type":"BreadcrumbList","@id":"https:\/\/lescollectionsprivees.com\/parfum\/girl-pink-edition\/#breadcrumb","itemListElement":[{"@type":"ListItem","position":1,"name":"Accueil","item":"https:\/\/lescollectionsprivees.com\/"},{"@type":"ListItem","position":2,"name":"Boutique","item":"https:\/\/lescollectionsprivees.com\/boutique\/"},{"@type":"ListItem","position":3,"name":"Girl &#8211; Pink Edition"}]},{"@type":"WebSite","@id":"https:\/\/lescollectionsprivees.com\/#website","url":"https:\/\/lescollectionsprivees.com\/","name":"Kolekcje prywatne","description":"","publisher":{"@id":"https:\/\/lescollectionsprivees.com\/#organization"},"potentialAction":[{"@type":"SearchAction","target":{"@type":"EntryPoint","urlTemplate":"https:\/\/lescollectionsprivees.com\/?s={search_term_string}"},"query-input":{"@type":"PropertyValueSpecification","valueRequired":true,"valueName":"search_term_string"}}],"inLanguage":"pl-PL"},{"@type":"Organization","@id":"https:\/\/lescollectionsprivees.com\/#organization","name":"Kolekcje prywatne","url":"https:\/\/lescollectionsprivees.com\/","logo":{"@type":"ImageObject","inLanguage":"pl-PL","@id":"https:\/\/lescollectionsprivees.com\/#\/schema\/logo\/image\/","url":"https:\/\/lescollectionsprivees.com\/wp-content\/uploads\/2020\/02\/Logo-Les-Collections-Priv\u00e9es-450x450-1.png","contentUrl":"https:\/\/lescollectionsprivees.com\/wp-content\/uploads\/2020\/02\/Logo-Les-Collections-Priv\u00e9es-450x450-1.png","width":450,"height":450,"caption":"Les Collections Priv\u00e9es"},"image":{"@id":"https:\/\/lescollectionsprivees.com\/#\/schema\/logo\/image\/"}}]}},"_links":{"self":[{"href":"https:\/\/lescollectionsprivees.com\/pl\/wp-json\/wp\/v2\/product\/7109","targetHints":{"allow":["GET"]}}],"collection":[{"href":"https:\/\/lescollectionsprivees.com\/pl\/wp-json\/wp\/v2\/product"}],"about":[{"href":"https:\/\/lescollectionsprivees.com\/pl\/wp-json\/wp\/v2\/types\/product"}],"wp:featuredmedia":[{"embeddable":true,"href":"https:\/\/lescollectionsprivees.com\/pl\/wp-json\/wp\/v2\/media\/32497"}],"wp:attachment":[{"href":"https:\/\/lescollectionsprivees.com\/pl\/wp-json\/wp\/v2\/media?parent=7109"}],"wp:term":[{"taxonomy":"product_brand","embeddable":true,"href":"https:\/\/lescollectionsprivees.com\/pl\/wp-json\/wp\/v2\/product_brand?post=7109"},{"taxonomy":"product_cat","embeddable":true,"href":"https:\/\/lescollectionsprivees.com\/pl\/wp-json\/wp\/v2\/product_cat?post=7109"},{"taxonomy":"product_tag","embeddable":true,"href":"https:\/\/lescollectionsprivees.com\/pl\/wp-json\/wp\/v2\/product_tag?post=7109"}],"curies":[{"name":"wp","href":"https:\/\/api.w.org\/{rel}","templated":true}]}}