{"id":8387,"date":"2020-04-29T00:14:32","date_gmt":"2020-04-29T00:14:32","guid":{"rendered":"https:\/\/lescollectionsprivees.com\/?post_type=product&#038;p=8387"},"modified":"2021-07-15T14:52:43","modified_gmt":"2021-07-15T14:52:43","slug":"oud-al-nujoom-abedini","status":"publish","type":"product","link":"https:\/\/lescollectionsprivees.com\/pl\/parfum\/oud-al-nujoom-abedini\/","title":{"rendered":"Oud Al Nujoom - Abedini"},"content":{"rendered":"<h2><strong>Oud Al Nujoom by Abedini<\/strong><\/h2>\n<p>Zaprojektowany ze struktur\u0105 wykonan\u0105 g\u0142\u00f3wnie z oudu, Oud Al Nujoom marki Abedini pi\u0119knie interpretuje honorowe tradycje Wschodu i wspania\u0142e cechy Arab\u00f3w. W przeciwie\u0144stwie do tego, co mo\u017cna sobie wyobrazi\u0107, ten wysublimowany zapach z Dubaju przyci\u0105ga wiele os\u00f3b, kt\u00f3re zazwyczaj preferuj\u0105 zachodnie zapachy.<\/p>\n<p>Opracowany z my\u015bl\u0105 o nowoczesno\u015bci, ten fantastyczny zapach ukazuje cenione atrybuty Bliskiego Wschodu w oryginalny spos\u00f3b. W rezultacie ten ekskluzywny projekt oczarowuje swoich odbiorc\u00f3w bez ograniczania si\u0119 granicami. To prawda, \u017ce ludzie mieszkaj\u0105cy na Zachodzie docenili jego charakterystyczne zapachy. Marka z Emirat\u00f3w z pewno\u015bci\u0105 to zrozumia\u0142a i wykorzystuje ten trend na swoj\u0105 korzy\u015b\u0107.<\/p>\n<h2><strong>Mocny oud w wyrafinowanej butelce<\/strong><\/h2>\n<p>Pe\u0142en oudu w swoim sk\u0142adzie, Oud Al Nujoom marki Abedini nadaje ton od samego pocz\u0105tku. Oczywi\u015bcie ta staro\u017cytna substancja okaza\u0142a si\u0119 skutecznym, a nawet niezb\u0119dnym sk\u0142adnikiem dla niekt\u00f3rych wielkich orientalnych perfumiarzy. Przez wiele lat substancja ta by\u0142a wykorzystywana do tworzenia wyj\u0105tkowych luksusowych perfum w krajach Zatoki Perskiej.<\/p>\n<p>Jednak ten s\u0142ynny dom perfumeryjny z Emirat\u00f3w Arabskich wykorzystuje drzewo agarowe z subtelno\u015bci\u0105 i umiej\u0119tno\u015bci\u0105. W rzeczywisto\u015bci udaje mu si\u0119 wydoby\u0107 jego pot\u0119\u017cny, wyrazisty zapach, jednocze\u015bnie uwzgl\u0119dniaj\u0105c aktualne trendy i najbardziej wra\u017cliwe nosy.<\/p>\n<p>Co wi\u0119cej, estetyka jego butelki przywo\u0142uje niesamowit\u0105 elegancj\u0119 godn\u0105 pi\u0119knych emirackich krajobraz\u00f3w. A jednocze\u015bnie przywo\u0142uje pewn\u0105 delikatno\u015b\u0107, kt\u00f3ra zdaje si\u0119 koi\u0107 zmys\u0142y i sprawia, \u017ce chce si\u0119 odkry\u0107 jego niezwyk\u0142y pojemnik. W rezultacie ten arabski zapach jest w stanie okie\u0142zna\u0107 praktycznie ka\u017cd\u0105 publiczno\u015b\u0107, zar\u00f3wno na Wschodzie, jak i na Zachodzie.<\/p>\n<h2><strong>Pot\u0119\u017cne \u015bcieki przypominaj\u0105ce o korzy\u015bciach p\u0142yn\u0105cych z natury<\/strong><\/h2>\n<p>Ten majestatyczny zapach czerpie korzy\u015bci z natury. Czyste, naturalne sk\u0142adniki potwierdzaj\u0105 jego najwy\u017csz\u0105 jako\u015b\u0107 i gwarantuj\u0105 autentyczno\u015b\u0107. Wdychaj\u0105c jego drogocenne emanacje, b\u0119dziesz mie\u0107 wra\u017cenie, \u017ce przed Twoimi oczami migaj\u0105 rewelacyjne krainy Bliskiego Wschodu.<\/p>\n<p>Jego czaruj\u0105ce zapachy i harmonijna harmonia zafascynuj\u0105 zar\u00f3wno m\u0119\u017cczyzn, jak i kobiety. Co wi\u0119cej, ten nieodparty zapach ma imponuj\u0105cy \u015blad i zaskakuj\u0105c\u0105 projekcj\u0119. Nie wahaj si\u0119 wi\u0119c i spryskaj si\u0119 jego \u015bwie\u017cymi, uwodzicielskimi nutami.<\/p>","protected":false},"excerpt":{"rendered":"<p><strong><u>Dane techniczne :<\/u><\/strong><\/p>\n<p><strong>Nazwa perfum<\/strong> Oud Al Nujoom<br \/>\n<strong>Marka<\/strong> Abedini<br \/>\n<strong>Typ<\/strong> Unisex<br \/>\n<strong>Pojemno\u015b\u0107<\/strong> 100 ml<\/p>","protected":false},"featured_media":8374,"template":"","meta":[],"product_brand":[],"product_cat":[15],"product_tag":[],"class_list":{"0":"post-8387","1":"product","2":"type-product","3":"status-publish","4":"has-post-thumbnail","6":"product_cat-parfums-de-dubai","7":"pa_marque-abedini","9":"first","10":"outofstock","11":"taxable","12":"shipping-taxable","13":"purchasable","14":"product-type-simple"},"yoast_head":"<!-- This site is optimized with the Yoast SEO plugin v27.5 - https:\/\/yoast.com\/product\/yoast-seo-wordpress\/ -->\n<title>Oud Al Nujoom De Abedini en 100 ml - Les Collections Priv\u00e9es<\/title>\n<meta name=\"description\" content=\"Con\u00e7u \u00e0 base d&#039;oud, Oud Al Nujoom\u00a0de Abedini interpr\u00e8te magnifiquement les honorables traditions orientales. D\u00e9couvrez ce parfum d&#039;exception\u00a0!\" \/>\n<meta name=\"robots\" content=\"index, follow, max-snippet:-1, max-image-preview:large, max-video-preview:-1\" \/>\n<link rel=\"canonical\" href=\"https:\/\/lescollectionsprivees.com\/pl\/zapach\/oud-al-nujoom-abedini\/\" \/>\n<meta property=\"og:locale\" content=\"pl_PL\" \/>\n<meta property=\"og:type\" content=\"article\" \/>\n<meta property=\"og:title\" content=\"Oud Al Nujoom De Abedini en 100 ml - Les Collections Priv\u00e9es\" \/>\n<meta property=\"og:description\" content=\"Con\u00e7u \u00e0 base d&#039;oud, Oud Al Nujoom\u00a0de Abedini interpr\u00e8te magnifiquement les honorables traditions orientales. D\u00e9couvrez ce parfum d&#039;exception\u00a0!\" \/>\n<meta property=\"og:url\" content=\"https:\/\/lescollectionsprivees.com\/pl\/zapach\/oud-al-nujoom-abedini\/\" \/>\n<meta property=\"og:site_name\" content=\"Les Collections Priv\u00e9es\" \/>\n<meta property=\"article:modified_time\" content=\"2021-07-15T14:52:43+00:00\" \/>\n<meta property=\"og:image\" content=\"https:\/\/lescollectionsprivees.com\/wp-content\/uploads\/2020\/04\/Oud-Al-Nujoom-Abedini-Les-Collections-Priv\u00e9es.jpg\" \/>\n\t<meta property=\"og:image:width\" content=\"521\" \/>\n\t<meta property=\"og:image:height\" content=\"695\" \/>\n\t<meta property=\"og:image:type\" content=\"image\/jpeg\" \/>\n<meta name=\"twitter:card\" content=\"summary_large_image\" \/>\n<meta name=\"twitter:label1\" content=\"Szacowany czas czytania\" \/>\n\t<meta name=\"twitter:data1\" content=\"2 minuty\" \/>\n<script type=\"application\/ld+json\" class=\"yoast-schema-graph\">{\"@context\":\"https:\\\/\\\/schema.org\",\"@graph\":[{\"@type\":\"WebPage\",\"@id\":\"https:\\\/\\\/lescollectionsprivees.com\\\/parfum\\\/oud-al-nujoom-abedini\\\/\",\"url\":\"https:\\\/\\\/lescollectionsprivees.com\\\/parfum\\\/oud-al-nujoom-abedini\\\/\",\"name\":\"Oud Al Nujoom De Abedini en 100 ml - Les Collections Priv\u00e9es\",\"isPartOf\":{\"@id\":\"https:\\\/\\\/lescollectionsprivees.com\\\/#website\"},\"primaryImageOfPage\":{\"@id\":\"https:\\\/\\\/lescollectionsprivees.com\\\/parfum\\\/oud-al-nujoom-abedini\\\/#primaryimage\"},\"image\":{\"@id\":\"https:\\\/\\\/lescollectionsprivees.com\\\/parfum\\\/oud-al-nujoom-abedini\\\/#primaryimage\"},\"thumbnailUrl\":\"https:\\\/\\\/lescollectionsprivees.com\\\/wp-content\\\/uploads\\\/2020\\\/04\\\/Oud-Al-Nujoom-Abedini-Les-Collections-Priv\u00e9es.jpg\",\"datePublished\":\"2020-04-29T00:14:32+00:00\",\"dateModified\":\"2021-07-15T14:52:43+00:00\",\"description\":\"Con\u00e7u \u00e0 base d'oud, Oud Al Nujoom\u00a0de Abedini interpr\u00e8te magnifiquement les honorables traditions orientales. D\u00e9couvrez ce parfum d'exception\u00a0!\",\"breadcrumb\":{\"@id\":\"https:\\\/\\\/lescollectionsprivees.com\\\/parfum\\\/oud-al-nujoom-abedini\\\/#breadcrumb\"},\"inLanguage\":\"pl-PL\",\"potentialAction\":[{\"@type\":\"ReadAction\",\"target\":[\"https:\\\/\\\/lescollectionsprivees.com\\\/parfum\\\/oud-al-nujoom-abedini\\\/\"]}]},{\"@type\":\"ImageObject\",\"inLanguage\":\"pl-PL\",\"@id\":\"https:\\\/\\\/lescollectionsprivees.com\\\/parfum\\\/oud-al-nujoom-abedini\\\/#primaryimage\",\"url\":\"https:\\\/\\\/lescollectionsprivees.com\\\/wp-content\\\/uploads\\\/2020\\\/04\\\/Oud-Al-Nujoom-Abedini-Les-Collections-Priv\u00e9es.jpg\",\"contentUrl\":\"https:\\\/\\\/lescollectionsprivees.com\\\/wp-content\\\/uploads\\\/2020\\\/04\\\/Oud-Al-Nujoom-Abedini-Les-Collections-Priv\u00e9es.jpg\",\"width\":521,\"height\":695,\"caption\":\"Oud Al Nujoom - Abedini - Les Collections Priv\u00e9es\"},{\"@type\":\"BreadcrumbList\",\"@id\":\"https:\\\/\\\/lescollectionsprivees.com\\\/parfum\\\/oud-al-nujoom-abedini\\\/#breadcrumb\",\"itemListElement\":[{\"@type\":\"ListItem\",\"position\":1,\"name\":\"Accueil\",\"item\":\"https:\\\/\\\/lescollectionsprivees.com\\\/\"},{\"@type\":\"ListItem\",\"position\":2,\"name\":\"Boutique\",\"item\":\"https:\\\/\\\/lescollectionsprivees.com\\\/boutique\\\/\"},{\"@type\":\"ListItem\",\"position\":3,\"name\":\"Oud Al Nujoom &#8211; Abedini\"}]},{\"@type\":\"WebSite\",\"@id\":\"https:\\\/\\\/lescollectionsprivees.com\\\/#website\",\"url\":\"https:\\\/\\\/lescollectionsprivees.com\\\/\",\"name\":\"Les Collections Priv\u00e9es\",\"description\":\"\",\"publisher\":{\"@id\":\"https:\\\/\\\/lescollectionsprivees.com\\\/#organization\"},\"potentialAction\":[{\"@type\":\"SearchAction\",\"target\":{\"@type\":\"EntryPoint\",\"urlTemplate\":\"https:\\\/\\\/lescollectionsprivees.com\\\/?s={search_term_string}\"},\"query-input\":{\"@type\":\"PropertyValueSpecification\",\"valueRequired\":true,\"valueName\":\"search_term_string\"}}],\"inLanguage\":\"pl-PL\"},{\"@type\":\"Organization\",\"@id\":\"https:\\\/\\\/lescollectionsprivees.com\\\/#organization\",\"name\":\"Les Collections Priv\u00e9es\",\"url\":\"https:\\\/\\\/lescollectionsprivees.com\\\/\",\"logo\":{\"@type\":\"ImageObject\",\"inLanguage\":\"pl-PL\",\"@id\":\"https:\\\/\\\/lescollectionsprivees.com\\\/#\\\/schema\\\/logo\\\/image\\\/\",\"url\":\"https:\\\/\\\/lescollectionsprivees.com\\\/wp-content\\\/uploads\\\/2020\\\/02\\\/Logo-Les-Collections-Priv\u00e9es-450x450-1.png\",\"contentUrl\":\"https:\\\/\\\/lescollectionsprivees.com\\\/wp-content\\\/uploads\\\/2020\\\/02\\\/Logo-Les-Collections-Priv\u00e9es-450x450-1.png\",\"width\":450,\"height\":450,\"caption\":\"Les Collections Priv\u00e9es\"},\"image\":{\"@id\":\"https:\\\/\\\/lescollectionsprivees.com\\\/#\\\/schema\\\/logo\\\/image\\\/\"}}]}<\/script>\n<!-- \/ Yoast SEO plugin. -->","yoast_head_json":{"title":"Abedini Oud Al Nujoom 100 ml - Les Collections Priv\u00e9es","description":"Wykonany z oudu, Oud Al Nujoom marki Abedini to wspania\u0142a interpretacja u\u015bwi\u0119conych tradycj\u0105 orientalnych zapach\u00f3w. Odkryj ten wyj\u0105tkowy zapach!","robots":{"index":"index","follow":"follow","max-snippet":"max-snippet:-1","max-image-preview":"max-image-preview:large","max-video-preview":"max-video-preview:-1"},"canonical":"https:\/\/lescollectionsprivees.com\/pl\/zapach\/oud-al-nujoom-abedini\/","og_locale":"pl_PL","og_type":"article","og_title":"Oud Al Nujoom De Abedini en 100 ml - Les Collections Priv\u00e9es","og_description":"Con\u00e7u \u00e0 base d'oud, Oud Al Nujoom\u00a0de Abedini interpr\u00e8te magnifiquement les honorables traditions orientales. D\u00e9couvrez ce parfum d'exception\u00a0!","og_url":"https:\/\/lescollectionsprivees.com\/pl\/zapach\/oud-al-nujoom-abedini\/","og_site_name":"Les Collections Priv\u00e9es","article_modified_time":"2021-07-15T14:52:43+00:00","og_image":[{"width":521,"height":695,"url":"https:\/\/lescollectionsprivees.com\/wp-content\/uploads\/2020\/04\/Oud-Al-Nujoom-Abedini-Les-Collections-Priv\u00e9es.jpg","type":"image\/jpeg"}],"twitter_card":"summary_large_image","twitter_misc":{"Szacowany czas czytania":"2 minuty"},"schema":{"@context":"https:\/\/schema.org","@graph":[{"@type":"WebPage","@id":"https:\/\/lescollectionsprivees.com\/parfum\/oud-al-nujoom-abedini\/","url":"https:\/\/lescollectionsprivees.com\/parfum\/oud-al-nujoom-abedini\/","name":"Abedini Oud Al Nujoom 100 ml - Les Collections Priv\u00e9es","isPartOf":{"@id":"https:\/\/lescollectionsprivees.com\/#website"},"primaryImageOfPage":{"@id":"https:\/\/lescollectionsprivees.com\/parfum\/oud-al-nujoom-abedini\/#primaryimage"},"image":{"@id":"https:\/\/lescollectionsprivees.com\/parfum\/oud-al-nujoom-abedini\/#primaryimage"},"thumbnailUrl":"https:\/\/lescollectionsprivees.com\/wp-content\/uploads\/2020\/04\/Oud-Al-Nujoom-Abedini-Les-Collections-Priv\u00e9es.jpg","datePublished":"2020-04-29T00:14:32+00:00","dateModified":"2021-07-15T14:52:43+00:00","description":"Wykonany z oudu, Oud Al Nujoom marki Abedini to wspania\u0142a interpretacja u\u015bwi\u0119conych tradycj\u0105 orientalnych zapach\u00f3w. Odkryj ten wyj\u0105tkowy zapach!","breadcrumb":{"@id":"https:\/\/lescollectionsprivees.com\/parfum\/oud-al-nujoom-abedini\/#breadcrumb"},"inLanguage":"pl-PL","potentialAction":[{"@type":"ReadAction","target":["https:\/\/lescollectionsprivees.com\/parfum\/oud-al-nujoom-abedini\/"]}]},{"@type":"ImageObject","inLanguage":"pl-PL","@id":"https:\/\/lescollectionsprivees.com\/parfum\/oud-al-nujoom-abedini\/#primaryimage","url":"https:\/\/lescollectionsprivees.com\/wp-content\/uploads\/2020\/04\/Oud-Al-Nujoom-Abedini-Les-Collections-Priv\u00e9es.jpg","contentUrl":"https:\/\/lescollectionsprivees.com\/wp-content\/uploads\/2020\/04\/Oud-Al-Nujoom-Abedini-Les-Collections-Priv\u00e9es.jpg","width":521,"height":695,"caption":"Oud Al Nujoom - Abedini - Les Collections Priv\u00e9es"},{"@type":"BreadcrumbList","@id":"https:\/\/lescollectionsprivees.com\/parfum\/oud-al-nujoom-abedini\/#breadcrumb","itemListElement":[{"@type":"ListItem","position":1,"name":"Accueil","item":"https:\/\/lescollectionsprivees.com\/"},{"@type":"ListItem","position":2,"name":"Boutique","item":"https:\/\/lescollectionsprivees.com\/boutique\/"},{"@type":"ListItem","position":3,"name":"Oud Al Nujoom &#8211; Abedini"}]},{"@type":"WebSite","@id":"https:\/\/lescollectionsprivees.com\/#website","url":"https:\/\/lescollectionsprivees.com\/","name":"Kolekcje prywatne","description":"","publisher":{"@id":"https:\/\/lescollectionsprivees.com\/#organization"},"potentialAction":[{"@type":"SearchAction","target":{"@type":"EntryPoint","urlTemplate":"https:\/\/lescollectionsprivees.com\/?s={search_term_string}"},"query-input":{"@type":"PropertyValueSpecification","valueRequired":true,"valueName":"search_term_string"}}],"inLanguage":"pl-PL"},{"@type":"Organization","@id":"https:\/\/lescollectionsprivees.com\/#organization","name":"Kolekcje prywatne","url":"https:\/\/lescollectionsprivees.com\/","logo":{"@type":"ImageObject","inLanguage":"pl-PL","@id":"https:\/\/lescollectionsprivees.com\/#\/schema\/logo\/image\/","url":"https:\/\/lescollectionsprivees.com\/wp-content\/uploads\/2020\/02\/Logo-Les-Collections-Priv\u00e9es-450x450-1.png","contentUrl":"https:\/\/lescollectionsprivees.com\/wp-content\/uploads\/2020\/02\/Logo-Les-Collections-Priv\u00e9es-450x450-1.png","width":450,"height":450,"caption":"Les Collections Priv\u00e9es"},"image":{"@id":"https:\/\/lescollectionsprivees.com\/#\/schema\/logo\/image\/"}}]}},"_links":{"self":[{"href":"https:\/\/lescollectionsprivees.com\/pl\/wp-json\/wp\/v2\/product\/8387","targetHints":{"allow":["GET"]}}],"collection":[{"href":"https:\/\/lescollectionsprivees.com\/pl\/wp-json\/wp\/v2\/product"}],"about":[{"href":"https:\/\/lescollectionsprivees.com\/pl\/wp-json\/wp\/v2\/types\/product"}],"wp:featuredmedia":[{"embeddable":true,"href":"https:\/\/lescollectionsprivees.com\/pl\/wp-json\/wp\/v2\/media\/8374"}],"wp:attachment":[{"href":"https:\/\/lescollectionsprivees.com\/pl\/wp-json\/wp\/v2\/media?parent=8387"}],"wp:term":[{"taxonomy":"product_brand","embeddable":true,"href":"https:\/\/lescollectionsprivees.com\/pl\/wp-json\/wp\/v2\/product_brand?post=8387"},{"taxonomy":"product_cat","embeddable":true,"href":"https:\/\/lescollectionsprivees.com\/pl\/wp-json\/wp\/v2\/product_cat?post=8387"},{"taxonomy":"product_tag","embeddable":true,"href":"https:\/\/lescollectionsprivees.com\/pl\/wp-json\/wp\/v2\/product_tag?post=8387"}],"curies":[{"name":"wp","href":"https:\/\/api.w.org\/{rel}","templated":true}]}}