{"id":8389,"date":"2020-04-29T00:20:53","date_gmt":"2020-04-29T00:20:53","guid":{"rendered":"https:\/\/lescollectionsprivees.com\/?post_type=product&#038;p=8389"},"modified":"2024-08-27T14:13:00","modified_gmt":"2024-08-27T14:13:00","slug":"fakhar-al-oud-ard-al-zaafaran","status":"publish","type":"product","link":"https:\/\/lescollectionsprivees.com\/pl\/parfum\/fakhar-al-oud-ard-al-zaafaran\/","title":{"rendered":"Fakhar Al Oud - Ard Al Zaafaran"},"content":{"rendered":"<h2><strong>Fakhar Al Oud by Ard Al Zaafaran<\/strong><\/h2>\n<p>Wibruj\u0105cy i wystawny Fakhar Al Oud marki Ard Al Zaafaran poch\u0142ania ducha majestatycznymi emanacjami orientalnych, korzennych, balsamicznych, kwiatowych, drzewnych, bursztynowych i pi\u017cmowych nut. Luksusowy zapach, kt\u00f3ry zas\u0142u\u017cy\u0142 na swoje miejsce w\u015br\u00f3d najlepszych projekt\u00f3w s\u0142ynnej emirackiej marki. Ten fascynuj\u0105cy zapach emanuje wysublimowanymi, po\u017c\u0105danymi zapachami, kt\u00f3re przenosz\u0105 Ci\u0119 w nowy wymiar.<\/p>\n<h2><strong>Luksusowe bogactwo sztuki Bliskiego Wschodu<\/strong><\/h2>\n<p>Podobnie jak jego r\u00f3wie\u015bnicy, Fakhar Al Oud by Ard Al Zaafaran jest wspania\u0142\u0105 interpretacj\u0105 orientalnego dziedzictwa. Nie trzeba dodawa\u0107, \u017ce ten zapach z Dubaju ma cechy charakterystyczne dla tradycji Bliskiego Wschodu.<\/p>\n<p>Wystarczy wdycha\u0107 jego cudowne zapachy, aby zda\u0107 sobie z tego spraw\u0119. Co wi\u0119cej, mo\u017cna \u0142atwo zobaczy\u0107, co czyni go tak wyj\u0105tkowym, patrz\u0105c na jego fantastyczne opakowanie i butelk\u0119, w komplecie z \u0142adnym ma\u0142ym tradycyjnym pomponem.<\/p>\n<p>Jednak nawet nosy preferuj\u0105ce zachodnie zapachy ulegaj\u0105 jego urokowi. Podsumowuj\u0105c, ten wspania\u0142y arabski zapach jest jednog\u0142o\u015bnie doceniany zar\u00f3wno przez m\u0119\u017cczyzn, jak i kobiety. Co wi\u0119cej, jest popularny na ca\u0142ym \u015bwiecie.<\/p>\n<h2><strong>Wspania\u0142a kompozycja i wyj\u0105tkowy zapach<\/strong><\/h2>\n<p>To, co sprawia, \u017ce ten orientalny zapach jest tak popularny, to jego bogaty, wystawny profil zapachowy. Rzeczywi\u015bcie, b\u0119dziesz podziwia\u0107 jego orientalne, pikantne nuty g\u0142owy zawieraj\u0105ce nagarmotha, ga\u0142k\u0119 muszkato\u0142ow\u0105 i szafran.<\/p>\n<p>Zapach zachwyca orientalnymi, drzewnymi i kwiatowymi nutami serca. Nieodparta mieszanka drzewa sanda\u0142owego, drzewa cedrowego, drzewa gurjun, drzewa gwajakowego, paczuli i ja\u015bminu.<\/p>\n<p>Ponadto pi\u017cmowe, ambrowe i balsamiczne nuty bazy wanilii i tonki intensywnie uwodz\u0105. Ten niezwyk\u0142y zapach ma imponuj\u0105cy \u015blad i satysfakcjonuj\u0105c\u0105 projekcj\u0119. Ten orientalny klejnot umili ka\u017cdy dzie\u0144 i wiecz\u00f3r.<\/p>","protected":false},"excerpt":{"rendered":"<p><strong><u>Dane techniczne :<\/u><\/strong><\/p>\n<p><strong>Nazwa perfum<\/strong> Fakhar Al Oud<br \/>\n<strong>Marka :<\/strong> Ard Al Zaafaran<br \/>\n<strong>Typ<\/strong> Unisex<br \/>\n<strong>Pojemno\u015b\u0107<\/strong> 100 ml<\/p>","protected":false},"featured_media":8373,"template":"","meta":[],"product_brand":[],"product_cat":[274,15],"product_tag":[],"class_list":{"0":"post-8389","1":"product","2":"type-product","3":"status-publish","4":"has-post-thumbnail","6":"product_cat-ard-al-zaafaran","7":"product_cat-parfums-de-dubai","8":"pa_marque-ard-al-zaafaran","10":"first","11":"instock","12":"taxable","13":"shipping-taxable","14":"purchasable","15":"product-type-simple"},"yoast_head":"<!-- This site is optimized with the Yoast SEO plugin v27.5 - https:\/\/yoast.com\/product\/yoast-seo-wordpress\/ -->\n<title>Fakhar Al Oud de Ard Al Zaafaran en 100 ml - Les Collections Priv\u00e9es<\/title>\n<meta name=\"description\" content=\"Parfum oriental vibrant et somptueux, Fakhar Al Oud de Ard Al Zaafaran absorbe votre esprit \u00e0 travers ses majestueuses \u00e9manations. Venez vite le d\u00e9couvrir\u00a0!\" \/>\n<meta name=\"robots\" content=\"index, follow, max-snippet:-1, max-image-preview:large, max-video-preview:-1\" \/>\n<link rel=\"canonical\" href=\"https:\/\/lescollectionsprivees.com\/pl\/zapach\/fakhar-al-oud-ard-al-zaafaran\/\" \/>\n<meta property=\"og:locale\" content=\"pl_PL\" \/>\n<meta property=\"og:type\" content=\"article\" \/>\n<meta property=\"og:title\" content=\"Fakhar Al Oud de Ard Al Zaafaran en 100 ml - Les Collections Priv\u00e9es\" \/>\n<meta property=\"og:description\" content=\"Parfum oriental vibrant et somptueux, Fakhar Al Oud de Ard Al Zaafaran absorbe votre esprit \u00e0 travers ses majestueuses \u00e9manations. Venez vite le d\u00e9couvrir\u00a0!\" \/>\n<meta property=\"og:url\" content=\"https:\/\/lescollectionsprivees.com\/pl\/zapach\/fakhar-al-oud-ard-al-zaafaran\/\" \/>\n<meta property=\"og:site_name\" content=\"Les Collections Priv\u00e9es\" \/>\n<meta property=\"article:modified_time\" content=\"2024-08-27T14:13:00+00:00\" \/>\n<meta property=\"og:image\" content=\"https:\/\/lescollectionsprivees.com\/wp-content\/uploads\/2020\/04\/Fakhar-Al-Oud-Les-Collections-Priv\u00e9es.jpg\" \/>\n\t<meta property=\"og:image:width\" content=\"521\" \/>\n\t<meta property=\"og:image:height\" content=\"695\" \/>\n\t<meta property=\"og:image:type\" content=\"image\/jpeg\" \/>\n<meta name=\"twitter:card\" content=\"summary_large_image\" \/>\n<meta name=\"twitter:label1\" content=\"Szacowany czas czytania\" \/>\n\t<meta name=\"twitter:data1\" content=\"2 minuty\" \/>\n<script type=\"application\/ld+json\" class=\"yoast-schema-graph\">{\"@context\":\"https:\\\/\\\/schema.org\",\"@graph\":[{\"@type\":\"WebPage\",\"@id\":\"https:\\\/\\\/lescollectionsprivees.com\\\/parfum\\\/fakhar-al-oud-ard-al-zaafaran\\\/\",\"url\":\"https:\\\/\\\/lescollectionsprivees.com\\\/parfum\\\/fakhar-al-oud-ard-al-zaafaran\\\/\",\"name\":\"Fakhar Al Oud de Ard Al Zaafaran en 100 ml - Les Collections Priv\u00e9es\",\"isPartOf\":{\"@id\":\"https:\\\/\\\/lescollectionsprivees.com\\\/#website\"},\"primaryImageOfPage\":{\"@id\":\"https:\\\/\\\/lescollectionsprivees.com\\\/parfum\\\/fakhar-al-oud-ard-al-zaafaran\\\/#primaryimage\"},\"image\":{\"@id\":\"https:\\\/\\\/lescollectionsprivees.com\\\/parfum\\\/fakhar-al-oud-ard-al-zaafaran\\\/#primaryimage\"},\"thumbnailUrl\":\"https:\\\/\\\/lescollectionsprivees.com\\\/wp-content\\\/uploads\\\/2020\\\/04\\\/Fakhar-Al-Oud-Les-Collections-Priv\u00e9es.jpg\",\"datePublished\":\"2020-04-29T00:20:53+00:00\",\"dateModified\":\"2024-08-27T14:13:00+00:00\",\"description\":\"Parfum oriental vibrant et somptueux, Fakhar Al Oud de Ard Al Zaafaran absorbe votre esprit \u00e0 travers ses majestueuses \u00e9manations. Venez vite le d\u00e9couvrir\u00a0!\",\"breadcrumb\":{\"@id\":\"https:\\\/\\\/lescollectionsprivees.com\\\/parfum\\\/fakhar-al-oud-ard-al-zaafaran\\\/#breadcrumb\"},\"inLanguage\":\"pl-PL\",\"potentialAction\":[{\"@type\":\"ReadAction\",\"target\":[\"https:\\\/\\\/lescollectionsprivees.com\\\/parfum\\\/fakhar-al-oud-ard-al-zaafaran\\\/\"]}]},{\"@type\":\"ImageObject\",\"inLanguage\":\"pl-PL\",\"@id\":\"https:\\\/\\\/lescollectionsprivees.com\\\/parfum\\\/fakhar-al-oud-ard-al-zaafaran\\\/#primaryimage\",\"url\":\"https:\\\/\\\/lescollectionsprivees.com\\\/wp-content\\\/uploads\\\/2020\\\/04\\\/Fakhar-Al-Oud-Les-Collections-Priv\u00e9es.jpg\",\"contentUrl\":\"https:\\\/\\\/lescollectionsprivees.com\\\/wp-content\\\/uploads\\\/2020\\\/04\\\/Fakhar-Al-Oud-Les-Collections-Priv\u00e9es.jpg\",\"width\":521,\"height\":695,\"caption\":\"Fakhar Al Oud de Ard Al Zaafaran - Les Collections Priv\u00e9es\"},{\"@type\":\"BreadcrumbList\",\"@id\":\"https:\\\/\\\/lescollectionsprivees.com\\\/parfum\\\/fakhar-al-oud-ard-al-zaafaran\\\/#breadcrumb\",\"itemListElement\":[{\"@type\":\"ListItem\",\"position\":1,\"name\":\"Accueil\",\"item\":\"https:\\\/\\\/lescollectionsprivees.com\\\/\"},{\"@type\":\"ListItem\",\"position\":2,\"name\":\"Boutique\",\"item\":\"https:\\\/\\\/lescollectionsprivees.com\\\/boutique\\\/\"},{\"@type\":\"ListItem\",\"position\":3,\"name\":\"Fakhar Al Oud &#8211; Ard Al Zaafaran\"}]},{\"@type\":\"WebSite\",\"@id\":\"https:\\\/\\\/lescollectionsprivees.com\\\/#website\",\"url\":\"https:\\\/\\\/lescollectionsprivees.com\\\/\",\"name\":\"Les Collections Priv\u00e9es\",\"description\":\"\",\"publisher\":{\"@id\":\"https:\\\/\\\/lescollectionsprivees.com\\\/#organization\"},\"potentialAction\":[{\"@type\":\"SearchAction\",\"target\":{\"@type\":\"EntryPoint\",\"urlTemplate\":\"https:\\\/\\\/lescollectionsprivees.com\\\/?s={search_term_string}\"},\"query-input\":{\"@type\":\"PropertyValueSpecification\",\"valueRequired\":true,\"valueName\":\"search_term_string\"}}],\"inLanguage\":\"pl-PL\"},{\"@type\":\"Organization\",\"@id\":\"https:\\\/\\\/lescollectionsprivees.com\\\/#organization\",\"name\":\"Les Collections Priv\u00e9es\",\"url\":\"https:\\\/\\\/lescollectionsprivees.com\\\/\",\"logo\":{\"@type\":\"ImageObject\",\"inLanguage\":\"pl-PL\",\"@id\":\"https:\\\/\\\/lescollectionsprivees.com\\\/#\\\/schema\\\/logo\\\/image\\\/\",\"url\":\"https:\\\/\\\/lescollectionsprivees.com\\\/wp-content\\\/uploads\\\/2020\\\/02\\\/Logo-Les-Collections-Priv\u00e9es-450x450-1.png\",\"contentUrl\":\"https:\\\/\\\/lescollectionsprivees.com\\\/wp-content\\\/uploads\\\/2020\\\/02\\\/Logo-Les-Collections-Priv\u00e9es-450x450-1.png\",\"width\":450,\"height\":450,\"caption\":\"Les Collections Priv\u00e9es\"},\"image\":{\"@id\":\"https:\\\/\\\/lescollectionsprivees.com\\\/#\\\/schema\\\/logo\\\/image\\\/\"}}]}<\/script>\n<!-- \/ Yoast SEO plugin. -->","yoast_head_json":{"title":"Fakhar Al Oud by Ard Al Zaafaran w 100 ml - Les Collections Priv\u00e9es","description":"Wibruj\u0105cy i bogaty orientalny zapach Fakhar Al Oud marki Ard Al Zaafaran poch\u0142ania ducha swoimi majestatycznymi emanacjami. Przyjd\u017a i odkryj go!","robots":{"index":"index","follow":"follow","max-snippet":"max-snippet:-1","max-image-preview":"max-image-preview:large","max-video-preview":"max-video-preview:-1"},"canonical":"https:\/\/lescollectionsprivees.com\/pl\/zapach\/fakhar-al-oud-ard-al-zaafaran\/","og_locale":"pl_PL","og_type":"article","og_title":"Fakhar Al Oud de Ard Al Zaafaran en 100 ml - Les Collections Priv\u00e9es","og_description":"Parfum oriental vibrant et somptueux, Fakhar Al Oud de Ard Al Zaafaran absorbe votre esprit \u00e0 travers ses majestueuses \u00e9manations. Venez vite le d\u00e9couvrir\u00a0!","og_url":"https:\/\/lescollectionsprivees.com\/pl\/zapach\/fakhar-al-oud-ard-al-zaafaran\/","og_site_name":"Les Collections Priv\u00e9es","article_modified_time":"2024-08-27T14:13:00+00:00","og_image":[{"width":521,"height":695,"url":"https:\/\/lescollectionsprivees.com\/wp-content\/uploads\/2020\/04\/Fakhar-Al-Oud-Les-Collections-Priv\u00e9es.jpg","type":"image\/jpeg"}],"twitter_card":"summary_large_image","twitter_misc":{"Szacowany czas czytania":"2 minuty"},"schema":{"@context":"https:\/\/schema.org","@graph":[{"@type":"WebPage","@id":"https:\/\/lescollectionsprivees.com\/parfum\/fakhar-al-oud-ard-al-zaafaran\/","url":"https:\/\/lescollectionsprivees.com\/parfum\/fakhar-al-oud-ard-al-zaafaran\/","name":"Fakhar Al Oud by Ard Al Zaafaran w 100 ml - Les Collections Priv\u00e9es","isPartOf":{"@id":"https:\/\/lescollectionsprivees.com\/#website"},"primaryImageOfPage":{"@id":"https:\/\/lescollectionsprivees.com\/parfum\/fakhar-al-oud-ard-al-zaafaran\/#primaryimage"},"image":{"@id":"https:\/\/lescollectionsprivees.com\/parfum\/fakhar-al-oud-ard-al-zaafaran\/#primaryimage"},"thumbnailUrl":"https:\/\/lescollectionsprivees.com\/wp-content\/uploads\/2020\/04\/Fakhar-Al-Oud-Les-Collections-Priv\u00e9es.jpg","datePublished":"2020-04-29T00:20:53+00:00","dateModified":"2024-08-27T14:13:00+00:00","description":"Wibruj\u0105cy i bogaty orientalny zapach Fakhar Al Oud marki Ard Al Zaafaran poch\u0142ania ducha swoimi majestatycznymi emanacjami. Przyjd\u017a i odkryj go!","breadcrumb":{"@id":"https:\/\/lescollectionsprivees.com\/parfum\/fakhar-al-oud-ard-al-zaafaran\/#breadcrumb"},"inLanguage":"pl-PL","potentialAction":[{"@type":"ReadAction","target":["https:\/\/lescollectionsprivees.com\/parfum\/fakhar-al-oud-ard-al-zaafaran\/"]}]},{"@type":"ImageObject","inLanguage":"pl-PL","@id":"https:\/\/lescollectionsprivees.com\/parfum\/fakhar-al-oud-ard-al-zaafaran\/#primaryimage","url":"https:\/\/lescollectionsprivees.com\/wp-content\/uploads\/2020\/04\/Fakhar-Al-Oud-Les-Collections-Priv\u00e9es.jpg","contentUrl":"https:\/\/lescollectionsprivees.com\/wp-content\/uploads\/2020\/04\/Fakhar-Al-Oud-Les-Collections-Priv\u00e9es.jpg","width":521,"height":695,"caption":"Fakhar Al Oud de Ard Al Zaafaran - Les Collections Priv\u00e9es"},{"@type":"BreadcrumbList","@id":"https:\/\/lescollectionsprivees.com\/parfum\/fakhar-al-oud-ard-al-zaafaran\/#breadcrumb","itemListElement":[{"@type":"ListItem","position":1,"name":"Accueil","item":"https:\/\/lescollectionsprivees.com\/"},{"@type":"ListItem","position":2,"name":"Boutique","item":"https:\/\/lescollectionsprivees.com\/boutique\/"},{"@type":"ListItem","position":3,"name":"Fakhar Al Oud &#8211; Ard Al Zaafaran"}]},{"@type":"WebSite","@id":"https:\/\/lescollectionsprivees.com\/#website","url":"https:\/\/lescollectionsprivees.com\/","name":"Kolekcje prywatne","description":"","publisher":{"@id":"https:\/\/lescollectionsprivees.com\/#organization"},"potentialAction":[{"@type":"SearchAction","target":{"@type":"EntryPoint","urlTemplate":"https:\/\/lescollectionsprivees.com\/?s={search_term_string}"},"query-input":{"@type":"PropertyValueSpecification","valueRequired":true,"valueName":"search_term_string"}}],"inLanguage":"pl-PL"},{"@type":"Organization","@id":"https:\/\/lescollectionsprivees.com\/#organization","name":"Kolekcje prywatne","url":"https:\/\/lescollectionsprivees.com\/","logo":{"@type":"ImageObject","inLanguage":"pl-PL","@id":"https:\/\/lescollectionsprivees.com\/#\/schema\/logo\/image\/","url":"https:\/\/lescollectionsprivees.com\/wp-content\/uploads\/2020\/02\/Logo-Les-Collections-Priv\u00e9es-450x450-1.png","contentUrl":"https:\/\/lescollectionsprivees.com\/wp-content\/uploads\/2020\/02\/Logo-Les-Collections-Priv\u00e9es-450x450-1.png","width":450,"height":450,"caption":"Les Collections Priv\u00e9es"},"image":{"@id":"https:\/\/lescollectionsprivees.com\/#\/schema\/logo\/image\/"}}]}},"_links":{"self":[{"href":"https:\/\/lescollectionsprivees.com\/pl\/wp-json\/wp\/v2\/product\/8389","targetHints":{"allow":["GET"]}}],"collection":[{"href":"https:\/\/lescollectionsprivees.com\/pl\/wp-json\/wp\/v2\/product"}],"about":[{"href":"https:\/\/lescollectionsprivees.com\/pl\/wp-json\/wp\/v2\/types\/product"}],"wp:featuredmedia":[{"embeddable":true,"href":"https:\/\/lescollectionsprivees.com\/pl\/wp-json\/wp\/v2\/media\/8373"}],"wp:attachment":[{"href":"https:\/\/lescollectionsprivees.com\/pl\/wp-json\/wp\/v2\/media?parent=8389"}],"wp:term":[{"taxonomy":"product_brand","embeddable":true,"href":"https:\/\/lescollectionsprivees.com\/pl\/wp-json\/wp\/v2\/product_brand?post=8389"},{"taxonomy":"product_cat","embeddable":true,"href":"https:\/\/lescollectionsprivees.com\/pl\/wp-json\/wp\/v2\/product_cat?post=8389"},{"taxonomy":"product_tag","embeddable":true,"href":"https:\/\/lescollectionsprivees.com\/pl\/wp-json\/wp\/v2\/product_tag?post=8389"}],"curies":[{"name":"wp","href":"https:\/\/api.w.org\/{rel}","templated":true}]}}