{"id":22400,"date":"2023-02-12T17:13:42","date_gmt":"2023-02-12T17:13:42","guid":{"rendered":"https:\/\/lescollectionsprivees.com\/?post_type=product&#038;p=22400"},"modified":"2024-11-07T16:11:31","modified_gmt":"2024-11-07T16:11:31","slug":"almiscar-tahara-solido","status":"publish","type":"product","link":"https:\/\/lescollectionsprivees.com\/pt\/parfum\/musc-tahara-solide\/","title":{"rendered":"Musc Tahara Solide Concr\u00e8te - Creme Tahara"},"content":{"rendered":"<p>La\u00a0<strong>creme s\u00f3lido musk tahara\u00a0<\/strong>\u00e9 uma verdadeira inova\u00e7\u00e3o entre todos os\u00a0<strong>cosm\u00e9ticos perfumados\u00a0<\/strong>com este famoso<strong>\u00a0alm\u00edscar oriental<\/strong>. Neste produto, encontrar\u00e1 todos os benef\u00edcios dos ingredientes naturais que hidratam e protegem a pele. E ainda o aroma \u00fanico e delicado do tahara.<\/p>\n<h2><strong>Alm\u00edscar do tahara s\u00f3lido: uma vers\u00e3o sedutora em creme<\/strong><\/h2>\n<p>Este cosm\u00e9tico apresenta-se num frasco de 15g, num recipiente de vidro adequado e pr\u00e1tico para o uso di\u00e1rio.<\/p>\n<p>Enriquecido com\u00a0<strong>\u00f3leo de coco<\/strong>\u00a0bem como em\u00a0<strong>cera<\/strong>'<strong>abelha<\/strong>O alm\u00edscar s\u00f3lido Tahara \u00e9 tamb\u00e9m garantido sem \u00e1lcool e sem alum\u00ednio. Al\u00e9m disso, para a sa\u00fade dos consumidores, este creme Tahara est\u00e1 registado no portal Cosmetic Europ\u00e9en. E foi testado dermatologicamente em laborat\u00f3rio.<\/p>\n<p>O \u00f3leo vegetal de coco \u00e9 particularmente conhecido pela sua\u00a0<strong>capacidade de hidrata\u00e7\u00e3o.<\/strong>\u00a0Tamb\u00e9m melhora a qualidade da pele e\u00a0<strong>reduz o aparecimento de estrias.<\/strong>\u00a0Quanto \u00e0 cera de abelha, trata-se de um ingrediente que\u00a0<strong>suaviza a pele<\/strong>bem como a sua alimenta\u00e7\u00e3o.<\/p>\n<h2><strong>Como utilizar o alm\u00edscar Tahara s\u00f3lido?<\/strong><\/h2>\n<p>Este cosm\u00e9tico deliciosamente perfumado \u00e9 <a href=\"https:\/\/musc-tahara.com\" target=\"_blank\" rel=\"noopener\"><strong>ideal para uso corporal<\/strong><\/a>. \u00c9 adequado para todos os tipos de pele e, gra\u00e7as aos seus ingredientes naturais, \u00e9 tamb\u00e9m adequado para crian\u00e7as.<\/p>\n<p>Basta adicionar um pouco de\u00a0<strong>alm\u00edscar s\u00f3lido<\/strong>\u00a0na zona desejada do corpo, sobre a pele previamente lavada e seca. De seguida, massajar suavemente at\u00e9 o produto ser absorvido. Por fim, este<strong>\u00a0Creme corporal Taraha<\/strong>\u00a0N\u00e3o deixa qualquer pel\u00edcula gordurosa. E oferece um aroma subtil e agrad\u00e1vel na pele.<\/p>\n<h3><strong>O perfume Tahara em todas as suas formas\u00a0<\/strong><\/h3>\n<p>Se \u00e9 particularmente apreciador deste\u00a0<strong>fragr\u00e2ncia oriental<\/strong>Ter\u00e1 o prazer de o encontrar na nossa boutique, Luxurious fragrances. Seja em\u00a0<strong>toalhetes \u00edntimos perfumados,<\/strong>\u00a0em<strong>\u00a0pulveriza\u00e7\u00e3o d<\/strong>'<strong>no interior,<\/strong>\u00a0ou como\u00a0<strong><a href=\"https:\/\/lescollectionsprivees.com\/pt\/categoria-de-fragrancias\/fragrancias-para-automoveis\/\">perfume para autom\u00f3vel<\/a>,<\/strong>\u00a0n\u00e3o hesite!<\/p>\n<p>Encontrar\u00e1 tamb\u00e9m um\u00a0<strong>creme facial<\/strong>\u00a0da mesma marca, para deliciar os seus sentidos!<\/p>","protected":false},"excerpt":{"rendered":"<p><strong>Nome :<\/strong> Musc Tahara Solide Concr\u00e8te<br \/>\n<strong>Marca :<\/strong> Creme Tahara<br \/>\n<strong>Origem :<\/strong> Fran\u00e7a<br \/>\n<strong>Frasco de 15g<\/strong><\/p>\n<p>Cont\u00e9m<strong>\u00d3leo de coco<\/strong> e <strong>Cera de abelha<\/strong> para um <strong>Prote\u00e7\u00e3o<\/strong> e um <strong>Hidrata\u00e7\u00e3o<\/strong> no topo.<br \/>\nRegistado no Portal Europeu dos Cosm\u00e9ticos e testado dermatologicamente.<\/p>\n<p><strong>Sem \u00e1lcool e sem alum\u00ednio<\/strong>.<\/p>","protected":false},"featured_media":22408,"template":"","meta":[],"product_brand":[],"product_cat":[161,221,189,222],"product_tag":[],"class_list":{"0":"post-22400","1":"product","2":"type-product","3":"status-publish","4":"has-post-thumbnail","6":"product_cat-cosmetiques","7":"product_cat-creme-tahara-cosmetiques","8":"product_cat-femmes","9":"product_cat-musc-tahara","11":"first","12":"outofstock","13":"taxable","14":"shipping-taxable","15":"purchasable","16":"product-type-simple"},"yoast_head":"<!-- This site is optimized with the Yoast SEO plugin v27.5 - https:\/\/yoast.com\/product\/yoast-seo-wordpress\/ -->\n<title>Musc tahara solide I Conception fran\u00e7aise I Pot de 15g<\/title>\n<meta name=\"description\" content=\"La\u00a0cr\u00e8me musc tahara solide\u00a0est une v\u00e9ritable petite innovation parmi tous les\u00a0cosm\u00e9tiques parfum\u00e9s\u00a0avec ce c\u00e9l\u00e8bre\u00a0musc oriental.\" \/>\n<meta name=\"robots\" content=\"index, follow, max-snippet:-1, max-image-preview:large, max-video-preview:-1\" \/>\n<link rel=\"canonical\" href=\"https:\/\/lescollectionsprivees.com\/pt\/fragrancia\/almiscar-tahara-solido\/\" \/>\n<meta property=\"og:locale\" content=\"pt_PT\" \/>\n<meta property=\"og:type\" content=\"article\" \/>\n<meta property=\"og:title\" content=\"Musc tahara solide I Conception fran\u00e7aise I Pot de 15g\" \/>\n<meta property=\"og:description\" content=\"La\u00a0cr\u00e8me musc tahara solide\u00a0est une v\u00e9ritable petite innovation parmi tous les\u00a0cosm\u00e9tiques parfum\u00e9s\u00a0avec ce c\u00e9l\u00e8bre\u00a0musc oriental.\" \/>\n<meta property=\"og:url\" content=\"https:\/\/lescollectionsprivees.com\/pt\/fragrancia\/almiscar-tahara-solido\/\" \/>\n<meta property=\"og:site_name\" content=\"Les Collections Priv\u00e9es\" \/>\n<meta property=\"article:modified_time\" content=\"2024-11-07T16:11:31+00:00\" \/>\n<meta property=\"og:image\" content=\"https:\/\/lescollectionsprivees.com\/wp-content\/uploads\/2023\/02\/p-107.jpg\" \/>\n\t<meta property=\"og:image:width\" content=\"750\" \/>\n\t<meta property=\"og:image:height\" content=\"750\" \/>\n\t<meta property=\"og:image:type\" content=\"image\/jpeg\" \/>\n<meta name=\"twitter:card\" content=\"summary_large_image\" \/>\n<meta name=\"twitter:label1\" content=\"Tempo estimado de leitura\" \/>\n\t<meta name=\"twitter:data1\" content=\"2 minutos\" \/>\n<script type=\"application\/ld+json\" class=\"yoast-schema-graph\">{\"@context\":\"https:\\\/\\\/schema.org\",\"@graph\":[{\"@type\":\"WebPage\",\"@id\":\"https:\\\/\\\/lescollectionsprivees.com\\\/parfum\\\/musc-tahara-solide\\\/\",\"url\":\"https:\\\/\\\/lescollectionsprivees.com\\\/parfum\\\/musc-tahara-solide\\\/\",\"name\":\"Musc tahara solide I Conception fran\u00e7aise I Pot de 15g\",\"isPartOf\":{\"@id\":\"https:\\\/\\\/lescollectionsprivees.com\\\/#website\"},\"primaryImageOfPage\":{\"@id\":\"https:\\\/\\\/lescollectionsprivees.com\\\/parfum\\\/musc-tahara-solide\\\/#primaryimage\"},\"image\":{\"@id\":\"https:\\\/\\\/lescollectionsprivees.com\\\/parfum\\\/musc-tahara-solide\\\/#primaryimage\"},\"thumbnailUrl\":\"https:\\\/\\\/lescollectionsprivees.com\\\/wp-content\\\/uploads\\\/2023\\\/02\\\/p-107.jpg\",\"datePublished\":\"2023-02-12T17:13:42+00:00\",\"dateModified\":\"2024-11-07T16:11:31+00:00\",\"description\":\"La\u00a0cr\u00e8me musc tahara solide\u00a0est une v\u00e9ritable petite innovation parmi tous les\u00a0cosm\u00e9tiques parfum\u00e9s\u00a0avec ce c\u00e9l\u00e8bre\u00a0musc oriental.\",\"breadcrumb\":{\"@id\":\"https:\\\/\\\/lescollectionsprivees.com\\\/parfum\\\/musc-tahara-solide\\\/#breadcrumb\"},\"inLanguage\":\"pt-PT\",\"potentialAction\":[{\"@type\":\"ReadAction\",\"target\":[\"https:\\\/\\\/lescollectionsprivees.com\\\/parfum\\\/musc-tahara-solide\\\/\"]}]},{\"@type\":\"ImageObject\",\"inLanguage\":\"pt-PT\",\"@id\":\"https:\\\/\\\/lescollectionsprivees.com\\\/parfum\\\/musc-tahara-solide\\\/#primaryimage\",\"url\":\"https:\\\/\\\/lescollectionsprivees.com\\\/wp-content\\\/uploads\\\/2023\\\/02\\\/p-107.jpg\",\"contentUrl\":\"https:\\\/\\\/lescollectionsprivees.com\\\/wp-content\\\/uploads\\\/2023\\\/02\\\/p-107.jpg\",\"width\":750,\"height\":750,\"caption\":\"Musc Tahara Solide Concr\u00e8te - Cr\u00e8me Tahara\"},{\"@type\":\"BreadcrumbList\",\"@id\":\"https:\\\/\\\/lescollectionsprivees.com\\\/parfum\\\/musc-tahara-solide\\\/#breadcrumb\",\"itemListElement\":[{\"@type\":\"ListItem\",\"position\":1,\"name\":\"Accueil\",\"item\":\"https:\\\/\\\/lescollectionsprivees.com\\\/\"},{\"@type\":\"ListItem\",\"position\":2,\"name\":\"Boutique\",\"item\":\"https:\\\/\\\/lescollectionsprivees.com\\\/boutique\\\/\"},{\"@type\":\"ListItem\",\"position\":3,\"name\":\"Musc Tahara Solide Concr\u00e8te &#8211; Cr\u00e8me Tahara\"}]},{\"@type\":\"WebSite\",\"@id\":\"https:\\\/\\\/lescollectionsprivees.com\\\/#website\",\"url\":\"https:\\\/\\\/lescollectionsprivees.com\\\/\",\"name\":\"Les Collections Priv\u00e9es\",\"description\":\"\",\"publisher\":{\"@id\":\"https:\\\/\\\/lescollectionsprivees.com\\\/#organization\"},\"potentialAction\":[{\"@type\":\"SearchAction\",\"target\":{\"@type\":\"EntryPoint\",\"urlTemplate\":\"https:\\\/\\\/lescollectionsprivees.com\\\/?s={search_term_string}\"},\"query-input\":{\"@type\":\"PropertyValueSpecification\",\"valueRequired\":true,\"valueName\":\"search_term_string\"}}],\"inLanguage\":\"pt-PT\"},{\"@type\":\"Organization\",\"@id\":\"https:\\\/\\\/lescollectionsprivees.com\\\/#organization\",\"name\":\"Les Collections Priv\u00e9es\",\"url\":\"https:\\\/\\\/lescollectionsprivees.com\\\/\",\"logo\":{\"@type\":\"ImageObject\",\"inLanguage\":\"pt-PT\",\"@id\":\"https:\\\/\\\/lescollectionsprivees.com\\\/#\\\/schema\\\/logo\\\/image\\\/\",\"url\":\"https:\\\/\\\/lescollectionsprivees.com\\\/wp-content\\\/uploads\\\/2020\\\/02\\\/Logo-Les-Collections-Priv\u00e9es-450x450-1.png\",\"contentUrl\":\"https:\\\/\\\/lescollectionsprivees.com\\\/wp-content\\\/uploads\\\/2020\\\/02\\\/Logo-Les-Collections-Priv\u00e9es-450x450-1.png\",\"width\":450,\"height\":450,\"caption\":\"Les Collections Priv\u00e9es\"},\"image\":{\"@id\":\"https:\\\/\\\/lescollectionsprivees.com\\\/#\\\/schema\\\/logo\\\/image\\\/\"}}]}<\/script>\n<!-- \/ Yoast SEO plugin. -->","yoast_head_json":{"title":"Alm\u00edscar tahara s\u00f3lido I Desenho franc\u00eas I Frasco de 15g","description":"O creme s\u00f3lido de alm\u00edscar tahara \u00e9 uma verdadeira inova\u00e7\u00e3o entre todos os cosm\u00e9ticos perfumados com este famoso alm\u00edscar oriental.","robots":{"index":"index","follow":"follow","max-snippet":"max-snippet:-1","max-image-preview":"max-image-preview:large","max-video-preview":"max-video-preview:-1"},"canonical":"https:\/\/lescollectionsprivees.com\/pt\/fragrancia\/almiscar-tahara-solido\/","og_locale":"pt_PT","og_type":"article","og_title":"Musc tahara solide I Conception fran\u00e7aise I Pot de 15g","og_description":"La\u00a0cr\u00e8me musc tahara solide\u00a0est une v\u00e9ritable petite innovation parmi tous les\u00a0cosm\u00e9tiques parfum\u00e9s\u00a0avec ce c\u00e9l\u00e8bre\u00a0musc oriental.","og_url":"https:\/\/lescollectionsprivees.com\/pt\/fragrancia\/almiscar-tahara-solido\/","og_site_name":"Les Collections Priv\u00e9es","article_modified_time":"2024-11-07T16:11:31+00:00","og_image":[{"width":750,"height":750,"url":"https:\/\/lescollectionsprivees.com\/wp-content\/uploads\/2023\/02\/p-107.jpg","type":"image\/jpeg"}],"twitter_card":"summary_large_image","twitter_misc":{"Tempo estimado de leitura":"2 minutos"},"schema":{"@context":"https:\/\/schema.org","@graph":[{"@type":"WebPage","@id":"https:\/\/lescollectionsprivees.com\/parfum\/musc-tahara-solide\/","url":"https:\/\/lescollectionsprivees.com\/parfum\/musc-tahara-solide\/","name":"Alm\u00edscar tahara s\u00f3lido I Desenho franc\u00eas I Frasco de 15g","isPartOf":{"@id":"https:\/\/lescollectionsprivees.com\/#website"},"primaryImageOfPage":{"@id":"https:\/\/lescollectionsprivees.com\/parfum\/musc-tahara-solide\/#primaryimage"},"image":{"@id":"https:\/\/lescollectionsprivees.com\/parfum\/musc-tahara-solide\/#primaryimage"},"thumbnailUrl":"https:\/\/lescollectionsprivees.com\/wp-content\/uploads\/2023\/02\/p-107.jpg","datePublished":"2023-02-12T17:13:42+00:00","dateModified":"2024-11-07T16:11:31+00:00","description":"O creme s\u00f3lido de alm\u00edscar tahara \u00e9 uma verdadeira inova\u00e7\u00e3o entre todos os cosm\u00e9ticos perfumados com este famoso alm\u00edscar oriental.","breadcrumb":{"@id":"https:\/\/lescollectionsprivees.com\/parfum\/musc-tahara-solide\/#breadcrumb"},"inLanguage":"pt-PT","potentialAction":[{"@type":"ReadAction","target":["https:\/\/lescollectionsprivees.com\/parfum\/musc-tahara-solide\/"]}]},{"@type":"ImageObject","inLanguage":"pt-PT","@id":"https:\/\/lescollectionsprivees.com\/parfum\/musc-tahara-solide\/#primaryimage","url":"https:\/\/lescollectionsprivees.com\/wp-content\/uploads\/2023\/02\/p-107.jpg","contentUrl":"https:\/\/lescollectionsprivees.com\/wp-content\/uploads\/2023\/02\/p-107.jpg","width":750,"height":750,"caption":"Musc Tahara Solide Concr\u00e8te - Cr\u00e8me Tahara"},{"@type":"BreadcrumbList","@id":"https:\/\/lescollectionsprivees.com\/parfum\/musc-tahara-solide\/#breadcrumb","itemListElement":[{"@type":"ListItem","position":1,"name":"Accueil","item":"https:\/\/lescollectionsprivees.com\/"},{"@type":"ListItem","position":2,"name":"Boutique","item":"https:\/\/lescollectionsprivees.com\/boutique\/"},{"@type":"ListItem","position":3,"name":"Musc Tahara Solide Concr\u00e8te &#8211; Cr\u00e8me Tahara"}]},{"@type":"WebSite","@id":"https:\/\/lescollectionsprivees.com\/#website","url":"https:\/\/lescollectionsprivees.com\/","name":"Colec\u00e7\u00f5es privadas","description":"","publisher":{"@id":"https:\/\/lescollectionsprivees.com\/#organization"},"potentialAction":[{"@type":"SearchAction","target":{"@type":"EntryPoint","urlTemplate":"https:\/\/lescollectionsprivees.com\/?s={search_term_string}"},"query-input":{"@type":"PropertyValueSpecification","valueRequired":true,"valueName":"search_term_string"}}],"inLanguage":"pt-PT"},{"@type":"Organization","@id":"https:\/\/lescollectionsprivees.com\/#organization","name":"Colec\u00e7\u00f5es privadas","url":"https:\/\/lescollectionsprivees.com\/","logo":{"@type":"ImageObject","inLanguage":"pt-PT","@id":"https:\/\/lescollectionsprivees.com\/#\/schema\/logo\/image\/","url":"https:\/\/lescollectionsprivees.com\/wp-content\/uploads\/2020\/02\/Logo-Les-Collections-Priv\u00e9es-450x450-1.png","contentUrl":"https:\/\/lescollectionsprivees.com\/wp-content\/uploads\/2020\/02\/Logo-Les-Collections-Priv\u00e9es-450x450-1.png","width":450,"height":450,"caption":"Les Collections Priv\u00e9es"},"image":{"@id":"https:\/\/lescollectionsprivees.com\/#\/schema\/logo\/image\/"}}]}},"_links":{"self":[{"href":"https:\/\/lescollectionsprivees.com\/pt\/wp-json\/wp\/v2\/product\/22400","targetHints":{"allow":["GET"]}}],"collection":[{"href":"https:\/\/lescollectionsprivees.com\/pt\/wp-json\/wp\/v2\/product"}],"about":[{"href":"https:\/\/lescollectionsprivees.com\/pt\/wp-json\/wp\/v2\/types\/product"}],"wp:featuredmedia":[{"embeddable":true,"href":"https:\/\/lescollectionsprivees.com\/pt\/wp-json\/wp\/v2\/media\/22408"}],"wp:attachment":[{"href":"https:\/\/lescollectionsprivees.com\/pt\/wp-json\/wp\/v2\/media?parent=22400"}],"wp:term":[{"taxonomy":"product_brand","embeddable":true,"href":"https:\/\/lescollectionsprivees.com\/pt\/wp-json\/wp\/v2\/product_brand?post=22400"},{"taxonomy":"product_cat","embeddable":true,"href":"https:\/\/lescollectionsprivees.com\/pt\/wp-json\/wp\/v2\/product_cat?post=22400"},{"taxonomy":"product_tag","embeddable":true,"href":"https:\/\/lescollectionsprivees.com\/pt\/wp-json\/wp\/v2\/product_tag?post=22400"}],"curies":[{"name":"wp","href":"https:\/\/api.w.org\/{rel}","templated":true}]}}