{"id":24412,"date":"2023-06-15T15:27:57","date_gmt":"2023-06-15T15:27:57","guid":{"rendered":"https:\/\/lescollectionsprivees.com\/?post_type=product&#038;p=24412"},"modified":"2026-02-08T17:16:19","modified_gmt":"2026-02-08T17:16:19","slug":"gama-de-taninos-de-queratina","status":"publish","type":"product","link":"https:\/\/lescollectionsprivees.com\/pt\/parfum\/gamme-keratine-tanin\/","title":{"rendered":"Gama Queratina e Taninos: elasticidade e brilho para cabelos finos e desvitalizados - Kera Queen's"},"content":{"rendered":"","protected":false},"excerpt":{"rendered":"<p><strong>Nome :<\/strong> Gama Queratina e Taninos<br \/>\n<strong>Marca :<\/strong> Kera Queen's<\/p>\n<p><strong>Gama queratina e taninos:<\/strong> Flexibilidade e brilho. Mant\u00e9m o alisamento. Adequado para cabelos finos e desvitalizados. Queratina sem sulfatos e parabenos.<\/p>\n<p class=\"st-po\"><strong>Cont\u00e9m 3 produtos:<\/strong><\/p>\n<ul class=\"st-no\">\n<li><strong>Champ\u00f4<\/strong> (Queratina e Tanino) - 500 ml<\/li>\n<li><strong>M\u00e1scara<\/strong> (Queratina e Tanino) - 500 ml<\/li>\n<li><strong>Soro<\/strong> (Queratina e Tanino) - 100 ml<\/li>\n<\/ul>","protected":false},"featured_media":24458,"template":"","meta":[],"product_brand":[],"product_cat":[195,245,161,160],"product_tag":[],"class_list":{"0":"post-24412","1":"product","2":"type-product","3":"status-publish","4":"has-post-thumbnail","6":"product_cat-botox-capillaire","7":"product_cat-botox-capillaire-keratine","8":"product_cat-cosmetiques","9":"product_cat-kera-queens","11":"first","12":"instock","13":"taxable","14":"shipping-taxable","15":"purchasable","16":"product-type-simple"},"yoast_head":"<!-- This site is optimized with the Yoast SEO plugin v27.5 - https:\/\/yoast.com\/product\/yoast-seo-wordpress\/ -->\n<title>Gamme K\u00e9ratine &amp; Tanin : Souplesse &amp; Brillance pour Cheveux Fins et D\u00e9vitalis\u00e9s - Kera Queen&#039;s - Les Collections Priv\u00e9es<\/title>\n<meta name=\"robots\" content=\"index, follow, max-snippet:-1, max-image-preview:large, max-video-preview:-1\" \/>\n<link rel=\"canonical\" href=\"https:\/\/lescollectionsprivees.com\/pt\/fragrancia\/gama-de-taninos-de-queratina\/\" \/>\n<meta property=\"og:locale\" content=\"pt_PT\" \/>\n<meta property=\"og:type\" content=\"article\" \/>\n<meta property=\"og:title\" content=\"Gamme K\u00e9ratine &amp; Tanin : Souplesse &amp; Brillance pour Cheveux Fins et D\u00e9vitalis\u00e9s - Kera Queen&#039;s - Les Collections Priv\u00e9es\" \/>\n<meta property=\"og:description\" content=\"Nom : Gamme K\u00e9ratine &amp; Tanin Marque : Kera Queen&#039;s  Gamme K\u00e9ratine &amp; Tanin : Souplesse &amp; Brillance. Entretien le Lissage. Convient pour Cheveux Fins &amp; D\u00e9vitalis\u00e9s. K\u00e9ratine Sans Sulfate et Sans Paraben. Contient 3 produits :    Shampoing (K\u00e9ratine &amp; Tanin) - 500 ml  Masque (K\u00e9ratine &amp; Tanin) - 500 ml  S\u00e9rum (K\u00e9ratine &amp; Tanin) - 100 ml\" \/>\n<meta property=\"og:url\" content=\"https:\/\/lescollectionsprivees.com\/pt\/fragrancia\/gama-de-taninos-de-queratina\/\" \/>\n<meta property=\"og:site_name\" content=\"Les Collections Priv\u00e9es\" \/>\n<meta property=\"article:modified_time\" content=\"2026-02-08T17:16:19+00:00\" \/>\n<meta property=\"og:image\" content=\"https:\/\/lescollectionsprivees.com\/wp-content\/uploads\/2023\/06\/fi-48.jpg\" \/>\n\t<meta property=\"og:image:width\" content=\"750\" \/>\n\t<meta property=\"og:image:height\" content=\"750\" \/>\n\t<meta property=\"og:image:type\" content=\"image\/jpeg\" \/>\n<meta name=\"twitter:card\" content=\"summary_large_image\" \/>\n<script type=\"application\/ld+json\" class=\"yoast-schema-graph\">{\"@context\":\"https:\\\/\\\/schema.org\",\"@graph\":[{\"@type\":\"WebPage\",\"@id\":\"https:\\\/\\\/lescollectionsprivees.com\\\/parfum\\\/gamme-keratine-tanin\\\/\",\"url\":\"https:\\\/\\\/lescollectionsprivees.com\\\/parfum\\\/gamme-keratine-tanin\\\/\",\"name\":\"Gamme K\u00e9ratine & Tanin : Souplesse & Brillance pour Cheveux Fins et D\u00e9vitalis\u00e9s - Kera Queen's - Les Collections Priv\u00e9es\",\"isPartOf\":{\"@id\":\"https:\\\/\\\/lescollectionsprivees.com\\\/#website\"},\"primaryImageOfPage\":{\"@id\":\"https:\\\/\\\/lescollectionsprivees.com\\\/parfum\\\/gamme-keratine-tanin\\\/#primaryimage\"},\"image\":{\"@id\":\"https:\\\/\\\/lescollectionsprivees.com\\\/parfum\\\/gamme-keratine-tanin\\\/#primaryimage\"},\"thumbnailUrl\":\"https:\\\/\\\/lescollectionsprivees.com\\\/wp-content\\\/uploads\\\/2023\\\/06\\\/fi-48.jpg\",\"datePublished\":\"2023-06-15T15:27:57+00:00\",\"dateModified\":\"2026-02-08T17:16:19+00:00\",\"breadcrumb\":{\"@id\":\"https:\\\/\\\/lescollectionsprivees.com\\\/parfum\\\/gamme-keratine-tanin\\\/#breadcrumb\"},\"inLanguage\":\"pt-PT\",\"potentialAction\":[{\"@type\":\"ReadAction\",\"target\":[\"https:\\\/\\\/lescollectionsprivees.com\\\/parfum\\\/gamme-keratine-tanin\\\/\"]}]},{\"@type\":\"ImageObject\",\"inLanguage\":\"pt-PT\",\"@id\":\"https:\\\/\\\/lescollectionsprivees.com\\\/parfum\\\/gamme-keratine-tanin\\\/#primaryimage\",\"url\":\"https:\\\/\\\/lescollectionsprivees.com\\\/wp-content\\\/uploads\\\/2023\\\/06\\\/fi-48.jpg\",\"contentUrl\":\"https:\\\/\\\/lescollectionsprivees.com\\\/wp-content\\\/uploads\\\/2023\\\/06\\\/fi-48.jpg\",\"width\":750,\"height\":750},{\"@type\":\"BreadcrumbList\",\"@id\":\"https:\\\/\\\/lescollectionsprivees.com\\\/parfum\\\/gamme-keratine-tanin\\\/#breadcrumb\",\"itemListElement\":[{\"@type\":\"ListItem\",\"position\":1,\"name\":\"Accueil\",\"item\":\"https:\\\/\\\/lescollectionsprivees.com\\\/\"},{\"@type\":\"ListItem\",\"position\":2,\"name\":\"Boutique\",\"item\":\"https:\\\/\\\/lescollectionsprivees.com\\\/boutique\\\/\"},{\"@type\":\"ListItem\",\"position\":3,\"name\":\"Gamme K\u00e9ratine &#038; Tanin : Souplesse &#038; Brillance pour Cheveux Fins et D\u00e9vitalis\u00e9s &#8211; Kera Queen&#8217;s\"}]},{\"@type\":\"WebSite\",\"@id\":\"https:\\\/\\\/lescollectionsprivees.com\\\/#website\",\"url\":\"https:\\\/\\\/lescollectionsprivees.com\\\/\",\"name\":\"Les Collections Priv\u00e9es\",\"description\":\"\",\"publisher\":{\"@id\":\"https:\\\/\\\/lescollectionsprivees.com\\\/#organization\"},\"potentialAction\":[{\"@type\":\"SearchAction\",\"target\":{\"@type\":\"EntryPoint\",\"urlTemplate\":\"https:\\\/\\\/lescollectionsprivees.com\\\/?s={search_term_string}\"},\"query-input\":{\"@type\":\"PropertyValueSpecification\",\"valueRequired\":true,\"valueName\":\"search_term_string\"}}],\"inLanguage\":\"pt-PT\"},{\"@type\":\"Organization\",\"@id\":\"https:\\\/\\\/lescollectionsprivees.com\\\/#organization\",\"name\":\"Les Collections Priv\u00e9es\",\"url\":\"https:\\\/\\\/lescollectionsprivees.com\\\/\",\"logo\":{\"@type\":\"ImageObject\",\"inLanguage\":\"pt-PT\",\"@id\":\"https:\\\/\\\/lescollectionsprivees.com\\\/#\\\/schema\\\/logo\\\/image\\\/\",\"url\":\"https:\\\/\\\/lescollectionsprivees.com\\\/wp-content\\\/uploads\\\/2020\\\/02\\\/Logo-Les-Collections-Priv\u00e9es-450x450-1.png\",\"contentUrl\":\"https:\\\/\\\/lescollectionsprivees.com\\\/wp-content\\\/uploads\\\/2020\\\/02\\\/Logo-Les-Collections-Priv\u00e9es-450x450-1.png\",\"width\":450,\"height\":450,\"caption\":\"Les Collections Priv\u00e9es\"},\"image\":{\"@id\":\"https:\\\/\\\/lescollectionsprivees.com\\\/#\\\/schema\\\/logo\\\/image\\\/\"}}]}<\/script>\n<!-- \/ Yoast SEO plugin. -->","yoast_head_json":{"title":"Gama Queratina &amp; Tanino: elasticidade e brilho para cabelos finos e desvitalizados - Kera Queen's - Les Collections Priv\u00e9es","robots":{"index":"index","follow":"follow","max-snippet":"max-snippet:-1","max-image-preview":"max-image-preview:large","max-video-preview":"max-video-preview:-1"},"canonical":"https:\/\/lescollectionsprivees.com\/pt\/fragrancia\/gama-de-taninos-de-queratina\/","og_locale":"pt_PT","og_type":"article","og_title":"Gamme K\u00e9ratine & Tanin : Souplesse & Brillance pour Cheveux Fins et D\u00e9vitalis\u00e9s - Kera Queen's - Les Collections Priv\u00e9es","og_description":"Nom : Gamme K\u00e9ratine &amp; Tanin Marque : Kera Queen's  Gamme K\u00e9ratine &amp; Tanin : Souplesse &amp; Brillance. Entretien le Lissage. Convient pour Cheveux Fins &amp; D\u00e9vitalis\u00e9s. K\u00e9ratine Sans Sulfate et Sans Paraben. Contient 3 produits :    Shampoing (K\u00e9ratine &amp; Tanin) - 500 ml  Masque (K\u00e9ratine &amp; Tanin) - 500 ml  S\u00e9rum (K\u00e9ratine &amp; Tanin) - 100 ml","og_url":"https:\/\/lescollectionsprivees.com\/pt\/fragrancia\/gama-de-taninos-de-queratina\/","og_site_name":"Les Collections Priv\u00e9es","article_modified_time":"2026-02-08T17:16:19+00:00","og_image":[{"width":750,"height":750,"url":"https:\/\/lescollectionsprivees.com\/wp-content\/uploads\/2023\/06\/fi-48.jpg","type":"image\/jpeg"}],"twitter_card":"summary_large_image","schema":{"@context":"https:\/\/schema.org","@graph":[{"@type":"WebPage","@id":"https:\/\/lescollectionsprivees.com\/parfum\/gamme-keratine-tanin\/","url":"https:\/\/lescollectionsprivees.com\/parfum\/gamme-keratine-tanin\/","name":"Gama Queratina &amp; Tanino: elasticidade e brilho para cabelos finos e desvitalizados - Kera Queen's - Les Collections Priv\u00e9es","isPartOf":{"@id":"https:\/\/lescollectionsprivees.com\/#website"},"primaryImageOfPage":{"@id":"https:\/\/lescollectionsprivees.com\/parfum\/gamme-keratine-tanin\/#primaryimage"},"image":{"@id":"https:\/\/lescollectionsprivees.com\/parfum\/gamme-keratine-tanin\/#primaryimage"},"thumbnailUrl":"https:\/\/lescollectionsprivees.com\/wp-content\/uploads\/2023\/06\/fi-48.jpg","datePublished":"2023-06-15T15:27:57+00:00","dateModified":"2026-02-08T17:16:19+00:00","breadcrumb":{"@id":"https:\/\/lescollectionsprivees.com\/parfum\/gamme-keratine-tanin\/#breadcrumb"},"inLanguage":"pt-PT","potentialAction":[{"@type":"ReadAction","target":["https:\/\/lescollectionsprivees.com\/parfum\/gamme-keratine-tanin\/"]}]},{"@type":"ImageObject","inLanguage":"pt-PT","@id":"https:\/\/lescollectionsprivees.com\/parfum\/gamme-keratine-tanin\/#primaryimage","url":"https:\/\/lescollectionsprivees.com\/wp-content\/uploads\/2023\/06\/fi-48.jpg","contentUrl":"https:\/\/lescollectionsprivees.com\/wp-content\/uploads\/2023\/06\/fi-48.jpg","width":750,"height":750},{"@type":"BreadcrumbList","@id":"https:\/\/lescollectionsprivees.com\/parfum\/gamme-keratine-tanin\/#breadcrumb","itemListElement":[{"@type":"ListItem","position":1,"name":"Accueil","item":"https:\/\/lescollectionsprivees.com\/"},{"@type":"ListItem","position":2,"name":"Boutique","item":"https:\/\/lescollectionsprivees.com\/boutique\/"},{"@type":"ListItem","position":3,"name":"Gamme K\u00e9ratine &#038; Tanin : Souplesse &#038; Brillance pour Cheveux Fins et D\u00e9vitalis\u00e9s &#8211; Kera Queen&#8217;s"}]},{"@type":"WebSite","@id":"https:\/\/lescollectionsprivees.com\/#website","url":"https:\/\/lescollectionsprivees.com\/","name":"Colec\u00e7\u00f5es privadas","description":"","publisher":{"@id":"https:\/\/lescollectionsprivees.com\/#organization"},"potentialAction":[{"@type":"SearchAction","target":{"@type":"EntryPoint","urlTemplate":"https:\/\/lescollectionsprivees.com\/?s={search_term_string}"},"query-input":{"@type":"PropertyValueSpecification","valueRequired":true,"valueName":"search_term_string"}}],"inLanguage":"pt-PT"},{"@type":"Organization","@id":"https:\/\/lescollectionsprivees.com\/#organization","name":"Colec\u00e7\u00f5es privadas","url":"https:\/\/lescollectionsprivees.com\/","logo":{"@type":"ImageObject","inLanguage":"pt-PT","@id":"https:\/\/lescollectionsprivees.com\/#\/schema\/logo\/image\/","url":"https:\/\/lescollectionsprivees.com\/wp-content\/uploads\/2020\/02\/Logo-Les-Collections-Priv\u00e9es-450x450-1.png","contentUrl":"https:\/\/lescollectionsprivees.com\/wp-content\/uploads\/2020\/02\/Logo-Les-Collections-Priv\u00e9es-450x450-1.png","width":450,"height":450,"caption":"Les Collections Priv\u00e9es"},"image":{"@id":"https:\/\/lescollectionsprivees.com\/#\/schema\/logo\/image\/"}}]}},"_links":{"self":[{"href":"https:\/\/lescollectionsprivees.com\/pt\/wp-json\/wp\/v2\/product\/24412","targetHints":{"allow":["GET"]}}],"collection":[{"href":"https:\/\/lescollectionsprivees.com\/pt\/wp-json\/wp\/v2\/product"}],"about":[{"href":"https:\/\/lescollectionsprivees.com\/pt\/wp-json\/wp\/v2\/types\/product"}],"wp:featuredmedia":[{"embeddable":true,"href":"https:\/\/lescollectionsprivees.com\/pt\/wp-json\/wp\/v2\/media\/24458"}],"wp:attachment":[{"href":"https:\/\/lescollectionsprivees.com\/pt\/wp-json\/wp\/v2\/media?parent=24412"}],"wp:term":[{"taxonomy":"product_brand","embeddable":true,"href":"https:\/\/lescollectionsprivees.com\/pt\/wp-json\/wp\/v2\/product_brand?post=24412"},{"taxonomy":"product_cat","embeddable":true,"href":"https:\/\/lescollectionsprivees.com\/pt\/wp-json\/wp\/v2\/product_cat?post=24412"},{"taxonomy":"product_tag","embeddable":true,"href":"https:\/\/lescollectionsprivees.com\/pt\/wp-json\/wp\/v2\/product_tag?post=24412"}],"curies":[{"name":"wp","href":"https:\/\/api.w.org\/{rel}","templated":true}]}}