{"id":24935,"date":"2023-07-12T09:18:16","date_gmt":"2023-07-12T09:18:16","guid":{"rendered":"https:\/\/lescollectionsprivees.com\/?post_type=product&#038;p=24935"},"modified":"2023-07-12T09:18:17","modified_gmt":"2023-07-12T09:18:17","slug":"eau-de-parfum-haya","status":"publish","type":"product","link":"https:\/\/lescollectionsprivees.com\/pt\/parfum\/eau-de-parfum-haya\/","title":{"rendered":"Haya Eau de Parfum 100ml - Lattafa"},"content":{"rendered":"<p>A sua embalagem diz muito sobre o seu prest\u00edgio e presen\u00e7a. Visitar\u00a0<strong>Perfume Haya Lattafa<\/strong>\u00a0\u00e9 um\u00a0<strong>fragr\u00e2ncia feminina<\/strong>\u00a0que nos oferece uma experi\u00eancia olfactiva excecional.<\/p>\n<p>Venha conhec\u00ea-lo para obter o m\u00e1ximo de prazer.<\/p>\n<h2><strong>Conhe\u00e7a o perfume Haya Lattafa<\/strong><\/h2>\n<p>A fragr\u00e2ncia de Haya Lattafa \u00e9 uma\u00a0<strong>fragr\u00e2ncia<\/strong>\u00a0suave, floral e fresco para mulheres inspirado na cidade de\u00a0<strong>Dubai<\/strong>. Com notas cheias de frescura e ousadia, esta fragr\u00e2ncia \u00fanica cria uma experi\u00eancia olfactiva inesquec\u00edvel.<\/p>\n<p>O frasco de vidro cor-de-rosa e dourado d\u00e1 um toque de sofistica\u00e7\u00e3o e eleg\u00e2ncia a qualquer ocasi\u00e3o. E ficar\u00e1 orgulhosamente na sua penteadeira o resto do tempo.<\/p>\n<h2><strong>Pir\u00e2mide olfactiva do perfume Haya Lattafa\u00a0<\/strong><\/h2>\n<p>As notas perfumadas de um\u00a0<strong>fragr\u00e2ncia<\/strong>\u00a0permitem-nos saber mais sobre ele. Isto d\u00e1-nos a oportunidade de saber se ser\u00e1 do nosso agrado ou n\u00e3o.<\/p>\n<p>No caso deste\u00a0<strong>Fragr\u00e2ncia \u00e1rabe Lattafa,<\/strong>\u00a0Trata-se de um sumo muito fresco e floral, gra\u00e7as \u00e0s suas notas de topo e de cora\u00e7\u00e3o. Por fim, as suas notas de fundo conferem-lhe uma redondeza mais profunda e gourmand.<\/p>\n<ul>\n<li>Em primeiro lugar, as suas notas de topo: baga rosa, laranja sangu\u00ednea, tangerina, fr\u00e9sia primaveril, etc.<\/li>\n<li>Depois as notas de cora\u00e7\u00e3o: gard\u00e9nia, baunilha, orqu\u00eddea, jasmim<\/li>\n<li>Por fim, as notas de fundo: pralin\u00e9, \u00e2mbar e s\u00e2ndalo.<\/li>\n<\/ul>\n<h3><strong>Fragr\u00e2ncia em harmonia\u00a0<\/strong><\/h3>\n<p>Usar demasiado perfume pode ser desagrad\u00e1vel para si e para as pessoas que o rodeiam. \u00c9 importante saber dosear os cosm\u00e9ticos que se vai utilizar. Como aqui com o nosso sumo oriental fresco e floral.<\/p>\n<p>Esta fragr\u00e2ncia \u00e9 perfeita tanto para o escrit\u00f3rio como para ocasi\u00f5es especiais, e tem um excelente poder de perman\u00eancia. Pode ser aplicado na pele limpa a uma dist\u00e2ncia segura e pulverizado nos pontos de pulsa\u00e7\u00e3o.<\/p>\n<p>Estas s\u00e3o o pulso, o pesco\u00e7o e atr\u00e1s das orelhas. Tamb\u00e9m pode ser pulverizado na roupa para fazer com que o perfume dure mais tempo.<\/p>\n<p>Em suma, Haya Lattafa \u00e9 uma fragr\u00e2ncia luxuosa e elegante para todas as ocasi\u00f5es. A sua mistura \u00fanica de notas florais, <a href=\"https:\/\/lescollectionsprivees.com\/pt\/fragrancia\/royal-gold-el-nabil\/\"><strong>oriental<\/strong><\/a> e as notas amadeiradas, combinadas com o design deslumbrante do seu frasco, tornam-no indispens\u00e1vel para todos os apreciadores de fragr\u00e2ncias de alta qualidade.<\/p>","protected":false},"excerpt":{"rendered":"<p><strong>Notas olfactivas :<\/strong><\/p>\n<p><strong>Notas de topo<\/strong>\u00a0bagas cor-de-rosa, laranja sangu\u00ednea, tangerina, fr\u00e9sia primaveril<br \/>\n<strong>Notas de cora\u00e7\u00e3o<\/strong>\u00a0gard\u00e9nia, baunilha, orqu\u00eddea, jasmim<br \/>\n<strong>Notas de base<\/strong>\u00a0pralin\u00e9, \u00e2mbar, s\u00e2ndalo<\/p>\n<p><strong>Tipo<\/strong>\u00a0Feminino.<\/p>","protected":false},"featured_media":24936,"template":"","meta":[],"product_brand":[],"product_cat":[227,203,201,210,208,15],"product_tag":[],"class_list":{"0":"post-24935","1":"product","2":"type-product","3":"status-publish","4":"has-post-thumbnail","6":"product_cat-parfum-lattafa","7":"product_cat-parfum-ambre","8":"product_cat-parfum-femme","9":"product_cat-parfum-jasmin","10":"product_cat-parfum-vanille","11":"product_cat-parfums-de-dubai","13":"first","14":"instock","15":"taxable","16":"shipping-taxable","17":"purchasable","18":"product-type-simple"},"yoast_head":"<!-- This site is optimized with the Yoast SEO plugin v27.5 - https:\/\/yoast.com\/product\/yoast-seo-wordpress\/ -->\n<title>Haya | Eau de parfum pour femme 100ml | Lattafa<\/title>\n<meta name=\"description\" content=\"Le\u00a0parfum Haya Lattafa\u00a0est une\u00a0fragrance f\u00e9minine\u00a0qui nous offre une exp\u00e9rience olfactive exceptionnelle. Bonne senteur \u00e0 vous !\" \/>\n<meta name=\"robots\" content=\"index, follow, max-snippet:-1, max-image-preview:large, max-video-preview:-1\" \/>\n<link rel=\"canonical\" href=\"https:\/\/lescollectionsprivees.com\/pt\/fragrancia\/eau-de-parfum-haya\/\" \/>\n<meta property=\"og:locale\" content=\"pt_PT\" \/>\n<meta property=\"og:type\" content=\"article\" \/>\n<meta property=\"og:title\" content=\"Haya | Eau de parfum pour femme 100ml | Lattafa\" \/>\n<meta property=\"og:description\" content=\"Le\u00a0parfum Haya Lattafa\u00a0est une\u00a0fragrance f\u00e9minine\u00a0qui nous offre une exp\u00e9rience olfactive exceptionnelle. Bonne senteur \u00e0 vous !\" \/>\n<meta property=\"og:url\" content=\"https:\/\/lescollectionsprivees.com\/pt\/fragrancia\/eau-de-parfum-haya\/\" \/>\n<meta property=\"og:site_name\" content=\"Les Collections Priv\u00e9es\" \/>\n<meta property=\"article:modified_time\" content=\"2023-07-12T09:18:17+00:00\" \/>\n<meta property=\"og:image\" content=\"https:\/\/lescollectionsprivees.com\/wp-content\/uploads\/2023\/07\/eau-de-parfum-haya-de-lattafa.jpeg\" \/>\n\t<meta property=\"og:image:width\" content=\"600\" \/>\n\t<meta property=\"og:image:height\" content=\"600\" \/>\n\t<meta property=\"og:image:type\" content=\"image\/jpeg\" \/>\n<meta name=\"twitter:card\" content=\"summary_large_image\" \/>\n<meta name=\"twitter:label1\" content=\"Tempo estimado de leitura\" \/>\n\t<meta name=\"twitter:data1\" content=\"2 minutos\" \/>\n<script type=\"application\/ld+json\" class=\"yoast-schema-graph\">{\"@context\":\"https:\\\/\\\/schema.org\",\"@graph\":[{\"@type\":\"WebPage\",\"@id\":\"https:\\\/\\\/lescollectionsprivees.com\\\/parfum\\\/eau-de-parfum-haya\\\/\",\"url\":\"https:\\\/\\\/lescollectionsprivees.com\\\/parfum\\\/eau-de-parfum-haya\\\/\",\"name\":\"Haya | Eau de parfum pour femme 100ml | Lattafa\",\"isPartOf\":{\"@id\":\"https:\\\/\\\/lescollectionsprivees.com\\\/#website\"},\"primaryImageOfPage\":{\"@id\":\"https:\\\/\\\/lescollectionsprivees.com\\\/parfum\\\/eau-de-parfum-haya\\\/#primaryimage\"},\"image\":{\"@id\":\"https:\\\/\\\/lescollectionsprivees.com\\\/parfum\\\/eau-de-parfum-haya\\\/#primaryimage\"},\"thumbnailUrl\":\"https:\\\/\\\/lescollectionsprivees.com\\\/wp-content\\\/uploads\\\/2023\\\/07\\\/eau-de-parfum-haya-de-lattafa.jpeg\",\"datePublished\":\"2023-07-12T09:18:16+00:00\",\"dateModified\":\"2023-07-12T09:18:17+00:00\",\"description\":\"Le\u00a0parfum Haya Lattafa\u00a0est une\u00a0fragrance f\u00e9minine\u00a0qui nous offre une exp\u00e9rience olfactive exceptionnelle. Bonne senteur \u00e0 vous !\",\"breadcrumb\":{\"@id\":\"https:\\\/\\\/lescollectionsprivees.com\\\/parfum\\\/eau-de-parfum-haya\\\/#breadcrumb\"},\"inLanguage\":\"pt-PT\",\"potentialAction\":[{\"@type\":\"ReadAction\",\"target\":[\"https:\\\/\\\/lescollectionsprivees.com\\\/parfum\\\/eau-de-parfum-haya\\\/\"]}]},{\"@type\":\"ImageObject\",\"inLanguage\":\"pt-PT\",\"@id\":\"https:\\\/\\\/lescollectionsprivees.com\\\/parfum\\\/eau-de-parfum-haya\\\/#primaryimage\",\"url\":\"https:\\\/\\\/lescollectionsprivees.com\\\/wp-content\\\/uploads\\\/2023\\\/07\\\/eau-de-parfum-haya-de-lattafa.jpeg\",\"contentUrl\":\"https:\\\/\\\/lescollectionsprivees.com\\\/wp-content\\\/uploads\\\/2023\\\/07\\\/eau-de-parfum-haya-de-lattafa.jpeg\",\"width\":600,\"height\":600,\"caption\":\"Eau de parfum Haya 100ml \u2013 Lattafa\"},{\"@type\":\"BreadcrumbList\",\"@id\":\"https:\\\/\\\/lescollectionsprivees.com\\\/parfum\\\/eau-de-parfum-haya\\\/#breadcrumb\",\"itemListElement\":[{\"@type\":\"ListItem\",\"position\":1,\"name\":\"Accueil\",\"item\":\"https:\\\/\\\/lescollectionsprivees.com\\\/\"},{\"@type\":\"ListItem\",\"position\":2,\"name\":\"Boutique\",\"item\":\"https:\\\/\\\/lescollectionsprivees.com\\\/boutique\\\/\"},{\"@type\":\"ListItem\",\"position\":3,\"name\":\"Eau de parfum Haya 100ml \u2013 Lattafa\"}]},{\"@type\":\"WebSite\",\"@id\":\"https:\\\/\\\/lescollectionsprivees.com\\\/#website\",\"url\":\"https:\\\/\\\/lescollectionsprivees.com\\\/\",\"name\":\"Les Collections Priv\u00e9es\",\"description\":\"\",\"publisher\":{\"@id\":\"https:\\\/\\\/lescollectionsprivees.com\\\/#organization\"},\"potentialAction\":[{\"@type\":\"SearchAction\",\"target\":{\"@type\":\"EntryPoint\",\"urlTemplate\":\"https:\\\/\\\/lescollectionsprivees.com\\\/?s={search_term_string}\"},\"query-input\":{\"@type\":\"PropertyValueSpecification\",\"valueRequired\":true,\"valueName\":\"search_term_string\"}}],\"inLanguage\":\"pt-PT\"},{\"@type\":\"Organization\",\"@id\":\"https:\\\/\\\/lescollectionsprivees.com\\\/#organization\",\"name\":\"Les Collections Priv\u00e9es\",\"url\":\"https:\\\/\\\/lescollectionsprivees.com\\\/\",\"logo\":{\"@type\":\"ImageObject\",\"inLanguage\":\"pt-PT\",\"@id\":\"https:\\\/\\\/lescollectionsprivees.com\\\/#\\\/schema\\\/logo\\\/image\\\/\",\"url\":\"https:\\\/\\\/lescollectionsprivees.com\\\/wp-content\\\/uploads\\\/2020\\\/02\\\/Logo-Les-Collections-Priv\u00e9es-450x450-1.png\",\"contentUrl\":\"https:\\\/\\\/lescollectionsprivees.com\\\/wp-content\\\/uploads\\\/2020\\\/02\\\/Logo-Les-Collections-Priv\u00e9es-450x450-1.png\",\"width\":450,\"height\":450,\"caption\":\"Les Collections Priv\u00e9es\"},\"image\":{\"@id\":\"https:\\\/\\\/lescollectionsprivees.com\\\/#\\\/schema\\\/logo\\\/image\\\/\"}}]}<\/script>\n<!-- \/ Yoast SEO plugin. -->","yoast_head_json":{"title":"Haya | Eau de parfum para mulher 100ml | Lattafa","description":"Haya Lattafa \u00e9 uma fragr\u00e2ncia feminina que oferece uma experi\u00eancia olfactiva excecional. Desfrute do seu perfume!","robots":{"index":"index","follow":"follow","max-snippet":"max-snippet:-1","max-image-preview":"max-image-preview:large","max-video-preview":"max-video-preview:-1"},"canonical":"https:\/\/lescollectionsprivees.com\/pt\/fragrancia\/eau-de-parfum-haya\/","og_locale":"pt_PT","og_type":"article","og_title":"Haya | Eau de parfum pour femme 100ml | Lattafa","og_description":"Le\u00a0parfum Haya Lattafa\u00a0est une\u00a0fragrance f\u00e9minine\u00a0qui nous offre une exp\u00e9rience olfactive exceptionnelle. Bonne senteur \u00e0 vous !","og_url":"https:\/\/lescollectionsprivees.com\/pt\/fragrancia\/eau-de-parfum-haya\/","og_site_name":"Les Collections Priv\u00e9es","article_modified_time":"2023-07-12T09:18:17+00:00","og_image":[{"width":600,"height":600,"url":"https:\/\/lescollectionsprivees.com\/wp-content\/uploads\/2023\/07\/eau-de-parfum-haya-de-lattafa.jpeg","type":"image\/jpeg"}],"twitter_card":"summary_large_image","twitter_misc":{"Tempo estimado de leitura":"2 minutos"},"schema":{"@context":"https:\/\/schema.org","@graph":[{"@type":"WebPage","@id":"https:\/\/lescollectionsprivees.com\/parfum\/eau-de-parfum-haya\/","url":"https:\/\/lescollectionsprivees.com\/parfum\/eau-de-parfum-haya\/","name":"Haya | Eau de parfum para mulher 100ml | Lattafa","isPartOf":{"@id":"https:\/\/lescollectionsprivees.com\/#website"},"primaryImageOfPage":{"@id":"https:\/\/lescollectionsprivees.com\/parfum\/eau-de-parfum-haya\/#primaryimage"},"image":{"@id":"https:\/\/lescollectionsprivees.com\/parfum\/eau-de-parfum-haya\/#primaryimage"},"thumbnailUrl":"https:\/\/lescollectionsprivees.com\/wp-content\/uploads\/2023\/07\/eau-de-parfum-haya-de-lattafa.jpeg","datePublished":"2023-07-12T09:18:16+00:00","dateModified":"2023-07-12T09:18:17+00:00","description":"Haya Lattafa \u00e9 uma fragr\u00e2ncia feminina que oferece uma experi\u00eancia olfactiva excecional. Desfrute do seu perfume!","breadcrumb":{"@id":"https:\/\/lescollectionsprivees.com\/parfum\/eau-de-parfum-haya\/#breadcrumb"},"inLanguage":"pt-PT","potentialAction":[{"@type":"ReadAction","target":["https:\/\/lescollectionsprivees.com\/parfum\/eau-de-parfum-haya\/"]}]},{"@type":"ImageObject","inLanguage":"pt-PT","@id":"https:\/\/lescollectionsprivees.com\/parfum\/eau-de-parfum-haya\/#primaryimage","url":"https:\/\/lescollectionsprivees.com\/wp-content\/uploads\/2023\/07\/eau-de-parfum-haya-de-lattafa.jpeg","contentUrl":"https:\/\/lescollectionsprivees.com\/wp-content\/uploads\/2023\/07\/eau-de-parfum-haya-de-lattafa.jpeg","width":600,"height":600,"caption":"Eau de parfum Haya 100ml \u2013 Lattafa"},{"@type":"BreadcrumbList","@id":"https:\/\/lescollectionsprivees.com\/parfum\/eau-de-parfum-haya\/#breadcrumb","itemListElement":[{"@type":"ListItem","position":1,"name":"Accueil","item":"https:\/\/lescollectionsprivees.com\/"},{"@type":"ListItem","position":2,"name":"Boutique","item":"https:\/\/lescollectionsprivees.com\/boutique\/"},{"@type":"ListItem","position":3,"name":"Eau de parfum Haya 100ml \u2013 Lattafa"}]},{"@type":"WebSite","@id":"https:\/\/lescollectionsprivees.com\/#website","url":"https:\/\/lescollectionsprivees.com\/","name":"Colec\u00e7\u00f5es privadas","description":"","publisher":{"@id":"https:\/\/lescollectionsprivees.com\/#organization"},"potentialAction":[{"@type":"SearchAction","target":{"@type":"EntryPoint","urlTemplate":"https:\/\/lescollectionsprivees.com\/?s={search_term_string}"},"query-input":{"@type":"PropertyValueSpecification","valueRequired":true,"valueName":"search_term_string"}}],"inLanguage":"pt-PT"},{"@type":"Organization","@id":"https:\/\/lescollectionsprivees.com\/#organization","name":"Colec\u00e7\u00f5es privadas","url":"https:\/\/lescollectionsprivees.com\/","logo":{"@type":"ImageObject","inLanguage":"pt-PT","@id":"https:\/\/lescollectionsprivees.com\/#\/schema\/logo\/image\/","url":"https:\/\/lescollectionsprivees.com\/wp-content\/uploads\/2020\/02\/Logo-Les-Collections-Priv\u00e9es-450x450-1.png","contentUrl":"https:\/\/lescollectionsprivees.com\/wp-content\/uploads\/2020\/02\/Logo-Les-Collections-Priv\u00e9es-450x450-1.png","width":450,"height":450,"caption":"Les Collections Priv\u00e9es"},"image":{"@id":"https:\/\/lescollectionsprivees.com\/#\/schema\/logo\/image\/"}}]}},"_links":{"self":[{"href":"https:\/\/lescollectionsprivees.com\/pt\/wp-json\/wp\/v2\/product\/24935","targetHints":{"allow":["GET"]}}],"collection":[{"href":"https:\/\/lescollectionsprivees.com\/pt\/wp-json\/wp\/v2\/product"}],"about":[{"href":"https:\/\/lescollectionsprivees.com\/pt\/wp-json\/wp\/v2\/types\/product"}],"wp:featuredmedia":[{"embeddable":true,"href":"https:\/\/lescollectionsprivees.com\/pt\/wp-json\/wp\/v2\/media\/24936"}],"wp:attachment":[{"href":"https:\/\/lescollectionsprivees.com\/pt\/wp-json\/wp\/v2\/media?parent=24935"}],"wp:term":[{"taxonomy":"product_brand","embeddable":true,"href":"https:\/\/lescollectionsprivees.com\/pt\/wp-json\/wp\/v2\/product_brand?post=24935"},{"taxonomy":"product_cat","embeddable":true,"href":"https:\/\/lescollectionsprivees.com\/pt\/wp-json\/wp\/v2\/product_cat?post=24935"},{"taxonomy":"product_tag","embeddable":true,"href":"https:\/\/lescollectionsprivees.com\/pt\/wp-json\/wp\/v2\/product_tag?post=24935"}],"curies":[{"name":"wp","href":"https:\/\/api.w.org\/{rel}","templated":true}]}}