{"id":25728,"date":"2024-09-28T10:18:01","date_gmt":"2024-09-28T10:18:01","guid":{"rendered":"https:\/\/lescollectionsprivees.com\/?post_type=product&#038;p=25728"},"modified":"2025-03-10T15:28:18","modified_gmt":"2025-03-10T15:28:18","slug":"tharwah-silver-eau-de-parfum","status":"publish","type":"product","link":"https:\/\/lescollectionsprivees.com\/pt\/parfum\/eau-de-parfum-tharwah-silver\/","title":{"rendered":"Eau de parfum Tharwah silver 100ml - Lattafa Pride"},"content":{"rendered":"<p>L'<strong>Tharwah Silver eau de parfum<\/strong> de <strong>Lattafa<\/strong> encarna a pr\u00f3pria ess\u00eancia do requinte e da eleg\u00e2ncia. Este <strong>fragr\u00e2ncia mista<\/strong> \u00e9 uma verdadeira joia no mundo das fragr\u00e2ncias orientais. Junta-se \u00e0 grande fam\u00edlia Lattafa para satisfazer os desejos olfactivos de todos.<\/p>\n<h2><strong>Apresenta\u00e7\u00e3o do perfume Tharwah Silver by Lattafa<\/strong><\/h2>\n<p>Esta fragr\u00e2ncia capta a sua aten\u00e7\u00e3o desde o in\u00edcio, com um acorde fresco e revigorante. A bergamota, com o seu car\u00e1cter c\u00edtrico cintilante, encontra-se com a menta refrescante. Esta abertura din\u00e2mica desperta os sentidos e anuncia uma experi\u00eancia olfactiva extraordin\u00e1ria.<\/p>\n<p>O cora\u00e7\u00e3o de Tharwah Silver revela ent\u00e3o toda a sua delicadeza floral. A <strong>s\u00e1bio<\/strong> e o <a href=\"https:\/\/lescollectionsprivees.com\/pt\/fragrancia\/spray-textil-lavanda-mosco-paris\/\"><strong>lavanda<\/strong><\/a>As notas arom\u00e1ticas e herb\u00e1ceas, cuidadosamente equilibradas, conferem-lhe um toque de rara eleg\u00e2ncia. Estas notas doces <strong>notas florais<\/strong> d\u00e3o \u00e0 fragr\u00e2ncia um toque de sofistica\u00e7\u00e3o que certamente atrair\u00e1 os amantes de aromas refinados.<\/p>\n<p>Por fim, o pano de fundo entra em jogo, destacando a <strong>cedro<\/strong> majestoso e o <strong>alm\u00edscar<\/strong>. Le <strong>vetiver<\/strong> Uma base terrosa tamb\u00e9m se junta a eles para criar um rasto quente. Esta base amadeirada e almiscarada acrescenta um toque de mist\u00e9rio e sedu\u00e7\u00e3o que sublima todo o resultado.<\/p>\n<h2><strong>Parfum Tharwah Silver: qualidade olfactiva inquestion\u00e1vel<\/strong><\/h2>\n<p>A casa de Lattafa, conhecida pela sua per\u00edcia na arte de <strong>perfumaria oriental<\/strong>demonstra mais uma vez a sua capacidade de criar fragr\u00e2ncias excepcionais. Este <strong>fragr\u00e2ncia mista<\/strong> \u00e9 o resultado de uma mistura de tradi\u00e7\u00e3o oriental e inova\u00e7\u00e3o olfactiva moderna. O resultado \u00e9 uma fragr\u00e2ncia que \u00e9 simultaneamente intemporal e resolutamente contempor\u00e2nea.<\/p>\n<p>O que distingue Tharwah Silver \u00e9 a sua versatilidade. Concebida para agradar tanto a homens como a mulheres, esta fragr\u00e2ncia destina-se a pessoas que apreciam aromas distintos. \u00c9 perfeito para aqueles que querem uma fragr\u00e2ncia elegante para o uso quotidiano, mas tamb\u00e9m para ocasi\u00f5es especiais.<\/p>\n<h3><strong>O Oriente olfativo sublima-o<\/strong><\/h3>\n<p>Tharwah Silver convida-o a descobrir um mundo onde a frescura encontra a sensualidade, onde a eleg\u00e2ncia encontra a modernidade. Destaque-se da multid\u00e3o e afirme a sua personalidade com esta fragr\u00e2ncia. <strong>fragr\u00e2ncia oriental<\/strong> refinado.<\/p>","protected":false},"excerpt":{"rendered":"<p><strong><u>Dados t\u00e9cnicos :<\/u><\/strong><\/p>\n<p><strong>Nome do perfume<\/strong> Tharwah Silver<br \/>\n<strong>Marca<\/strong> Lattafa Pride by Lattafa<br \/>\n<strong>Tipo<\/strong> Misto<br \/>\n<strong>Capacidade<\/strong> 100 ml<\/p>\n<p><strong><u>Notas olfactivas :<\/u><\/strong><\/p>\n<p><strong>Notas de topo<\/strong> Menta, bergamota<br \/>\n<strong>Notas de cora\u00e7\u00e3o<\/strong> Salva esclareia, alfazema<br \/>\n<strong>Notas de base<\/strong> Cedro, alm\u00edscar, vetiver<\/p>\n<p>&nbsp;<\/p>","protected":false},"featured_media":25773,"template":"","meta":[],"product_brand":[],"product_cat":[227,336,236,15,287],"product_tag":[],"class_list":{"0":"post-25728","1":"product","2":"type-product","3":"status-publish","4":"has-post-thumbnail","6":"product_cat-parfum-lattafa","7":"product_cat-lattafa-pride","8":"product_cat-parfum-musque","9":"product_cat-parfums-de-dubai","10":"product_cat-parfums-orientaux","12":"first","13":"instock","14":"taxable","15":"shipping-taxable","16":"purchasable","17":"product-type-simple"},"yoast_head":"<!-- This site is optimized with the Yoast SEO plugin v27.5 - https:\/\/yoast.com\/product\/yoast-seo-wordpress\/ -->\n<title>Tharwah silver | Eau de parfum 100ml | Collection Lattafa Pride<\/title>\n<meta name=\"description\" content=\"L&#039;eau de parfum Tharwah Silver de Lattafa incarne l&#039;essence m\u00eame du raffinement et de l&#039;\u00e9l\u00e9gance. Adoptez-l\u00e0 sans plus attendre !\" \/>\n<meta name=\"robots\" content=\"index, follow, max-snippet:-1, max-image-preview:large, max-video-preview:-1\" \/>\n<link rel=\"canonical\" href=\"https:\/\/lescollectionsprivees.com\/pt\/fragrancia\/tharwah-silver-eau-de-parfum\/\" \/>\n<meta property=\"og:locale\" content=\"pt_PT\" \/>\n<meta property=\"og:type\" content=\"article\" \/>\n<meta property=\"og:title\" content=\"Tharwah silver | Eau de parfum 100ml | Collection Lattafa Pride\" \/>\n<meta property=\"og:description\" content=\"L&#039;eau de parfum Tharwah Silver de Lattafa incarne l&#039;essence m\u00eame du raffinement et de l&#039;\u00e9l\u00e9gance. Adoptez-l\u00e0 sans plus attendre !\" \/>\n<meta property=\"og:url\" content=\"https:\/\/lescollectionsprivees.com\/pt\/fragrancia\/tharwah-silver-eau-de-parfum\/\" \/>\n<meta property=\"og:site_name\" content=\"Les Collections Priv\u00e9es\" \/>\n<meta property=\"article:modified_time\" content=\"2025-03-10T15:28:18+00:00\" \/>\n<meta property=\"og:image\" content=\"https:\/\/lescollectionsprivees.com\/wp-content\/uploads\/2023\/08\/parfum-tharwah-silver-lattafa.jpg\" \/>\n\t<meta property=\"og:image:width\" content=\"600\" \/>\n\t<meta property=\"og:image:height\" content=\"600\" \/>\n\t<meta property=\"og:image:type\" content=\"image\/jpeg\" \/>\n<meta name=\"twitter:card\" content=\"summary_large_image\" \/>\n<meta name=\"twitter:label1\" content=\"Tempo estimado de leitura\" \/>\n\t<meta name=\"twitter:data1\" content=\"2 minutos\" \/>\n<script type=\"application\/ld+json\" class=\"yoast-schema-graph\">{\"@context\":\"https:\\\/\\\/schema.org\",\"@graph\":[{\"@type\":\"WebPage\",\"@id\":\"https:\\\/\\\/lescollectionsprivees.com\\\/parfum\\\/eau-de-parfum-tharwah-silver\\\/\",\"url\":\"https:\\\/\\\/lescollectionsprivees.com\\\/parfum\\\/eau-de-parfum-tharwah-silver\\\/\",\"name\":\"Tharwah silver | Eau de parfum 100ml | Collection Lattafa Pride\",\"isPartOf\":{\"@id\":\"https:\\\/\\\/lescollectionsprivees.com\\\/#website\"},\"primaryImageOfPage\":{\"@id\":\"https:\\\/\\\/lescollectionsprivees.com\\\/parfum\\\/eau-de-parfum-tharwah-silver\\\/#primaryimage\"},\"image\":{\"@id\":\"https:\\\/\\\/lescollectionsprivees.com\\\/parfum\\\/eau-de-parfum-tharwah-silver\\\/#primaryimage\"},\"thumbnailUrl\":\"https:\\\/\\\/lescollectionsprivees.com\\\/wp-content\\\/uploads\\\/2023\\\/08\\\/parfum-tharwah-silver-lattafa.jpg\",\"datePublished\":\"2024-09-28T10:18:01+00:00\",\"dateModified\":\"2025-03-10T15:28:18+00:00\",\"description\":\"L'eau de parfum Tharwah Silver de Lattafa incarne l'essence m\u00eame du raffinement et de l'\u00e9l\u00e9gance. Adoptez-l\u00e0 sans plus attendre !\",\"breadcrumb\":{\"@id\":\"https:\\\/\\\/lescollectionsprivees.com\\\/parfum\\\/eau-de-parfum-tharwah-silver\\\/#breadcrumb\"},\"inLanguage\":\"pt-PT\",\"potentialAction\":[{\"@type\":\"ReadAction\",\"target\":[\"https:\\\/\\\/lescollectionsprivees.com\\\/parfum\\\/eau-de-parfum-tharwah-silver\\\/\"]}]},{\"@type\":\"ImageObject\",\"inLanguage\":\"pt-PT\",\"@id\":\"https:\\\/\\\/lescollectionsprivees.com\\\/parfum\\\/eau-de-parfum-tharwah-silver\\\/#primaryimage\",\"url\":\"https:\\\/\\\/lescollectionsprivees.com\\\/wp-content\\\/uploads\\\/2023\\\/08\\\/parfum-tharwah-silver-lattafa.jpg\",\"contentUrl\":\"https:\\\/\\\/lescollectionsprivees.com\\\/wp-content\\\/uploads\\\/2023\\\/08\\\/parfum-tharwah-silver-lattafa.jpg\",\"width\":600,\"height\":600},{\"@type\":\"BreadcrumbList\",\"@id\":\"https:\\\/\\\/lescollectionsprivees.com\\\/parfum\\\/eau-de-parfum-tharwah-silver\\\/#breadcrumb\",\"itemListElement\":[{\"@type\":\"ListItem\",\"position\":1,\"name\":\"Accueil\",\"item\":\"https:\\\/\\\/lescollectionsprivees.com\\\/\"},{\"@type\":\"ListItem\",\"position\":2,\"name\":\"Boutique\",\"item\":\"https:\\\/\\\/lescollectionsprivees.com\\\/boutique\\\/\"},{\"@type\":\"ListItem\",\"position\":3,\"name\":\"Eau de parfum Tharwah silver 100ml \u2013 Lattafa Pride\"}]},{\"@type\":\"WebSite\",\"@id\":\"https:\\\/\\\/lescollectionsprivees.com\\\/#website\",\"url\":\"https:\\\/\\\/lescollectionsprivees.com\\\/\",\"name\":\"Les Collections Priv\u00e9es\",\"description\":\"\",\"publisher\":{\"@id\":\"https:\\\/\\\/lescollectionsprivees.com\\\/#organization\"},\"potentialAction\":[{\"@type\":\"SearchAction\",\"target\":{\"@type\":\"EntryPoint\",\"urlTemplate\":\"https:\\\/\\\/lescollectionsprivees.com\\\/?s={search_term_string}\"},\"query-input\":{\"@type\":\"PropertyValueSpecification\",\"valueRequired\":true,\"valueName\":\"search_term_string\"}}],\"inLanguage\":\"pt-PT\"},{\"@type\":\"Organization\",\"@id\":\"https:\\\/\\\/lescollectionsprivees.com\\\/#organization\",\"name\":\"Les Collections Priv\u00e9es\",\"url\":\"https:\\\/\\\/lescollectionsprivees.com\\\/\",\"logo\":{\"@type\":\"ImageObject\",\"inLanguage\":\"pt-PT\",\"@id\":\"https:\\\/\\\/lescollectionsprivees.com\\\/#\\\/schema\\\/logo\\\/image\\\/\",\"url\":\"https:\\\/\\\/lescollectionsprivees.com\\\/wp-content\\\/uploads\\\/2020\\\/02\\\/Logo-Les-Collections-Priv\u00e9es-450x450-1.png\",\"contentUrl\":\"https:\\\/\\\/lescollectionsprivees.com\\\/wp-content\\\/uploads\\\/2020\\\/02\\\/Logo-Les-Collections-Priv\u00e9es-450x450-1.png\",\"width\":450,\"height\":450,\"caption\":\"Les Collections Priv\u00e9es\"},\"image\":{\"@id\":\"https:\\\/\\\/lescollectionsprivees.com\\\/#\\\/schema\\\/logo\\\/image\\\/\"}}]}<\/script>\n<!-- \/ Yoast SEO plugin. -->","yoast_head_json":{"title":"Tharwah silver | Eau de parfum 100ml | Cole\u00e7\u00e3o Lattafa Pride","description":"Tharwah Silver eau de parfum da Lattafa encarna a pr\u00f3pria ess\u00eancia do requinte e da eleg\u00e2ncia. Adopte-o sem demora!","robots":{"index":"index","follow":"follow","max-snippet":"max-snippet:-1","max-image-preview":"max-image-preview:large","max-video-preview":"max-video-preview:-1"},"canonical":"https:\/\/lescollectionsprivees.com\/pt\/fragrancia\/tharwah-silver-eau-de-parfum\/","og_locale":"pt_PT","og_type":"article","og_title":"Tharwah silver | Eau de parfum 100ml | Collection Lattafa Pride","og_description":"L'eau de parfum Tharwah Silver de Lattafa incarne l'essence m\u00eame du raffinement et de l'\u00e9l\u00e9gance. Adoptez-l\u00e0 sans plus attendre !","og_url":"https:\/\/lescollectionsprivees.com\/pt\/fragrancia\/tharwah-silver-eau-de-parfum\/","og_site_name":"Les Collections Priv\u00e9es","article_modified_time":"2025-03-10T15:28:18+00:00","og_image":[{"width":600,"height":600,"url":"https:\/\/lescollectionsprivees.com\/wp-content\/uploads\/2023\/08\/parfum-tharwah-silver-lattafa.jpg","type":"image\/jpeg"}],"twitter_card":"summary_large_image","twitter_misc":{"Tempo estimado de leitura":"2 minutos"},"schema":{"@context":"https:\/\/schema.org","@graph":[{"@type":"WebPage","@id":"https:\/\/lescollectionsprivees.com\/parfum\/eau-de-parfum-tharwah-silver\/","url":"https:\/\/lescollectionsprivees.com\/parfum\/eau-de-parfum-tharwah-silver\/","name":"Tharwah silver | Eau de parfum 100ml | Cole\u00e7\u00e3o Lattafa Pride","isPartOf":{"@id":"https:\/\/lescollectionsprivees.com\/#website"},"primaryImageOfPage":{"@id":"https:\/\/lescollectionsprivees.com\/parfum\/eau-de-parfum-tharwah-silver\/#primaryimage"},"image":{"@id":"https:\/\/lescollectionsprivees.com\/parfum\/eau-de-parfum-tharwah-silver\/#primaryimage"},"thumbnailUrl":"https:\/\/lescollectionsprivees.com\/wp-content\/uploads\/2023\/08\/parfum-tharwah-silver-lattafa.jpg","datePublished":"2024-09-28T10:18:01+00:00","dateModified":"2025-03-10T15:28:18+00:00","description":"Tharwah Silver eau de parfum da Lattafa encarna a pr\u00f3pria ess\u00eancia do requinte e da eleg\u00e2ncia. Adopte-o sem demora!","breadcrumb":{"@id":"https:\/\/lescollectionsprivees.com\/parfum\/eau-de-parfum-tharwah-silver\/#breadcrumb"},"inLanguage":"pt-PT","potentialAction":[{"@type":"ReadAction","target":["https:\/\/lescollectionsprivees.com\/parfum\/eau-de-parfum-tharwah-silver\/"]}]},{"@type":"ImageObject","inLanguage":"pt-PT","@id":"https:\/\/lescollectionsprivees.com\/parfum\/eau-de-parfum-tharwah-silver\/#primaryimage","url":"https:\/\/lescollectionsprivees.com\/wp-content\/uploads\/2023\/08\/parfum-tharwah-silver-lattafa.jpg","contentUrl":"https:\/\/lescollectionsprivees.com\/wp-content\/uploads\/2023\/08\/parfum-tharwah-silver-lattafa.jpg","width":600,"height":600},{"@type":"BreadcrumbList","@id":"https:\/\/lescollectionsprivees.com\/parfum\/eau-de-parfum-tharwah-silver\/#breadcrumb","itemListElement":[{"@type":"ListItem","position":1,"name":"Accueil","item":"https:\/\/lescollectionsprivees.com\/"},{"@type":"ListItem","position":2,"name":"Boutique","item":"https:\/\/lescollectionsprivees.com\/boutique\/"},{"@type":"ListItem","position":3,"name":"Eau de parfum Tharwah silver 100ml \u2013 Lattafa Pride"}]},{"@type":"WebSite","@id":"https:\/\/lescollectionsprivees.com\/#website","url":"https:\/\/lescollectionsprivees.com\/","name":"Colec\u00e7\u00f5es privadas","description":"","publisher":{"@id":"https:\/\/lescollectionsprivees.com\/#organization"},"potentialAction":[{"@type":"SearchAction","target":{"@type":"EntryPoint","urlTemplate":"https:\/\/lescollectionsprivees.com\/?s={search_term_string}"},"query-input":{"@type":"PropertyValueSpecification","valueRequired":true,"valueName":"search_term_string"}}],"inLanguage":"pt-PT"},{"@type":"Organization","@id":"https:\/\/lescollectionsprivees.com\/#organization","name":"Colec\u00e7\u00f5es privadas","url":"https:\/\/lescollectionsprivees.com\/","logo":{"@type":"ImageObject","inLanguage":"pt-PT","@id":"https:\/\/lescollectionsprivees.com\/#\/schema\/logo\/image\/","url":"https:\/\/lescollectionsprivees.com\/wp-content\/uploads\/2020\/02\/Logo-Les-Collections-Priv\u00e9es-450x450-1.png","contentUrl":"https:\/\/lescollectionsprivees.com\/wp-content\/uploads\/2020\/02\/Logo-Les-Collections-Priv\u00e9es-450x450-1.png","width":450,"height":450,"caption":"Les Collections Priv\u00e9es"},"image":{"@id":"https:\/\/lescollectionsprivees.com\/#\/schema\/logo\/image\/"}}]}},"_links":{"self":[{"href":"https:\/\/lescollectionsprivees.com\/pt\/wp-json\/wp\/v2\/product\/25728","targetHints":{"allow":["GET"]}}],"collection":[{"href":"https:\/\/lescollectionsprivees.com\/pt\/wp-json\/wp\/v2\/product"}],"about":[{"href":"https:\/\/lescollectionsprivees.com\/pt\/wp-json\/wp\/v2\/types\/product"}],"wp:featuredmedia":[{"embeddable":true,"href":"https:\/\/lescollectionsprivees.com\/pt\/wp-json\/wp\/v2\/media\/25773"}],"wp:attachment":[{"href":"https:\/\/lescollectionsprivees.com\/pt\/wp-json\/wp\/v2\/media?parent=25728"}],"wp:term":[{"taxonomy":"product_brand","embeddable":true,"href":"https:\/\/lescollectionsprivees.com\/pt\/wp-json\/wp\/v2\/product_brand?post=25728"},{"taxonomy":"product_cat","embeddable":true,"href":"https:\/\/lescollectionsprivees.com\/pt\/wp-json\/wp\/v2\/product_cat?post=25728"},{"taxonomy":"product_tag","embeddable":true,"href":"https:\/\/lescollectionsprivees.com\/pt\/wp-json\/wp\/v2\/product_tag?post=25728"}],"curies":[{"name":"wp","href":"https:\/\/api.w.org\/{rel}","templated":true}]}}