{"id":25768,"date":"2023-08-31T15:18:27","date_gmt":"2023-08-31T15:18:27","guid":{"rendered":"https:\/\/lescollectionsprivees.com\/?post_type=product&#038;p=25768"},"modified":"2023-11-25T21:56:51","modified_gmt":"2023-11-25T21:56:51","slug":"eau-de-parfum-yara-tous-100ml-lattafa","status":"publish","type":"product","link":"https:\/\/lescollectionsprivees.com\/pt\/parfum\/eau-de-parfum-yara-tous-100ml-lattafa\/","title":{"rendered":"Yara Tous Eau de Parfum 100ml - Lattafa"},"content":{"rendered":"<p><strong>Floral e frutado, mas escondendo um cora\u00e7\u00e3o profundamente amadeirado,<\/strong>\u00a0deixe-se transportar por esta bela eau de parfum.<strong>\u00a0Yara Tous eau de parfum\u00a0<\/strong>ofertas<strong>\u00a0uma fragr\u00e2ncia de encanto infinito.<\/strong>\u00a0Por isso, preparem-se!<\/p>\n<h2><strong>Yara tous Eau de Parfum: p\u00eassego t\u00e3o fresco e doce<\/strong><\/h2>\n<p>Este \u00e9 um\u00a0<strong>abordagem delicadamente sensual com notas suaves e redondas de p\u00eassego<\/strong>As primeiras pulveriza\u00e7\u00f5es deste frasco sublime s\u00e3o um prazer para saborear. Este frasco cor de laranja fala de<strong>uma frescura comprovada, mas tamb\u00e9m uma delicadeza subtil<\/strong>\u00a0E mais.  Os sabores do p\u00eassego s\u00e3o sublimes para saborear e depois conhecer,\u00a0<strong>o alm\u00edscar e <a href=\"https:\/\/lescollectionsprivees.com\/pt\/categoria-de-fragrancias\/fragrancia-de-ambar\/\">\u00e2mbar<\/a> t\u00e3o sensuais e preciosos como eles.<\/strong><\/p>\n<p>Uma sensualidade que se intensifica nesta magn\u00edfica composi\u00e7\u00e3o e que continuar\u00e1 a despertar as nossas emo\u00e7\u00f5es. Sobretudo quando se v\u00ea\u00a0<strong>um cora\u00e7\u00e3o quente e suave no horizonte.<\/strong><\/p>\n<h2><strong>Um cora\u00e7\u00e3o calorosamente sensual que ir\u00e1 certamente agradar!<\/strong><\/h2>\n<p>\u00c9 uma combina\u00e7\u00e3o sedutora que est\u00e1 no cora\u00e7\u00e3o desta fragr\u00e2ncia requintada. De facto, sendo uma cria\u00e7\u00e3o puramente oriental, \u00e9 imposs\u00edvel n\u00e3o reparar nela\u00a0<strong>a presen\u00e7a majestosa do s\u00e2ndalo.<\/strong>\u00a0Este aroma absolutamente quente e amadeirado liberta as suas notas<strong>\u00a0ligeiramente pulverulento e leitoso<\/strong>\u00a0de uma forma maravilhosa. E mais,\u00a0<strong>Uma pitada de cravinho acrescenta uma nota picante diferente de qualquer outra.<\/strong>\u00a0Um toque apreci\u00e1vel de car\u00e1cter que esconde brilhantemente o fecho surpreendente e irresist\u00edvel desta \u00e1gua.<\/p>\n<h3><strong>Yara Tous Eau de Parfum surpreende at\u00e9 ao fim<\/strong><\/h3>\n<p>\u00c9 isso mesmo! Esta composi\u00e7\u00e3o oriental termina com um surpreendente, mas n\u00e3o menos excelente, toque tropical. Estes s\u00e3o\u00a0<strong>notas florais combinadas com anan\u00e1s sumarento e fresco<\/strong>\u00a0para uma experi\u00eancia olfactiva inesquec\u00edvel. Poder\u00e1 desfrutar desta viagem olfactiva inigual\u00e1vel durante horas a fio. N\u00e3o perca, a partida est\u00e1 iminente aqui!<\/p>","protected":false},"excerpt":{"rendered":"<div class=\"product-short-description\">\n<p><strong>Notas olfactivas :<\/strong><\/p>\n<p><strong>Notas de topo<\/strong> P\u00eassego, \u00c2mbar, Alm\u00edscar<br \/>\n<strong>Notas de cora\u00e7\u00e3o<\/strong> S\u00e2ndalo, Cravo<br \/>\n<strong>Notas de base<\/strong> Notas florais, Notas tropicais, Anan\u00e1s<\/p>\n<p><strong>Tipo<\/strong>\u00a0Misto.<\/p>\n<\/div>","protected":false},"featured_media":25796,"template":"","meta":[],"product_brand":[],"product_cat":[227,203,260,15],"product_tag":[],"class_list":{"0":"post-25768","1":"product","2":"type-product","3":"status-publish","4":"has-post-thumbnail","6":"product_cat-parfum-lattafa","7":"product_cat-parfum-ambre","8":"product_cat-parfum-ananas","9":"product_cat-parfums-de-dubai","11":"first","12":"instock","13":"taxable","14":"shipping-taxable","15":"purchasable","16":"product-type-simple"},"yoast_head":"<!-- This site is optimized with the Yoast SEO plugin v27.5 - https:\/\/yoast.com\/product\/yoast-seo-wordpress\/ -->\n<title>Yara Tous | Eau de parfum 100ml | Collection Lattafa<\/title>\n<meta name=\"description\" content=\"L&#039;eau de parfum Yara Tous\u00a0offre une\u00a0fragrance au charme infiniment fou.\u00a0Alors pr\u00e9parez-vous ! Adoptez-l\u00e0 sans plus attendre !\" \/>\n<meta name=\"robots\" content=\"index, follow, max-snippet:-1, max-image-preview:large, max-video-preview:-1\" \/>\n<link rel=\"canonical\" href=\"https:\/\/lescollectionsprivees.com\/pt\/fragrancia\/eau-de-parfum-yara-tous-100ml-lattafa\/\" \/>\n<meta property=\"og:locale\" content=\"pt_PT\" \/>\n<meta property=\"og:type\" content=\"article\" \/>\n<meta property=\"og:title\" content=\"Yara Tous | Eau de parfum 100ml | Collection Lattafa\" \/>\n<meta property=\"og:description\" content=\"L&#039;eau de parfum Yara Tous\u00a0offre une\u00a0fragrance au charme infiniment fou.\u00a0Alors pr\u00e9parez-vous ! Adoptez-l\u00e0 sans plus attendre !\" \/>\n<meta property=\"og:url\" content=\"https:\/\/lescollectionsprivees.com\/pt\/fragrancia\/eau-de-parfum-yara-tous-100ml-lattafa\/\" \/>\n<meta property=\"og:site_name\" content=\"Les Collections Priv\u00e9es\" \/>\n<meta property=\"article:modified_time\" content=\"2023-11-25T21:56:51+00:00\" \/>\n<meta property=\"og:image\" content=\"https:\/\/lescollectionsprivees.com\/wp-content\/uploads\/2023\/08\/yara-tous-lattafa.jpg\" \/>\n\t<meta property=\"og:image:width\" content=\"600\" \/>\n\t<meta property=\"og:image:height\" content=\"600\" \/>\n\t<meta property=\"og:image:type\" content=\"image\/jpeg\" \/>\n<meta name=\"twitter:card\" content=\"summary_large_image\" \/>\n<meta name=\"twitter:label1\" content=\"Tempo estimado de leitura\" \/>\n\t<meta name=\"twitter:data1\" content=\"2 minutos\" \/>\n<script type=\"application\/ld+json\" class=\"yoast-schema-graph\">{\"@context\":\"https:\\\/\\\/schema.org\",\"@graph\":[{\"@type\":\"WebPage\",\"@id\":\"https:\\\/\\\/lescollectionsprivees.com\\\/parfum\\\/eau-de-parfum-yara-tous-100ml-lattafa\\\/\",\"url\":\"https:\\\/\\\/lescollectionsprivees.com\\\/parfum\\\/eau-de-parfum-yara-tous-100ml-lattafa\\\/\",\"name\":\"Yara Tous | Eau de parfum 100ml | Collection Lattafa\",\"isPartOf\":{\"@id\":\"https:\\\/\\\/lescollectionsprivees.com\\\/#website\"},\"primaryImageOfPage\":{\"@id\":\"https:\\\/\\\/lescollectionsprivees.com\\\/parfum\\\/eau-de-parfum-yara-tous-100ml-lattafa\\\/#primaryimage\"},\"image\":{\"@id\":\"https:\\\/\\\/lescollectionsprivees.com\\\/parfum\\\/eau-de-parfum-yara-tous-100ml-lattafa\\\/#primaryimage\"},\"thumbnailUrl\":\"https:\\\/\\\/lescollectionsprivees.com\\\/wp-content\\\/uploads\\\/2023\\\/08\\\/yara-tous-lattafa.jpg\",\"datePublished\":\"2023-08-31T15:18:27+00:00\",\"dateModified\":\"2023-11-25T21:56:51+00:00\",\"description\":\"L'eau de parfum Yara Tous\u00a0offre une\u00a0fragrance au charme infiniment fou.\u00a0Alors pr\u00e9parez-vous ! Adoptez-l\u00e0 sans plus attendre !\",\"breadcrumb\":{\"@id\":\"https:\\\/\\\/lescollectionsprivees.com\\\/parfum\\\/eau-de-parfum-yara-tous-100ml-lattafa\\\/#breadcrumb\"},\"inLanguage\":\"pt-PT\",\"potentialAction\":[{\"@type\":\"ReadAction\",\"target\":[\"https:\\\/\\\/lescollectionsprivees.com\\\/parfum\\\/eau-de-parfum-yara-tous-100ml-lattafa\\\/\"]}]},{\"@type\":\"ImageObject\",\"inLanguage\":\"pt-PT\",\"@id\":\"https:\\\/\\\/lescollectionsprivees.com\\\/parfum\\\/eau-de-parfum-yara-tous-100ml-lattafa\\\/#primaryimage\",\"url\":\"https:\\\/\\\/lescollectionsprivees.com\\\/wp-content\\\/uploads\\\/2023\\\/08\\\/yara-tous-lattafa.jpg\",\"contentUrl\":\"https:\\\/\\\/lescollectionsprivees.com\\\/wp-content\\\/uploads\\\/2023\\\/08\\\/yara-tous-lattafa.jpg\",\"width\":600,\"height\":600,\"caption\":\"Eau de parfum Yara Tous 100ml \u2013 Lattafa\"},{\"@type\":\"BreadcrumbList\",\"@id\":\"https:\\\/\\\/lescollectionsprivees.com\\\/parfum\\\/eau-de-parfum-yara-tous-100ml-lattafa\\\/#breadcrumb\",\"itemListElement\":[{\"@type\":\"ListItem\",\"position\":1,\"name\":\"Accueil\",\"item\":\"https:\\\/\\\/lescollectionsprivees.com\\\/\"},{\"@type\":\"ListItem\",\"position\":2,\"name\":\"Boutique\",\"item\":\"https:\\\/\\\/lescollectionsprivees.com\\\/boutique\\\/\"},{\"@type\":\"ListItem\",\"position\":3,\"name\":\"Eau de parfum Yara Tous 100ml \u2013 Lattafa\"}]},{\"@type\":\"WebSite\",\"@id\":\"https:\\\/\\\/lescollectionsprivees.com\\\/#website\",\"url\":\"https:\\\/\\\/lescollectionsprivees.com\\\/\",\"name\":\"Les Collections Priv\u00e9es\",\"description\":\"\",\"publisher\":{\"@id\":\"https:\\\/\\\/lescollectionsprivees.com\\\/#organization\"},\"potentialAction\":[{\"@type\":\"SearchAction\",\"target\":{\"@type\":\"EntryPoint\",\"urlTemplate\":\"https:\\\/\\\/lescollectionsprivees.com\\\/?s={search_term_string}\"},\"query-input\":{\"@type\":\"PropertyValueSpecification\",\"valueRequired\":true,\"valueName\":\"search_term_string\"}}],\"inLanguage\":\"pt-PT\"},{\"@type\":\"Organization\",\"@id\":\"https:\\\/\\\/lescollectionsprivees.com\\\/#organization\",\"name\":\"Les Collections Priv\u00e9es\",\"url\":\"https:\\\/\\\/lescollectionsprivees.com\\\/\",\"logo\":{\"@type\":\"ImageObject\",\"inLanguage\":\"pt-PT\",\"@id\":\"https:\\\/\\\/lescollectionsprivees.com\\\/#\\\/schema\\\/logo\\\/image\\\/\",\"url\":\"https:\\\/\\\/lescollectionsprivees.com\\\/wp-content\\\/uploads\\\/2020\\\/02\\\/Logo-Les-Collections-Priv\u00e9es-450x450-1.png\",\"contentUrl\":\"https:\\\/\\\/lescollectionsprivees.com\\\/wp-content\\\/uploads\\\/2020\\\/02\\\/Logo-Les-Collections-Priv\u00e9es-450x450-1.png\",\"width\":450,\"height\":450,\"caption\":\"Les Collections Priv\u00e9es\"},\"image\":{\"@id\":\"https:\\\/\\\/lescollectionsprivees.com\\\/#\\\/schema\\\/logo\\\/image\\\/\"}}]}<\/script>\n<!-- \/ Yoast SEO plugin. -->","yoast_head_json":{"title":"Yara Tous | Eau de parfum 100ml | Cole\u00e7\u00e3o Lattafa","description":"Yara Tous eau de parfum \u00e9 uma fragr\u00e2ncia de charme infinito. Por isso, prepare-se! Adopte-a sem demora!","robots":{"index":"index","follow":"follow","max-snippet":"max-snippet:-1","max-image-preview":"max-image-preview:large","max-video-preview":"max-video-preview:-1"},"canonical":"https:\/\/lescollectionsprivees.com\/pt\/fragrancia\/eau-de-parfum-yara-tous-100ml-lattafa\/","og_locale":"pt_PT","og_type":"article","og_title":"Yara Tous | Eau de parfum 100ml | Collection Lattafa","og_description":"L'eau de parfum Yara Tous\u00a0offre une\u00a0fragrance au charme infiniment fou.\u00a0Alors pr\u00e9parez-vous ! Adoptez-l\u00e0 sans plus attendre !","og_url":"https:\/\/lescollectionsprivees.com\/pt\/fragrancia\/eau-de-parfum-yara-tous-100ml-lattafa\/","og_site_name":"Les Collections Priv\u00e9es","article_modified_time":"2023-11-25T21:56:51+00:00","og_image":[{"width":600,"height":600,"url":"https:\/\/lescollectionsprivees.com\/wp-content\/uploads\/2023\/08\/yara-tous-lattafa.jpg","type":"image\/jpeg"}],"twitter_card":"summary_large_image","twitter_misc":{"Tempo estimado de leitura":"2 minutos"},"schema":{"@context":"https:\/\/schema.org","@graph":[{"@type":"WebPage","@id":"https:\/\/lescollectionsprivees.com\/parfum\/eau-de-parfum-yara-tous-100ml-lattafa\/","url":"https:\/\/lescollectionsprivees.com\/parfum\/eau-de-parfum-yara-tous-100ml-lattafa\/","name":"Yara Tous | Eau de parfum 100ml | Cole\u00e7\u00e3o Lattafa","isPartOf":{"@id":"https:\/\/lescollectionsprivees.com\/#website"},"primaryImageOfPage":{"@id":"https:\/\/lescollectionsprivees.com\/parfum\/eau-de-parfum-yara-tous-100ml-lattafa\/#primaryimage"},"image":{"@id":"https:\/\/lescollectionsprivees.com\/parfum\/eau-de-parfum-yara-tous-100ml-lattafa\/#primaryimage"},"thumbnailUrl":"https:\/\/lescollectionsprivees.com\/wp-content\/uploads\/2023\/08\/yara-tous-lattafa.jpg","datePublished":"2023-08-31T15:18:27+00:00","dateModified":"2023-11-25T21:56:51+00:00","description":"Yara Tous eau de parfum \u00e9 uma fragr\u00e2ncia de charme infinito. Por isso, prepare-se! Adopte-a sem demora!","breadcrumb":{"@id":"https:\/\/lescollectionsprivees.com\/parfum\/eau-de-parfum-yara-tous-100ml-lattafa\/#breadcrumb"},"inLanguage":"pt-PT","potentialAction":[{"@type":"ReadAction","target":["https:\/\/lescollectionsprivees.com\/parfum\/eau-de-parfum-yara-tous-100ml-lattafa\/"]}]},{"@type":"ImageObject","inLanguage":"pt-PT","@id":"https:\/\/lescollectionsprivees.com\/parfum\/eau-de-parfum-yara-tous-100ml-lattafa\/#primaryimage","url":"https:\/\/lescollectionsprivees.com\/wp-content\/uploads\/2023\/08\/yara-tous-lattafa.jpg","contentUrl":"https:\/\/lescollectionsprivees.com\/wp-content\/uploads\/2023\/08\/yara-tous-lattafa.jpg","width":600,"height":600,"caption":"Eau de parfum Yara Tous 100ml \u2013 Lattafa"},{"@type":"BreadcrumbList","@id":"https:\/\/lescollectionsprivees.com\/parfum\/eau-de-parfum-yara-tous-100ml-lattafa\/#breadcrumb","itemListElement":[{"@type":"ListItem","position":1,"name":"Accueil","item":"https:\/\/lescollectionsprivees.com\/"},{"@type":"ListItem","position":2,"name":"Boutique","item":"https:\/\/lescollectionsprivees.com\/boutique\/"},{"@type":"ListItem","position":3,"name":"Eau de parfum Yara Tous 100ml \u2013 Lattafa"}]},{"@type":"WebSite","@id":"https:\/\/lescollectionsprivees.com\/#website","url":"https:\/\/lescollectionsprivees.com\/","name":"Colec\u00e7\u00f5es privadas","description":"","publisher":{"@id":"https:\/\/lescollectionsprivees.com\/#organization"},"potentialAction":[{"@type":"SearchAction","target":{"@type":"EntryPoint","urlTemplate":"https:\/\/lescollectionsprivees.com\/?s={search_term_string}"},"query-input":{"@type":"PropertyValueSpecification","valueRequired":true,"valueName":"search_term_string"}}],"inLanguage":"pt-PT"},{"@type":"Organization","@id":"https:\/\/lescollectionsprivees.com\/#organization","name":"Colec\u00e7\u00f5es privadas","url":"https:\/\/lescollectionsprivees.com\/","logo":{"@type":"ImageObject","inLanguage":"pt-PT","@id":"https:\/\/lescollectionsprivees.com\/#\/schema\/logo\/image\/","url":"https:\/\/lescollectionsprivees.com\/wp-content\/uploads\/2020\/02\/Logo-Les-Collections-Priv\u00e9es-450x450-1.png","contentUrl":"https:\/\/lescollectionsprivees.com\/wp-content\/uploads\/2020\/02\/Logo-Les-Collections-Priv\u00e9es-450x450-1.png","width":450,"height":450,"caption":"Les Collections Priv\u00e9es"},"image":{"@id":"https:\/\/lescollectionsprivees.com\/#\/schema\/logo\/image\/"}}]}},"_links":{"self":[{"href":"https:\/\/lescollectionsprivees.com\/pt\/wp-json\/wp\/v2\/product\/25768","targetHints":{"allow":["GET"]}}],"collection":[{"href":"https:\/\/lescollectionsprivees.com\/pt\/wp-json\/wp\/v2\/product"}],"about":[{"href":"https:\/\/lescollectionsprivees.com\/pt\/wp-json\/wp\/v2\/types\/product"}],"wp:featuredmedia":[{"embeddable":true,"href":"https:\/\/lescollectionsprivees.com\/pt\/wp-json\/wp\/v2\/media\/25796"}],"wp:attachment":[{"href":"https:\/\/lescollectionsprivees.com\/pt\/wp-json\/wp\/v2\/media?parent=25768"}],"wp:term":[{"taxonomy":"product_brand","embeddable":true,"href":"https:\/\/lescollectionsprivees.com\/pt\/wp-json\/wp\/v2\/product_brand?post=25768"},{"taxonomy":"product_cat","embeddable":true,"href":"https:\/\/lescollectionsprivees.com\/pt\/wp-json\/wp\/v2\/product_cat?post=25768"},{"taxonomy":"product_tag","embeddable":true,"href":"https:\/\/lescollectionsprivees.com\/pt\/wp-json\/wp\/v2\/product_tag?post=25768"}],"curies":[{"name":"wp","href":"https:\/\/api.w.org\/{rel}","templated":true}]}}