{"id":25770,"date":"2023-08-31T15:18:27","date_gmt":"2023-08-31T15:18:27","guid":{"rendered":"https:\/\/lescollectionsprivees.com\/?post_type=product&#038;p=25770"},"modified":"2026-04-27T12:44:36","modified_gmt":"2026-04-27T12:44:36","slug":"eau-de-parfum-badee-al-oud-sublime","status":"publish","type":"product","link":"https:\/\/lescollectionsprivees.com\/pt\/parfum\/eau-de-parfum-badee-al-oud-sublime\/","title":{"rendered":"Eau de parfum Badee Al Oud Sublime (Vermelho) 100ml - Lattafa"},"content":{"rendered":"<p><strong>Badee Al Oud Sublime,<\/strong>\u00a0O nome \u00e9 um sinal seguro de uma fragr\u00e2ncia requintada. Esta composi\u00e7\u00e3o olfactiva da casa Lattafa combina maravilhosamente<strong>\u00a0facetas florais e frutadas para um momento de evas\u00e3o sem igual.<\/strong>\u00a0Portanto, aqui est\u00e1, sem mais demoras.<\/p>\n<h2><strong>Badee al Oud Sublime: um momento \u00fanico de felicidade<\/strong><\/h2>\n<p>\u00c9<strong>\u00a0uma sinfonia t\u00e3o refinada e delicada,\u00a0<\/strong>nesta garrafa do maravilhoso sumo de Lattafa. Esta cria\u00e7\u00e3o perfumada \u00e9 uma combina\u00e7\u00e3o preciosa de\u00a0<strong>Uma mistura perfeita de fruta e flores.<\/strong>\u00a0Ent\u00e3o descobrimos com um doce prazer\u00a0<strong>notas iniciais de rosa, ma\u00e7\u00e3 e l\u00edchia.<\/strong>\u00a0O resultado \u00e9 uma abordagem t\u00e3o fresca e gourmet quanto refinada e tenra. Em suma, vai apaixonar-se instantaneamente por esta joia digna dos maiores.<\/p>\n<h2><strong>Um cora\u00e7\u00e3o suave e delicado\u00a0<\/strong><\/h2>\n<p>Continuamos com uma alian\u00e7a invulgar com<strong>\u00a0ameixa sumarenta e jasmim majestoso.<\/strong>\u00a0Um cora\u00e7\u00e3o que tem tamb\u00e9m uma faceta gourmand e arqueada, bem como um exotismo claramente chique. Jasmim\u00a0<strong>oferece a sua ternura lend\u00e1ria.<\/strong>\u00a0Al\u00e9m disso, estas flores brancas<strong>\u00a0ex\u00f3tico<\/strong>\u00a0\u00e9 t\u00e3o poderoso quanto carnal. \u00c9 f\u00e1cil ver o lado absolutamente sensual escondido neste frasco sublime.<\/p>\n<h3><strong>Uma mem\u00f3ria sensual que seduz: badee AL Oud Sublime<\/strong><\/h3>\n<p>Para completar este frasco vermelho salpicado de ouro, saiba que a marca oriental incontorn\u00e1vel Lattafa fornece <strong>notas de fundo com caracteres fortes.<\/strong>\u00a0De facto, os acordes de musgo e patchouli d\u00e3o\u00a0<strong>pot\u00eancia da madeira<\/strong>\u00a0a este perfume incrivelmente terno.<\/p>\n<p>Para al\u00e9m disso,\u00a0<strong>um toque de especiarias do gourmand e profundamente sensual <a href=\"https:\/\/lescollectionsprivees.com\/pt\/fragrancia\/baccara-vanilla-les-fleurs-du-golfe\/\">baunilha<\/a><\/strong>\u00a0descansa com prazer. Assim, a atra\u00e7\u00e3o por este design do famoso perfumista n\u00e3o tem fim.<\/p>\n<p>Como v\u00eaem. Sublime far\u00e1 as del\u00edcias de homens e mulheres. Por isso, n\u00e3o deixe de o consultar aqui.<\/p>","protected":false},"excerpt":{"rendered":"<div class=\"product-short-description\">\n<p><strong>Notas olfactivas :<\/strong><\/p>\n<p><strong>Notas de topo<\/strong> Ma\u00e7\u00e3, Lichia e Rosa<br \/>\n<strong>Notas de cora\u00e7\u00e3o<\/strong> Ameixa e jasmim<br \/>\n<strong>Notas de base<\/strong> Mousse, Baunilha e Patchouli<\/p>\n<p><strong>Tipo<\/strong>\u00a0Misto.<\/p>\n<\/div>","protected":false},"featured_media":25798,"template":"","meta":[],"product_brand":[],"product_cat":[227,201,202,210,265,206,208,15],"product_tag":[],"class_list":{"0":"post-25770","1":"product","2":"type-product","3":"status-publish","4":"has-post-thumbnail","6":"product_cat-parfum-lattafa","7":"product_cat-parfum-femme","8":"product_cat-parfum-homme","9":"product_cat-parfum-jasmin","10":"product_cat-parfum-patchouli","11":"product_cat-parfum-rose","12":"product_cat-parfum-vanille","13":"product_cat-parfums-de-dubai","15":"first","16":"instock","17":"taxable","18":"shipping-taxable","19":"purchasable","20":"product-type-simple"},"yoast_head":"<!-- This site is optimized with the Yoast SEO plugin v27.5 - https:\/\/yoast.com\/product\/yoast-seo-wordpress\/ -->\n<title>Badee Al Oud Sublime | Eau de parfum 100ml | Lattafa<\/title>\n<meta name=\"description\" content=\"Badee Al Oud Sublime,\u00a0ce nom annonce forc\u00e9ment un parfum exquis. D\u00e9couvrez-le sans plus attendre dans notre parfumerie en ligne !\" \/>\n<meta name=\"robots\" content=\"index, follow, max-snippet:-1, max-image-preview:large, max-video-preview:-1\" \/>\n<link rel=\"canonical\" href=\"https:\/\/lescollectionsprivees.com\/pt\/fragrancia\/eau-de-parfum-badee-al-oud-sublime\/\" \/>\n<meta property=\"og:locale\" content=\"pt_PT\" \/>\n<meta property=\"og:type\" content=\"article\" \/>\n<meta property=\"og:title\" content=\"Badee Al Oud Sublime | Eau de parfum 100ml | Lattafa\" \/>\n<meta property=\"og:description\" content=\"Badee Al Oud Sublime,\u00a0ce nom annonce forc\u00e9ment un parfum exquis. D\u00e9couvrez-le sans plus attendre dans notre parfumerie en ligne !\" \/>\n<meta property=\"og:url\" content=\"https:\/\/lescollectionsprivees.com\/pt\/fragrancia\/eau-de-parfum-badee-al-oud-sublime\/\" \/>\n<meta property=\"og:site_name\" content=\"Les Collections Priv\u00e9es\" \/>\n<meta property=\"article:modified_time\" content=\"2026-04-27T12:44:36+00:00\" \/>\n<meta property=\"og:image\" content=\"https:\/\/lescollectionsprivees.com\/wp-content\/uploads\/2023\/08\/Badee-al-oud-SUBLIME.jpg\" \/>\n\t<meta property=\"og:image:width\" content=\"600\" \/>\n\t<meta property=\"og:image:height\" content=\"600\" \/>\n\t<meta property=\"og:image:type\" content=\"image\/jpeg\" \/>\n<meta name=\"twitter:card\" content=\"summary_large_image\" \/>\n<meta name=\"twitter:label1\" content=\"Tempo estimado de leitura\" \/>\n\t<meta name=\"twitter:data1\" content=\"2 minutos\" \/>\n<script type=\"application\/ld+json\" class=\"yoast-schema-graph\">{\"@context\":\"https:\\\/\\\/schema.org\",\"@graph\":[{\"@type\":\"WebPage\",\"@id\":\"https:\\\/\\\/lescollectionsprivees.com\\\/parfum\\\/eau-de-parfum-badee-al-oud-sublime\\\/\",\"url\":\"https:\\\/\\\/lescollectionsprivees.com\\\/parfum\\\/eau-de-parfum-badee-al-oud-sublime\\\/\",\"name\":\"Badee Al Oud Sublime | Eau de parfum 100ml | Lattafa\",\"isPartOf\":{\"@id\":\"https:\\\/\\\/lescollectionsprivees.com\\\/#website\"},\"primaryImageOfPage\":{\"@id\":\"https:\\\/\\\/lescollectionsprivees.com\\\/parfum\\\/eau-de-parfum-badee-al-oud-sublime\\\/#primaryimage\"},\"image\":{\"@id\":\"https:\\\/\\\/lescollectionsprivees.com\\\/parfum\\\/eau-de-parfum-badee-al-oud-sublime\\\/#primaryimage\"},\"thumbnailUrl\":\"https:\\\/\\\/lescollectionsprivees.com\\\/wp-content\\\/uploads\\\/2023\\\/08\\\/Badee-al-oud-SUBLIME.jpg\",\"datePublished\":\"2023-08-31T15:18:27+00:00\",\"dateModified\":\"2026-04-27T12:44:36+00:00\",\"description\":\"Badee Al Oud Sublime,\u00a0ce nom annonce forc\u00e9ment un parfum exquis. D\u00e9couvrez-le sans plus attendre dans notre parfumerie en ligne !\",\"breadcrumb\":{\"@id\":\"https:\\\/\\\/lescollectionsprivees.com\\\/parfum\\\/eau-de-parfum-badee-al-oud-sublime\\\/#breadcrumb\"},\"inLanguage\":\"pt-PT\",\"potentialAction\":[{\"@type\":\"ReadAction\",\"target\":[\"https:\\\/\\\/lescollectionsprivees.com\\\/parfum\\\/eau-de-parfum-badee-al-oud-sublime\\\/\"]}]},{\"@type\":\"ImageObject\",\"inLanguage\":\"pt-PT\",\"@id\":\"https:\\\/\\\/lescollectionsprivees.com\\\/parfum\\\/eau-de-parfum-badee-al-oud-sublime\\\/#primaryimage\",\"url\":\"https:\\\/\\\/lescollectionsprivees.com\\\/wp-content\\\/uploads\\\/2023\\\/08\\\/Badee-al-oud-SUBLIME.jpg\",\"contentUrl\":\"https:\\\/\\\/lescollectionsprivees.com\\\/wp-content\\\/uploads\\\/2023\\\/08\\\/Badee-al-oud-SUBLIME.jpg\",\"width\":600,\"height\":600,\"caption\":\"Eau de parfum Badee Al Oud Sublime 100ml \u2013 Lattafa\"},{\"@type\":\"BreadcrumbList\",\"@id\":\"https:\\\/\\\/lescollectionsprivees.com\\\/parfum\\\/eau-de-parfum-badee-al-oud-sublime\\\/#breadcrumb\",\"itemListElement\":[{\"@type\":\"ListItem\",\"position\":1,\"name\":\"Accueil\",\"item\":\"https:\\\/\\\/lescollectionsprivees.com\\\/\"},{\"@type\":\"ListItem\",\"position\":2,\"name\":\"Boutique\",\"item\":\"https:\\\/\\\/lescollectionsprivees.com\\\/boutique\\\/\"},{\"@type\":\"ListItem\",\"position\":3,\"name\":\"Eau de parfum Badee Al Oud Sublime (Rouge) 100ml \u2013 Lattafa\"}]},{\"@type\":\"WebSite\",\"@id\":\"https:\\\/\\\/lescollectionsprivees.com\\\/#website\",\"url\":\"https:\\\/\\\/lescollectionsprivees.com\\\/\",\"name\":\"Les Collections Priv\u00e9es\",\"description\":\"\",\"publisher\":{\"@id\":\"https:\\\/\\\/lescollectionsprivees.com\\\/#organization\"},\"potentialAction\":[{\"@type\":\"SearchAction\",\"target\":{\"@type\":\"EntryPoint\",\"urlTemplate\":\"https:\\\/\\\/lescollectionsprivees.com\\\/?s={search_term_string}\"},\"query-input\":{\"@type\":\"PropertyValueSpecification\",\"valueRequired\":true,\"valueName\":\"search_term_string\"}}],\"inLanguage\":\"pt-PT\"},{\"@type\":\"Organization\",\"@id\":\"https:\\\/\\\/lescollectionsprivees.com\\\/#organization\",\"name\":\"Les Collections Priv\u00e9es\",\"url\":\"https:\\\/\\\/lescollectionsprivees.com\\\/\",\"logo\":{\"@type\":\"ImageObject\",\"inLanguage\":\"pt-PT\",\"@id\":\"https:\\\/\\\/lescollectionsprivees.com\\\/#\\\/schema\\\/logo\\\/image\\\/\",\"url\":\"https:\\\/\\\/lescollectionsprivees.com\\\/wp-content\\\/uploads\\\/2020\\\/02\\\/Logo-Les-Collections-Priv\u00e9es-450x450-1.png\",\"contentUrl\":\"https:\\\/\\\/lescollectionsprivees.com\\\/wp-content\\\/uploads\\\/2020\\\/02\\\/Logo-Les-Collections-Priv\u00e9es-450x450-1.png\",\"width\":450,\"height\":450,\"caption\":\"Les Collections Priv\u00e9es\"},\"image\":{\"@id\":\"https:\\\/\\\/lescollectionsprivees.com\\\/#\\\/schema\\\/logo\\\/image\\\/\"}}]}<\/script>\n<!-- \/ Yoast SEO plugin. -->","yoast_head_json":{"title":"Badee Al Oud Sublime | Eau de parfum 100ml | Lattafa","description":"Badee Al Oud Sublime \u00e9 o nome de uma fragr\u00e2ncia requintada. Descubra-o agora na nossa perfumaria online!","robots":{"index":"index","follow":"follow","max-snippet":"max-snippet:-1","max-image-preview":"max-image-preview:large","max-video-preview":"max-video-preview:-1"},"canonical":"https:\/\/lescollectionsprivees.com\/pt\/fragrancia\/eau-de-parfum-badee-al-oud-sublime\/","og_locale":"pt_PT","og_type":"article","og_title":"Badee Al Oud Sublime | Eau de parfum 100ml | Lattafa","og_description":"Badee Al Oud Sublime,\u00a0ce nom annonce forc\u00e9ment un parfum exquis. D\u00e9couvrez-le sans plus attendre dans notre parfumerie en ligne !","og_url":"https:\/\/lescollectionsprivees.com\/pt\/fragrancia\/eau-de-parfum-badee-al-oud-sublime\/","og_site_name":"Les Collections Priv\u00e9es","article_modified_time":"2026-04-27T12:44:36+00:00","og_image":[{"width":600,"height":600,"url":"https:\/\/lescollectionsprivees.com\/wp-content\/uploads\/2023\/08\/Badee-al-oud-SUBLIME.jpg","type":"image\/jpeg"}],"twitter_card":"summary_large_image","twitter_misc":{"Tempo estimado de leitura":"2 minutos"},"schema":{"@context":"https:\/\/schema.org","@graph":[{"@type":"WebPage","@id":"https:\/\/lescollectionsprivees.com\/parfum\/eau-de-parfum-badee-al-oud-sublime\/","url":"https:\/\/lescollectionsprivees.com\/parfum\/eau-de-parfum-badee-al-oud-sublime\/","name":"Badee Al Oud Sublime | Eau de parfum 100ml | Lattafa","isPartOf":{"@id":"https:\/\/lescollectionsprivees.com\/#website"},"primaryImageOfPage":{"@id":"https:\/\/lescollectionsprivees.com\/parfum\/eau-de-parfum-badee-al-oud-sublime\/#primaryimage"},"image":{"@id":"https:\/\/lescollectionsprivees.com\/parfum\/eau-de-parfum-badee-al-oud-sublime\/#primaryimage"},"thumbnailUrl":"https:\/\/lescollectionsprivees.com\/wp-content\/uploads\/2023\/08\/Badee-al-oud-SUBLIME.jpg","datePublished":"2023-08-31T15:18:27+00:00","dateModified":"2026-04-27T12:44:36+00:00","description":"Badee Al Oud Sublime \u00e9 o nome de uma fragr\u00e2ncia requintada. Descubra-o agora na nossa perfumaria online!","breadcrumb":{"@id":"https:\/\/lescollectionsprivees.com\/parfum\/eau-de-parfum-badee-al-oud-sublime\/#breadcrumb"},"inLanguage":"pt-PT","potentialAction":[{"@type":"ReadAction","target":["https:\/\/lescollectionsprivees.com\/parfum\/eau-de-parfum-badee-al-oud-sublime\/"]}]},{"@type":"ImageObject","inLanguage":"pt-PT","@id":"https:\/\/lescollectionsprivees.com\/parfum\/eau-de-parfum-badee-al-oud-sublime\/#primaryimage","url":"https:\/\/lescollectionsprivees.com\/wp-content\/uploads\/2023\/08\/Badee-al-oud-SUBLIME.jpg","contentUrl":"https:\/\/lescollectionsprivees.com\/wp-content\/uploads\/2023\/08\/Badee-al-oud-SUBLIME.jpg","width":600,"height":600,"caption":"Eau de parfum Badee Al Oud Sublime 100ml \u2013 Lattafa"},{"@type":"BreadcrumbList","@id":"https:\/\/lescollectionsprivees.com\/parfum\/eau-de-parfum-badee-al-oud-sublime\/#breadcrumb","itemListElement":[{"@type":"ListItem","position":1,"name":"Accueil","item":"https:\/\/lescollectionsprivees.com\/"},{"@type":"ListItem","position":2,"name":"Boutique","item":"https:\/\/lescollectionsprivees.com\/boutique\/"},{"@type":"ListItem","position":3,"name":"Eau de parfum Badee Al Oud Sublime (Rouge) 100ml \u2013 Lattafa"}]},{"@type":"WebSite","@id":"https:\/\/lescollectionsprivees.com\/#website","url":"https:\/\/lescollectionsprivees.com\/","name":"Colec\u00e7\u00f5es privadas","description":"","publisher":{"@id":"https:\/\/lescollectionsprivees.com\/#organization"},"potentialAction":[{"@type":"SearchAction","target":{"@type":"EntryPoint","urlTemplate":"https:\/\/lescollectionsprivees.com\/?s={search_term_string}"},"query-input":{"@type":"PropertyValueSpecification","valueRequired":true,"valueName":"search_term_string"}}],"inLanguage":"pt-PT"},{"@type":"Organization","@id":"https:\/\/lescollectionsprivees.com\/#organization","name":"Colec\u00e7\u00f5es privadas","url":"https:\/\/lescollectionsprivees.com\/","logo":{"@type":"ImageObject","inLanguage":"pt-PT","@id":"https:\/\/lescollectionsprivees.com\/#\/schema\/logo\/image\/","url":"https:\/\/lescollectionsprivees.com\/wp-content\/uploads\/2020\/02\/Logo-Les-Collections-Priv\u00e9es-450x450-1.png","contentUrl":"https:\/\/lescollectionsprivees.com\/wp-content\/uploads\/2020\/02\/Logo-Les-Collections-Priv\u00e9es-450x450-1.png","width":450,"height":450,"caption":"Les Collections Priv\u00e9es"},"image":{"@id":"https:\/\/lescollectionsprivees.com\/#\/schema\/logo\/image\/"}}]}},"_links":{"self":[{"href":"https:\/\/lescollectionsprivees.com\/pt\/wp-json\/wp\/v2\/product\/25770","targetHints":{"allow":["GET"]}}],"collection":[{"href":"https:\/\/lescollectionsprivees.com\/pt\/wp-json\/wp\/v2\/product"}],"about":[{"href":"https:\/\/lescollectionsprivees.com\/pt\/wp-json\/wp\/v2\/types\/product"}],"wp:featuredmedia":[{"embeddable":true,"href":"https:\/\/lescollectionsprivees.com\/pt\/wp-json\/wp\/v2\/media\/25798"}],"wp:attachment":[{"href":"https:\/\/lescollectionsprivees.com\/pt\/wp-json\/wp\/v2\/media?parent=25770"}],"wp:term":[{"taxonomy":"product_brand","embeddable":true,"href":"https:\/\/lescollectionsprivees.com\/pt\/wp-json\/wp\/v2\/product_brand?post=25770"},{"taxonomy":"product_cat","embeddable":true,"href":"https:\/\/lescollectionsprivees.com\/pt\/wp-json\/wp\/v2\/product_cat?post=25770"},{"taxonomy":"product_tag","embeddable":true,"href":"https:\/\/lescollectionsprivees.com\/pt\/wp-json\/wp\/v2\/product_tag?post=25770"}],"curies":[{"name":"wp","href":"https:\/\/api.w.org\/{rel}","templated":true}]}}