{"id":25771,"date":"2023-08-31T15:18:27","date_gmt":"2023-08-31T15:18:27","guid":{"rendered":"https:\/\/lescollectionsprivees.com\/?post_type=product&#038;p=25771"},"modified":"2023-10-28T18:58:19","modified_gmt":"2023-10-28T18:58:19","slug":"eau-de-parfum-hayaati","status":"publish","type":"product","link":"https:\/\/lescollectionsprivees.com\/pt\/parfum\/eau-de-parfum-hayaati\/","title":{"rendered":"Hayaati Eau de Parfum 100ml - Lattafa"},"content":{"rendered":"<p>Descobrir\u00a0<strong>Hayaati eau de parfum<\/strong>\u00a0\u00e9 uma fragr\u00e2ncia oriental irresist\u00edvel que capta a ess\u00eancia da feminilidade e da eleg\u00e2ncia. Apresentado num belo frasco de 100 ml com uma tampa elegante, este eau de parfum \u00e9 a escolha perfeita para um presente. Mas primeiro, fique a conhecer...<\/p>\n<h2><strong>A fragr\u00e2ncia irresist\u00edvel de Hayaati eau de parfum!\u00a0<\/strong><\/h2>\n<p>Hayaati \u00e9 um eau de parfum que fascina com a sua incr\u00edvel fragr\u00e2ncia. Mistura habilmente notas energizantes de fruta fresca com fragr\u00e2ncias florais e orientais.<\/p>\n<p>No entanto, as notas de topo incluem acordes de lichia, flor de cato lunar, rosa mosqueta e laranja doce, que trazem um toque de\u00a0<strong>Um toque de frescura<\/strong>\u00a0e do\u00e7ura. No entanto, as notas de cora\u00e7\u00e3o revelam acordes de frutos ex\u00f3ticos, citrinos e flor de laranjeira, para uma dimens\u00e3o floral. Finalmente, as notas de fundo de alm\u00edscar e s\u00e2ndalo acrescentam um calor e uma sensualidade irresist\u00edveis.<\/p>\n<h2><strong>Uma fragr\u00e2ncia para mulheres extraordin\u00e1rias<\/strong><\/h2>\n<p>Para alguns, \u00e9 a escolha perfeita para mulheres que procuram uma fragr\u00e2ncia sofisticada e de alta qualidade. De facto, a sua composi\u00e7\u00e3o complexa e equilibrada faz dela uma fragr\u00e2ncia vers\u00e1til, adequada a todas as ocasi\u00f5es. Este elixir Hayaati acompanh\u00e1-la-\u00e1 com eleg\u00e2ncia e charme. O seu<strong>\u00a0trilho encantador<\/strong>\u00a0vai certamente cativar todas as mulheres que se cruzarem no seu caminho.<\/p>\n<h3><strong>Hayaati eau de parfum: fragr\u00e2ncia exclusiva e de longa dura\u00e7\u00e3o<\/strong><\/h3>\n<p>Uma das carater\u00edsticas mais populares do Hayaati eau de parfum \u00e9 a sua fragr\u00e2ncia de longa dura\u00e7\u00e3o. Gra\u00e7as \u00e0 sua f\u00f3rmula de alta qualidade, esta fragr\u00e2ncia envolv\u00ea-la-\u00e1 com o seu aroma durante todo o dia.<\/p>\n<p>Al\u00e9m disso, oferece\u00a0<strong>uma fragr\u00e2ncia excecional<\/strong>deixando um rasto delicioso e cativante. O seu aroma exclusivo e a sua composi\u00e7\u00e3o requintada fazem dela uma fragr\u00e2ncia \u00fanica que o ir\u00e1 distinguir dos demais.<\/p>\n<p><a href=\"https:\/\/lescollectionsprivees.com\/pt\/fragrancia\/oud-mood-lattafa-perfumes\/\"><strong>Oud Mood<\/strong><\/a>\u00a0ou Hayaati, a perfumaria Lattafa d\u00e1-nos mais uma vez a honra de partilhar as suas fragr\u00e2ncias excepcionais.<\/p>","protected":false},"excerpt":{"rendered":"<p><strong>Notas olfactivas :<\/strong><\/p>\n<p><strong>Notas de topo<\/strong> Bergamota, bot\u00e3o de groselha preta e toranja<br \/>\n<strong>Notas de cora\u00e7\u00e3o<\/strong> Couro, p\u00eassego e a\u00e7afr\u00e3o<br \/>\n<strong>Notas de base<\/strong> Baunilha, \u00c2mbar, Alm\u00edscar e Vetiver.<\/p>\n<p><strong>Tipo<\/strong> Misto.<\/p>","protected":false},"featured_media":25799,"template":"","meta":[],"product_brand":[],"product_cat":[227,203,201,202,236,208,15],"product_tag":[],"class_list":{"0":"post-25771","1":"product","2":"type-product","3":"status-publish","4":"has-post-thumbnail","6":"product_cat-parfum-lattafa","7":"product_cat-parfum-ambre","8":"product_cat-parfum-femme","9":"product_cat-parfum-homme","10":"product_cat-parfum-musque","11":"product_cat-parfum-vanille","12":"product_cat-parfums-de-dubai","14":"first","15":"instock","16":"taxable","17":"shipping-taxable","18":"purchasable","19":"product-type-simple"},"yoast_head":"<!-- This site is optimized with the Yoast SEO plugin v27.5 - https:\/\/yoast.com\/product\/yoast-seo-wordpress\/ -->\n<title>Hayaati | Eau de parfum 100ml | Collection Lattafa<\/title>\n<meta name=\"description\" content=\"D\u00e9couvrez\u00a0l&#039;eau de parfum Hayaati\u00a0est une fragrance orientale irr\u00e9sistible qui capture l&#039;essence de la f\u00e9minit\u00e9 et de l&#039;\u00e9l\u00e9gance.\" \/>\n<meta name=\"robots\" content=\"index, follow, max-snippet:-1, max-image-preview:large, max-video-preview:-1\" \/>\n<link rel=\"canonical\" href=\"https:\/\/lescollectionsprivees.com\/pt\/fragrancia\/eau-de-parfum-hayaati\/\" \/>\n<meta property=\"og:locale\" content=\"pt_PT\" \/>\n<meta property=\"og:type\" content=\"article\" \/>\n<meta property=\"og:title\" content=\"Hayaati | Eau de parfum 100ml | Collection Lattafa\" \/>\n<meta property=\"og:description\" content=\"D\u00e9couvrez\u00a0l&#039;eau de parfum Hayaati\u00a0est une fragrance orientale irr\u00e9sistible qui capture l&#039;essence de la f\u00e9minit\u00e9 et de l&#039;\u00e9l\u00e9gance.\" \/>\n<meta property=\"og:url\" content=\"https:\/\/lescollectionsprivees.com\/pt\/fragrancia\/eau-de-parfum-hayaati\/\" \/>\n<meta property=\"og:site_name\" content=\"Les Collections Priv\u00e9es\" \/>\n<meta property=\"article:modified_time\" content=\"2023-10-28T18:58:19+00:00\" \/>\n<meta property=\"og:image\" content=\"https:\/\/lescollectionsprivees.com\/wp-content\/uploads\/2023\/08\/eau-de-parfum-hayaati-lattafa.jpg\" \/>\n\t<meta property=\"og:image:width\" content=\"600\" \/>\n\t<meta property=\"og:image:height\" content=\"600\" \/>\n\t<meta property=\"og:image:type\" content=\"image\/jpeg\" \/>\n<meta name=\"twitter:card\" content=\"summary_large_image\" \/>\n<meta name=\"twitter:label1\" content=\"Tempo estimado de leitura\" \/>\n\t<meta name=\"twitter:data1\" content=\"2 minutos\" \/>\n<script type=\"application\/ld+json\" class=\"yoast-schema-graph\">{\"@context\":\"https:\\\/\\\/schema.org\",\"@graph\":[{\"@type\":\"WebPage\",\"@id\":\"https:\\\/\\\/lescollectionsprivees.com\\\/parfum\\\/eau-de-parfum-hayaati\\\/\",\"url\":\"https:\\\/\\\/lescollectionsprivees.com\\\/parfum\\\/eau-de-parfum-hayaati\\\/\",\"name\":\"Hayaati | Eau de parfum 100ml | Collection Lattafa\",\"isPartOf\":{\"@id\":\"https:\\\/\\\/lescollectionsprivees.com\\\/#website\"},\"primaryImageOfPage\":{\"@id\":\"https:\\\/\\\/lescollectionsprivees.com\\\/parfum\\\/eau-de-parfum-hayaati\\\/#primaryimage\"},\"image\":{\"@id\":\"https:\\\/\\\/lescollectionsprivees.com\\\/parfum\\\/eau-de-parfum-hayaati\\\/#primaryimage\"},\"thumbnailUrl\":\"https:\\\/\\\/lescollectionsprivees.com\\\/wp-content\\\/uploads\\\/2023\\\/08\\\/eau-de-parfum-hayaati-lattafa.jpg\",\"datePublished\":\"2023-08-31T15:18:27+00:00\",\"dateModified\":\"2023-10-28T18:58:19+00:00\",\"description\":\"D\u00e9couvrez\u00a0l'eau de parfum Hayaati\u00a0est une fragrance orientale irr\u00e9sistible qui capture l'essence de la f\u00e9minit\u00e9 et de l'\u00e9l\u00e9gance.\",\"breadcrumb\":{\"@id\":\"https:\\\/\\\/lescollectionsprivees.com\\\/parfum\\\/eau-de-parfum-hayaati\\\/#breadcrumb\"},\"inLanguage\":\"pt-PT\",\"potentialAction\":[{\"@type\":\"ReadAction\",\"target\":[\"https:\\\/\\\/lescollectionsprivees.com\\\/parfum\\\/eau-de-parfum-hayaati\\\/\"]}]},{\"@type\":\"ImageObject\",\"inLanguage\":\"pt-PT\",\"@id\":\"https:\\\/\\\/lescollectionsprivees.com\\\/parfum\\\/eau-de-parfum-hayaati\\\/#primaryimage\",\"url\":\"https:\\\/\\\/lescollectionsprivees.com\\\/wp-content\\\/uploads\\\/2023\\\/08\\\/eau-de-parfum-hayaati-lattafa.jpg\",\"contentUrl\":\"https:\\\/\\\/lescollectionsprivees.com\\\/wp-content\\\/uploads\\\/2023\\\/08\\\/eau-de-parfum-hayaati-lattafa.jpg\",\"width\":600,\"height\":600,\"caption\":\"Eau de parfum Hayaati 100ml \u2013 Lattafa\"},{\"@type\":\"BreadcrumbList\",\"@id\":\"https:\\\/\\\/lescollectionsprivees.com\\\/parfum\\\/eau-de-parfum-hayaati\\\/#breadcrumb\",\"itemListElement\":[{\"@type\":\"ListItem\",\"position\":1,\"name\":\"Accueil\",\"item\":\"https:\\\/\\\/lescollectionsprivees.com\\\/\"},{\"@type\":\"ListItem\",\"position\":2,\"name\":\"Boutique\",\"item\":\"https:\\\/\\\/lescollectionsprivees.com\\\/boutique\\\/\"},{\"@type\":\"ListItem\",\"position\":3,\"name\":\"Eau de parfum Hayaati 100ml \u2013 Lattafa\"}]},{\"@type\":\"WebSite\",\"@id\":\"https:\\\/\\\/lescollectionsprivees.com\\\/#website\",\"url\":\"https:\\\/\\\/lescollectionsprivees.com\\\/\",\"name\":\"Les Collections Priv\u00e9es\",\"description\":\"\",\"publisher\":{\"@id\":\"https:\\\/\\\/lescollectionsprivees.com\\\/#organization\"},\"potentialAction\":[{\"@type\":\"SearchAction\",\"target\":{\"@type\":\"EntryPoint\",\"urlTemplate\":\"https:\\\/\\\/lescollectionsprivees.com\\\/?s={search_term_string}\"},\"query-input\":{\"@type\":\"PropertyValueSpecification\",\"valueRequired\":true,\"valueName\":\"search_term_string\"}}],\"inLanguage\":\"pt-PT\"},{\"@type\":\"Organization\",\"@id\":\"https:\\\/\\\/lescollectionsprivees.com\\\/#organization\",\"name\":\"Les Collections Priv\u00e9es\",\"url\":\"https:\\\/\\\/lescollectionsprivees.com\\\/\",\"logo\":{\"@type\":\"ImageObject\",\"inLanguage\":\"pt-PT\",\"@id\":\"https:\\\/\\\/lescollectionsprivees.com\\\/#\\\/schema\\\/logo\\\/image\\\/\",\"url\":\"https:\\\/\\\/lescollectionsprivees.com\\\/wp-content\\\/uploads\\\/2020\\\/02\\\/Logo-Les-Collections-Priv\u00e9es-450x450-1.png\",\"contentUrl\":\"https:\\\/\\\/lescollectionsprivees.com\\\/wp-content\\\/uploads\\\/2020\\\/02\\\/Logo-Les-Collections-Priv\u00e9es-450x450-1.png\",\"width\":450,\"height\":450,\"caption\":\"Les Collections Priv\u00e9es\"},\"image\":{\"@id\":\"https:\\\/\\\/lescollectionsprivees.com\\\/#\\\/schema\\\/logo\\\/image\\\/\"}}]}<\/script>\n<!-- \/ Yoast SEO plugin. -->","yoast_head_json":{"title":"Hayaati | Eau de parfum 100ml | Cole\u00e7\u00e3o Lattafa","description":"Descubra Hayaati eau de parfum, uma fragr\u00e2ncia oriental irresist\u00edvel que capta a ess\u00eancia da feminilidade e da eleg\u00e2ncia.","robots":{"index":"index","follow":"follow","max-snippet":"max-snippet:-1","max-image-preview":"max-image-preview:large","max-video-preview":"max-video-preview:-1"},"canonical":"https:\/\/lescollectionsprivees.com\/pt\/fragrancia\/eau-de-parfum-hayaati\/","og_locale":"pt_PT","og_type":"article","og_title":"Hayaati | Eau de parfum 100ml | Collection Lattafa","og_description":"D\u00e9couvrez\u00a0l'eau de parfum Hayaati\u00a0est une fragrance orientale irr\u00e9sistible qui capture l'essence de la f\u00e9minit\u00e9 et de l'\u00e9l\u00e9gance.","og_url":"https:\/\/lescollectionsprivees.com\/pt\/fragrancia\/eau-de-parfum-hayaati\/","og_site_name":"Les Collections Priv\u00e9es","article_modified_time":"2023-10-28T18:58:19+00:00","og_image":[{"width":600,"height":600,"url":"https:\/\/lescollectionsprivees.com\/wp-content\/uploads\/2023\/08\/eau-de-parfum-hayaati-lattafa.jpg","type":"image\/jpeg"}],"twitter_card":"summary_large_image","twitter_misc":{"Tempo estimado de leitura":"2 minutos"},"schema":{"@context":"https:\/\/schema.org","@graph":[{"@type":"WebPage","@id":"https:\/\/lescollectionsprivees.com\/parfum\/eau-de-parfum-hayaati\/","url":"https:\/\/lescollectionsprivees.com\/parfum\/eau-de-parfum-hayaati\/","name":"Hayaati | Eau de parfum 100ml | Cole\u00e7\u00e3o Lattafa","isPartOf":{"@id":"https:\/\/lescollectionsprivees.com\/#website"},"primaryImageOfPage":{"@id":"https:\/\/lescollectionsprivees.com\/parfum\/eau-de-parfum-hayaati\/#primaryimage"},"image":{"@id":"https:\/\/lescollectionsprivees.com\/parfum\/eau-de-parfum-hayaati\/#primaryimage"},"thumbnailUrl":"https:\/\/lescollectionsprivees.com\/wp-content\/uploads\/2023\/08\/eau-de-parfum-hayaati-lattafa.jpg","datePublished":"2023-08-31T15:18:27+00:00","dateModified":"2023-10-28T18:58:19+00:00","description":"Descubra Hayaati eau de parfum, uma fragr\u00e2ncia oriental irresist\u00edvel que capta a ess\u00eancia da feminilidade e da eleg\u00e2ncia.","breadcrumb":{"@id":"https:\/\/lescollectionsprivees.com\/parfum\/eau-de-parfum-hayaati\/#breadcrumb"},"inLanguage":"pt-PT","potentialAction":[{"@type":"ReadAction","target":["https:\/\/lescollectionsprivees.com\/parfum\/eau-de-parfum-hayaati\/"]}]},{"@type":"ImageObject","inLanguage":"pt-PT","@id":"https:\/\/lescollectionsprivees.com\/parfum\/eau-de-parfum-hayaati\/#primaryimage","url":"https:\/\/lescollectionsprivees.com\/wp-content\/uploads\/2023\/08\/eau-de-parfum-hayaati-lattafa.jpg","contentUrl":"https:\/\/lescollectionsprivees.com\/wp-content\/uploads\/2023\/08\/eau-de-parfum-hayaati-lattafa.jpg","width":600,"height":600,"caption":"Eau de parfum Hayaati 100ml \u2013 Lattafa"},{"@type":"BreadcrumbList","@id":"https:\/\/lescollectionsprivees.com\/parfum\/eau-de-parfum-hayaati\/#breadcrumb","itemListElement":[{"@type":"ListItem","position":1,"name":"Accueil","item":"https:\/\/lescollectionsprivees.com\/"},{"@type":"ListItem","position":2,"name":"Boutique","item":"https:\/\/lescollectionsprivees.com\/boutique\/"},{"@type":"ListItem","position":3,"name":"Eau de parfum Hayaati 100ml \u2013 Lattafa"}]},{"@type":"WebSite","@id":"https:\/\/lescollectionsprivees.com\/#website","url":"https:\/\/lescollectionsprivees.com\/","name":"Colec\u00e7\u00f5es privadas","description":"","publisher":{"@id":"https:\/\/lescollectionsprivees.com\/#organization"},"potentialAction":[{"@type":"SearchAction","target":{"@type":"EntryPoint","urlTemplate":"https:\/\/lescollectionsprivees.com\/?s={search_term_string}"},"query-input":{"@type":"PropertyValueSpecification","valueRequired":true,"valueName":"search_term_string"}}],"inLanguage":"pt-PT"},{"@type":"Organization","@id":"https:\/\/lescollectionsprivees.com\/#organization","name":"Colec\u00e7\u00f5es privadas","url":"https:\/\/lescollectionsprivees.com\/","logo":{"@type":"ImageObject","inLanguage":"pt-PT","@id":"https:\/\/lescollectionsprivees.com\/#\/schema\/logo\/image\/","url":"https:\/\/lescollectionsprivees.com\/wp-content\/uploads\/2020\/02\/Logo-Les-Collections-Priv\u00e9es-450x450-1.png","contentUrl":"https:\/\/lescollectionsprivees.com\/wp-content\/uploads\/2020\/02\/Logo-Les-Collections-Priv\u00e9es-450x450-1.png","width":450,"height":450,"caption":"Les Collections Priv\u00e9es"},"image":{"@id":"https:\/\/lescollectionsprivees.com\/#\/schema\/logo\/image\/"}}]}},"_links":{"self":[{"href":"https:\/\/lescollectionsprivees.com\/pt\/wp-json\/wp\/v2\/product\/25771","targetHints":{"allow":["GET"]}}],"collection":[{"href":"https:\/\/lescollectionsprivees.com\/pt\/wp-json\/wp\/v2\/product"}],"about":[{"href":"https:\/\/lescollectionsprivees.com\/pt\/wp-json\/wp\/v2\/types\/product"}],"wp:featuredmedia":[{"embeddable":true,"href":"https:\/\/lescollectionsprivees.com\/pt\/wp-json\/wp\/v2\/media\/25799"}],"wp:attachment":[{"href":"https:\/\/lescollectionsprivees.com\/pt\/wp-json\/wp\/v2\/media?parent=25771"}],"wp:term":[{"taxonomy":"product_brand","embeddable":true,"href":"https:\/\/lescollectionsprivees.com\/pt\/wp-json\/wp\/v2\/product_brand?post=25771"},{"taxonomy":"product_cat","embeddable":true,"href":"https:\/\/lescollectionsprivees.com\/pt\/wp-json\/wp\/v2\/product_cat?post=25771"},{"taxonomy":"product_tag","embeddable":true,"href":"https:\/\/lescollectionsprivees.com\/pt\/wp-json\/wp\/v2\/product_tag?post=25771"}],"curies":[{"name":"wp","href":"https:\/\/api.w.org\/{rel}","templated":true}]}}