{"id":26430,"date":"2023-10-18T13:47:46","date_gmt":"2023-10-18T13:47:46","guid":{"rendered":"https:\/\/lescollectionsprivees.com\/?post_type=product&#038;p=26430"},"modified":"2023-10-18T13:52:51","modified_gmt":"2023-10-18T13:52:51","slug":"bab-al-hamra-eau-de-parfum","status":"publish","type":"product","link":"https:\/\/lescollectionsprivees.com\/pt\/parfum\/eau-de-parfum-bab-al-hamra\/","title":{"rendered":"Eau de parfum Bab Al Hamra 100ml - Ard Al Zaafaran"},"content":{"rendered":"<p>Conhe\u00e7a o\u00a0<strong>Perfume de homem Bab Al Hamra,<\/strong> uma fragr\u00e2ncia generosa que capta o esp\u00edrito misterioso e sedutor do Oriente. Inspirada em aromas majestosos, esta fragr\u00e2ncia personifica a eleg\u00e2ncia e a virilidade. Com as suas notas ricas e sensuais, \u00e9 a escolha perfeita para o homem moderno que procura uma assinatura olfactiva \u00fanica.<\/p>\n<h2><strong>Perfume Bab Al Hamra, para notas olfactivas fascinantes!<\/strong><\/h2>\n<p>Descubra as notas olfactivas da fragr\u00e2ncia Bab Al Hamra.\u00a0<strong>Uma mistura cativante<\/strong>\u00a0As notas de topo de bergamota e cardamomo acrescentam uma frescura subtil.<\/p>\n<p>Depois, no cora\u00e7\u00e3o, notas de rosa e jasmim misturam-se com especiarias quentes. A canela e o cravinho, por exemplo, criam uma aura encantadora.<\/p>\n<p>Por fim, o s\u00e2ndalo, o patchouli e o alm\u00edscar conferem uma profundidade irresist\u00edvel \u00e0s notas de base.<\/p>\n<h2><strong>Finalmente, uma fragr\u00e2ncia de longa dura\u00e7\u00e3o!<\/strong><\/h2>\n<p>Esta composi\u00e7\u00e3o Ard Al Zaafaran destaca-se pela sua fixa\u00e7\u00e3o duradoura. Gra\u00e7as \u00e0 sua composi\u00e7\u00e3o rica em ingredientes de qualidade, esta fragr\u00e2ncia permanece presente na pele durante todo o dia.\u00a0<strong>ao longo do dia<\/strong>Sem perder a sua intensidade. Para um dia de trabalho ou para uma sa\u00edda nocturna especial, \u00e9 um companheiro elegante e requintado.<\/p>\n<h3><strong>Bab Al Hamra: uma garrafa elegante e sofisticada<\/strong><\/h3>\n<p>Tal como a fragr\u00e2ncia para mulher<strong>\u00a0<a href=\"https:\/\/lescollectionsprivees.com\/pt\/fragrancia\/bab-al-wardi-eau-de-parfum\/\">Bab al Wardi<\/a><\/strong>O frasco da fragr\u00e2ncia para homem Bab Al Hamra \u00e9 um reflexo da fragr\u00e2ncia que cont\u00e9m. Inspirado na arquitetura oriental, as linhas simples do frasco e os detalhes dourados conferem-lhe um ar de eleg\u00e2ncia.\u00a0<strong>aspeto luxuoso.<\/strong>\u00a0O seu design intemporal faz dele uma pe\u00e7a de cole\u00e7\u00e3o por direito pr\u00f3prio, digna de ser exibida com orgulho.<\/p>\n<p>Mais do que uma fragr\u00e2ncia, \u00e9 uma experi\u00eancia olfactiva que transporta os sentidos para terras long\u00ednquas. Deixe-se seduzir por esta fragr\u00e2ncia e deixe a sua marca onde quer que v\u00e1.<\/p>","protected":false},"excerpt":{"rendered":"<p><strong>Notas olfactivas :<\/strong><\/p>\n<p>Laranja, Groselha preta, Ma\u00e7\u00e3, Pera, P\u00eassego, Jasmim, Flor de laranjeira, Rosa, Patchouli, S\u00e2ndalo, Baunilha, Alm\u00edscar branco<\/p>\n<p><strong>Tipo<\/strong> Homem.<\/p>","protected":false},"featured_media":26432,"template":"","meta":[],"product_brand":[],"product_cat":[274,190,207,202,265,206,208,15],"product_tag":[],"class_list":{"0":"post-26430","1":"product","2":"type-product","3":"status-publish","4":"has-post-thumbnail","6":"product_cat-ard-al-zaafaran","7":"product_cat-hommes","8":"product_cat-parfum-fleur-doranger","9":"product_cat-parfum-homme","10":"product_cat-parfum-patchouli","11":"product_cat-parfum-rose","12":"product_cat-parfum-vanille","13":"product_cat-parfums-de-dubai","15":"first","16":"instock","17":"taxable","18":"shipping-taxable","19":"purchasable","20":"product-type-simple"},"yoast_head":"<!-- This site is optimized with the Yoast SEO plugin v27.5 - https:\/\/yoast.com\/product\/yoast-seo-wordpress\/ -->\n<title>Bab Al Hamra | Eau de parfum masculine 100ml | Ard Al Zaafaran<\/title>\n<meta name=\"description\" content=\"Faites la rencontre avec le\u00a0parfum homme Bab Al Hamra, une fragrance g\u00e9n\u00e9reuse qui capture l&#039;esprit myst\u00e9rieux et s\u00e9duisant de l&#039;Orient.\" \/>\n<meta name=\"robots\" content=\"index, follow, max-snippet:-1, max-image-preview:large, max-video-preview:-1\" \/>\n<link rel=\"canonical\" href=\"https:\/\/lescollectionsprivees.com\/pt\/fragrancia\/bab-al-hamra-eau-de-parfum\/\" \/>\n<meta property=\"og:locale\" content=\"pt_PT\" \/>\n<meta property=\"og:type\" content=\"article\" \/>\n<meta property=\"og:title\" content=\"Bab Al Hamra | Eau de parfum masculine 100ml | Ard Al Zaafaran\" \/>\n<meta property=\"og:description\" content=\"Faites la rencontre avec le\u00a0parfum homme Bab Al Hamra, une fragrance g\u00e9n\u00e9reuse qui capture l&#039;esprit myst\u00e9rieux et s\u00e9duisant de l&#039;Orient.\" \/>\n<meta property=\"og:url\" content=\"https:\/\/lescollectionsprivees.com\/pt\/fragrancia\/bab-al-hamra-eau-de-parfum\/\" \/>\n<meta property=\"og:site_name\" content=\"Les Collections Priv\u00e9es\" \/>\n<meta property=\"article:modified_time\" content=\"2023-10-18T13:52:51+00:00\" \/>\n<meta property=\"og:image\" content=\"https:\/\/lescollectionsprivees.com\/wp-content\/uploads\/2023\/10\/parfum-bab-al-hamra-ard-al-zaafaran.jpg\" \/>\n\t<meta property=\"og:image:width\" content=\"600\" \/>\n\t<meta property=\"og:image:height\" content=\"600\" \/>\n\t<meta property=\"og:image:type\" content=\"image\/jpeg\" \/>\n<meta name=\"twitter:card\" content=\"summary_large_image\" \/>\n<meta name=\"twitter:label1\" content=\"Tempo estimado de leitura\" \/>\n\t<meta name=\"twitter:data1\" content=\"2 minutos\" \/>\n<script type=\"application\/ld+json\" class=\"yoast-schema-graph\">{\"@context\":\"https:\\\/\\\/schema.org\",\"@graph\":[{\"@type\":\"WebPage\",\"@id\":\"https:\\\/\\\/lescollectionsprivees.com\\\/parfum\\\/eau-de-parfum-bab-al-hamra\\\/\",\"url\":\"https:\\\/\\\/lescollectionsprivees.com\\\/parfum\\\/eau-de-parfum-bab-al-hamra\\\/\",\"name\":\"Bab Al Hamra | Eau de parfum masculine 100ml | Ard Al Zaafaran\",\"isPartOf\":{\"@id\":\"https:\\\/\\\/lescollectionsprivees.com\\\/#website\"},\"primaryImageOfPage\":{\"@id\":\"https:\\\/\\\/lescollectionsprivees.com\\\/parfum\\\/eau-de-parfum-bab-al-hamra\\\/#primaryimage\"},\"image\":{\"@id\":\"https:\\\/\\\/lescollectionsprivees.com\\\/parfum\\\/eau-de-parfum-bab-al-hamra\\\/#primaryimage\"},\"thumbnailUrl\":\"https:\\\/\\\/lescollectionsprivees.com\\\/wp-content\\\/uploads\\\/2023\\\/10\\\/parfum-bab-al-hamra-ard-al-zaafaran.jpg\",\"datePublished\":\"2023-10-18T13:47:46+00:00\",\"dateModified\":\"2023-10-18T13:52:51+00:00\",\"description\":\"Faites la rencontre avec le\u00a0parfum homme Bab Al Hamra, une fragrance g\u00e9n\u00e9reuse qui capture l'esprit myst\u00e9rieux et s\u00e9duisant de l'Orient.\",\"breadcrumb\":{\"@id\":\"https:\\\/\\\/lescollectionsprivees.com\\\/parfum\\\/eau-de-parfum-bab-al-hamra\\\/#breadcrumb\"},\"inLanguage\":\"pt-PT\",\"potentialAction\":[{\"@type\":\"ReadAction\",\"target\":[\"https:\\\/\\\/lescollectionsprivees.com\\\/parfum\\\/eau-de-parfum-bab-al-hamra\\\/\"]}]},{\"@type\":\"ImageObject\",\"inLanguage\":\"pt-PT\",\"@id\":\"https:\\\/\\\/lescollectionsprivees.com\\\/parfum\\\/eau-de-parfum-bab-al-hamra\\\/#primaryimage\",\"url\":\"https:\\\/\\\/lescollectionsprivees.com\\\/wp-content\\\/uploads\\\/2023\\\/10\\\/parfum-bab-al-hamra-ard-al-zaafaran.jpg\",\"contentUrl\":\"https:\\\/\\\/lescollectionsprivees.com\\\/wp-content\\\/uploads\\\/2023\\\/10\\\/parfum-bab-al-hamra-ard-al-zaafaran.jpg\",\"width\":600,\"height\":600,\"caption\":\"Eau de parfum Bab Al Hamra 100ml \u2013 Ard Al Zaafaran\"},{\"@type\":\"BreadcrumbList\",\"@id\":\"https:\\\/\\\/lescollectionsprivees.com\\\/parfum\\\/eau-de-parfum-bab-al-hamra\\\/#breadcrumb\",\"itemListElement\":[{\"@type\":\"ListItem\",\"position\":1,\"name\":\"Accueil\",\"item\":\"https:\\\/\\\/lescollectionsprivees.com\\\/\"},{\"@type\":\"ListItem\",\"position\":2,\"name\":\"Boutique\",\"item\":\"https:\\\/\\\/lescollectionsprivees.com\\\/boutique\\\/\"},{\"@type\":\"ListItem\",\"position\":3,\"name\":\"Eau de parfum Bab Al Hamra 100ml \u2013 Ard Al Zaafaran\"}]},{\"@type\":\"WebSite\",\"@id\":\"https:\\\/\\\/lescollectionsprivees.com\\\/#website\",\"url\":\"https:\\\/\\\/lescollectionsprivees.com\\\/\",\"name\":\"Les Collections Priv\u00e9es\",\"description\":\"\",\"publisher\":{\"@id\":\"https:\\\/\\\/lescollectionsprivees.com\\\/#organization\"},\"potentialAction\":[{\"@type\":\"SearchAction\",\"target\":{\"@type\":\"EntryPoint\",\"urlTemplate\":\"https:\\\/\\\/lescollectionsprivees.com\\\/?s={search_term_string}\"},\"query-input\":{\"@type\":\"PropertyValueSpecification\",\"valueRequired\":true,\"valueName\":\"search_term_string\"}}],\"inLanguage\":\"pt-PT\"},{\"@type\":\"Organization\",\"@id\":\"https:\\\/\\\/lescollectionsprivees.com\\\/#organization\",\"name\":\"Les Collections Priv\u00e9es\",\"url\":\"https:\\\/\\\/lescollectionsprivees.com\\\/\",\"logo\":{\"@type\":\"ImageObject\",\"inLanguage\":\"pt-PT\",\"@id\":\"https:\\\/\\\/lescollectionsprivees.com\\\/#\\\/schema\\\/logo\\\/image\\\/\",\"url\":\"https:\\\/\\\/lescollectionsprivees.com\\\/wp-content\\\/uploads\\\/2020\\\/02\\\/Logo-Les-Collections-Priv\u00e9es-450x450-1.png\",\"contentUrl\":\"https:\\\/\\\/lescollectionsprivees.com\\\/wp-content\\\/uploads\\\/2020\\\/02\\\/Logo-Les-Collections-Priv\u00e9es-450x450-1.png\",\"width\":450,\"height\":450,\"caption\":\"Les Collections Priv\u00e9es\"},\"image\":{\"@id\":\"https:\\\/\\\/lescollectionsprivees.com\\\/#\\\/schema\\\/logo\\\/image\\\/\"}}]}<\/script>\n<!-- \/ Yoast SEO plugin. -->","yoast_head_json":{"title":"Bab Al Hamra | Eau de parfum para homem 100ml | Ard Al Zaafaran","description":"Conhe\u00e7a a fragr\u00e2ncia masculina Bab Al Hamra, um perfume generoso que capta o esp\u00edrito misterioso e sedutor do Oriente.","robots":{"index":"index","follow":"follow","max-snippet":"max-snippet:-1","max-image-preview":"max-image-preview:large","max-video-preview":"max-video-preview:-1"},"canonical":"https:\/\/lescollectionsprivees.com\/pt\/fragrancia\/bab-al-hamra-eau-de-parfum\/","og_locale":"pt_PT","og_type":"article","og_title":"Bab Al Hamra | Eau de parfum masculine 100ml | Ard Al Zaafaran","og_description":"Faites la rencontre avec le\u00a0parfum homme Bab Al Hamra, une fragrance g\u00e9n\u00e9reuse qui capture l'esprit myst\u00e9rieux et s\u00e9duisant de l'Orient.","og_url":"https:\/\/lescollectionsprivees.com\/pt\/fragrancia\/bab-al-hamra-eau-de-parfum\/","og_site_name":"Les Collections Priv\u00e9es","article_modified_time":"2023-10-18T13:52:51+00:00","og_image":[{"width":600,"height":600,"url":"https:\/\/lescollectionsprivees.com\/wp-content\/uploads\/2023\/10\/parfum-bab-al-hamra-ard-al-zaafaran.jpg","type":"image\/jpeg"}],"twitter_card":"summary_large_image","twitter_misc":{"Tempo estimado de leitura":"2 minutos"},"schema":{"@context":"https:\/\/schema.org","@graph":[{"@type":"WebPage","@id":"https:\/\/lescollectionsprivees.com\/parfum\/eau-de-parfum-bab-al-hamra\/","url":"https:\/\/lescollectionsprivees.com\/parfum\/eau-de-parfum-bab-al-hamra\/","name":"Bab Al Hamra | Eau de parfum para homem 100ml | Ard Al Zaafaran","isPartOf":{"@id":"https:\/\/lescollectionsprivees.com\/#website"},"primaryImageOfPage":{"@id":"https:\/\/lescollectionsprivees.com\/parfum\/eau-de-parfum-bab-al-hamra\/#primaryimage"},"image":{"@id":"https:\/\/lescollectionsprivees.com\/parfum\/eau-de-parfum-bab-al-hamra\/#primaryimage"},"thumbnailUrl":"https:\/\/lescollectionsprivees.com\/wp-content\/uploads\/2023\/10\/parfum-bab-al-hamra-ard-al-zaafaran.jpg","datePublished":"2023-10-18T13:47:46+00:00","dateModified":"2023-10-18T13:52:51+00:00","description":"Conhe\u00e7a a fragr\u00e2ncia masculina Bab Al Hamra, um perfume generoso que capta o esp\u00edrito misterioso e sedutor do Oriente.","breadcrumb":{"@id":"https:\/\/lescollectionsprivees.com\/parfum\/eau-de-parfum-bab-al-hamra\/#breadcrumb"},"inLanguage":"pt-PT","potentialAction":[{"@type":"ReadAction","target":["https:\/\/lescollectionsprivees.com\/parfum\/eau-de-parfum-bab-al-hamra\/"]}]},{"@type":"ImageObject","inLanguage":"pt-PT","@id":"https:\/\/lescollectionsprivees.com\/parfum\/eau-de-parfum-bab-al-hamra\/#primaryimage","url":"https:\/\/lescollectionsprivees.com\/wp-content\/uploads\/2023\/10\/parfum-bab-al-hamra-ard-al-zaafaran.jpg","contentUrl":"https:\/\/lescollectionsprivees.com\/wp-content\/uploads\/2023\/10\/parfum-bab-al-hamra-ard-al-zaafaran.jpg","width":600,"height":600,"caption":"Eau de parfum Bab Al Hamra 100ml \u2013 Ard Al Zaafaran"},{"@type":"BreadcrumbList","@id":"https:\/\/lescollectionsprivees.com\/parfum\/eau-de-parfum-bab-al-hamra\/#breadcrumb","itemListElement":[{"@type":"ListItem","position":1,"name":"Accueil","item":"https:\/\/lescollectionsprivees.com\/"},{"@type":"ListItem","position":2,"name":"Boutique","item":"https:\/\/lescollectionsprivees.com\/boutique\/"},{"@type":"ListItem","position":3,"name":"Eau de parfum Bab Al Hamra 100ml \u2013 Ard Al Zaafaran"}]},{"@type":"WebSite","@id":"https:\/\/lescollectionsprivees.com\/#website","url":"https:\/\/lescollectionsprivees.com\/","name":"Colec\u00e7\u00f5es privadas","description":"","publisher":{"@id":"https:\/\/lescollectionsprivees.com\/#organization"},"potentialAction":[{"@type":"SearchAction","target":{"@type":"EntryPoint","urlTemplate":"https:\/\/lescollectionsprivees.com\/?s={search_term_string}"},"query-input":{"@type":"PropertyValueSpecification","valueRequired":true,"valueName":"search_term_string"}}],"inLanguage":"pt-PT"},{"@type":"Organization","@id":"https:\/\/lescollectionsprivees.com\/#organization","name":"Colec\u00e7\u00f5es privadas","url":"https:\/\/lescollectionsprivees.com\/","logo":{"@type":"ImageObject","inLanguage":"pt-PT","@id":"https:\/\/lescollectionsprivees.com\/#\/schema\/logo\/image\/","url":"https:\/\/lescollectionsprivees.com\/wp-content\/uploads\/2020\/02\/Logo-Les-Collections-Priv\u00e9es-450x450-1.png","contentUrl":"https:\/\/lescollectionsprivees.com\/wp-content\/uploads\/2020\/02\/Logo-Les-Collections-Priv\u00e9es-450x450-1.png","width":450,"height":450,"caption":"Les Collections Priv\u00e9es"},"image":{"@id":"https:\/\/lescollectionsprivees.com\/#\/schema\/logo\/image\/"}}]}},"_links":{"self":[{"href":"https:\/\/lescollectionsprivees.com\/pt\/wp-json\/wp\/v2\/product\/26430","targetHints":{"allow":["GET"]}}],"collection":[{"href":"https:\/\/lescollectionsprivees.com\/pt\/wp-json\/wp\/v2\/product"}],"about":[{"href":"https:\/\/lescollectionsprivees.com\/pt\/wp-json\/wp\/v2\/types\/product"}],"wp:featuredmedia":[{"embeddable":true,"href":"https:\/\/lescollectionsprivees.com\/pt\/wp-json\/wp\/v2\/media\/26432"}],"wp:attachment":[{"href":"https:\/\/lescollectionsprivees.com\/pt\/wp-json\/wp\/v2\/media?parent=26430"}],"wp:term":[{"taxonomy":"product_brand","embeddable":true,"href":"https:\/\/lescollectionsprivees.com\/pt\/wp-json\/wp\/v2\/product_brand?post=26430"},{"taxonomy":"product_cat","embeddable":true,"href":"https:\/\/lescollectionsprivees.com\/pt\/wp-json\/wp\/v2\/product_cat?post=26430"},{"taxonomy":"product_tag","embeddable":true,"href":"https:\/\/lescollectionsprivees.com\/pt\/wp-json\/wp\/v2\/product_tag?post=26430"}],"curies":[{"name":"wp","href":"https:\/\/api.w.org\/{rel}","templated":true}]}}