{"id":26433,"date":"2023-10-18T13:51:52","date_gmt":"2023-10-18T13:51:52","guid":{"rendered":"https:\/\/lescollectionsprivees.com\/?post_type=product&#038;p=26433"},"modified":"2023-10-18T13:51:53","modified_gmt":"2023-10-18T13:51:53","slug":"bab-al-wardi-eau-de-parfum","status":"publish","type":"product","link":"https:\/\/lescollectionsprivees.com\/pt\/parfum\/eau-de-parfum-bab-al-wardi\/","title":{"rendered":"Eau de parfum Bab Al Wardi 100ml - Ard Al Zaafaran"},"content":{"rendered":"<p><strong>Bab Al Wardi por Ard Al Zaafaran<\/strong>\u00a0\u00e9 uma fragr\u00e2ncia cativante que ir\u00e1 agradar aos amantes de aromas florais. Com as suas notas olfactivas equilibradas, esta fragr\u00e2ncia oferece uma experi\u00eancia sensorial inesquec\u00edvel.<\/p>\n<p>Deixe-se encantar por esta cria\u00e7\u00e3o olfactiva \u00fanica e descubra a beleza e a sofistica\u00e7\u00e3o de uma fragr\u00e2ncia como nenhuma outra...<\/p>\n<h2><strong>Descubra uma fragr\u00e2ncia cativante para os amantes de aromas florais<\/strong><\/h2>\n<p>Esta fragr\u00e2ncia Ard Al Zaafaran \u00e9 certamente uma\u00a0<strong>cria\u00e7\u00e3o olfactiva<\/strong>\u00a0que mistura harmoniosamente aromas florais com notas quentes. De facto, esta fragr\u00e2ncia cativante foi concebida para os amantes de aromas florais que procuram uma experi\u00eancia olfactiva \u00fanica e refinada. Com as suas notas de topo frescas, notas m\u00e9dias florais e picantes e notas de base ricas e amadeiradas, Bab Al Wardi \u00e9 uma fragr\u00e2ncia que evoca beleza.<\/p>\n<h2><strong>Bab Al Wardi: notas olfactivas equilibradas para uma experi\u00eancia sensorial inesquec\u00edvel<\/strong><\/h2>\n<p>Seduz desde as primeiras notas. Primeiro, as notas de topo incluem cedro, citrinos e rosa, que acrescentam subtileza. Depois, as notas de cora\u00e7\u00e3o revelam-se com<strong>\u00a0arranjos florais<\/strong>As fragr\u00e2ncias de oud, pimenta rosa e toranja criam um contraste intrigante entre a do\u00e7ura floral e as especiarias.<\/p>\n<p>Por fim, as notas de base de oud, \u00e2mbar, notas amadeiradas, cedro e patchouli conferem profundidade e calor sensual \u00e0 fragr\u00e2ncia. Em conjunto, estas notas olfactivas equilibradas criam uma experi\u00eancia sensorial inesquec\u00edvel.<\/p>\n<h3><strong>Entrega r\u00e1pida e econ\u00f3mica para que possa desfrutar de Bab Al Wardi!<\/strong><\/h3>\n<p>Agora que j\u00e1 caiu no feiti\u00e7o desta magn\u00edfica fragr\u00e2ncia, descubra tamb\u00e9m a vers\u00e3o masculina, <a href=\"https:\/\/lescollectionsprivees.com\/pt\/fragrancia\/bab-al-hamra-eau-de-parfum\/\"><strong>Bab Al Hamra<\/strong><\/a> ! Ainda da famosa perfumaria Ard Al Zaafaran, este perfume vai seduzi-la. Al\u00e9m disso, a entrega r\u00e1pida e econ\u00f3mica permite-lhe desfrutar rapidamente do seu novo perfume.<\/p>\n<p>A sua loja virtual gosta de apresentar\u00a0<strong>fragr\u00e2ncias excepcionais<\/strong>\u00c9 por isso que o Ard Al Zaafaran est\u00e1 no centro das aten\u00e7\u00f5es!<\/p>","protected":false},"excerpt":{"rendered":"<p><strong>Notas olfactivas :<\/strong><\/p>\n<p><strong>Notas de topo<\/strong> Cedro, citrinos, rosa<br \/>\n<strong>Notas de cora\u00e7\u00e3o<\/strong> Flores, oud, pimenta rosa, toranja<br \/>\n<strong>Notas de base<\/strong> Oud, \u00e2mbar, notas amadeiradas, cedro, patchouli<\/p>\n<p><strong>Tipo<\/strong> Feminino.<\/p>","protected":false},"featured_media":26431,"template":"","meta":[],"product_brand":[],"product_cat":[274,192,201,238,265,206,15],"product_tag":[],"class_list":{"0":"post-26433","1":"product","2":"type-product","3":"status-publish","4":"has-post-thumbnail","6":"product_cat-ard-al-zaafaran","7":"product_cat-femmes-parfums-occidentaux","8":"product_cat-parfum-femme","9":"product_cat-parfum-oud","10":"product_cat-parfum-patchouli","11":"product_cat-parfum-rose","12":"product_cat-parfums-de-dubai","14":"first","15":"instock","16":"taxable","17":"shipping-taxable","18":"purchasable","19":"product-type-simple"},"yoast_head":"<!-- This site is optimized with the Yoast SEO plugin v27.5 - https:\/\/yoast.com\/product\/yoast-seo-wordpress\/ -->\n<title>Bab Al Wardi | Eau de parfum f\u00e9minine 100ml | Ard Al Zaafaran<\/title>\n<meta name=\"description\" content=\"Bab Al Wardi par Ard Al Zaafaran\u00a0est un parfum captivant qui s\u00e9duit les amateurs de parfums floraux. Adoptez-l\u00e0 sans plus attendre !\" \/>\n<meta name=\"robots\" content=\"index, follow, max-snippet:-1, max-image-preview:large, max-video-preview:-1\" \/>\n<link rel=\"canonical\" href=\"https:\/\/lescollectionsprivees.com\/pt\/fragrancia\/bab-al-wardi-eau-de-parfum\/\" \/>\n<meta property=\"og:locale\" content=\"pt_PT\" \/>\n<meta property=\"og:type\" content=\"article\" \/>\n<meta property=\"og:title\" content=\"Bab Al Wardi | Eau de parfum f\u00e9minine 100ml | Ard Al Zaafaran\" \/>\n<meta property=\"og:description\" content=\"Bab Al Wardi par Ard Al Zaafaran\u00a0est un parfum captivant qui s\u00e9duit les amateurs de parfums floraux. Adoptez-l\u00e0 sans plus attendre !\" \/>\n<meta property=\"og:url\" content=\"https:\/\/lescollectionsprivees.com\/pt\/fragrancia\/bab-al-wardi-eau-de-parfum\/\" \/>\n<meta property=\"og:site_name\" content=\"Les Collections Priv\u00e9es\" \/>\n<meta property=\"article:modified_time\" content=\"2023-10-18T13:51:53+00:00\" \/>\n<meta property=\"og:image\" content=\"https:\/\/lescollectionsprivees.com\/wp-content\/uploads\/2023\/10\/bab-al-wardi-ard-al-zaafaran.jpg\" \/>\n\t<meta property=\"og:image:width\" content=\"600\" \/>\n\t<meta property=\"og:image:height\" content=\"600\" \/>\n\t<meta property=\"og:image:type\" content=\"image\/jpeg\" \/>\n<meta name=\"twitter:card\" content=\"summary_large_image\" \/>\n<meta name=\"twitter:label1\" content=\"Tempo estimado de leitura\" \/>\n\t<meta name=\"twitter:data1\" content=\"2 minutos\" \/>\n<script type=\"application\/ld+json\" class=\"yoast-schema-graph\">{\"@context\":\"https:\\\/\\\/schema.org\",\"@graph\":[{\"@type\":\"WebPage\",\"@id\":\"https:\\\/\\\/lescollectionsprivees.com\\\/parfum\\\/eau-de-parfum-bab-al-wardi\\\/\",\"url\":\"https:\\\/\\\/lescollectionsprivees.com\\\/parfum\\\/eau-de-parfum-bab-al-wardi\\\/\",\"name\":\"Bab Al Wardi | Eau de parfum f\u00e9minine 100ml | Ard Al Zaafaran\",\"isPartOf\":{\"@id\":\"https:\\\/\\\/lescollectionsprivees.com\\\/#website\"},\"primaryImageOfPage\":{\"@id\":\"https:\\\/\\\/lescollectionsprivees.com\\\/parfum\\\/eau-de-parfum-bab-al-wardi\\\/#primaryimage\"},\"image\":{\"@id\":\"https:\\\/\\\/lescollectionsprivees.com\\\/parfum\\\/eau-de-parfum-bab-al-wardi\\\/#primaryimage\"},\"thumbnailUrl\":\"https:\\\/\\\/lescollectionsprivees.com\\\/wp-content\\\/uploads\\\/2023\\\/10\\\/bab-al-wardi-ard-al-zaafaran.jpg\",\"datePublished\":\"2023-10-18T13:51:52+00:00\",\"dateModified\":\"2023-10-18T13:51:53+00:00\",\"description\":\"Bab Al Wardi par Ard Al Zaafaran\u00a0est un parfum captivant qui s\u00e9duit les amateurs de parfums floraux. Adoptez-l\u00e0 sans plus attendre !\",\"breadcrumb\":{\"@id\":\"https:\\\/\\\/lescollectionsprivees.com\\\/parfum\\\/eau-de-parfum-bab-al-wardi\\\/#breadcrumb\"},\"inLanguage\":\"pt-PT\",\"potentialAction\":[{\"@type\":\"ReadAction\",\"target\":[\"https:\\\/\\\/lescollectionsprivees.com\\\/parfum\\\/eau-de-parfum-bab-al-wardi\\\/\"]}]},{\"@type\":\"ImageObject\",\"inLanguage\":\"pt-PT\",\"@id\":\"https:\\\/\\\/lescollectionsprivees.com\\\/parfum\\\/eau-de-parfum-bab-al-wardi\\\/#primaryimage\",\"url\":\"https:\\\/\\\/lescollectionsprivees.com\\\/wp-content\\\/uploads\\\/2023\\\/10\\\/bab-al-wardi-ard-al-zaafaran.jpg\",\"contentUrl\":\"https:\\\/\\\/lescollectionsprivees.com\\\/wp-content\\\/uploads\\\/2023\\\/10\\\/bab-al-wardi-ard-al-zaafaran.jpg\",\"width\":600,\"height\":600,\"caption\":\"Eau de parfum Bab Al Wardi 100ml \u2013 Ard Al Zaafaran\"},{\"@type\":\"BreadcrumbList\",\"@id\":\"https:\\\/\\\/lescollectionsprivees.com\\\/parfum\\\/eau-de-parfum-bab-al-wardi\\\/#breadcrumb\",\"itemListElement\":[{\"@type\":\"ListItem\",\"position\":1,\"name\":\"Accueil\",\"item\":\"https:\\\/\\\/lescollectionsprivees.com\\\/\"},{\"@type\":\"ListItem\",\"position\":2,\"name\":\"Boutique\",\"item\":\"https:\\\/\\\/lescollectionsprivees.com\\\/boutique\\\/\"},{\"@type\":\"ListItem\",\"position\":3,\"name\":\"Eau de parfum Bab Al Wardi 100ml \u2013 Ard Al Zaafaran\"}]},{\"@type\":\"WebSite\",\"@id\":\"https:\\\/\\\/lescollectionsprivees.com\\\/#website\",\"url\":\"https:\\\/\\\/lescollectionsprivees.com\\\/\",\"name\":\"Les Collections Priv\u00e9es\",\"description\":\"\",\"publisher\":{\"@id\":\"https:\\\/\\\/lescollectionsprivees.com\\\/#organization\"},\"potentialAction\":[{\"@type\":\"SearchAction\",\"target\":{\"@type\":\"EntryPoint\",\"urlTemplate\":\"https:\\\/\\\/lescollectionsprivees.com\\\/?s={search_term_string}\"},\"query-input\":{\"@type\":\"PropertyValueSpecification\",\"valueRequired\":true,\"valueName\":\"search_term_string\"}}],\"inLanguage\":\"pt-PT\"},{\"@type\":\"Organization\",\"@id\":\"https:\\\/\\\/lescollectionsprivees.com\\\/#organization\",\"name\":\"Les Collections Priv\u00e9es\",\"url\":\"https:\\\/\\\/lescollectionsprivees.com\\\/\",\"logo\":{\"@type\":\"ImageObject\",\"inLanguage\":\"pt-PT\",\"@id\":\"https:\\\/\\\/lescollectionsprivees.com\\\/#\\\/schema\\\/logo\\\/image\\\/\",\"url\":\"https:\\\/\\\/lescollectionsprivees.com\\\/wp-content\\\/uploads\\\/2020\\\/02\\\/Logo-Les-Collections-Priv\u00e9es-450x450-1.png\",\"contentUrl\":\"https:\\\/\\\/lescollectionsprivees.com\\\/wp-content\\\/uploads\\\/2020\\\/02\\\/Logo-Les-Collections-Priv\u00e9es-450x450-1.png\",\"width\":450,\"height\":450,\"caption\":\"Les Collections Priv\u00e9es\"},\"image\":{\"@id\":\"https:\\\/\\\/lescollectionsprivees.com\\\/#\\\/schema\\\/logo\\\/image\\\/\"}}]}<\/script>\n<!-- \/ Yoast SEO plugin. -->","yoast_head_json":{"title":"Bab Al Wardi | Eau de parfum para mulher 100ml | Ard Al Zaafaran","description":"Bab Al Wardi de Ard Al Zaafaran \u00e9 uma fragr\u00e2ncia cativante que ir\u00e1 agradar aos amantes de aromas florais. Adopte-o sem mais demoras!","robots":{"index":"index","follow":"follow","max-snippet":"max-snippet:-1","max-image-preview":"max-image-preview:large","max-video-preview":"max-video-preview:-1"},"canonical":"https:\/\/lescollectionsprivees.com\/pt\/fragrancia\/bab-al-wardi-eau-de-parfum\/","og_locale":"pt_PT","og_type":"article","og_title":"Bab Al Wardi | Eau de parfum f\u00e9minine 100ml | Ard Al Zaafaran","og_description":"Bab Al Wardi par Ard Al Zaafaran\u00a0est un parfum captivant qui s\u00e9duit les amateurs de parfums floraux. Adoptez-l\u00e0 sans plus attendre !","og_url":"https:\/\/lescollectionsprivees.com\/pt\/fragrancia\/bab-al-wardi-eau-de-parfum\/","og_site_name":"Les Collections Priv\u00e9es","article_modified_time":"2023-10-18T13:51:53+00:00","og_image":[{"width":600,"height":600,"url":"https:\/\/lescollectionsprivees.com\/wp-content\/uploads\/2023\/10\/bab-al-wardi-ard-al-zaafaran.jpg","type":"image\/jpeg"}],"twitter_card":"summary_large_image","twitter_misc":{"Tempo estimado de leitura":"2 minutos"},"schema":{"@context":"https:\/\/schema.org","@graph":[{"@type":"WebPage","@id":"https:\/\/lescollectionsprivees.com\/parfum\/eau-de-parfum-bab-al-wardi\/","url":"https:\/\/lescollectionsprivees.com\/parfum\/eau-de-parfum-bab-al-wardi\/","name":"Bab Al Wardi | Eau de parfum para mulher 100ml | Ard Al Zaafaran","isPartOf":{"@id":"https:\/\/lescollectionsprivees.com\/#website"},"primaryImageOfPage":{"@id":"https:\/\/lescollectionsprivees.com\/parfum\/eau-de-parfum-bab-al-wardi\/#primaryimage"},"image":{"@id":"https:\/\/lescollectionsprivees.com\/parfum\/eau-de-parfum-bab-al-wardi\/#primaryimage"},"thumbnailUrl":"https:\/\/lescollectionsprivees.com\/wp-content\/uploads\/2023\/10\/bab-al-wardi-ard-al-zaafaran.jpg","datePublished":"2023-10-18T13:51:52+00:00","dateModified":"2023-10-18T13:51:53+00:00","description":"Bab Al Wardi de Ard Al Zaafaran \u00e9 uma fragr\u00e2ncia cativante que ir\u00e1 agradar aos amantes de aromas florais. Adopte-o sem mais demoras!","breadcrumb":{"@id":"https:\/\/lescollectionsprivees.com\/parfum\/eau-de-parfum-bab-al-wardi\/#breadcrumb"},"inLanguage":"pt-PT","potentialAction":[{"@type":"ReadAction","target":["https:\/\/lescollectionsprivees.com\/parfum\/eau-de-parfum-bab-al-wardi\/"]}]},{"@type":"ImageObject","inLanguage":"pt-PT","@id":"https:\/\/lescollectionsprivees.com\/parfum\/eau-de-parfum-bab-al-wardi\/#primaryimage","url":"https:\/\/lescollectionsprivees.com\/wp-content\/uploads\/2023\/10\/bab-al-wardi-ard-al-zaafaran.jpg","contentUrl":"https:\/\/lescollectionsprivees.com\/wp-content\/uploads\/2023\/10\/bab-al-wardi-ard-al-zaafaran.jpg","width":600,"height":600,"caption":"Eau de parfum Bab Al Wardi 100ml \u2013 Ard Al Zaafaran"},{"@type":"BreadcrumbList","@id":"https:\/\/lescollectionsprivees.com\/parfum\/eau-de-parfum-bab-al-wardi\/#breadcrumb","itemListElement":[{"@type":"ListItem","position":1,"name":"Accueil","item":"https:\/\/lescollectionsprivees.com\/"},{"@type":"ListItem","position":2,"name":"Boutique","item":"https:\/\/lescollectionsprivees.com\/boutique\/"},{"@type":"ListItem","position":3,"name":"Eau de parfum Bab Al Wardi 100ml \u2013 Ard Al Zaafaran"}]},{"@type":"WebSite","@id":"https:\/\/lescollectionsprivees.com\/#website","url":"https:\/\/lescollectionsprivees.com\/","name":"Colec\u00e7\u00f5es privadas","description":"","publisher":{"@id":"https:\/\/lescollectionsprivees.com\/#organization"},"potentialAction":[{"@type":"SearchAction","target":{"@type":"EntryPoint","urlTemplate":"https:\/\/lescollectionsprivees.com\/?s={search_term_string}"},"query-input":{"@type":"PropertyValueSpecification","valueRequired":true,"valueName":"search_term_string"}}],"inLanguage":"pt-PT"},{"@type":"Organization","@id":"https:\/\/lescollectionsprivees.com\/#organization","name":"Colec\u00e7\u00f5es privadas","url":"https:\/\/lescollectionsprivees.com\/","logo":{"@type":"ImageObject","inLanguage":"pt-PT","@id":"https:\/\/lescollectionsprivees.com\/#\/schema\/logo\/image\/","url":"https:\/\/lescollectionsprivees.com\/wp-content\/uploads\/2020\/02\/Logo-Les-Collections-Priv\u00e9es-450x450-1.png","contentUrl":"https:\/\/lescollectionsprivees.com\/wp-content\/uploads\/2020\/02\/Logo-Les-Collections-Priv\u00e9es-450x450-1.png","width":450,"height":450,"caption":"Les Collections Priv\u00e9es"},"image":{"@id":"https:\/\/lescollectionsprivees.com\/#\/schema\/logo\/image\/"}}]}},"_links":{"self":[{"href":"https:\/\/lescollectionsprivees.com\/pt\/wp-json\/wp\/v2\/product\/26433","targetHints":{"allow":["GET"]}}],"collection":[{"href":"https:\/\/lescollectionsprivees.com\/pt\/wp-json\/wp\/v2\/product"}],"about":[{"href":"https:\/\/lescollectionsprivees.com\/pt\/wp-json\/wp\/v2\/types\/product"}],"wp:featuredmedia":[{"embeddable":true,"href":"https:\/\/lescollectionsprivees.com\/pt\/wp-json\/wp\/v2\/media\/26431"}],"wp:attachment":[{"href":"https:\/\/lescollectionsprivees.com\/pt\/wp-json\/wp\/v2\/media?parent=26433"}],"wp:term":[{"taxonomy":"product_brand","embeddable":true,"href":"https:\/\/lescollectionsprivees.com\/pt\/wp-json\/wp\/v2\/product_brand?post=26433"},{"taxonomy":"product_cat","embeddable":true,"href":"https:\/\/lescollectionsprivees.com\/pt\/wp-json\/wp\/v2\/product_cat?post=26433"},{"taxonomy":"product_tag","embeddable":true,"href":"https:\/\/lescollectionsprivees.com\/pt\/wp-json\/wp\/v2\/product_tag?post=26433"}],"curies":[{"name":"wp","href":"https:\/\/api.w.org\/{rel}","templated":true}]}}