{"id":26664,"date":"2023-11-08T09:03:53","date_gmt":"2023-11-08T09:03:53","guid":{"rendered":"https:\/\/lescollectionsprivees.com\/?post_type=product&#038;p=26664"},"modified":"2024-08-24T10:13:07","modified_gmt":"2024-08-24T10:13:07","slug":"asateer-eau-de-parfum","status":"publish","type":"product","link":"https:\/\/lescollectionsprivees.com\/pt\/parfum\/eau-de-parfum-asateer\/","title":{"rendered":"Asateer Eau de Parfum 100ml - Nabeel Perfumes"},"content":{"rendered":"<p>Deixe-se seduzir por esta fragr\u00e2ncia que tem tanto de sedutora como de cativante. De facto<strong>Asateer eau de parfum<\/strong>\u00a0\u00e9 uma cria\u00e7\u00e3o\u00a0<strong>deliciosamente complexo, despertando os nossos sentidos at\u00e9 \u00e0 \u00faltima gota.<\/strong>\u00a0Vamos apresentar-lhe esta fragr\u00e2ncia absolutamente refinada sem mais demoras.<\/p>\n<h2><strong>Parta \u00e0 aventura com esta cria\u00e7\u00e3o da Nabeel Perfumes<\/strong><\/h2>\n<p>Ao leme desta sedutora viagem olfactiva est\u00e1 uma casa de perfumaria\u00a0<strong>eloquentemente nobre. E de uma qualidade deslumbrante.\u00a0<\/strong><\/p>\n<p>De facto, a Nabeel Perfumes \u00e9\u00a0<strong>saber-fazer ancestral em perfumaria oriental.<\/strong>\u00a0<strong>Um ajuste moderno e inovador<\/strong>\u00a0sedutora.<\/p>\n<p>Escolher a Nabeel \u00e9 uma garantia de qualidade e de del\u00edcias. Por isso, n\u00e3o demore a descobrir\u00a0<strong>Asateer, reflectindo a preciosidade destas j\u00f3ias perfumadas.<\/strong><\/p>\n<h2><strong>Asateer eau de parfum: quando complexidade rima com sensualidade<\/strong><\/h2>\n<p>O rasto deste elixir memor\u00e1vel leva-o numa viagem de\u00a0<strong>aromas frescos, selvagens e suaves.<\/strong>\u00a0E com raz\u00e3o, esta excelente composi\u00e7\u00e3o baseia-se em\u00a0<strong>notas de acidez, flores e alm\u00edscar.<\/strong>\u00a0\u00c9 um cocktail que nos vai transportar com aromas de todo o mundo.<\/p>\n<p>Nas primeiras notas de Asateer, descobrimos\u00a0<strong>aromas de citrinos, toranja, tuberosa e neroli.<\/strong>\u00a0Depois, um toque de especiarias anuncia o cora\u00e7\u00e3o saboroso desta fragr\u00e2ncia requintada. As notas de cora\u00e7\u00e3o s\u00e3o a mistura perfeita de flores preciosas e frutos ex\u00f3ticos. Como \u00e9\u00a0<strong>jasmim, magn\u00f3lia, pe\u00f3nia rosa, flor de laranjeira e lichia.<\/strong>\u00a0Por fim, derretemo-nos na conclus\u00e3o sensual desta maravilha.\u00a0<strong>Oud, \u00e2mbar almiscarado e mate<\/strong>\u00a0nos regalar com\u00a0<strong>a sua vol\u00fapia e tenacidade!\u00a0<\/strong><\/p>\n<h3><strong>Prolongar o prazer com a nossa sele\u00e7\u00e3o Nabeel<\/strong><\/h3>\n<p>Se quiser descobrir os outros tesouros que selecion\u00e1mos para si do perfumista Nabeel, n\u00e3o perca a categoria dedicada a ele na nossa boutique. Aqui poder\u00e1 saborear outras pepitas preciosas. Entre elas<strong>\u00e1gua de col\u00f3nia<\/strong>\u00a0<strong><a href=\"https:\/\/lescollectionsprivees.com\/pt\/fragrancia\/eau-de-parfum-dahn-al-oud\/\">Dahn al oud<\/a>, <a href=\"https:\/\/lescollectionsprivees.com\/pt\/fragrancia\/maghateer-eau-de-parfum\/\">Maghateer<\/a> ou mesmo <a href=\"https:\/\/lescollectionsprivees.com\/pt\/fragrancia\/eau-de-parfum-al-bashiq\/\">Al Bashiq<\/a>.\u00a0<\/strong><\/p>","protected":false},"excerpt":{"rendered":"<p><strong>Notas olfactivas :<\/strong><\/p>\n<p><strong>Notas de topo<\/strong> Cashmeran, Couro, Pamplewood, Tuberosa, A\u00e7afr\u00e3o, Neroli, Notas marinhas e c\u00edtricas<br \/>\n<strong>Notas de cora\u00e7\u00e3o<\/strong> Flor de laranjeira, Magn\u00f3lia, Papiro, Oud, Pe\u00f3nia rosa, Jasmim e Litchi<br \/>\n<strong>Notas de base<\/strong> \u00c2mbar, alm\u00edscar e mate.<\/p>","protected":false},"featured_media":26669,"template":"","meta":[],"product_brand":[],"product_cat":[278,203,201,202,265,208],"product_tag":[],"class_list":{"0":"post-26664","1":"product","2":"type-product","3":"status-publish","4":"has-post-thumbnail","6":"product_cat-nabeel-perfumes","7":"product_cat-parfum-ambre","8":"product_cat-parfum-femme","9":"product_cat-parfum-homme","10":"product_cat-parfum-patchouli","11":"product_cat-parfum-vanille","13":"first","14":"instock","15":"taxable","16":"shipping-taxable","17":"purchasable","18":"product-type-simple"},"yoast_head":"<!-- This site is optimized with the Yoast SEO plugin v27.5 - https:\/\/yoast.com\/product\/yoast-seo-wordpress\/ -->\n<title>Asateer | Eau de parfum 100ml | Nabeel Perfumes<\/title>\n<meta name=\"description\" content=\"L&#039;eau de parfum Asateer\u00a0est une cr\u00e9ation\u00a0d\u00e9licieusement complexe qui \u00e9veille nos sens jusqu&#039;aux derni\u00e8res gouttelettes. Adoptez-l\u00e0 !\" \/>\n<meta name=\"robots\" content=\"index, follow, max-snippet:-1, max-image-preview:large, max-video-preview:-1\" \/>\n<link rel=\"canonical\" href=\"https:\/\/lescollectionsprivees.com\/pt\/fragrancia\/asateer-eau-de-parfum\/\" \/>\n<meta property=\"og:locale\" content=\"pt_PT\" \/>\n<meta property=\"og:type\" content=\"article\" \/>\n<meta property=\"og:title\" content=\"Asateer | Eau de parfum 100ml | Nabeel Perfumes\" \/>\n<meta property=\"og:description\" content=\"L&#039;eau de parfum Asateer\u00a0est une cr\u00e9ation\u00a0d\u00e9licieusement complexe qui \u00e9veille nos sens jusqu&#039;aux derni\u00e8res gouttelettes. Adoptez-l\u00e0 !\" \/>\n<meta property=\"og:url\" content=\"https:\/\/lescollectionsprivees.com\/pt\/fragrancia\/asateer-eau-de-parfum\/\" \/>\n<meta property=\"og:site_name\" content=\"Les Collections Priv\u00e9es\" \/>\n<meta property=\"article:modified_time\" content=\"2024-08-24T10:13:07+00:00\" \/>\n<meta property=\"og:image\" content=\"https:\/\/lescollectionsprivees.com\/wp-content\/uploads\/2023\/11\/Eau-de-parfum-Asateer-100ml-Nabeel-Perfumes.jpg\" \/>\n\t<meta property=\"og:image:width\" content=\"600\" \/>\n\t<meta property=\"og:image:height\" content=\"600\" \/>\n\t<meta property=\"og:image:type\" content=\"image\/jpeg\" \/>\n<meta name=\"twitter:card\" content=\"summary_large_image\" \/>\n<meta name=\"twitter:label1\" content=\"Tempo estimado de leitura\" \/>\n\t<meta name=\"twitter:data1\" content=\"2 minutos\" \/>\n<script type=\"application\/ld+json\" class=\"yoast-schema-graph\">{\"@context\":\"https:\\\/\\\/schema.org\",\"@graph\":[{\"@type\":\"WebPage\",\"@id\":\"https:\\\/\\\/lescollectionsprivees.com\\\/parfum\\\/eau-de-parfum-asateer\\\/\",\"url\":\"https:\\\/\\\/lescollectionsprivees.com\\\/parfum\\\/eau-de-parfum-asateer\\\/\",\"name\":\"Asateer | Eau de parfum 100ml | Nabeel Perfumes\",\"isPartOf\":{\"@id\":\"https:\\\/\\\/lescollectionsprivees.com\\\/#website\"},\"primaryImageOfPage\":{\"@id\":\"https:\\\/\\\/lescollectionsprivees.com\\\/parfum\\\/eau-de-parfum-asateer\\\/#primaryimage\"},\"image\":{\"@id\":\"https:\\\/\\\/lescollectionsprivees.com\\\/parfum\\\/eau-de-parfum-asateer\\\/#primaryimage\"},\"thumbnailUrl\":\"https:\\\/\\\/lescollectionsprivees.com\\\/wp-content\\\/uploads\\\/2023\\\/11\\\/Eau-de-parfum-Asateer-100ml-Nabeel-Perfumes.jpg\",\"datePublished\":\"2023-11-08T09:03:53+00:00\",\"dateModified\":\"2024-08-24T10:13:07+00:00\",\"description\":\"L'eau de parfum Asateer\u00a0est une cr\u00e9ation\u00a0d\u00e9licieusement complexe qui \u00e9veille nos sens jusqu'aux derni\u00e8res gouttelettes. Adoptez-l\u00e0 !\",\"breadcrumb\":{\"@id\":\"https:\\\/\\\/lescollectionsprivees.com\\\/parfum\\\/eau-de-parfum-asateer\\\/#breadcrumb\"},\"inLanguage\":\"pt-PT\",\"potentialAction\":[{\"@type\":\"ReadAction\",\"target\":[\"https:\\\/\\\/lescollectionsprivees.com\\\/parfum\\\/eau-de-parfum-asateer\\\/\"]}]},{\"@type\":\"ImageObject\",\"inLanguage\":\"pt-PT\",\"@id\":\"https:\\\/\\\/lescollectionsprivees.com\\\/parfum\\\/eau-de-parfum-asateer\\\/#primaryimage\",\"url\":\"https:\\\/\\\/lescollectionsprivees.com\\\/wp-content\\\/uploads\\\/2023\\\/11\\\/Eau-de-parfum-Asateer-100ml-Nabeel-Perfumes.jpg\",\"contentUrl\":\"https:\\\/\\\/lescollectionsprivees.com\\\/wp-content\\\/uploads\\\/2023\\\/11\\\/Eau-de-parfum-Asateer-100ml-Nabeel-Perfumes.jpg\",\"width\":600,\"height\":600,\"caption\":\"Eau de parfum Asateer 100ml - Nabeel Perfumes\"},{\"@type\":\"BreadcrumbList\",\"@id\":\"https:\\\/\\\/lescollectionsprivees.com\\\/parfum\\\/eau-de-parfum-asateer\\\/#breadcrumb\",\"itemListElement\":[{\"@type\":\"ListItem\",\"position\":1,\"name\":\"Accueil\",\"item\":\"https:\\\/\\\/lescollectionsprivees.com\\\/\"},{\"@type\":\"ListItem\",\"position\":2,\"name\":\"Boutique\",\"item\":\"https:\\\/\\\/lescollectionsprivees.com\\\/boutique\\\/\"},{\"@type\":\"ListItem\",\"position\":3,\"name\":\"Eau de parfum Asateer 100ml &#8211; Nabeel Perfumes\"}]},{\"@type\":\"WebSite\",\"@id\":\"https:\\\/\\\/lescollectionsprivees.com\\\/#website\",\"url\":\"https:\\\/\\\/lescollectionsprivees.com\\\/\",\"name\":\"Les Collections Priv\u00e9es\",\"description\":\"\",\"publisher\":{\"@id\":\"https:\\\/\\\/lescollectionsprivees.com\\\/#organization\"},\"potentialAction\":[{\"@type\":\"SearchAction\",\"target\":{\"@type\":\"EntryPoint\",\"urlTemplate\":\"https:\\\/\\\/lescollectionsprivees.com\\\/?s={search_term_string}\"},\"query-input\":{\"@type\":\"PropertyValueSpecification\",\"valueRequired\":true,\"valueName\":\"search_term_string\"}}],\"inLanguage\":\"pt-PT\"},{\"@type\":\"Organization\",\"@id\":\"https:\\\/\\\/lescollectionsprivees.com\\\/#organization\",\"name\":\"Les Collections Priv\u00e9es\",\"url\":\"https:\\\/\\\/lescollectionsprivees.com\\\/\",\"logo\":{\"@type\":\"ImageObject\",\"inLanguage\":\"pt-PT\",\"@id\":\"https:\\\/\\\/lescollectionsprivees.com\\\/#\\\/schema\\\/logo\\\/image\\\/\",\"url\":\"https:\\\/\\\/lescollectionsprivees.com\\\/wp-content\\\/uploads\\\/2020\\\/02\\\/Logo-Les-Collections-Priv\u00e9es-450x450-1.png\",\"contentUrl\":\"https:\\\/\\\/lescollectionsprivees.com\\\/wp-content\\\/uploads\\\/2020\\\/02\\\/Logo-Les-Collections-Priv\u00e9es-450x450-1.png\",\"width\":450,\"height\":450,\"caption\":\"Les Collections Priv\u00e9es\"},\"image\":{\"@id\":\"https:\\\/\\\/lescollectionsprivees.com\\\/#\\\/schema\\\/logo\\\/image\\\/\"}}]}<\/script>\n<!-- \/ Yoast SEO plugin. -->","yoast_head_json":{"title":"Asateer | Eau de parfum 100ml | Nabeel Perfumes","description":"Asateer eau de parfum \u00e9 uma cria\u00e7\u00e3o deliciosamente complexa que desperta os nossos sentidos at\u00e9 \u00e0 \u00faltima gota. Fa\u00e7a-o voc\u00ea mesmo!","robots":{"index":"index","follow":"follow","max-snippet":"max-snippet:-1","max-image-preview":"max-image-preview:large","max-video-preview":"max-video-preview:-1"},"canonical":"https:\/\/lescollectionsprivees.com\/pt\/fragrancia\/asateer-eau-de-parfum\/","og_locale":"pt_PT","og_type":"article","og_title":"Asateer | Eau de parfum 100ml | Nabeel Perfumes","og_description":"L'eau de parfum Asateer\u00a0est une cr\u00e9ation\u00a0d\u00e9licieusement complexe qui \u00e9veille nos sens jusqu'aux derni\u00e8res gouttelettes. Adoptez-l\u00e0 !","og_url":"https:\/\/lescollectionsprivees.com\/pt\/fragrancia\/asateer-eau-de-parfum\/","og_site_name":"Les Collections Priv\u00e9es","article_modified_time":"2024-08-24T10:13:07+00:00","og_image":[{"width":600,"height":600,"url":"https:\/\/lescollectionsprivees.com\/wp-content\/uploads\/2023\/11\/Eau-de-parfum-Asateer-100ml-Nabeel-Perfumes.jpg","type":"image\/jpeg"}],"twitter_card":"summary_large_image","twitter_misc":{"Tempo estimado de leitura":"2 minutos"},"schema":{"@context":"https:\/\/schema.org","@graph":[{"@type":"WebPage","@id":"https:\/\/lescollectionsprivees.com\/parfum\/eau-de-parfum-asateer\/","url":"https:\/\/lescollectionsprivees.com\/parfum\/eau-de-parfum-asateer\/","name":"Asateer | Eau de parfum 100ml | Nabeel Perfumes","isPartOf":{"@id":"https:\/\/lescollectionsprivees.com\/#website"},"primaryImageOfPage":{"@id":"https:\/\/lescollectionsprivees.com\/parfum\/eau-de-parfum-asateer\/#primaryimage"},"image":{"@id":"https:\/\/lescollectionsprivees.com\/parfum\/eau-de-parfum-asateer\/#primaryimage"},"thumbnailUrl":"https:\/\/lescollectionsprivees.com\/wp-content\/uploads\/2023\/11\/Eau-de-parfum-Asateer-100ml-Nabeel-Perfumes.jpg","datePublished":"2023-11-08T09:03:53+00:00","dateModified":"2024-08-24T10:13:07+00:00","description":"Asateer eau de parfum \u00e9 uma cria\u00e7\u00e3o deliciosamente complexa que desperta os nossos sentidos at\u00e9 \u00e0 \u00faltima gota. Fa\u00e7a-o voc\u00ea mesmo!","breadcrumb":{"@id":"https:\/\/lescollectionsprivees.com\/parfum\/eau-de-parfum-asateer\/#breadcrumb"},"inLanguage":"pt-PT","potentialAction":[{"@type":"ReadAction","target":["https:\/\/lescollectionsprivees.com\/parfum\/eau-de-parfum-asateer\/"]}]},{"@type":"ImageObject","inLanguage":"pt-PT","@id":"https:\/\/lescollectionsprivees.com\/parfum\/eau-de-parfum-asateer\/#primaryimage","url":"https:\/\/lescollectionsprivees.com\/wp-content\/uploads\/2023\/11\/Eau-de-parfum-Asateer-100ml-Nabeel-Perfumes.jpg","contentUrl":"https:\/\/lescollectionsprivees.com\/wp-content\/uploads\/2023\/11\/Eau-de-parfum-Asateer-100ml-Nabeel-Perfumes.jpg","width":600,"height":600,"caption":"Eau de parfum Asateer 100ml - Nabeel Perfumes"},{"@type":"BreadcrumbList","@id":"https:\/\/lescollectionsprivees.com\/parfum\/eau-de-parfum-asateer\/#breadcrumb","itemListElement":[{"@type":"ListItem","position":1,"name":"Accueil","item":"https:\/\/lescollectionsprivees.com\/"},{"@type":"ListItem","position":2,"name":"Boutique","item":"https:\/\/lescollectionsprivees.com\/boutique\/"},{"@type":"ListItem","position":3,"name":"Eau de parfum Asateer 100ml &#8211; Nabeel Perfumes"}]},{"@type":"WebSite","@id":"https:\/\/lescollectionsprivees.com\/#website","url":"https:\/\/lescollectionsprivees.com\/","name":"Colec\u00e7\u00f5es privadas","description":"","publisher":{"@id":"https:\/\/lescollectionsprivees.com\/#organization"},"potentialAction":[{"@type":"SearchAction","target":{"@type":"EntryPoint","urlTemplate":"https:\/\/lescollectionsprivees.com\/?s={search_term_string}"},"query-input":{"@type":"PropertyValueSpecification","valueRequired":true,"valueName":"search_term_string"}}],"inLanguage":"pt-PT"},{"@type":"Organization","@id":"https:\/\/lescollectionsprivees.com\/#organization","name":"Colec\u00e7\u00f5es privadas","url":"https:\/\/lescollectionsprivees.com\/","logo":{"@type":"ImageObject","inLanguage":"pt-PT","@id":"https:\/\/lescollectionsprivees.com\/#\/schema\/logo\/image\/","url":"https:\/\/lescollectionsprivees.com\/wp-content\/uploads\/2020\/02\/Logo-Les-Collections-Priv\u00e9es-450x450-1.png","contentUrl":"https:\/\/lescollectionsprivees.com\/wp-content\/uploads\/2020\/02\/Logo-Les-Collections-Priv\u00e9es-450x450-1.png","width":450,"height":450,"caption":"Les Collections Priv\u00e9es"},"image":{"@id":"https:\/\/lescollectionsprivees.com\/#\/schema\/logo\/image\/"}}]}},"_links":{"self":[{"href":"https:\/\/lescollectionsprivees.com\/pt\/wp-json\/wp\/v2\/product\/26664","targetHints":{"allow":["GET"]}}],"collection":[{"href":"https:\/\/lescollectionsprivees.com\/pt\/wp-json\/wp\/v2\/product"}],"about":[{"href":"https:\/\/lescollectionsprivees.com\/pt\/wp-json\/wp\/v2\/types\/product"}],"wp:featuredmedia":[{"embeddable":true,"href":"https:\/\/lescollectionsprivees.com\/pt\/wp-json\/wp\/v2\/media\/26669"}],"wp:attachment":[{"href":"https:\/\/lescollectionsprivees.com\/pt\/wp-json\/wp\/v2\/media?parent=26664"}],"wp:term":[{"taxonomy":"product_brand","embeddable":true,"href":"https:\/\/lescollectionsprivees.com\/pt\/wp-json\/wp\/v2\/product_brand?post=26664"},{"taxonomy":"product_cat","embeddable":true,"href":"https:\/\/lescollectionsprivees.com\/pt\/wp-json\/wp\/v2\/product_cat?post=26664"},{"taxonomy":"product_tag","embeddable":true,"href":"https:\/\/lescollectionsprivees.com\/pt\/wp-json\/wp\/v2\/product_tag?post=26664"}],"curies":[{"name":"wp","href":"https:\/\/api.w.org\/{rel}","templated":true}]}}