{"id":27029,"date":"2023-11-30T18:32:41","date_gmt":"2023-11-30T18:32:41","guid":{"rendered":"https:\/\/lescollectionsprivees.com\/?post_type=product&#038;p=27029"},"modified":"2024-03-22T01:06:58","modified_gmt":"2024-03-22T01:06:58","slug":"cotton-wardi-eau-de-parfum","status":"publish","type":"product","link":"https:\/\/lescollectionsprivees.com\/pt\/parfum\/eau-de-parfum-cotton-wardi\/","title":{"rendered":"Cotton Wardi Eau de Parfum 100ml - Mamlakat Al Oud"},"content":{"rendered":"<p>Cotton Wardi eau de parfum \u00e9 um\u00a0<strong>fragr\u00e2ncia oriental<\/strong>\u00a0que capta a verdadeira ess\u00eancia da feminilidade. Com as suas notas sedutoras e o seu charme irresist\u00edvel, esta fragr\u00e2ncia personifica a eleg\u00e2ncia e a sofistica\u00e7\u00e3o.<\/p>\n<p>Descubra uma fragr\u00e2ncia cheia de surpresas que a transportar\u00e1 para um mundo de sensualidade e mist\u00e9rio.<\/p>\n<h2><strong>Cotton Wardi: a derradeira fragr\u00e2ncia oriental<\/strong><\/h2>\n<p>Depois do perfume\u00a0<a href=\"https:\/\/lescollectionsprivees.com\/pt\/fragrancia\/eau-de-parfum-cotton-rouge\/\"><strong>Algod\u00e3o Vermelho<\/strong><\/a>Descubra o famoso Cotton Wardi... Uma eau de parfum que encarna na perfei\u00e7\u00e3o a tradi\u00e7\u00e3o oriental.<\/p>\n<p>As notas de topo de groselha preta, pera e bergamota trazem uma frescura frutada e cintilante. De seguida, as notas de cora\u00e7\u00e3o de neroli, jasmim e alm\u00edscar revelam-se gradualmente, acrescentando um aroma fresco, frutado e cintilante.\u00a0<strong>um toque de sensualidade<\/strong>\u00a0e feminilidade \u00e0 fragr\u00e2ncia.<\/p>\n<p>Finalmente, as notas de base como o \u00e2mbar cinzento e a baunilha conferem calor e profundidade ao perfume. E deixam um rasto cativante e memor\u00e1vel.<\/p>\n<h2><strong>Uma fragr\u00e2ncia cheia de surpresas<\/strong><\/h2>\n<p>Esta cria\u00e7\u00e3o \u00e9 uma fragr\u00e2ncia que nunca deixa de surpreender. A sua composi\u00e7\u00e3o complexa e refinada revela diferentes facetas a cada pulveriza\u00e7\u00e3o. As notas frutadas e picantes misturam-se harmoniosamente com os acordes florais, criando um equil\u00edbrio entre a frescura e a do\u00e7ura. Mas as notas de alm\u00edscar acrescentam uma dimens\u00e3o extra. <strong>sensual e misterioso<\/strong>enquanto notas de baunilha d\u00e3o um toque gourmet.<\/p>\n<p>Cada pulveriza\u00e7\u00e3o desta fragr\u00e2ncia \u00e9 uma experi\u00eancia olfactiva \u00fanica, despertando os sentidos e deixando uma impress\u00e3o inesquec\u00edvel.<\/p>\n<h3><strong>Wardi de algod\u00e3o, charme puro<\/strong><\/h3>\n<p>Como j\u00e1 deve ter percebido, o Cotton Wardi \u00e9 puro charme. O seu aroma delicado deixa uma marca indel\u00e9vel na mente. Esta fragr\u00e2ncia \u00e9 a companhia ideal para as mulheres que procuram uma fragr\u00e2ncia que seja simultaneamente elegante e cativante.<\/p>\n<p>Deixe-se transportar por esta fragr\u00e2ncia e deixe-se levar pelos seus sentidos.\u00a0<strong>encanto natural<\/strong>\u00a0brilham intensamente.<\/p>","protected":false},"excerpt":{"rendered":"<p><strong>Notas de Fragr\u00e2ncia :\u00a0<\/strong><\/p>\n<p><strong>Notas de topo :<\/strong> Groselha preta, Pera, Bergamota, Flor de Laranjeira<br \/>\n<strong>Notas de cora\u00e7\u00e3o :<\/strong> Neroli, Jasmim, Alm\u00edscar<br \/>\n<strong>Notas de base :<\/strong> \u00c2mbar cinzento, Baunilha<\/p>\n<p><strong>G\u00e9nero :<\/strong> Feminino<\/p>","protected":false},"featured_media":27033,"template":"","meta":[],"product_brand":[],"product_cat":[285,201,236,208],"product_tag":[],"class_list":{"0":"post-27029","1":"product","2":"type-product","3":"status-publish","4":"has-post-thumbnail","6":"product_cat-mamlakat-al-oud","7":"product_cat-parfum-femme","8":"product_cat-parfum-musque","9":"product_cat-parfum-vanille","11":"first","12":"instock","13":"taxable","14":"shipping-taxable","15":"purchasable","16":"product-type-simple"},"yoast_head":"<!-- This site is optimized with the Yoast SEO plugin v27.5 - https:\/\/yoast.com\/product\/yoast-seo-wordpress\/ -->\n<title>Cotton Wardi | Eau de parfum 100ml | Mamlakat Al Oud<\/title>\n<meta name=\"description\" content=\"L&#039;eau de parfum Cotton Wardi est une\u00a0fragrance orientale\u00a0qui capture l&#039;essence m\u00eame de la f\u00e9minit\u00e9. Adoptez-l\u00e0 rapidement !\" \/>\n<meta name=\"robots\" content=\"index, follow, max-snippet:-1, max-image-preview:large, max-video-preview:-1\" \/>\n<link rel=\"canonical\" href=\"https:\/\/lescollectionsprivees.com\/pt\/fragrancia\/cotton-wardi-eau-de-parfum\/\" \/>\n<meta property=\"og:locale\" content=\"pt_PT\" \/>\n<meta property=\"og:type\" content=\"article\" \/>\n<meta property=\"og:title\" content=\"Cotton Wardi | Eau de parfum 100ml | Mamlakat Al Oud\" \/>\n<meta property=\"og:description\" content=\"L&#039;eau de parfum Cotton Wardi est une\u00a0fragrance orientale\u00a0qui capture l&#039;essence m\u00eame de la f\u00e9minit\u00e9. Adoptez-l\u00e0 rapidement !\" \/>\n<meta property=\"og:url\" content=\"https:\/\/lescollectionsprivees.com\/pt\/fragrancia\/cotton-wardi-eau-de-parfum\/\" \/>\n<meta property=\"og:site_name\" content=\"Les Collections Priv\u00e9es\" \/>\n<meta property=\"article:modified_time\" content=\"2024-03-22T01:06:58+00:00\" \/>\n<meta property=\"og:image\" content=\"https:\/\/lescollectionsprivees.com\/wp-content\/uploads\/2023\/11\/cotton-wardi-eau-de-parfum-mamlakat-el-oud.jpg\" \/>\n\t<meta property=\"og:image:width\" content=\"600\" \/>\n\t<meta property=\"og:image:height\" content=\"600\" \/>\n\t<meta property=\"og:image:type\" content=\"image\/jpeg\" \/>\n<meta name=\"twitter:card\" content=\"summary_large_image\" \/>\n<meta name=\"twitter:label1\" content=\"Tempo estimado de leitura\" \/>\n\t<meta name=\"twitter:data1\" content=\"2 minutos\" \/>\n<script type=\"application\/ld+json\" class=\"yoast-schema-graph\">{\"@context\":\"https:\\\/\\\/schema.org\",\"@graph\":[{\"@type\":\"WebPage\",\"@id\":\"https:\\\/\\\/lescollectionsprivees.com\\\/parfum\\\/eau-de-parfum-cotton-wardi\\\/\",\"url\":\"https:\\\/\\\/lescollectionsprivees.com\\\/parfum\\\/eau-de-parfum-cotton-wardi\\\/\",\"name\":\"Cotton Wardi | Eau de parfum 100ml | Mamlakat Al Oud\",\"isPartOf\":{\"@id\":\"https:\\\/\\\/lescollectionsprivees.com\\\/#website\"},\"primaryImageOfPage\":{\"@id\":\"https:\\\/\\\/lescollectionsprivees.com\\\/parfum\\\/eau-de-parfum-cotton-wardi\\\/#primaryimage\"},\"image\":{\"@id\":\"https:\\\/\\\/lescollectionsprivees.com\\\/parfum\\\/eau-de-parfum-cotton-wardi\\\/#primaryimage\"},\"thumbnailUrl\":\"https:\\\/\\\/lescollectionsprivees.com\\\/wp-content\\\/uploads\\\/2023\\\/11\\\/cotton-wardi-eau-de-parfum-mamlakat-el-oud.jpg\",\"datePublished\":\"2023-11-30T18:32:41+00:00\",\"dateModified\":\"2024-03-22T01:06:58+00:00\",\"description\":\"L'eau de parfum Cotton Wardi est une\u00a0fragrance orientale\u00a0qui capture l'essence m\u00eame de la f\u00e9minit\u00e9. Adoptez-l\u00e0 rapidement !\",\"breadcrumb\":{\"@id\":\"https:\\\/\\\/lescollectionsprivees.com\\\/parfum\\\/eau-de-parfum-cotton-wardi\\\/#breadcrumb\"},\"inLanguage\":\"pt-PT\",\"potentialAction\":[{\"@type\":\"ReadAction\",\"target\":[\"https:\\\/\\\/lescollectionsprivees.com\\\/parfum\\\/eau-de-parfum-cotton-wardi\\\/\"]}]},{\"@type\":\"ImageObject\",\"inLanguage\":\"pt-PT\",\"@id\":\"https:\\\/\\\/lescollectionsprivees.com\\\/parfum\\\/eau-de-parfum-cotton-wardi\\\/#primaryimage\",\"url\":\"https:\\\/\\\/lescollectionsprivees.com\\\/wp-content\\\/uploads\\\/2023\\\/11\\\/cotton-wardi-eau-de-parfum-mamlakat-el-oud.jpg\",\"contentUrl\":\"https:\\\/\\\/lescollectionsprivees.com\\\/wp-content\\\/uploads\\\/2023\\\/11\\\/cotton-wardi-eau-de-parfum-mamlakat-el-oud.jpg\",\"width\":600,\"height\":600,\"caption\":\"Eau de parfum Cotton Wardi 100ml - Mamlakat Al Oud\"},{\"@type\":\"BreadcrumbList\",\"@id\":\"https:\\\/\\\/lescollectionsprivees.com\\\/parfum\\\/eau-de-parfum-cotton-wardi\\\/#breadcrumb\",\"itemListElement\":[{\"@type\":\"ListItem\",\"position\":1,\"name\":\"Accueil\",\"item\":\"https:\\\/\\\/lescollectionsprivees.com\\\/\"},{\"@type\":\"ListItem\",\"position\":2,\"name\":\"Boutique\",\"item\":\"https:\\\/\\\/lescollectionsprivees.com\\\/boutique\\\/\"},{\"@type\":\"ListItem\",\"position\":3,\"name\":\"Eau de parfum Cotton Wardi 100ml &#8211; Mamlakat Al Oud\"}]},{\"@type\":\"WebSite\",\"@id\":\"https:\\\/\\\/lescollectionsprivees.com\\\/#website\",\"url\":\"https:\\\/\\\/lescollectionsprivees.com\\\/\",\"name\":\"Les Collections Priv\u00e9es\",\"description\":\"\",\"publisher\":{\"@id\":\"https:\\\/\\\/lescollectionsprivees.com\\\/#organization\"},\"potentialAction\":[{\"@type\":\"SearchAction\",\"target\":{\"@type\":\"EntryPoint\",\"urlTemplate\":\"https:\\\/\\\/lescollectionsprivees.com\\\/?s={search_term_string}\"},\"query-input\":{\"@type\":\"PropertyValueSpecification\",\"valueRequired\":true,\"valueName\":\"search_term_string\"}}],\"inLanguage\":\"pt-PT\"},{\"@type\":\"Organization\",\"@id\":\"https:\\\/\\\/lescollectionsprivees.com\\\/#organization\",\"name\":\"Les Collections Priv\u00e9es\",\"url\":\"https:\\\/\\\/lescollectionsprivees.com\\\/\",\"logo\":{\"@type\":\"ImageObject\",\"inLanguage\":\"pt-PT\",\"@id\":\"https:\\\/\\\/lescollectionsprivees.com\\\/#\\\/schema\\\/logo\\\/image\\\/\",\"url\":\"https:\\\/\\\/lescollectionsprivees.com\\\/wp-content\\\/uploads\\\/2020\\\/02\\\/Logo-Les-Collections-Priv\u00e9es-450x450-1.png\",\"contentUrl\":\"https:\\\/\\\/lescollectionsprivees.com\\\/wp-content\\\/uploads\\\/2020\\\/02\\\/Logo-Les-Collections-Priv\u00e9es-450x450-1.png\",\"width\":450,\"height\":450,\"caption\":\"Les Collections Priv\u00e9es\"},\"image\":{\"@id\":\"https:\\\/\\\/lescollectionsprivees.com\\\/#\\\/schema\\\/logo\\\/image\\\/\"}}]}<\/script>\n<!-- \/ Yoast SEO plugin. -->","yoast_head_json":{"title":"Cotton Wardi | Eau de parfum 100ml | Mamlakat Al Oud","description":"Cotton Wardi eau de parfum \u00e9 uma fragr\u00e2ncia oriental que capta a pr\u00f3pria ess\u00eancia da feminilidade. Adopte-o rapidamente!","robots":{"index":"index","follow":"follow","max-snippet":"max-snippet:-1","max-image-preview":"max-image-preview:large","max-video-preview":"max-video-preview:-1"},"canonical":"https:\/\/lescollectionsprivees.com\/pt\/fragrancia\/cotton-wardi-eau-de-parfum\/","og_locale":"pt_PT","og_type":"article","og_title":"Cotton Wardi | Eau de parfum 100ml | Mamlakat Al Oud","og_description":"L'eau de parfum Cotton Wardi est une\u00a0fragrance orientale\u00a0qui capture l'essence m\u00eame de la f\u00e9minit\u00e9. Adoptez-l\u00e0 rapidement !","og_url":"https:\/\/lescollectionsprivees.com\/pt\/fragrancia\/cotton-wardi-eau-de-parfum\/","og_site_name":"Les Collections Priv\u00e9es","article_modified_time":"2024-03-22T01:06:58+00:00","og_image":[{"width":600,"height":600,"url":"https:\/\/lescollectionsprivees.com\/wp-content\/uploads\/2023\/11\/cotton-wardi-eau-de-parfum-mamlakat-el-oud.jpg","type":"image\/jpeg"}],"twitter_card":"summary_large_image","twitter_misc":{"Tempo estimado de leitura":"2 minutos"},"schema":{"@context":"https:\/\/schema.org","@graph":[{"@type":"WebPage","@id":"https:\/\/lescollectionsprivees.com\/parfum\/eau-de-parfum-cotton-wardi\/","url":"https:\/\/lescollectionsprivees.com\/parfum\/eau-de-parfum-cotton-wardi\/","name":"Cotton Wardi | Eau de parfum 100ml | Mamlakat Al Oud","isPartOf":{"@id":"https:\/\/lescollectionsprivees.com\/#website"},"primaryImageOfPage":{"@id":"https:\/\/lescollectionsprivees.com\/parfum\/eau-de-parfum-cotton-wardi\/#primaryimage"},"image":{"@id":"https:\/\/lescollectionsprivees.com\/parfum\/eau-de-parfum-cotton-wardi\/#primaryimage"},"thumbnailUrl":"https:\/\/lescollectionsprivees.com\/wp-content\/uploads\/2023\/11\/cotton-wardi-eau-de-parfum-mamlakat-el-oud.jpg","datePublished":"2023-11-30T18:32:41+00:00","dateModified":"2024-03-22T01:06:58+00:00","description":"Cotton Wardi eau de parfum \u00e9 uma fragr\u00e2ncia oriental que capta a pr\u00f3pria ess\u00eancia da feminilidade. Adopte-o rapidamente!","breadcrumb":{"@id":"https:\/\/lescollectionsprivees.com\/parfum\/eau-de-parfum-cotton-wardi\/#breadcrumb"},"inLanguage":"pt-PT","potentialAction":[{"@type":"ReadAction","target":["https:\/\/lescollectionsprivees.com\/parfum\/eau-de-parfum-cotton-wardi\/"]}]},{"@type":"ImageObject","inLanguage":"pt-PT","@id":"https:\/\/lescollectionsprivees.com\/parfum\/eau-de-parfum-cotton-wardi\/#primaryimage","url":"https:\/\/lescollectionsprivees.com\/wp-content\/uploads\/2023\/11\/cotton-wardi-eau-de-parfum-mamlakat-el-oud.jpg","contentUrl":"https:\/\/lescollectionsprivees.com\/wp-content\/uploads\/2023\/11\/cotton-wardi-eau-de-parfum-mamlakat-el-oud.jpg","width":600,"height":600,"caption":"Eau de parfum Cotton Wardi 100ml - Mamlakat Al Oud"},{"@type":"BreadcrumbList","@id":"https:\/\/lescollectionsprivees.com\/parfum\/eau-de-parfum-cotton-wardi\/#breadcrumb","itemListElement":[{"@type":"ListItem","position":1,"name":"Accueil","item":"https:\/\/lescollectionsprivees.com\/"},{"@type":"ListItem","position":2,"name":"Boutique","item":"https:\/\/lescollectionsprivees.com\/boutique\/"},{"@type":"ListItem","position":3,"name":"Eau de parfum Cotton Wardi 100ml &#8211; Mamlakat Al Oud"}]},{"@type":"WebSite","@id":"https:\/\/lescollectionsprivees.com\/#website","url":"https:\/\/lescollectionsprivees.com\/","name":"Colec\u00e7\u00f5es privadas","description":"","publisher":{"@id":"https:\/\/lescollectionsprivees.com\/#organization"},"potentialAction":[{"@type":"SearchAction","target":{"@type":"EntryPoint","urlTemplate":"https:\/\/lescollectionsprivees.com\/?s={search_term_string}"},"query-input":{"@type":"PropertyValueSpecification","valueRequired":true,"valueName":"search_term_string"}}],"inLanguage":"pt-PT"},{"@type":"Organization","@id":"https:\/\/lescollectionsprivees.com\/#organization","name":"Colec\u00e7\u00f5es privadas","url":"https:\/\/lescollectionsprivees.com\/","logo":{"@type":"ImageObject","inLanguage":"pt-PT","@id":"https:\/\/lescollectionsprivees.com\/#\/schema\/logo\/image\/","url":"https:\/\/lescollectionsprivees.com\/wp-content\/uploads\/2020\/02\/Logo-Les-Collections-Priv\u00e9es-450x450-1.png","contentUrl":"https:\/\/lescollectionsprivees.com\/wp-content\/uploads\/2020\/02\/Logo-Les-Collections-Priv\u00e9es-450x450-1.png","width":450,"height":450,"caption":"Les Collections Priv\u00e9es"},"image":{"@id":"https:\/\/lescollectionsprivees.com\/#\/schema\/logo\/image\/"}}]}},"_links":{"self":[{"href":"https:\/\/lescollectionsprivees.com\/pt\/wp-json\/wp\/v2\/product\/27029","targetHints":{"allow":["GET"]}}],"collection":[{"href":"https:\/\/lescollectionsprivees.com\/pt\/wp-json\/wp\/v2\/product"}],"about":[{"href":"https:\/\/lescollectionsprivees.com\/pt\/wp-json\/wp\/v2\/types\/product"}],"wp:featuredmedia":[{"embeddable":true,"href":"https:\/\/lescollectionsprivees.com\/pt\/wp-json\/wp\/v2\/media\/27033"}],"wp:attachment":[{"href":"https:\/\/lescollectionsprivees.com\/pt\/wp-json\/wp\/v2\/media?parent=27029"}],"wp:term":[{"taxonomy":"product_brand","embeddable":true,"href":"https:\/\/lescollectionsprivees.com\/pt\/wp-json\/wp\/v2\/product_brand?post=27029"},{"taxonomy":"product_cat","embeddable":true,"href":"https:\/\/lescollectionsprivees.com\/pt\/wp-json\/wp\/v2\/product_cat?post=27029"},{"taxonomy":"product_tag","embeddable":true,"href":"https:\/\/lescollectionsprivees.com\/pt\/wp-json\/wp\/v2\/product_tag?post=27029"}],"curies":[{"name":"wp","href":"https:\/\/api.w.org\/{rel}","templated":true}]}}