{"id":30528,"date":"2024-08-05T14:41:37","date_gmt":"2024-08-05T14:41:37","guid":{"rendered":"https:\/\/lescollectionsprivees.com\/?post_type=product&#038;p=30528"},"modified":"2026-04-01T08:43:02","modified_gmt":"2026-04-01T08:43:02","slug":"qawafi-eau-de-parfum","status":"publish","type":"product","link":"https:\/\/lescollectionsprivees.com\/pt\/parfum\/eau-de-parfum-qawafi\/","title":{"rendered":"Eau de parfum Qawafi 100ml - Canto de Paris"},"content":{"rendered":"<p><strong>Qawafi eau de parfum de Paris Corner <\/strong>\u00e9 uma op\u00e7\u00e3o atractiva para os amantes de <strong>fragr\u00e2ncias orientais<\/strong> moderno. A sua composi\u00e7\u00e3o equilibrada, o seu impressionante poder de perman\u00eancia e <strong>acordar<\/strong> e a sua fragr\u00e2ncia cativante fazem dele uma escolha de qualidade. Especialmente para quem procura uma fragr\u00e2ncia distinta e duradoura.<\/p>\n<h2><strong>Foco em Qawafi eau de parfum<\/strong><\/h2>\n<p>Paris Corner, uma marca de perfumes conhecida pelas suas cria\u00e7\u00f5es ousadas, criou um cosm\u00e9tico que \u00e9 um verdadeiro vencedor. <strong>fragr\u00e2ncia<\/strong> puramente ex\u00f3tico. Esta eau de parfum misteriosa e encantadora inscreve-se perfeitamente na linha das cria\u00e7\u00f5es inovadoras da casa.<\/p>\n<p>E assim, <strong>Qawafi eau de parfum <\/strong>abre com notas de topo picantes e frescas, incluindo notas de anan\u00e1s. Esta abertura din\u00e2mica desperta os sentidos e prepara o terreno para uma viagem olfactiva \u00fanica. O cora\u00e7\u00e3o da fragr\u00e2ncia revela ent\u00e3o uma composi\u00e7\u00e3o sofisticada, enriquecida com notas subtis de especiarias que trazem profundidade e complexidade \u00e0 fragr\u00e2ncia.<\/p>\n<p>A assinatura olfactiva de Qawafi baseia-se numa base quente e envolvente. Inclui provavelmente notas de <strong>baunilha<\/strong>Esta base n\u00e3o s\u00f3 assegura a dura\u00e7\u00e3o da fragr\u00e2ncia, como tamb\u00e9m evolui de uma forma interessante ao longo do dia. Esta base garante que a fragr\u00e2ncia n\u00e3o s\u00f3 dura, como tamb\u00e9m evolui ao longo do dia.<\/p>\n<h3><strong>O poder duradouro de Qawafi eau de parfum<\/strong><\/h3>\n<p>Em termos de desempenho, os nossos<strong> aroma de baunilha <\/strong>destaca-se pela sua not\u00e1vel longevidade. Como muitas das cria\u00e7\u00f5es de Paris Corner, esta fragr\u00e2ncia foi feita para durar. De facto, oferece uma <strong>acordar<\/strong> Persistente, dura facilmente 8 a 10 horas na pele.<\/p>\n<p>Al\u00e9m disso, a sua proje\u00e7\u00e3o \u00e9 moderada a forte. O que faz com que seja a escolha ideal para quem quer deixar uma impress\u00e3o duradoura sem ser intrusivo.<\/p>\n<h3><strong>Na cole\u00e7\u00e3o de fragr\u00e2ncias de anan\u00e1s... <\/strong><\/h3>\n<p>\u00c9 importante notar que o anan\u00e1s \u00e9 uma nota cada vez mais popular em <strong>perfumaria<\/strong>. Esta nota frutada acrescenta um toque de frescura tropical e uma do\u00e7ura que combina bem com acordes florais ou amadeirados.<\/p>\n<p>Outras fragr\u00e2ncias com anan\u00e1s podem incluir composi\u00e7\u00f5es mais leves e de ver\u00e3o, perfeitas para a esta\u00e7\u00e3o mais quente. Estas fragr\u00e2ncias combinam frequentemente o anan\u00e1s com notas de coco, baunilha ou flores ex\u00f3ticas para criar aromas que evocam umas f\u00e9rias tropicais. Por exemplo <a href=\"https:\/\/lescollectionsprivees.com\/pt\/fragrancia\/velvet-pink-secret-eau-de-parfum\/\"><strong>Veludo Rosa Secreto, Maison Alhambra<\/strong><\/a>. Ou tamb\u00e9m <strong><a href=\"https:\/\/lescollectionsprivees.com\/pt\/fragrancia\/roma-framboesa\/\">Rom\u00e3 Framboesa, Surrati<\/a>.<\/strong><\/p>","protected":false},"excerpt":{"rendered":"<p><strong>Notas olfactivas :\u00a0<\/strong><\/p>\n<p><strong>Notas de topo<\/strong> A\u00e7afr\u00e3o, Zimbro, Anan\u00e1s<\/p>\n<p><strong>Notas de cora\u00e7\u00e3o<\/strong> Davana, Cardamomo, Cedro<\/p>\n<p><strong>Notas de base<\/strong> Baunilha, Oud, \u00c2mbar, Fava Tonka<\/p>","protected":false},"featured_media":30550,"template":"","meta":[],"product_brand":[],"product_cat":[260,238,208,300],"product_tag":[],"class_list":{"0":"post-30528","1":"product","2":"type-product","3":"status-publish","4":"has-post-thumbnail","6":"product_cat-parfum-ananas","7":"product_cat-parfum-oud","8":"product_cat-parfum-vanille","9":"product_cat-paris-corner","11":"first","12":"instock","13":"taxable","14":"shipping-taxable","15":"purchasable","16":"product-type-simple"},"yoast_head":"<!-- This site is optimized with the Yoast SEO plugin v27.5 - https:\/\/yoast.com\/product\/yoast-seo-wordpress\/ -->\n<title>Qawafi | Eau de parfum pour homme et femme | Paris Corner<\/title>\n<meta name=\"description\" content=\"L\u2019eau de parfum Qawafi de Paris Corner repr\u00e9sente une option s\u00e9duisante pour les amateurs de parfums orientaux modernes. Adoptez-l\u00e0 !\" \/>\n<meta name=\"robots\" content=\"index, follow, max-snippet:-1, max-image-preview:large, max-video-preview:-1\" \/>\n<link rel=\"canonical\" href=\"https:\/\/lescollectionsprivees.com\/pt\/fragrancia\/qawafi-eau-de-parfum\/\" \/>\n<meta property=\"og:locale\" content=\"pt_PT\" \/>\n<meta property=\"og:type\" content=\"article\" \/>\n<meta property=\"og:title\" content=\"Qawafi | Eau de parfum pour homme et femme | Paris Corner\" \/>\n<meta property=\"og:description\" content=\"L\u2019eau de parfum Qawafi de Paris Corner repr\u00e9sente une option s\u00e9duisante pour les amateurs de parfums orientaux modernes. Adoptez-l\u00e0 !\" \/>\n<meta property=\"og:url\" content=\"https:\/\/lescollectionsprivees.com\/pt\/fragrancia\/qawafi-eau-de-parfum\/\" \/>\n<meta property=\"og:site_name\" content=\"Les Collections Priv\u00e9es\" \/>\n<meta property=\"article:modified_time\" content=\"2026-04-01T08:43:02+00:00\" \/>\n<meta property=\"og:image\" content=\"https:\/\/lescollectionsprivees.com\/wp-content\/uploads\/2024\/08\/eau-de-parfum-qawafi-paris-corner.jpeg\" \/>\n\t<meta property=\"og:image:width\" content=\"600\" \/>\n\t<meta property=\"og:image:height\" content=\"600\" \/>\n\t<meta property=\"og:image:type\" content=\"image\/jpeg\" \/>\n<meta name=\"twitter:card\" content=\"summary_large_image\" \/>\n<meta name=\"twitter:label1\" content=\"Tempo estimado de leitura\" \/>\n\t<meta name=\"twitter:data1\" content=\"3 minutos\" \/>\n<script type=\"application\/ld+json\" class=\"yoast-schema-graph\">{\"@context\":\"https:\\\/\\\/schema.org\",\"@graph\":[{\"@type\":\"WebPage\",\"@id\":\"https:\\\/\\\/lescollectionsprivees.com\\\/parfum\\\/eau-de-parfum-qawafi\\\/\",\"url\":\"https:\\\/\\\/lescollectionsprivees.com\\\/parfum\\\/eau-de-parfum-qawafi\\\/\",\"name\":\"Qawafi | Eau de parfum pour homme et femme | Paris Corner\",\"isPartOf\":{\"@id\":\"https:\\\/\\\/lescollectionsprivees.com\\\/#website\"},\"primaryImageOfPage\":{\"@id\":\"https:\\\/\\\/lescollectionsprivees.com\\\/parfum\\\/eau-de-parfum-qawafi\\\/#primaryimage\"},\"image\":{\"@id\":\"https:\\\/\\\/lescollectionsprivees.com\\\/parfum\\\/eau-de-parfum-qawafi\\\/#primaryimage\"},\"thumbnailUrl\":\"https:\\\/\\\/lescollectionsprivees.com\\\/wp-content\\\/uploads\\\/2024\\\/08\\\/eau-de-parfum-qawafi-paris-corner.jpeg\",\"datePublished\":\"2024-08-05T14:41:37+00:00\",\"dateModified\":\"2026-04-01T08:43:02+00:00\",\"description\":\"L\u2019eau de parfum Qawafi de Paris Corner repr\u00e9sente une option s\u00e9duisante pour les amateurs de parfums orientaux modernes. Adoptez-l\u00e0 !\",\"breadcrumb\":{\"@id\":\"https:\\\/\\\/lescollectionsprivees.com\\\/parfum\\\/eau-de-parfum-qawafi\\\/#breadcrumb\"},\"inLanguage\":\"pt-PT\",\"potentialAction\":[{\"@type\":\"ReadAction\",\"target\":[\"https:\\\/\\\/lescollectionsprivees.com\\\/parfum\\\/eau-de-parfum-qawafi\\\/\"]}]},{\"@type\":\"ImageObject\",\"inLanguage\":\"pt-PT\",\"@id\":\"https:\\\/\\\/lescollectionsprivees.com\\\/parfum\\\/eau-de-parfum-qawafi\\\/#primaryimage\",\"url\":\"https:\\\/\\\/lescollectionsprivees.com\\\/wp-content\\\/uploads\\\/2024\\\/08\\\/eau-de-parfum-qawafi-paris-corner.jpeg\",\"contentUrl\":\"https:\\\/\\\/lescollectionsprivees.com\\\/wp-content\\\/uploads\\\/2024\\\/08\\\/eau-de-parfum-qawafi-paris-corner.jpeg\",\"width\":600,\"height\":600,\"caption\":\"Eau de parfum Qawafi 100ml - Paris Corner\"},{\"@type\":\"BreadcrumbList\",\"@id\":\"https:\\\/\\\/lescollectionsprivees.com\\\/parfum\\\/eau-de-parfum-qawafi\\\/#breadcrumb\",\"itemListElement\":[{\"@type\":\"ListItem\",\"position\":1,\"name\":\"Accueil\",\"item\":\"https:\\\/\\\/lescollectionsprivees.com\\\/\"},{\"@type\":\"ListItem\",\"position\":2,\"name\":\"Boutique\",\"item\":\"https:\\\/\\\/lescollectionsprivees.com\\\/boutique\\\/\"},{\"@type\":\"ListItem\",\"position\":3,\"name\":\"Eau de parfum Qawafi 100ml &#8211; Paris Corner\"}]},{\"@type\":\"WebSite\",\"@id\":\"https:\\\/\\\/lescollectionsprivees.com\\\/#website\",\"url\":\"https:\\\/\\\/lescollectionsprivees.com\\\/\",\"name\":\"Les Collections Priv\u00e9es\",\"description\":\"\",\"publisher\":{\"@id\":\"https:\\\/\\\/lescollectionsprivees.com\\\/#organization\"},\"potentialAction\":[{\"@type\":\"SearchAction\",\"target\":{\"@type\":\"EntryPoint\",\"urlTemplate\":\"https:\\\/\\\/lescollectionsprivees.com\\\/?s={search_term_string}\"},\"query-input\":{\"@type\":\"PropertyValueSpecification\",\"valueRequired\":true,\"valueName\":\"search_term_string\"}}],\"inLanguage\":\"pt-PT\"},{\"@type\":\"Organization\",\"@id\":\"https:\\\/\\\/lescollectionsprivees.com\\\/#organization\",\"name\":\"Les Collections Priv\u00e9es\",\"url\":\"https:\\\/\\\/lescollectionsprivees.com\\\/\",\"logo\":{\"@type\":\"ImageObject\",\"inLanguage\":\"pt-PT\",\"@id\":\"https:\\\/\\\/lescollectionsprivees.com\\\/#\\\/schema\\\/logo\\\/image\\\/\",\"url\":\"https:\\\/\\\/lescollectionsprivees.com\\\/wp-content\\\/uploads\\\/2020\\\/02\\\/Logo-Les-Collections-Priv\u00e9es-450x450-1.png\",\"contentUrl\":\"https:\\\/\\\/lescollectionsprivees.com\\\/wp-content\\\/uploads\\\/2020\\\/02\\\/Logo-Les-Collections-Priv\u00e9es-450x450-1.png\",\"width\":450,\"height\":450,\"caption\":\"Les Collections Priv\u00e9es\"},\"image\":{\"@id\":\"https:\\\/\\\/lescollectionsprivees.com\\\/#\\\/schema\\\/logo\\\/image\\\/\"}}]}<\/script>\n<!-- \/ Yoast SEO plugin. -->","yoast_head_json":{"title":"Qawafi | Eau de parfum para homem e mulher | Paris Corner","description":"A eau de parfum Qawafi da Paris Corner \u00e9 uma op\u00e7\u00e3o sedutora para os amantes de fragr\u00e2ncias orientais modernas. Experimente!","robots":{"index":"index","follow":"follow","max-snippet":"max-snippet:-1","max-image-preview":"max-image-preview:large","max-video-preview":"max-video-preview:-1"},"canonical":"https:\/\/lescollectionsprivees.com\/pt\/fragrancia\/qawafi-eau-de-parfum\/","og_locale":"pt_PT","og_type":"article","og_title":"Qawafi | Eau de parfum pour homme et femme | Paris Corner","og_description":"L\u2019eau de parfum Qawafi de Paris Corner repr\u00e9sente une option s\u00e9duisante pour les amateurs de parfums orientaux modernes. Adoptez-l\u00e0 !","og_url":"https:\/\/lescollectionsprivees.com\/pt\/fragrancia\/qawafi-eau-de-parfum\/","og_site_name":"Les Collections Priv\u00e9es","article_modified_time":"2026-04-01T08:43:02+00:00","og_image":[{"width":600,"height":600,"url":"https:\/\/lescollectionsprivees.com\/wp-content\/uploads\/2024\/08\/eau-de-parfum-qawafi-paris-corner.jpeg","type":"image\/jpeg"}],"twitter_card":"summary_large_image","twitter_misc":{"Tempo estimado de leitura":"3 minutos"},"schema":{"@context":"https:\/\/schema.org","@graph":[{"@type":"WebPage","@id":"https:\/\/lescollectionsprivees.com\/parfum\/eau-de-parfum-qawafi\/","url":"https:\/\/lescollectionsprivees.com\/parfum\/eau-de-parfum-qawafi\/","name":"Qawafi | Eau de parfum para homem e mulher | Paris Corner","isPartOf":{"@id":"https:\/\/lescollectionsprivees.com\/#website"},"primaryImageOfPage":{"@id":"https:\/\/lescollectionsprivees.com\/parfum\/eau-de-parfum-qawafi\/#primaryimage"},"image":{"@id":"https:\/\/lescollectionsprivees.com\/parfum\/eau-de-parfum-qawafi\/#primaryimage"},"thumbnailUrl":"https:\/\/lescollectionsprivees.com\/wp-content\/uploads\/2024\/08\/eau-de-parfum-qawafi-paris-corner.jpeg","datePublished":"2024-08-05T14:41:37+00:00","dateModified":"2026-04-01T08:43:02+00:00","description":"A eau de parfum Qawafi da Paris Corner \u00e9 uma op\u00e7\u00e3o sedutora para os amantes de fragr\u00e2ncias orientais modernas. Experimente!","breadcrumb":{"@id":"https:\/\/lescollectionsprivees.com\/parfum\/eau-de-parfum-qawafi\/#breadcrumb"},"inLanguage":"pt-PT","potentialAction":[{"@type":"ReadAction","target":["https:\/\/lescollectionsprivees.com\/parfum\/eau-de-parfum-qawafi\/"]}]},{"@type":"ImageObject","inLanguage":"pt-PT","@id":"https:\/\/lescollectionsprivees.com\/parfum\/eau-de-parfum-qawafi\/#primaryimage","url":"https:\/\/lescollectionsprivees.com\/wp-content\/uploads\/2024\/08\/eau-de-parfum-qawafi-paris-corner.jpeg","contentUrl":"https:\/\/lescollectionsprivees.com\/wp-content\/uploads\/2024\/08\/eau-de-parfum-qawafi-paris-corner.jpeg","width":600,"height":600,"caption":"Eau de parfum Qawafi 100ml - Paris Corner"},{"@type":"BreadcrumbList","@id":"https:\/\/lescollectionsprivees.com\/parfum\/eau-de-parfum-qawafi\/#breadcrumb","itemListElement":[{"@type":"ListItem","position":1,"name":"Accueil","item":"https:\/\/lescollectionsprivees.com\/"},{"@type":"ListItem","position":2,"name":"Boutique","item":"https:\/\/lescollectionsprivees.com\/boutique\/"},{"@type":"ListItem","position":3,"name":"Eau de parfum Qawafi 100ml &#8211; Paris Corner"}]},{"@type":"WebSite","@id":"https:\/\/lescollectionsprivees.com\/#website","url":"https:\/\/lescollectionsprivees.com\/","name":"Colec\u00e7\u00f5es privadas","description":"","publisher":{"@id":"https:\/\/lescollectionsprivees.com\/#organization"},"potentialAction":[{"@type":"SearchAction","target":{"@type":"EntryPoint","urlTemplate":"https:\/\/lescollectionsprivees.com\/?s={search_term_string}"},"query-input":{"@type":"PropertyValueSpecification","valueRequired":true,"valueName":"search_term_string"}}],"inLanguage":"pt-PT"},{"@type":"Organization","@id":"https:\/\/lescollectionsprivees.com\/#organization","name":"Colec\u00e7\u00f5es privadas","url":"https:\/\/lescollectionsprivees.com\/","logo":{"@type":"ImageObject","inLanguage":"pt-PT","@id":"https:\/\/lescollectionsprivees.com\/#\/schema\/logo\/image\/","url":"https:\/\/lescollectionsprivees.com\/wp-content\/uploads\/2020\/02\/Logo-Les-Collections-Priv\u00e9es-450x450-1.png","contentUrl":"https:\/\/lescollectionsprivees.com\/wp-content\/uploads\/2020\/02\/Logo-Les-Collections-Priv\u00e9es-450x450-1.png","width":450,"height":450,"caption":"Les Collections Priv\u00e9es"},"image":{"@id":"https:\/\/lescollectionsprivees.com\/#\/schema\/logo\/image\/"}}]}},"_links":{"self":[{"href":"https:\/\/lescollectionsprivees.com\/pt\/wp-json\/wp\/v2\/product\/30528","targetHints":{"allow":["GET"]}}],"collection":[{"href":"https:\/\/lescollectionsprivees.com\/pt\/wp-json\/wp\/v2\/product"}],"about":[{"href":"https:\/\/lescollectionsprivees.com\/pt\/wp-json\/wp\/v2\/types\/product"}],"wp:featuredmedia":[{"embeddable":true,"href":"https:\/\/lescollectionsprivees.com\/pt\/wp-json\/wp\/v2\/media\/30550"}],"wp:attachment":[{"href":"https:\/\/lescollectionsprivees.com\/pt\/wp-json\/wp\/v2\/media?parent=30528"}],"wp:term":[{"taxonomy":"product_brand","embeddable":true,"href":"https:\/\/lescollectionsprivees.com\/pt\/wp-json\/wp\/v2\/product_brand?post=30528"},{"taxonomy":"product_cat","embeddable":true,"href":"https:\/\/lescollectionsprivees.com\/pt\/wp-json\/wp\/v2\/product_cat?post=30528"},{"taxonomy":"product_tag","embeddable":true,"href":"https:\/\/lescollectionsprivees.com\/pt\/wp-json\/wp\/v2\/product_tag?post=30528"}],"curies":[{"name":"wp","href":"https:\/\/api.w.org\/{rel}","templated":true}]}}