{"id":31474,"date":"2024-10-15T17:43:12","date_gmt":"2024-10-15T17:43:12","guid":{"rendered":"https:\/\/lescollectionsprivees.com\/?post_type=product&#038;p=31474"},"modified":"2026-05-14T18:00:28","modified_gmt":"2026-05-14T18:00:28","slug":"wraith-spectre-eau-de-parfum","status":"publish","type":"product","link":"https:\/\/lescollectionsprivees.com\/pt\/parfum\/eau-de-parfum-wraith-spectre\/","title":{"rendered":"Eau de parfum Wraith Spectre 80ml - Fragrance World"},"content":{"rendered":"<p>Descubra Wraith Spectre 80ml. Uma fragr\u00e2ncia masculina que ir\u00e1 real\u00e7ar a sua for\u00e7a de car\u00e1cter e sublim\u00e1-la deliciosamente.<\/p>\n<h2><strong>Fragr\u00e2ncias cruas e poderosas com Wraith<\/strong><\/h2>\n<p>Wraith desperta o interesse logo na abertura com uma erup\u00e7\u00e3o de <strong>rum<\/strong> <strong>inebriante<\/strong> e notas <strong>picante<\/strong> que cativam de imediato. O rum revela-se logo na abertura, com uma delicadeza inebriante que lembra as noites de ver\u00e3o. O toque alco\u00f3lico, ao mesmo tempo alegre e <strong>calmante<\/strong>estabelece as bases de uma composi\u00e7\u00e3o <strong>cativante<\/strong>. Posteriormente <strong>especiarias<\/strong> s\u00e3o adicionados, acrescentando uma energia e uma complexidade fascinantes.<\/p>\n<p>A sua subtileza evocativa desperta os sentidos e oferece uma nova dimens\u00e3o \u00e0s nossas vidas. <strong>sensual<\/strong>que lembra os mercados estrangeiros e as misturas subtis.<\/p>\n<p>O cora\u00e7\u00e3o do perfume revela uma eleg\u00e2ncia refinada com notas de <strong><a href=\"https:\/\/lescollectionsprivees.com\/pt\/fragrancia\/khamrah-qahwa-eau-de-parfum\/\">caf\u00e9<\/a>;<\/strong>\u00a0a sua fragr\u00e2ncia torrada recorda momentos de <strong>ternura<\/strong>Esta nota calmante \u00e9 uma combina\u00e7\u00e3o perfeita para os elementos mais modernos. Esta nota calmante \u00e9 uma combina\u00e7\u00e3o perfeita para os elementos mais modernos. <strong>floresta<\/strong>. Le <strong>vetiver<\/strong> d\u00e1 uma sensa\u00e7\u00e3o de <strong>frescura<\/strong> que contrasta perfeitamente com o rum e o caf\u00e9.<\/p>\n<h2><strong>Um toque de leveza com <\/strong><strong>Fragr\u00e2ncia Wraith da cole\u00e7\u00e3o Spectre<\/strong><\/h2>\n<p>Baseia-se na textura suave e cremosa da <strong>madeira<\/strong> <strong>de<\/strong> <strong>s\u00e2ndalo<\/strong>Uma sensa\u00e7\u00e3o calmante. Finalmente, uma nota <strong>doce<\/strong> de<strong> cana-de-a\u00e7\u00facar<\/strong> acrescenta uma deliciosa do\u00e7ura, perfeitamente integrada nesta fragr\u00e2ncia complexa e cheia de contrastes. Visitar <strong>patchouli<\/strong> d\u00e1 um toque m\u00edstico com as suas notas <strong>terroso<\/strong> e <strong>floresta<\/strong>dando \u00e0 fragr\u00e2ncia um <strong>ousado\u00a0<\/strong>e cativante.<\/p>\n<p>A durabilidade da sua presen\u00e7a garante uma mem\u00f3ria inesquec\u00edvel, surpreendendo quem se cruza no seu caminho.<\/p>\n<h3><strong>Mais do que uma fragr\u00e2ncia, \u00e9 uma segunda pele<\/strong><\/h3>\n<p>Wraith vai muito al\u00e9m da simples no\u00e7\u00e3o de perfume; representa uma manifesta\u00e7\u00e3o de <strong>estilo<\/strong> e <strong>car\u00e1cter<\/strong>. Quer seja para uma sa\u00edda sofisticada \u00e0 noite ou para uma utiliza\u00e7\u00e3o casual no dia a dia, \u00e9 perfeito para todos os momentos da sua vida, deixando uma impress\u00e3o inesquec\u00edvel e requintada.<\/p>\n<p>Entregue-se a esta experi\u00eancia olfactiva <strong>not\u00e1vel<\/strong> com Wraith e deixe-se envolver pelas suas fragr\u00e2ncias cativantes.<\/p>","protected":false},"excerpt":{"rendered":"<p><strong>Notas olfactivas :<\/strong><\/p>\n<p><strong>Notas de topo<\/strong> Rum, especiarias<br \/>\n<strong>Notas de cora\u00e7\u00e3o<\/strong> Caf\u00e9, patchouli, vetiver, s\u00e2ndalo<br \/>\n<strong>Notas de base<\/strong> A\u00e7\u00facar de cana.<\/p>\n<p><strong>Tipo<\/strong> Misto.<\/p>","protected":false},"featured_media":31475,"template":"","meta":[],"product_brand":[],"product_cat":[303,202,265],"product_tag":[],"class_list":{"0":"post-31474","1":"product","2":"type-product","3":"status-publish","4":"has-post-thumbnail","6":"product_cat-fragrance-world","7":"product_cat-parfum-homme","8":"product_cat-parfum-patchouli","10":"first","11":"instock","12":"taxable","13":"shipping-taxable","14":"purchasable","15":"product-type-simple"},"yoast_head":"<!-- This site is optimized with the Yoast SEO plugin v27.5 - https:\/\/yoast.com\/product\/yoast-seo-wordpress\/ -->\n<title>Wraith Spectre | Parfum masculine en 80ml | Fragrance World<\/title>\n<meta name=\"description\" content=\"Partons \u00e0 la d\u00e9couverte du parfum Wraith Spectre en 80ml. Un parfum masculin qui renforcera votre force de caract\u00e8re et le sublimera d\u00e9licieusement.\" \/>\n<meta name=\"robots\" content=\"index, follow, max-snippet:-1, max-image-preview:large, max-video-preview:-1\" \/>\n<link rel=\"canonical\" href=\"https:\/\/lescollectionsprivees.com\/pt\/fragrancia\/wraith-spectre-eau-de-parfum\/\" \/>\n<meta property=\"og:locale\" content=\"pt_PT\" \/>\n<meta property=\"og:type\" content=\"article\" \/>\n<meta property=\"og:title\" content=\"Wraith Spectre | Parfum masculine en 80ml | Fragrance World\" \/>\n<meta property=\"og:description\" content=\"Partons \u00e0 la d\u00e9couverte du parfum Wraith Spectre en 80ml. Un parfum masculin qui renforcera votre force de caract\u00e8re et le sublimera d\u00e9licieusement.\" \/>\n<meta property=\"og:url\" content=\"https:\/\/lescollectionsprivees.com\/pt\/fragrancia\/wraith-spectre-eau-de-parfum\/\" \/>\n<meta property=\"og:site_name\" content=\"Les Collections Priv\u00e9es\" \/>\n<meta property=\"article:modified_time\" content=\"2026-05-14T18:00:28+00:00\" \/>\n<meta property=\"og:image\" content=\"https:\/\/lescollectionsprivees.com\/wp-content\/uploads\/2024\/10\/parfum-wraith-fragrance-world.jpg\" \/>\n\t<meta property=\"og:image:width\" content=\"600\" \/>\n\t<meta property=\"og:image:height\" content=\"600\" \/>\n\t<meta property=\"og:image:type\" content=\"image\/jpeg\" \/>\n<meta name=\"twitter:card\" content=\"summary_large_image\" \/>\n<meta name=\"twitter:label1\" content=\"Tempo estimado de leitura\" \/>\n\t<meta name=\"twitter:data1\" content=\"2 minutos\" \/>\n<script type=\"application\/ld+json\" class=\"yoast-schema-graph\">{\"@context\":\"https:\\\/\\\/schema.org\",\"@graph\":[{\"@type\":\"WebPage\",\"@id\":\"https:\\\/\\\/lescollectionsprivees.com\\\/parfum\\\/eau-de-parfum-wraith-spectre\\\/\",\"url\":\"https:\\\/\\\/lescollectionsprivees.com\\\/parfum\\\/eau-de-parfum-wraith-spectre\\\/\",\"name\":\"Wraith Spectre | Parfum masculine en 80ml | Fragrance World\",\"isPartOf\":{\"@id\":\"https:\\\/\\\/lescollectionsprivees.com\\\/#website\"},\"primaryImageOfPage\":{\"@id\":\"https:\\\/\\\/lescollectionsprivees.com\\\/parfum\\\/eau-de-parfum-wraith-spectre\\\/#primaryimage\"},\"image\":{\"@id\":\"https:\\\/\\\/lescollectionsprivees.com\\\/parfum\\\/eau-de-parfum-wraith-spectre\\\/#primaryimage\"},\"thumbnailUrl\":\"https:\\\/\\\/lescollectionsprivees.com\\\/wp-content\\\/uploads\\\/2024\\\/10\\\/parfum-wraith-fragrance-world.jpg\",\"datePublished\":\"2024-10-15T17:43:12+00:00\",\"dateModified\":\"2026-05-14T18:00:28+00:00\",\"description\":\"Partons \u00e0 la d\u00e9couverte du parfum Wraith Spectre en 80ml. Un parfum masculin qui renforcera votre force de caract\u00e8re et le sublimera d\u00e9licieusement.\",\"breadcrumb\":{\"@id\":\"https:\\\/\\\/lescollectionsprivees.com\\\/parfum\\\/eau-de-parfum-wraith-spectre\\\/#breadcrumb\"},\"inLanguage\":\"pt-PT\",\"potentialAction\":[{\"@type\":\"ReadAction\",\"target\":[\"https:\\\/\\\/lescollectionsprivees.com\\\/parfum\\\/eau-de-parfum-wraith-spectre\\\/\"]}]},{\"@type\":\"ImageObject\",\"inLanguage\":\"pt-PT\",\"@id\":\"https:\\\/\\\/lescollectionsprivees.com\\\/parfum\\\/eau-de-parfum-wraith-spectre\\\/#primaryimage\",\"url\":\"https:\\\/\\\/lescollectionsprivees.com\\\/wp-content\\\/uploads\\\/2024\\\/10\\\/parfum-wraith-fragrance-world.jpg\",\"contentUrl\":\"https:\\\/\\\/lescollectionsprivees.com\\\/wp-content\\\/uploads\\\/2024\\\/10\\\/parfum-wraith-fragrance-world.jpg\",\"width\":600,\"height\":600,\"caption\":\"Eau de parfum Wraith Spectre 80ml - Fragrance World\"},{\"@type\":\"BreadcrumbList\",\"@id\":\"https:\\\/\\\/lescollectionsprivees.com\\\/parfum\\\/eau-de-parfum-wraith-spectre\\\/#breadcrumb\",\"itemListElement\":[{\"@type\":\"ListItem\",\"position\":1,\"name\":\"Accueil\",\"item\":\"https:\\\/\\\/lescollectionsprivees.com\\\/\"},{\"@type\":\"ListItem\",\"position\":2,\"name\":\"Boutique\",\"item\":\"https:\\\/\\\/lescollectionsprivees.com\\\/boutique\\\/\"},{\"@type\":\"ListItem\",\"position\":3,\"name\":\"Eau de parfum Wraith Spectre 80ml &#8211; Fragrance World\"}]},{\"@type\":\"WebSite\",\"@id\":\"https:\\\/\\\/lescollectionsprivees.com\\\/#website\",\"url\":\"https:\\\/\\\/lescollectionsprivees.com\\\/\",\"name\":\"Les Collections Priv\u00e9es\",\"description\":\"\",\"publisher\":{\"@id\":\"https:\\\/\\\/lescollectionsprivees.com\\\/#organization\"},\"potentialAction\":[{\"@type\":\"SearchAction\",\"target\":{\"@type\":\"EntryPoint\",\"urlTemplate\":\"https:\\\/\\\/lescollectionsprivees.com\\\/?s={search_term_string}\"},\"query-input\":{\"@type\":\"PropertyValueSpecification\",\"valueRequired\":true,\"valueName\":\"search_term_string\"}}],\"inLanguage\":\"pt-PT\"},{\"@type\":\"Organization\",\"@id\":\"https:\\\/\\\/lescollectionsprivees.com\\\/#organization\",\"name\":\"Les Collections Priv\u00e9es\",\"url\":\"https:\\\/\\\/lescollectionsprivees.com\\\/\",\"logo\":{\"@type\":\"ImageObject\",\"inLanguage\":\"pt-PT\",\"@id\":\"https:\\\/\\\/lescollectionsprivees.com\\\/#\\\/schema\\\/logo\\\/image\\\/\",\"url\":\"https:\\\/\\\/lescollectionsprivees.com\\\/wp-content\\\/uploads\\\/2020\\\/02\\\/Logo-Les-Collections-Priv\u00e9es-450x450-1.png\",\"contentUrl\":\"https:\\\/\\\/lescollectionsprivees.com\\\/wp-content\\\/uploads\\\/2020\\\/02\\\/Logo-Les-Collections-Priv\u00e9es-450x450-1.png\",\"width\":450,\"height\":450,\"caption\":\"Les Collections Priv\u00e9es\"},\"image\":{\"@id\":\"https:\\\/\\\/lescollectionsprivees.com\\\/#\\\/schema\\\/logo\\\/image\\\/\"}}]}<\/script>\n<!-- \/ Yoast SEO plugin. -->","yoast_head_json":{"title":"Wraith Spectre | Fragr\u00e2ncia Masculina 80ml | Fragrance World","description":"Descubra Wraith Spectre 80ml. Uma fragr\u00e2ncia masculina que ir\u00e1 real\u00e7ar a sua for\u00e7a de car\u00e1cter e sublim\u00e1-la deliciosamente.","robots":{"index":"index","follow":"follow","max-snippet":"max-snippet:-1","max-image-preview":"max-image-preview:large","max-video-preview":"max-video-preview:-1"},"canonical":"https:\/\/lescollectionsprivees.com\/pt\/fragrancia\/wraith-spectre-eau-de-parfum\/","og_locale":"pt_PT","og_type":"article","og_title":"Wraith Spectre | Parfum masculine en 80ml | Fragrance World","og_description":"Partons \u00e0 la d\u00e9couverte du parfum Wraith Spectre en 80ml. Un parfum masculin qui renforcera votre force de caract\u00e8re et le sublimera d\u00e9licieusement.","og_url":"https:\/\/lescollectionsprivees.com\/pt\/fragrancia\/wraith-spectre-eau-de-parfum\/","og_site_name":"Les Collections Priv\u00e9es","article_modified_time":"2026-05-14T18:00:28+00:00","og_image":[{"width":600,"height":600,"url":"https:\/\/lescollectionsprivees.com\/wp-content\/uploads\/2024\/10\/parfum-wraith-fragrance-world.jpg","type":"image\/jpeg"}],"twitter_card":"summary_large_image","twitter_misc":{"Tempo estimado de leitura":"2 minutos"},"schema":{"@context":"https:\/\/schema.org","@graph":[{"@type":"WebPage","@id":"https:\/\/lescollectionsprivees.com\/parfum\/eau-de-parfum-wraith-spectre\/","url":"https:\/\/lescollectionsprivees.com\/parfum\/eau-de-parfum-wraith-spectre\/","name":"Wraith Spectre | Fragr\u00e2ncia Masculina 80ml | Fragrance World","isPartOf":{"@id":"https:\/\/lescollectionsprivees.com\/#website"},"primaryImageOfPage":{"@id":"https:\/\/lescollectionsprivees.com\/parfum\/eau-de-parfum-wraith-spectre\/#primaryimage"},"image":{"@id":"https:\/\/lescollectionsprivees.com\/parfum\/eau-de-parfum-wraith-spectre\/#primaryimage"},"thumbnailUrl":"https:\/\/lescollectionsprivees.com\/wp-content\/uploads\/2024\/10\/parfum-wraith-fragrance-world.jpg","datePublished":"2024-10-15T17:43:12+00:00","dateModified":"2026-05-14T18:00:28+00:00","description":"Descubra Wraith Spectre 80ml. Uma fragr\u00e2ncia masculina que ir\u00e1 real\u00e7ar a sua for\u00e7a de car\u00e1cter e sublim\u00e1-la deliciosamente.","breadcrumb":{"@id":"https:\/\/lescollectionsprivees.com\/parfum\/eau-de-parfum-wraith-spectre\/#breadcrumb"},"inLanguage":"pt-PT","potentialAction":[{"@type":"ReadAction","target":["https:\/\/lescollectionsprivees.com\/parfum\/eau-de-parfum-wraith-spectre\/"]}]},{"@type":"ImageObject","inLanguage":"pt-PT","@id":"https:\/\/lescollectionsprivees.com\/parfum\/eau-de-parfum-wraith-spectre\/#primaryimage","url":"https:\/\/lescollectionsprivees.com\/wp-content\/uploads\/2024\/10\/parfum-wraith-fragrance-world.jpg","contentUrl":"https:\/\/lescollectionsprivees.com\/wp-content\/uploads\/2024\/10\/parfum-wraith-fragrance-world.jpg","width":600,"height":600,"caption":"Eau de parfum Wraith Spectre 80ml - Fragrance World"},{"@type":"BreadcrumbList","@id":"https:\/\/lescollectionsprivees.com\/parfum\/eau-de-parfum-wraith-spectre\/#breadcrumb","itemListElement":[{"@type":"ListItem","position":1,"name":"Accueil","item":"https:\/\/lescollectionsprivees.com\/"},{"@type":"ListItem","position":2,"name":"Boutique","item":"https:\/\/lescollectionsprivees.com\/boutique\/"},{"@type":"ListItem","position":3,"name":"Eau de parfum Wraith Spectre 80ml &#8211; Fragrance World"}]},{"@type":"WebSite","@id":"https:\/\/lescollectionsprivees.com\/#website","url":"https:\/\/lescollectionsprivees.com\/","name":"Colec\u00e7\u00f5es privadas","description":"","publisher":{"@id":"https:\/\/lescollectionsprivees.com\/#organization"},"potentialAction":[{"@type":"SearchAction","target":{"@type":"EntryPoint","urlTemplate":"https:\/\/lescollectionsprivees.com\/?s={search_term_string}"},"query-input":{"@type":"PropertyValueSpecification","valueRequired":true,"valueName":"search_term_string"}}],"inLanguage":"pt-PT"},{"@type":"Organization","@id":"https:\/\/lescollectionsprivees.com\/#organization","name":"Colec\u00e7\u00f5es privadas","url":"https:\/\/lescollectionsprivees.com\/","logo":{"@type":"ImageObject","inLanguage":"pt-PT","@id":"https:\/\/lescollectionsprivees.com\/#\/schema\/logo\/image\/","url":"https:\/\/lescollectionsprivees.com\/wp-content\/uploads\/2020\/02\/Logo-Les-Collections-Priv\u00e9es-450x450-1.png","contentUrl":"https:\/\/lescollectionsprivees.com\/wp-content\/uploads\/2020\/02\/Logo-Les-Collections-Priv\u00e9es-450x450-1.png","width":450,"height":450,"caption":"Les Collections Priv\u00e9es"},"image":{"@id":"https:\/\/lescollectionsprivees.com\/#\/schema\/logo\/image\/"}}]}},"_links":{"self":[{"href":"https:\/\/lescollectionsprivees.com\/pt\/wp-json\/wp\/v2\/product\/31474","targetHints":{"allow":["GET"]}}],"collection":[{"href":"https:\/\/lescollectionsprivees.com\/pt\/wp-json\/wp\/v2\/product"}],"about":[{"href":"https:\/\/lescollectionsprivees.com\/pt\/wp-json\/wp\/v2\/types\/product"}],"wp:featuredmedia":[{"embeddable":true,"href":"https:\/\/lescollectionsprivees.com\/pt\/wp-json\/wp\/v2\/media\/31475"}],"wp:attachment":[{"href":"https:\/\/lescollectionsprivees.com\/pt\/wp-json\/wp\/v2\/media?parent=31474"}],"wp:term":[{"taxonomy":"product_brand","embeddable":true,"href":"https:\/\/lescollectionsprivees.com\/pt\/wp-json\/wp\/v2\/product_brand?post=31474"},{"taxonomy":"product_cat","embeddable":true,"href":"https:\/\/lescollectionsprivees.com\/pt\/wp-json\/wp\/v2\/product_cat?post=31474"},{"taxonomy":"product_tag","embeddable":true,"href":"https:\/\/lescollectionsprivees.com\/pt\/wp-json\/wp\/v2\/product_tag?post=31474"}],"curies":[{"name":"wp","href":"https:\/\/api.w.org\/{rel}","templated":true}]}}