{"id":31853,"date":"2024-11-14T18:28:07","date_gmt":"2024-11-14T18:28:07","guid":{"rendered":"https:\/\/lescollectionsprivees.com\/?post_type=product&#038;p=31853"},"modified":"2025-09-03T13:01:48","modified_gmt":"2025-09-03T13:01:48","slug":"eau-de-parfum-meringue-french-avenue","status":"publish","type":"product","link":"https:\/\/lescollectionsprivees.com\/pt\/parfum\/eau-de-parfum-meringue-french-avenue\/","title":{"rendered":"Eau de Parfum Meringue 100ml - French Avenue"},"content":{"rendered":"<p>Tratar-se <strong>Merengue Avenida Francesa<\/strong>a <strong>fragr\u00e2ncia oriental<\/strong> que combina suavidade e requinte. Esta fragr\u00e2ncia seduz pela sua simplicidade sofisticada, mas tamb\u00e9m pela sua eleg\u00e2ncia. \u00c9 um prazer para quem procura um elixir que capta a ess\u00eancia da feminilidade.<\/p>\n<h2><strong>Descri\u00e7\u00e3o olfactiva do perfume Meringue French Avenue<\/strong><\/h2>\n<p>Este <strong>fragr\u00e2ncia feminina<\/strong> encanta os sentidos desde o primeiro momento com uma subtil nota de topo de <strong>camur\u00e7a<\/strong> encontra <strong>fruta<\/strong>. O<strong>citrinos cremosos<\/strong> cria uma sensa\u00e7\u00e3o de leveza e luminosidade. Esta introdu\u00e7\u00e3o cintilante \u00e9 apenas o in\u00edcio de uma viagem olfactiva memor\u00e1vel. Para ainda mais indulg\u00eancia, n\u00e3o hesite em experimentar tamb\u00e9m <strong>Luscious<\/strong>.<\/p>\n<p>Depois, o cora\u00e7\u00e3o da fragr\u00e2ncia revela-se gradualmente. Trata-se de uma composi\u00e7\u00e3o mais intensa e cativante. Acentos amadeirados e ambarinos combinam-se para fazer de Meringue French Avenue uma fragr\u00e2ncia quotidiana com uma frescura inata, e uma ess\u00eancia misteriosa perfeita para momentos especiais. Esta versatilidade rara faz deste elixir uma escolha ideal para qualquer ocasi\u00e3o.<\/p>\n<h3><strong>Meringue French Avenue: o perfume que o sublima discretamente<\/strong><\/h3>\n<p>Esta composi\u00e7\u00e3o olfactiva revela um talento particular para misturar notas. No topo, o trio <strong>anan\u00e1s<\/strong>\u2013<strong>bergamota<\/strong>\u2013<strong>laranja<\/strong> traz uma fragr\u00e2ncia fresca, gourmand e rica em vitaminas. O cora\u00e7\u00e3o revela uma alian\u00e7a de <strong>s\u00e2ndalo<\/strong>de <strong>camur\u00e7a<\/strong> sedoso e <strong>bagas cor-de-rosa<\/strong>. O fundo tem o cuidado de reunir os<a href=\"https:\/\/lescollectionsprivees.com\/pt\/fragrancia\/ambre-parfums-dor-blanc\/\"><strong>\u00e2mbar<\/strong><\/a>a <strong>b\u00e9tula<\/strong>a <strong>alm\u00edscar branco<\/strong> e o <strong>baunilha<\/strong>.<\/p>\n<p>Esta cria\u00e7\u00e3o da French Avenue \u00e9 um testemunho de uma per\u00edcia not\u00e1vel na arte da perfumaria. Meringue French Avenue distingue-se pela sua capacidade de proporcionar uma experi\u00eancia olfactiva de qualidade. Esta fragr\u00e2ncia tamb\u00e9m faz lembrar a excel\u00eancia das grandes casas de perfumes, mantendo-se fiel \u00e0 sua pr\u00f3pria identidade.<\/p>\n<p>\u00c9 um <strong>fragr\u00e2ncia para mulheres<\/strong> com a sua suavidade persistente e a sua assinatura olfactiva distintiva. Est\u00e1 a tornar-se rapidamente um precioso companheiro olfativo na vida quotidiana das mulheres que procuram uma eleg\u00e2ncia discreta.<\/p>\n<h3><strong>Uma fragr\u00e2ncia elegante em todos os pormenores<\/strong><\/h3>\n<p>A partir de agora, sucumba ao Meringue Franch Avenue, uma fragr\u00e2ncia doce e agrad\u00e1vel para o seu nariz descobrir. Tamb\u00e9m ser\u00e1 seduzido pelo frasco sumptuoso, simples mas sofisticado. A sua cor dourada evoca o luxo e n\u00e3o deixar\u00e1 de real\u00e7ar o estilo da sua casa.<\/p>","protected":false},"excerpt":{"rendered":"<p><strong>Notas olfactivas :<\/strong><\/p>\n<p><strong>Notas de topo<\/strong>\u00a0Bergamota, tangerina, anan\u00e1s<br \/>\n<strong>Notas de cora\u00e7\u00e3o<\/strong>\u00a0Camur\u00e7a, bagas cor-de-rosa, s\u00e2ndalo<br \/>\n<strong>Notas de base<\/strong>\u00a0Alm\u00edscar branco, b\u00e9tula, baunilha, \u00e2mbar cinzento.<\/p>\n<p><strong>Tipo<\/strong>\u00a0Feminino.<\/p>","protected":false},"featured_media":31854,"template":"","meta":[],"product_brand":[],"product_cat":[302,203,260,201,208],"product_tag":[],"class_list":{"0":"post-31853","1":"product","2":"type-product","3":"status-publish","4":"has-post-thumbnail","6":"product_cat-french-avenue","7":"product_cat-parfum-ambre","8":"product_cat-parfum-ananas","9":"product_cat-parfum-femme","10":"product_cat-parfum-vanille","12":"first","13":"instock","14":"taxable","15":"shipping-taxable","16":"purchasable","17":"product-type-simple"},"yoast_head":"<!-- This site is optimized with the Yoast SEO plugin v27.5 - https:\/\/yoast.com\/product\/yoast-seo-wordpress\/ -->\n<title>Meringue | Parfum f\u00e9minin de la collection French Avenue<\/title>\n<meta name=\"description\" content=\"Offrez-vous Meringue French avenue, un parfum oriental qui allie douceur et raffinement \u00e0 la fois. Bonne senteur \u00e0 vous !\" \/>\n<meta name=\"robots\" content=\"index, follow, max-snippet:-1, max-image-preview:large, max-video-preview:-1\" \/>\n<link rel=\"canonical\" href=\"https:\/\/lescollectionsprivees.com\/pt\/fragrancia\/eau-de-parfum-meringue-french-avenue\/\" \/>\n<meta property=\"og:locale\" content=\"pt_PT\" \/>\n<meta property=\"og:type\" content=\"article\" \/>\n<meta property=\"og:title\" content=\"Meringue | Parfum f\u00e9minin de la collection French Avenue\" \/>\n<meta property=\"og:description\" content=\"Offrez-vous Meringue French avenue, un parfum oriental qui allie douceur et raffinement \u00e0 la fois. Bonne senteur \u00e0 vous !\" \/>\n<meta property=\"og:url\" content=\"https:\/\/lescollectionsprivees.com\/pt\/fragrancia\/eau-de-parfum-meringue-french-avenue\/\" \/>\n<meta property=\"og:site_name\" content=\"Les Collections Priv\u00e9es\" \/>\n<meta property=\"article:modified_time\" content=\"2025-09-03T13:01:48+00:00\" \/>\n<meta property=\"og:image\" content=\"https:\/\/lescollectionsprivees.com\/wp-content\/uploads\/2024\/11\/meringue-french-avenue.jpg\" \/>\n\t<meta property=\"og:image:width\" content=\"600\" \/>\n\t<meta property=\"og:image:height\" content=\"600\" \/>\n\t<meta property=\"og:image:type\" content=\"image\/jpeg\" \/>\n<meta name=\"twitter:card\" content=\"summary_large_image\" \/>\n<meta name=\"twitter:label1\" content=\"Tempo estimado de leitura\" \/>\n\t<meta name=\"twitter:data1\" content=\"3 minutos\" \/>\n<script type=\"application\/ld+json\" class=\"yoast-schema-graph\">{\"@context\":\"https:\\\/\\\/schema.org\",\"@graph\":[{\"@type\":\"WebPage\",\"@id\":\"https:\\\/\\\/lescollectionsprivees.com\\\/parfum\\\/eau-de-parfum-meringue-french-avenue\\\/\",\"url\":\"https:\\\/\\\/lescollectionsprivees.com\\\/parfum\\\/eau-de-parfum-meringue-french-avenue\\\/\",\"name\":\"Meringue | Parfum f\u00e9minin de la collection French Avenue\",\"isPartOf\":{\"@id\":\"https:\\\/\\\/lescollectionsprivees.com\\\/#website\"},\"primaryImageOfPage\":{\"@id\":\"https:\\\/\\\/lescollectionsprivees.com\\\/parfum\\\/eau-de-parfum-meringue-french-avenue\\\/#primaryimage\"},\"image\":{\"@id\":\"https:\\\/\\\/lescollectionsprivees.com\\\/parfum\\\/eau-de-parfum-meringue-french-avenue\\\/#primaryimage\"},\"thumbnailUrl\":\"https:\\\/\\\/lescollectionsprivees.com\\\/wp-content\\\/uploads\\\/2024\\\/11\\\/meringue-french-avenue.jpg\",\"datePublished\":\"2024-11-14T18:28:07+00:00\",\"dateModified\":\"2025-09-03T13:01:48+00:00\",\"description\":\"Offrez-vous Meringue French avenue, un parfum oriental qui allie douceur et raffinement \u00e0 la fois. Bonne senteur \u00e0 vous !\",\"breadcrumb\":{\"@id\":\"https:\\\/\\\/lescollectionsprivees.com\\\/parfum\\\/eau-de-parfum-meringue-french-avenue\\\/#breadcrumb\"},\"inLanguage\":\"pt-PT\",\"potentialAction\":[{\"@type\":\"ReadAction\",\"target\":[\"https:\\\/\\\/lescollectionsprivees.com\\\/parfum\\\/eau-de-parfum-meringue-french-avenue\\\/\"]}]},{\"@type\":\"ImageObject\",\"inLanguage\":\"pt-PT\",\"@id\":\"https:\\\/\\\/lescollectionsprivees.com\\\/parfum\\\/eau-de-parfum-meringue-french-avenue\\\/#primaryimage\",\"url\":\"https:\\\/\\\/lescollectionsprivees.com\\\/wp-content\\\/uploads\\\/2024\\\/11\\\/meringue-french-avenue.jpg\",\"contentUrl\":\"https:\\\/\\\/lescollectionsprivees.com\\\/wp-content\\\/uploads\\\/2024\\\/11\\\/meringue-french-avenue.jpg\",\"width\":600,\"height\":600,\"caption\":\"Eau de parfum Meringue 100ml \u2013 French Avenue\"},{\"@type\":\"BreadcrumbList\",\"@id\":\"https:\\\/\\\/lescollectionsprivees.com\\\/parfum\\\/eau-de-parfum-meringue-french-avenue\\\/#breadcrumb\",\"itemListElement\":[{\"@type\":\"ListItem\",\"position\":1,\"name\":\"Accueil\",\"item\":\"https:\\\/\\\/lescollectionsprivees.com\\\/\"},{\"@type\":\"ListItem\",\"position\":2,\"name\":\"Boutique\",\"item\":\"https:\\\/\\\/lescollectionsprivees.com\\\/boutique\\\/\"},{\"@type\":\"ListItem\",\"position\":3,\"name\":\"Eau de parfum Meringue 100ml \u2013 French Avenue\"}]},{\"@type\":\"WebSite\",\"@id\":\"https:\\\/\\\/lescollectionsprivees.com\\\/#website\",\"url\":\"https:\\\/\\\/lescollectionsprivees.com\\\/\",\"name\":\"Les Collections Priv\u00e9es\",\"description\":\"\",\"publisher\":{\"@id\":\"https:\\\/\\\/lescollectionsprivees.com\\\/#organization\"},\"potentialAction\":[{\"@type\":\"SearchAction\",\"target\":{\"@type\":\"EntryPoint\",\"urlTemplate\":\"https:\\\/\\\/lescollectionsprivees.com\\\/?s={search_term_string}\"},\"query-input\":{\"@type\":\"PropertyValueSpecification\",\"valueRequired\":true,\"valueName\":\"search_term_string\"}}],\"inLanguage\":\"pt-PT\"},{\"@type\":\"Organization\",\"@id\":\"https:\\\/\\\/lescollectionsprivees.com\\\/#organization\",\"name\":\"Les Collections Priv\u00e9es\",\"url\":\"https:\\\/\\\/lescollectionsprivees.com\\\/\",\"logo\":{\"@type\":\"ImageObject\",\"inLanguage\":\"pt-PT\",\"@id\":\"https:\\\/\\\/lescollectionsprivees.com\\\/#\\\/schema\\\/logo\\\/image\\\/\",\"url\":\"https:\\\/\\\/lescollectionsprivees.com\\\/wp-content\\\/uploads\\\/2020\\\/02\\\/Logo-Les-Collections-Priv\u00e9es-450x450-1.png\",\"contentUrl\":\"https:\\\/\\\/lescollectionsprivees.com\\\/wp-content\\\/uploads\\\/2020\\\/02\\\/Logo-Les-Collections-Priv\u00e9es-450x450-1.png\",\"width\":450,\"height\":450,\"caption\":\"Les Collections Priv\u00e9es\"},\"image\":{\"@id\":\"https:\\\/\\\/lescollectionsprivees.com\\\/#\\\/schema\\\/logo\\\/image\\\/\"}}]}<\/script>\n<!-- \/ Yoast SEO plugin. -->","yoast_head_json":{"title":"Meringue | Fragr\u00e2ncia feminina da cole\u00e7\u00e3o French Avenue","description":"Mime-se com Meringue French avenue, uma fragr\u00e2ncia oriental que combina do\u00e7ura e requinte. Desfrute do seu perfume!","robots":{"index":"index","follow":"follow","max-snippet":"max-snippet:-1","max-image-preview":"max-image-preview:large","max-video-preview":"max-video-preview:-1"},"canonical":"https:\/\/lescollectionsprivees.com\/pt\/fragrancia\/eau-de-parfum-meringue-french-avenue\/","og_locale":"pt_PT","og_type":"article","og_title":"Meringue | Parfum f\u00e9minin de la collection French Avenue","og_description":"Offrez-vous Meringue French avenue, un parfum oriental qui allie douceur et raffinement \u00e0 la fois. Bonne senteur \u00e0 vous !","og_url":"https:\/\/lescollectionsprivees.com\/pt\/fragrancia\/eau-de-parfum-meringue-french-avenue\/","og_site_name":"Les Collections Priv\u00e9es","article_modified_time":"2025-09-03T13:01:48+00:00","og_image":[{"width":600,"height":600,"url":"https:\/\/lescollectionsprivees.com\/wp-content\/uploads\/2024\/11\/meringue-french-avenue.jpg","type":"image\/jpeg"}],"twitter_card":"summary_large_image","twitter_misc":{"Tempo estimado de leitura":"3 minutos"},"schema":{"@context":"https:\/\/schema.org","@graph":[{"@type":"WebPage","@id":"https:\/\/lescollectionsprivees.com\/parfum\/eau-de-parfum-meringue-french-avenue\/","url":"https:\/\/lescollectionsprivees.com\/parfum\/eau-de-parfum-meringue-french-avenue\/","name":"Meringue | Fragr\u00e2ncia feminina da cole\u00e7\u00e3o French Avenue","isPartOf":{"@id":"https:\/\/lescollectionsprivees.com\/#website"},"primaryImageOfPage":{"@id":"https:\/\/lescollectionsprivees.com\/parfum\/eau-de-parfum-meringue-french-avenue\/#primaryimage"},"image":{"@id":"https:\/\/lescollectionsprivees.com\/parfum\/eau-de-parfum-meringue-french-avenue\/#primaryimage"},"thumbnailUrl":"https:\/\/lescollectionsprivees.com\/wp-content\/uploads\/2024\/11\/meringue-french-avenue.jpg","datePublished":"2024-11-14T18:28:07+00:00","dateModified":"2025-09-03T13:01:48+00:00","description":"Mime-se com Meringue French avenue, uma fragr\u00e2ncia oriental que combina do\u00e7ura e requinte. Desfrute do seu perfume!","breadcrumb":{"@id":"https:\/\/lescollectionsprivees.com\/parfum\/eau-de-parfum-meringue-french-avenue\/#breadcrumb"},"inLanguage":"pt-PT","potentialAction":[{"@type":"ReadAction","target":["https:\/\/lescollectionsprivees.com\/parfum\/eau-de-parfum-meringue-french-avenue\/"]}]},{"@type":"ImageObject","inLanguage":"pt-PT","@id":"https:\/\/lescollectionsprivees.com\/parfum\/eau-de-parfum-meringue-french-avenue\/#primaryimage","url":"https:\/\/lescollectionsprivees.com\/wp-content\/uploads\/2024\/11\/meringue-french-avenue.jpg","contentUrl":"https:\/\/lescollectionsprivees.com\/wp-content\/uploads\/2024\/11\/meringue-french-avenue.jpg","width":600,"height":600,"caption":"Eau de parfum Meringue 100ml \u2013 French Avenue"},{"@type":"BreadcrumbList","@id":"https:\/\/lescollectionsprivees.com\/parfum\/eau-de-parfum-meringue-french-avenue\/#breadcrumb","itemListElement":[{"@type":"ListItem","position":1,"name":"Accueil","item":"https:\/\/lescollectionsprivees.com\/"},{"@type":"ListItem","position":2,"name":"Boutique","item":"https:\/\/lescollectionsprivees.com\/boutique\/"},{"@type":"ListItem","position":3,"name":"Eau de parfum Meringue 100ml \u2013 French Avenue"}]},{"@type":"WebSite","@id":"https:\/\/lescollectionsprivees.com\/#website","url":"https:\/\/lescollectionsprivees.com\/","name":"Colec\u00e7\u00f5es privadas","description":"","publisher":{"@id":"https:\/\/lescollectionsprivees.com\/#organization"},"potentialAction":[{"@type":"SearchAction","target":{"@type":"EntryPoint","urlTemplate":"https:\/\/lescollectionsprivees.com\/?s={search_term_string}"},"query-input":{"@type":"PropertyValueSpecification","valueRequired":true,"valueName":"search_term_string"}}],"inLanguage":"pt-PT"},{"@type":"Organization","@id":"https:\/\/lescollectionsprivees.com\/#organization","name":"Colec\u00e7\u00f5es privadas","url":"https:\/\/lescollectionsprivees.com\/","logo":{"@type":"ImageObject","inLanguage":"pt-PT","@id":"https:\/\/lescollectionsprivees.com\/#\/schema\/logo\/image\/","url":"https:\/\/lescollectionsprivees.com\/wp-content\/uploads\/2020\/02\/Logo-Les-Collections-Priv\u00e9es-450x450-1.png","contentUrl":"https:\/\/lescollectionsprivees.com\/wp-content\/uploads\/2020\/02\/Logo-Les-Collections-Priv\u00e9es-450x450-1.png","width":450,"height":450,"caption":"Les Collections Priv\u00e9es"},"image":{"@id":"https:\/\/lescollectionsprivees.com\/#\/schema\/logo\/image\/"}}]}},"_links":{"self":[{"href":"https:\/\/lescollectionsprivees.com\/pt\/wp-json\/wp\/v2\/product\/31853","targetHints":{"allow":["GET"]}}],"collection":[{"href":"https:\/\/lescollectionsprivees.com\/pt\/wp-json\/wp\/v2\/product"}],"about":[{"href":"https:\/\/lescollectionsprivees.com\/pt\/wp-json\/wp\/v2\/types\/product"}],"wp:featuredmedia":[{"embeddable":true,"href":"https:\/\/lescollectionsprivees.com\/pt\/wp-json\/wp\/v2\/media\/31854"}],"wp:attachment":[{"href":"https:\/\/lescollectionsprivees.com\/pt\/wp-json\/wp\/v2\/media?parent=31853"}],"wp:term":[{"taxonomy":"product_brand","embeddable":true,"href":"https:\/\/lescollectionsprivees.com\/pt\/wp-json\/wp\/v2\/product_brand?post=31853"},{"taxonomy":"product_cat","embeddable":true,"href":"https:\/\/lescollectionsprivees.com\/pt\/wp-json\/wp\/v2\/product_cat?post=31853"},{"taxonomy":"product_tag","embeddable":true,"href":"https:\/\/lescollectionsprivees.com\/pt\/wp-json\/wp\/v2\/product_tag?post=31853"}],"curies":[{"name":"wp","href":"https:\/\/api.w.org\/{rel}","templated":true}]}}