{"id":32065,"date":"2024-11-30T14:33:22","date_gmt":"2024-11-30T14:33:22","guid":{"rendered":"https:\/\/lescollectionsprivees.com\/?post_type=product&#038;p=32065"},"modified":"2025-12-03T10:32:22","modified_gmt":"2025-12-03T10:32:22","slug":"dark-aoud-maison-alhambra","status":"publish","type":"product","link":"https:\/\/lescollectionsprivees.com\/pt\/parfum\/dark-aoud-maison-alhambra\/","title":{"rendered":"Dark Aoud Eau de Parfum 80ml - Maison Alhambra"},"content":{"rendered":"<p>Deixe-se encantar por <strong>Casa Alhambra Dark Aoud<\/strong>a <strong>fragr\u00e2ncia oriental<\/strong> dispon\u00edvel exclusivamente em Les Collections Priv\u00e9es. \u00c9 para si se, e apenas se, gosta de fragr\u00e2ncias invulgares.<\/p>\n<h2><strong>Dark Aoud Maison Alhambra: uma adi\u00e7\u00e3o de madeiras preciosas<\/strong><\/h2>\n<p>Desde o primeiro momento, notar\u00e1 imediatamente a<strong>oud<\/strong>que n\u00e3o \u00e9 outra coisa sen\u00e3o a nota emblem\u00e1tica da <strong>fragr\u00e2ncias orientais<\/strong>. A sua intensidade e profundidade tornam-no muito diferente. Alguns podem ach\u00e1-lo poderoso \u00e0 primeira vista. Mas esperem at\u00e9 descobrirem o resto desta partitura olfactiva...<\/p>\n<p>Ap\u00f3s alguns minutos, a fragr\u00e2ncia suaviza-se gra\u00e7as \u00e0 <a href=\"https:\/\/lescollectionsprivees.com\/pt\/fragrancia\/signature-sandalwood-eau-de-parfum-by-sillage-dorient\/\"><strong>madeira<\/strong><strong> s\u00e2ndalo<\/strong><\/a>. \u00c9 aqui que as coisas se tornam realmente interessantes. Mant\u00e9m-se a for\u00e7a do in\u00edcio, mas envolta num v\u00e9u mais suave e confort\u00e1vel. Mais tarde, descobrir\u00e1 outras facetas. Visitar <strong>agarwood do Camboja<\/strong> d\u00e1 um leve toque de fumo, enquanto o<strong>madeira de \u00e2mbar<\/strong> acrescenta um calor agrad\u00e1vel e duradouro. Assim, n\u00e3o precisa de voltar a fumar de duas em duas horas.<\/p>\n<h3><strong>Dark Aoud Maison Alhambra: uma fragr\u00e2ncia que \u00e9 tudo menos discreta<\/strong><\/h3>\n<p>Claramente n\u00e3o \u00e9 uma fragr\u00e2ncia para todos os fins. Prefere a discri\u00e7\u00e3o? Ent\u00e3o n\u00e3o se incomode. Por outro lado, se gosta de se destacar mantendo-se elegante, este pode muito bem tornar-se o seu perfume de assinatura. Lembre-se de o aplicar onde a sua pele est\u00e1 mais quente, ou seja, nos pontos de pulsa\u00e7\u00e3o. A fragr\u00e2ncia ir\u00e1 desenvolver-se melhor e permanecer\u00e1 consigo durante todo o dia.<\/p>\n<p>A Maison Alhambra criou uma obra-prima olfactiva \u00fanica. Uma fragr\u00e2ncia original, mas n\u00e3o invulgar. Para quem gosta de <strong>fragr\u00e2ncias amadeiradas<\/strong> com car\u00e1cter, sabe o que tem de fazer! Quem melhor do que um <strong>casa de perfumes oriental<\/strong> para criar uma fragr\u00e2ncia com car\u00e1cter.<\/p>\n<h3><strong>Um s\u00edmbolo da perfumaria oriental<\/strong><\/h3>\n<p>A composi\u00e7\u00e3o do Dark Aoud Maison Alhambra inclui emblemas da perfumaria do Dubai. De facto, o Oud e as madeiras desta partitura podem ser encontrados na maioria dos perfumes do Dubai. <strong>perfumes do Dubai<\/strong>. Por isso, s\u00e3o os favoritos dos f\u00e3s de <strong>Fragr\u00e2ncias \u00e1rabes<\/strong>.<\/p>","protected":false},"excerpt":{"rendered":"<p><strong>Notas olfactivas :<\/strong><\/p>\n<p><strong>Notas de topo<\/strong> Oud<br \/>\n<strong>Notas de cora\u00e7\u00e3o<\/strong> S\u00e2ndalo<br \/>\n<strong>Notas de base<\/strong> Oud, Agarwood do Camboja e Amberwood.<\/p>\n<p><strong>Tipo<\/strong> Misto.<\/p>","protected":false},"featured_media":32066,"template":"","meta":[],"product_brand":[],"product_cat":[262,201,202,238,15],"product_tag":[],"class_list":{"0":"post-32065","1":"product","2":"type-product","3":"status-publish","4":"has-post-thumbnail","6":"product_cat-maison-alhambra","7":"product_cat-parfum-femme","8":"product_cat-parfum-homme","9":"product_cat-parfum-oud","10":"product_cat-parfums-de-dubai","12":"first","13":"instock","14":"taxable","15":"shipping-taxable","16":"purchasable","17":"product-type-simple"},"yoast_head":"<!-- This site is optimized with the Yoast SEO plugin v27.5 - https:\/\/yoast.com\/product\/yoast-seo-wordpress\/ -->\n<title>Dark Aoud | Fragrance pour homme et femme | Maison Alhambra<\/title>\n<meta name=\"description\" content=\"Laissez-vous envo\u00fbter par Dark Aoud Maison Alhambra, un parfum oriental disponible en exclusivit\u00e9 chez Les Collections Priv\u00e9es.\" \/>\n<meta name=\"robots\" content=\"index, follow, max-snippet:-1, max-image-preview:large, max-video-preview:-1\" \/>\n<link rel=\"canonical\" href=\"https:\/\/lescollectionsprivees.com\/pt\/fragrancia\/dark-aoud-maison-alhambra\/\" \/>\n<meta property=\"og:locale\" content=\"pt_PT\" \/>\n<meta property=\"og:type\" content=\"article\" \/>\n<meta property=\"og:title\" content=\"Dark Aoud | Fragrance pour homme et femme | Maison Alhambra\" \/>\n<meta property=\"og:description\" content=\"Laissez-vous envo\u00fbter par Dark Aoud Maison Alhambra, un parfum oriental disponible en exclusivit\u00e9 chez Les Collections Priv\u00e9es.\" \/>\n<meta property=\"og:url\" content=\"https:\/\/lescollectionsprivees.com\/pt\/fragrancia\/dark-aoud-maison-alhambra\/\" \/>\n<meta property=\"og:site_name\" content=\"Les Collections Priv\u00e9es\" \/>\n<meta property=\"article:modified_time\" content=\"2025-12-03T10:32:22+00:00\" \/>\n<meta property=\"og:image\" content=\"https:\/\/lescollectionsprivees.com\/wp-content\/uploads\/2024\/11\/dark-aoud-maison-alhambra.jpg\" \/>\n\t<meta property=\"og:image:width\" content=\"600\" \/>\n\t<meta property=\"og:image:height\" content=\"600\" \/>\n\t<meta property=\"og:image:type\" content=\"image\/jpeg\" \/>\n<meta name=\"twitter:card\" content=\"summary_large_image\" \/>\n<meta name=\"twitter:label1\" content=\"Tempo estimado de leitura\" \/>\n\t<meta name=\"twitter:data1\" content=\"2 minutos\" \/>\n<script type=\"application\/ld+json\" class=\"yoast-schema-graph\">{\"@context\":\"https:\\\/\\\/schema.org\",\"@graph\":[{\"@type\":\"WebPage\",\"@id\":\"https:\\\/\\\/lescollectionsprivees.com\\\/parfum\\\/dark-aoud-maison-alhambra\\\/\",\"url\":\"https:\\\/\\\/lescollectionsprivees.com\\\/parfum\\\/dark-aoud-maison-alhambra\\\/\",\"name\":\"Dark Aoud | Fragrance pour homme et femme | Maison Alhambra\",\"isPartOf\":{\"@id\":\"https:\\\/\\\/lescollectionsprivees.com\\\/#website\"},\"primaryImageOfPage\":{\"@id\":\"https:\\\/\\\/lescollectionsprivees.com\\\/parfum\\\/dark-aoud-maison-alhambra\\\/#primaryimage\"},\"image\":{\"@id\":\"https:\\\/\\\/lescollectionsprivees.com\\\/parfum\\\/dark-aoud-maison-alhambra\\\/#primaryimage\"},\"thumbnailUrl\":\"https:\\\/\\\/lescollectionsprivees.com\\\/wp-content\\\/uploads\\\/2024\\\/11\\\/dark-aoud-maison-alhambra.jpg\",\"datePublished\":\"2024-11-30T14:33:22+00:00\",\"dateModified\":\"2025-12-03T10:32:22+00:00\",\"description\":\"Laissez-vous envo\u00fbter par Dark Aoud Maison Alhambra, un parfum oriental disponible en exclusivit\u00e9 chez Les Collections Priv\u00e9es.\",\"breadcrumb\":{\"@id\":\"https:\\\/\\\/lescollectionsprivees.com\\\/parfum\\\/dark-aoud-maison-alhambra\\\/#breadcrumb\"},\"inLanguage\":\"pt-PT\",\"potentialAction\":[{\"@type\":\"ReadAction\",\"target\":[\"https:\\\/\\\/lescollectionsprivees.com\\\/parfum\\\/dark-aoud-maison-alhambra\\\/\"]}]},{\"@type\":\"ImageObject\",\"inLanguage\":\"pt-PT\",\"@id\":\"https:\\\/\\\/lescollectionsprivees.com\\\/parfum\\\/dark-aoud-maison-alhambra\\\/#primaryimage\",\"url\":\"https:\\\/\\\/lescollectionsprivees.com\\\/wp-content\\\/uploads\\\/2024\\\/11\\\/dark-aoud-maison-alhambra.jpg\",\"contentUrl\":\"https:\\\/\\\/lescollectionsprivees.com\\\/wp-content\\\/uploads\\\/2024\\\/11\\\/dark-aoud-maison-alhambra.jpg\",\"width\":600,\"height\":600,\"caption\":\"Eau de parfum Dark Aoud 80ml - Maison Alhambra\"},{\"@type\":\"BreadcrumbList\",\"@id\":\"https:\\\/\\\/lescollectionsprivees.com\\\/parfum\\\/dark-aoud-maison-alhambra\\\/#breadcrumb\",\"itemListElement\":[{\"@type\":\"ListItem\",\"position\":1,\"name\":\"Accueil\",\"item\":\"https:\\\/\\\/lescollectionsprivees.com\\\/\"},{\"@type\":\"ListItem\",\"position\":2,\"name\":\"Boutique\",\"item\":\"https:\\\/\\\/lescollectionsprivees.com\\\/boutique\\\/\"},{\"@type\":\"ListItem\",\"position\":3,\"name\":\"Eau de parfum Dark Aoud 80ml &#8211; Maison Alhambra\"}]},{\"@type\":\"WebSite\",\"@id\":\"https:\\\/\\\/lescollectionsprivees.com\\\/#website\",\"url\":\"https:\\\/\\\/lescollectionsprivees.com\\\/\",\"name\":\"Les Collections Priv\u00e9es\",\"description\":\"\",\"publisher\":{\"@id\":\"https:\\\/\\\/lescollectionsprivees.com\\\/#organization\"},\"potentialAction\":[{\"@type\":\"SearchAction\",\"target\":{\"@type\":\"EntryPoint\",\"urlTemplate\":\"https:\\\/\\\/lescollectionsprivees.com\\\/?s={search_term_string}\"},\"query-input\":{\"@type\":\"PropertyValueSpecification\",\"valueRequired\":true,\"valueName\":\"search_term_string\"}}],\"inLanguage\":\"pt-PT\"},{\"@type\":\"Organization\",\"@id\":\"https:\\\/\\\/lescollectionsprivees.com\\\/#organization\",\"name\":\"Les Collections Priv\u00e9es\",\"url\":\"https:\\\/\\\/lescollectionsprivees.com\\\/\",\"logo\":{\"@type\":\"ImageObject\",\"inLanguage\":\"pt-PT\",\"@id\":\"https:\\\/\\\/lescollectionsprivees.com\\\/#\\\/schema\\\/logo\\\/image\\\/\",\"url\":\"https:\\\/\\\/lescollectionsprivees.com\\\/wp-content\\\/uploads\\\/2020\\\/02\\\/Logo-Les-Collections-Priv\u00e9es-450x450-1.png\",\"contentUrl\":\"https:\\\/\\\/lescollectionsprivees.com\\\/wp-content\\\/uploads\\\/2020\\\/02\\\/Logo-Les-Collections-Priv\u00e9es-450x450-1.png\",\"width\":450,\"height\":450,\"caption\":\"Les Collections Priv\u00e9es\"},\"image\":{\"@id\":\"https:\\\/\\\/lescollectionsprivees.com\\\/#\\\/schema\\\/logo\\\/image\\\/\"}}]}<\/script>\n<!-- \/ Yoast SEO plugin. -->","yoast_head_json":{"title":"Dark Aoud | Fragr\u00e2ncia para homem e mulher | Maison Alhambra","description":"Deixe-se encantar por Dark Aoud Maison Alhambra, uma fragr\u00e2ncia oriental dispon\u00edvel exclusivamente em Les Collections Priv\u00e9es.","robots":{"index":"index","follow":"follow","max-snippet":"max-snippet:-1","max-image-preview":"max-image-preview:large","max-video-preview":"max-video-preview:-1"},"canonical":"https:\/\/lescollectionsprivees.com\/pt\/fragrancia\/dark-aoud-maison-alhambra\/","og_locale":"pt_PT","og_type":"article","og_title":"Dark Aoud | Fragrance pour homme et femme | Maison Alhambra","og_description":"Laissez-vous envo\u00fbter par Dark Aoud Maison Alhambra, un parfum oriental disponible en exclusivit\u00e9 chez Les Collections Priv\u00e9es.","og_url":"https:\/\/lescollectionsprivees.com\/pt\/fragrancia\/dark-aoud-maison-alhambra\/","og_site_name":"Les Collections Priv\u00e9es","article_modified_time":"2025-12-03T10:32:22+00:00","og_image":[{"width":600,"height":600,"url":"https:\/\/lescollectionsprivees.com\/wp-content\/uploads\/2024\/11\/dark-aoud-maison-alhambra.jpg","type":"image\/jpeg"}],"twitter_card":"summary_large_image","twitter_misc":{"Tempo estimado de leitura":"2 minutos"},"schema":{"@context":"https:\/\/schema.org","@graph":[{"@type":"WebPage","@id":"https:\/\/lescollectionsprivees.com\/parfum\/dark-aoud-maison-alhambra\/","url":"https:\/\/lescollectionsprivees.com\/parfum\/dark-aoud-maison-alhambra\/","name":"Dark Aoud | Fragr\u00e2ncia para homem e mulher | Maison Alhambra","isPartOf":{"@id":"https:\/\/lescollectionsprivees.com\/#website"},"primaryImageOfPage":{"@id":"https:\/\/lescollectionsprivees.com\/parfum\/dark-aoud-maison-alhambra\/#primaryimage"},"image":{"@id":"https:\/\/lescollectionsprivees.com\/parfum\/dark-aoud-maison-alhambra\/#primaryimage"},"thumbnailUrl":"https:\/\/lescollectionsprivees.com\/wp-content\/uploads\/2024\/11\/dark-aoud-maison-alhambra.jpg","datePublished":"2024-11-30T14:33:22+00:00","dateModified":"2025-12-03T10:32:22+00:00","description":"Deixe-se encantar por Dark Aoud Maison Alhambra, uma fragr\u00e2ncia oriental dispon\u00edvel exclusivamente em Les Collections Priv\u00e9es.","breadcrumb":{"@id":"https:\/\/lescollectionsprivees.com\/parfum\/dark-aoud-maison-alhambra\/#breadcrumb"},"inLanguage":"pt-PT","potentialAction":[{"@type":"ReadAction","target":["https:\/\/lescollectionsprivees.com\/parfum\/dark-aoud-maison-alhambra\/"]}]},{"@type":"ImageObject","inLanguage":"pt-PT","@id":"https:\/\/lescollectionsprivees.com\/parfum\/dark-aoud-maison-alhambra\/#primaryimage","url":"https:\/\/lescollectionsprivees.com\/wp-content\/uploads\/2024\/11\/dark-aoud-maison-alhambra.jpg","contentUrl":"https:\/\/lescollectionsprivees.com\/wp-content\/uploads\/2024\/11\/dark-aoud-maison-alhambra.jpg","width":600,"height":600,"caption":"Eau de parfum Dark Aoud 80ml - Maison Alhambra"},{"@type":"BreadcrumbList","@id":"https:\/\/lescollectionsprivees.com\/parfum\/dark-aoud-maison-alhambra\/#breadcrumb","itemListElement":[{"@type":"ListItem","position":1,"name":"Accueil","item":"https:\/\/lescollectionsprivees.com\/"},{"@type":"ListItem","position":2,"name":"Boutique","item":"https:\/\/lescollectionsprivees.com\/boutique\/"},{"@type":"ListItem","position":3,"name":"Eau de parfum Dark Aoud 80ml &#8211; Maison Alhambra"}]},{"@type":"WebSite","@id":"https:\/\/lescollectionsprivees.com\/#website","url":"https:\/\/lescollectionsprivees.com\/","name":"Colec\u00e7\u00f5es privadas","description":"","publisher":{"@id":"https:\/\/lescollectionsprivees.com\/#organization"},"potentialAction":[{"@type":"SearchAction","target":{"@type":"EntryPoint","urlTemplate":"https:\/\/lescollectionsprivees.com\/?s={search_term_string}"},"query-input":{"@type":"PropertyValueSpecification","valueRequired":true,"valueName":"search_term_string"}}],"inLanguage":"pt-PT"},{"@type":"Organization","@id":"https:\/\/lescollectionsprivees.com\/#organization","name":"Colec\u00e7\u00f5es privadas","url":"https:\/\/lescollectionsprivees.com\/","logo":{"@type":"ImageObject","inLanguage":"pt-PT","@id":"https:\/\/lescollectionsprivees.com\/#\/schema\/logo\/image\/","url":"https:\/\/lescollectionsprivees.com\/wp-content\/uploads\/2020\/02\/Logo-Les-Collections-Priv\u00e9es-450x450-1.png","contentUrl":"https:\/\/lescollectionsprivees.com\/wp-content\/uploads\/2020\/02\/Logo-Les-Collections-Priv\u00e9es-450x450-1.png","width":450,"height":450,"caption":"Les Collections Priv\u00e9es"},"image":{"@id":"https:\/\/lescollectionsprivees.com\/#\/schema\/logo\/image\/"}}]}},"_links":{"self":[{"href":"https:\/\/lescollectionsprivees.com\/pt\/wp-json\/wp\/v2\/product\/32065","targetHints":{"allow":["GET"]}}],"collection":[{"href":"https:\/\/lescollectionsprivees.com\/pt\/wp-json\/wp\/v2\/product"}],"about":[{"href":"https:\/\/lescollectionsprivees.com\/pt\/wp-json\/wp\/v2\/types\/product"}],"wp:featuredmedia":[{"embeddable":true,"href":"https:\/\/lescollectionsprivees.com\/pt\/wp-json\/wp\/v2\/media\/32066"}],"wp:attachment":[{"href":"https:\/\/lescollectionsprivees.com\/pt\/wp-json\/wp\/v2\/media?parent=32065"}],"wp:term":[{"taxonomy":"product_brand","embeddable":true,"href":"https:\/\/lescollectionsprivees.com\/pt\/wp-json\/wp\/v2\/product_brand?post=32065"},{"taxonomy":"product_cat","embeddable":true,"href":"https:\/\/lescollectionsprivees.com\/pt\/wp-json\/wp\/v2\/product_cat?post=32065"},{"taxonomy":"product_tag","embeddable":true,"href":"https:\/\/lescollectionsprivees.com\/pt\/wp-json\/wp\/v2\/product_tag?post=32065"}],"curies":[{"name":"wp","href":"https:\/\/api.w.org\/{rel}","templated":true}]}}