{"id":34937,"date":"2025-08-01T09:32:52","date_gmt":"2025-08-01T09:32:52","guid":{"rendered":"https:\/\/lescollectionsprivees.com\/?post_type=product&#038;p=34937"},"modified":"2025-08-01T10:50:35","modified_gmt":"2025-08-01T10:50:35","slug":"eau-de-parfum-enamor-rouge","status":"publish","type":"product","link":"https:\/\/lescollectionsprivees.com\/pt\/parfum\/eau-de-parfum-enamor-rouge\/","title":{"rendered":"Eau de parfum Enamor Red 100ml - Volar\u00e9"},"content":{"rendered":"<p>Descobrir <strong>Enamor Vermelho<\/strong> de <strong>Volar\u00e9<\/strong>Este eau de parfum seduzi-la-\u00e1 desde o primeiro momento. Transporta-a para um mundo de suavidade e charme. Para seduzir, a mulher precisa de um arsenal sofisticado. E esta fragr\u00e2ncia deve fazer parte do seu, devido ao seu poder olfativo.<\/p>\n<h2>A encantadora garrafa de Enamor Rouge<\/h2>\n<p>Este <strong>fragr\u00e2ncia para mulheres<\/strong> tem uma s\u00e9rie de trunfos ineg\u00e1veis, a come\u00e7ar pela sua garrafa, que se destaca claramente da multid\u00e3o. A sua <strong>acabamento vermelho vivo<\/strong> com detalhes em dourado confere-lhe um aspeto elegante e moderno. Bonita de se ver, esta garrafa encontrar\u00e1 facilmente o seu lugar entre as suas <strong>fragr\u00e2ncias femininas<\/strong> os que pretende apresentar.<\/p>\n<p>O frasco \u00e9 um reflexo perfeito do que vai encontrar no seu interior. <strong>perfume de qualidade<\/strong> que combina beleza e car\u00e1cter. <a href=\"https:\/\/lescollectionsprivees.com\/pt\/fragrancia\/be-in-romance-eau-de-parfum\/\">Estar em romance<\/a> est\u00e1 na mesma linha do seu <strong>garrafa vermelha<\/strong> cheio de encanto. Por outro lado, \u00e9 um <strong>fragr\u00e2ncia mista<\/strong>.<\/p>\n<h2>Enamor Rouge de Volar\u00e9 faz sobressair o melhor de si<\/h2>\n<p>Atrav\u00e9s deste <strong>fragr\u00e2ncia feminina<\/strong>Volar\u00e9 \u00e9 para as mulheres que gostam de se sentir bonitas e confiantes. A sua fragr\u00e2ncia suave, mas sempre presente, acompanh\u00e1-la-\u00e1 ao longo do dia, sem nunca ser demasiado forte. O equil\u00edbrio entre frescura e calor \u00e9 perfeito. N\u00e3o h\u00e1 necessidade de se preocupar com a ocasi\u00e3o para a qual o deve reservar. Na verdade, pode us\u00e1-lo em qualquer altura, ele sabe adaptar-se e utilizar o seu poder olfativo para se destacar.<\/p>\n<p>Mas o que torna Enamor Rouge t\u00e3o excecional s\u00e3o as suas <strong>notas orientais<\/strong>. De facto, o seu calor e a sua fixa\u00e7\u00e3o duradoura fizeram com que a reputa\u00e7\u00e3o da <strong>fragr\u00e2ncias orientais<\/strong>. Apreciar\u00e1 tamb\u00e9m a evolu\u00e7\u00e3o desta fragr\u00e2ncia ao longo do tempo. De facto, vai dar a impress\u00e3o de usar v\u00e1rias fragr\u00e2ncias numa s\u00f3!<\/p>\n<h3>Porqu\u00ea experimentar agora?<\/h3>\n<p>Procura desesperadamente uma fragr\u00e2ncia fora do comum sem ser exc\u00eantrica? Ent\u00e3o n\u00e3o espere mais para encomendar Enamor Rouge. O seu aroma vai distingui-la e atrair elogios.<\/p>\n<div itemscope=\"\" itemtype=\"https:\/\/schema.org\/FAQPage\">\n<h2><span itemprop=\"name\">Perguntas frequentes sobre Enamor Rouge da Volar\u00e9<\/span><\/h2>\n<div itemprop=\"mainEntity\" itemscope=\"\" itemtype=\"https:\/\/schema.org\/Question\">\n<h3 itemprop=\"name\">Qual a dura\u00e7\u00e3o da a\u00e7\u00e3o de Enamor Rouge na pele?<\/h3>\n<div itemprop=\"acceptedAnswer\" itemscope=\"\" itemtype=\"https:\/\/schema.org\/Answer\">\n<p itemprop=\"text\">O Enamor Rouge de Volar\u00e9 disponibiliza um <strong>fixa\u00e7\u00e3o de longa dura\u00e7\u00e3o<\/strong> gra\u00e7as \u00e0 sua <strong>notas orientais quentes<\/strong>. Acompanha a pele ao longo do dia sem se desvanecer rapidamente, deixando um rasto elegante e subtil que perdura durante horas.<\/p>\n<\/div>\n<\/div>\n<div itemprop=\"mainEntity\" itemscope=\"\" itemtype=\"https:\/\/schema.org\/Question\">\n<h3 itemprop=\"name\">Enamor Rouge \u00e9 adequado para todas as esta\u00e7\u00f5es?<\/h3>\n<div itemprop=\"acceptedAnswer\" itemscope=\"\" itemtype=\"https:\/\/schema.org\/Answer\">\n<p itemprop=\"text\">Sim, Enamor Rouge pode ser transportado <strong>durante todo o ano<\/strong>. A sua fragr\u00e2ncia equilibrada de suavidade, frescura e sensualidade torna-o uma escolha perfeita para os dias de ver\u00e3o e para as noites de inverno.<\/p>\n<\/div>\n<\/div>\n<div itemprop=\"mainEntity\" itemscope=\"\" itemtype=\"https:\/\/schema.org\/Question\">\n<h3 itemprop=\"name\">A quem se dirige principalmente Enamor Rouge?<\/h3>\n<div itemprop=\"acceptedAnswer\" itemscope=\"\" itemtype=\"https:\/\/schema.org\/Answer\">\n<p itemprop=\"text\">Esta fragr\u00e2ncia \u00e9 para <strong>mulheres elegantes e confiantes<\/strong> que querem afirmar a sua personalidade sem extravag\u00e2ncia. \u00c9 perfeito para quem procura uma fragr\u00e2ncia que seja <strong>original, feminino e requintado<\/strong>.<\/p>\n<\/div>\n<\/div>\n<div itemprop=\"mainEntity\" itemscope=\"\" itemtype=\"https:\/\/schema.org\/Question\">\n<h3 itemprop=\"name\">Qual foi a inspira\u00e7\u00e3o por detr\u00e1s do frasco de Enamor Rouge?<\/h3>\n<div itemprop=\"acceptedAnswer\" itemscope=\"\" itemtype=\"https:\/\/schema.org\/Answer\">\n<p itemprop=\"text\">O frasco de Enamor Rouge distingue-se pela sua <strong>design vermelho vivo com detalhes dourados<\/strong>Evoca luxo, paix\u00e3o e requinte. \u00c9 t\u00e3o bonito de exibir como agrad\u00e1vel de utilizar, o que faz dele um verdadeiro objeto de decora\u00e7\u00e3o.<\/p>\n<\/div>\n<\/div>\n<\/div>","protected":false},"excerpt":{"rendered":"<p><strong><u>Dados t\u00e9cnicos :<\/u><\/strong><\/p>\n<p><strong>Nome do perfume<\/strong> : Enamor Rouge<br \/>\n<strong>Marca<\/strong> : Volar\u00e9<br \/>\n<strong>Tipo<\/strong> : Mulher<br \/>\n<strong>Capacidade<\/strong> 100 ml<\/p>\n<p><strong><u>Notas de Fragr\u00e2ncia :<\/u><\/strong><\/p>\n<p><strong>Notas de topo<\/strong> Rosa, a\u00e7afr\u00e3o<br \/>\n<strong>Notas de cora\u00e7\u00e3o<\/strong> : Cedro<br \/>\n<strong>Notas de base<\/strong> Alm\u00edscar.<\/p>","protected":false},"featured_media":34938,"template":"","meta":[],"product_brand":[],"product_cat":[201,236,206,326],"product_tag":[],"class_list":{"0":"post-34937","1":"product","2":"type-product","3":"status-publish","4":"has-post-thumbnail","6":"product_cat-parfum-femme","7":"product_cat-parfum-musque","8":"product_cat-parfum-rose","9":"product_cat-volare","11":"first","12":"instock","13":"taxable","14":"shipping-taxable","15":"purchasable","16":"product-type-simple"},"yoast_head":"<!-- This site is optimized with the Yoast SEO plugin v27.5 - https:\/\/yoast.com\/product\/yoast-seo-wordpress\/ -->\n<title>Enamor Rouge Volar\u00e9 | Parfum oriental floral | Rose &amp; Safran<\/title>\n<meta name=\"description\" content=\"D\u00e9couvrez Enamor Rouge de Volar\u00e9 : une fragrance \u00e9l\u00e9gante et envo\u00fbtante. Ses notes de rose, safran et musc cr\u00e9ent un sillage profond et inoubliable.\" \/>\n<meta name=\"robots\" content=\"index, follow, max-snippet:-1, max-image-preview:large, max-video-preview:-1\" \/>\n<link rel=\"canonical\" href=\"https:\/\/lescollectionsprivees.com\/pt\/fragrancia\/eau-de-parfum-enamor-rouge\/\" \/>\n<meta property=\"og:locale\" content=\"pt_PT\" \/>\n<meta property=\"og:type\" content=\"article\" \/>\n<meta property=\"og:title\" content=\"Enamor Rouge Volar\u00e9 | Parfum oriental floral | Rose &amp; Safran\" \/>\n<meta property=\"og:description\" content=\"D\u00e9couvrez Enamor Rouge de Volar\u00e9 : une fragrance \u00e9l\u00e9gante et envo\u00fbtante. Ses notes de rose, safran et musc cr\u00e9ent un sillage profond et inoubliable.\" \/>\n<meta property=\"og:url\" content=\"https:\/\/lescollectionsprivees.com\/pt\/fragrancia\/eau-de-parfum-enamor-rouge\/\" \/>\n<meta property=\"og:site_name\" content=\"Les Collections Priv\u00e9es\" \/>\n<meta property=\"article:modified_time\" content=\"2025-08-01T10:50:35+00:00\" \/>\n<meta property=\"og:image\" content=\"https:\/\/lescollectionsprivees.com\/wp-content\/uploads\/2025\/05\/EAU-DE-PARFUM-ENAMOR-ROUGE-100ML-VOLARE.jpg\" \/>\n\t<meta property=\"og:image:width\" content=\"600\" \/>\n\t<meta property=\"og:image:height\" content=\"600\" \/>\n\t<meta property=\"og:image:type\" content=\"image\/jpeg\" \/>\n<meta name=\"twitter:card\" content=\"summary_large_image\" \/>\n<meta name=\"twitter:label1\" content=\"Tempo estimado de leitura\" \/>\n\t<meta name=\"twitter:data1\" content=\"1 minuto\" \/>\n<script type=\"application\/ld+json\" class=\"yoast-schema-graph\">{\"@context\":\"https:\\\/\\\/schema.org\",\"@graph\":[{\"@type\":\"WebPage\",\"@id\":\"https:\\\/\\\/lescollectionsprivees.com\\\/parfum\\\/eau-de-parfum-enamor-rouge\\\/\",\"url\":\"https:\\\/\\\/lescollectionsprivees.com\\\/parfum\\\/eau-de-parfum-enamor-rouge\\\/\",\"name\":\"Enamor Rouge Volar\u00e9 | Parfum oriental floral | Rose & Safran\",\"isPartOf\":{\"@id\":\"https:\\\/\\\/lescollectionsprivees.com\\\/#website\"},\"primaryImageOfPage\":{\"@id\":\"https:\\\/\\\/lescollectionsprivees.com\\\/parfum\\\/eau-de-parfum-enamor-rouge\\\/#primaryimage\"},\"image\":{\"@id\":\"https:\\\/\\\/lescollectionsprivees.com\\\/parfum\\\/eau-de-parfum-enamor-rouge\\\/#primaryimage\"},\"thumbnailUrl\":\"https:\\\/\\\/lescollectionsprivees.com\\\/wp-content\\\/uploads\\\/2025\\\/05\\\/EAU-DE-PARFUM-ENAMOR-ROUGE-100ML-VOLARE.jpg\",\"datePublished\":\"2025-08-01T09:32:52+00:00\",\"dateModified\":\"2025-08-01T10:50:35+00:00\",\"description\":\"D\u00e9couvrez Enamor Rouge de Volar\u00e9 : une fragrance \u00e9l\u00e9gante et envo\u00fbtante. Ses notes de rose, safran et musc cr\u00e9ent un sillage profond et inoubliable.\",\"breadcrumb\":{\"@id\":\"https:\\\/\\\/lescollectionsprivees.com\\\/parfum\\\/eau-de-parfum-enamor-rouge\\\/#breadcrumb\"},\"inLanguage\":\"pt-PT\",\"potentialAction\":[{\"@type\":\"ReadAction\",\"target\":[\"https:\\\/\\\/lescollectionsprivees.com\\\/parfum\\\/eau-de-parfum-enamor-rouge\\\/\"]}]},{\"@type\":\"ImageObject\",\"inLanguage\":\"pt-PT\",\"@id\":\"https:\\\/\\\/lescollectionsprivees.com\\\/parfum\\\/eau-de-parfum-enamor-rouge\\\/#primaryimage\",\"url\":\"https:\\\/\\\/lescollectionsprivees.com\\\/wp-content\\\/uploads\\\/2025\\\/05\\\/EAU-DE-PARFUM-ENAMOR-ROUGE-100ML-VOLARE.jpg\",\"contentUrl\":\"https:\\\/\\\/lescollectionsprivees.com\\\/wp-content\\\/uploads\\\/2025\\\/05\\\/EAU-DE-PARFUM-ENAMOR-ROUGE-100ML-VOLARE.jpg\",\"width\":600,\"height\":600,\"caption\":\"Eau de parfum Enamor Rouge 100ml \u2013 Volar\u00e9\"},{\"@type\":\"BreadcrumbList\",\"@id\":\"https:\\\/\\\/lescollectionsprivees.com\\\/parfum\\\/eau-de-parfum-enamor-rouge\\\/#breadcrumb\",\"itemListElement\":[{\"@type\":\"ListItem\",\"position\":1,\"name\":\"Accueil\",\"item\":\"https:\\\/\\\/lescollectionsprivees.com\\\/\"},{\"@type\":\"ListItem\",\"position\":2,\"name\":\"Boutique\",\"item\":\"https:\\\/\\\/lescollectionsprivees.com\\\/boutique\\\/\"},{\"@type\":\"ListItem\",\"position\":3,\"name\":\"Eau de parfum Enamor Rouge 100ml \u2013 Volar\u00e9\"}]},{\"@type\":\"WebSite\",\"@id\":\"https:\\\/\\\/lescollectionsprivees.com\\\/#website\",\"url\":\"https:\\\/\\\/lescollectionsprivees.com\\\/\",\"name\":\"Les Collections Priv\u00e9es\",\"description\":\"\",\"publisher\":{\"@id\":\"https:\\\/\\\/lescollectionsprivees.com\\\/#organization\"},\"potentialAction\":[{\"@type\":\"SearchAction\",\"target\":{\"@type\":\"EntryPoint\",\"urlTemplate\":\"https:\\\/\\\/lescollectionsprivees.com\\\/?s={search_term_string}\"},\"query-input\":{\"@type\":\"PropertyValueSpecification\",\"valueRequired\":true,\"valueName\":\"search_term_string\"}}],\"inLanguage\":\"pt-PT\"},{\"@type\":\"Organization\",\"@id\":\"https:\\\/\\\/lescollectionsprivees.com\\\/#organization\",\"name\":\"Les Collections Priv\u00e9es\",\"url\":\"https:\\\/\\\/lescollectionsprivees.com\\\/\",\"logo\":{\"@type\":\"ImageObject\",\"inLanguage\":\"pt-PT\",\"@id\":\"https:\\\/\\\/lescollectionsprivees.com\\\/#\\\/schema\\\/logo\\\/image\\\/\",\"url\":\"https:\\\/\\\/lescollectionsprivees.com\\\/wp-content\\\/uploads\\\/2020\\\/02\\\/Logo-Les-Collections-Priv\u00e9es-450x450-1.png\",\"contentUrl\":\"https:\\\/\\\/lescollectionsprivees.com\\\/wp-content\\\/uploads\\\/2020\\\/02\\\/Logo-Les-Collections-Priv\u00e9es-450x450-1.png\",\"width\":450,\"height\":450,\"caption\":\"Les Collections Priv\u00e9es\"},\"image\":{\"@id\":\"https:\\\/\\\/lescollectionsprivees.com\\\/#\\\/schema\\\/logo\\\/image\\\/\"}}]}<\/script>\n<!-- \/ Yoast SEO plugin. -->","yoast_head_json":{"title":"Enamor Rouge Volar\u00e9 | Fragr\u00e2ncia floral oriental | Rosa e a\u00e7afr\u00e3o","description":"Descubra Enamor Rouge de Volar\u00e9: uma fragr\u00e2ncia elegante e encantadora. As suas notas de rosa, a\u00e7afr\u00e3o e alm\u00edscar criam um rasto profundo e inesquec\u00edvel.","robots":{"index":"index","follow":"follow","max-snippet":"max-snippet:-1","max-image-preview":"max-image-preview:large","max-video-preview":"max-video-preview:-1"},"canonical":"https:\/\/lescollectionsprivees.com\/pt\/fragrancia\/eau-de-parfum-enamor-rouge\/","og_locale":"pt_PT","og_type":"article","og_title":"Enamor Rouge Volar\u00e9 | Parfum oriental floral | Rose & Safran","og_description":"D\u00e9couvrez Enamor Rouge de Volar\u00e9 : une fragrance \u00e9l\u00e9gante et envo\u00fbtante. Ses notes de rose, safran et musc cr\u00e9ent un sillage profond et inoubliable.","og_url":"https:\/\/lescollectionsprivees.com\/pt\/fragrancia\/eau-de-parfum-enamor-rouge\/","og_site_name":"Les Collections Priv\u00e9es","article_modified_time":"2025-08-01T10:50:35+00:00","og_image":[{"width":600,"height":600,"url":"https:\/\/lescollectionsprivees.com\/wp-content\/uploads\/2025\/05\/EAU-DE-PARFUM-ENAMOR-ROUGE-100ML-VOLARE.jpg","type":"image\/jpeg"}],"twitter_card":"summary_large_image","twitter_misc":{"Tempo estimado de leitura":"1 minuto"},"schema":{"@context":"https:\/\/schema.org","@graph":[{"@type":"WebPage","@id":"https:\/\/lescollectionsprivees.com\/parfum\/eau-de-parfum-enamor-rouge\/","url":"https:\/\/lescollectionsprivees.com\/parfum\/eau-de-parfum-enamor-rouge\/","name":"Enamor Rouge Volar\u00e9 | Fragr\u00e2ncia floral oriental | Rosa e a\u00e7afr\u00e3o","isPartOf":{"@id":"https:\/\/lescollectionsprivees.com\/#website"},"primaryImageOfPage":{"@id":"https:\/\/lescollectionsprivees.com\/parfum\/eau-de-parfum-enamor-rouge\/#primaryimage"},"image":{"@id":"https:\/\/lescollectionsprivees.com\/parfum\/eau-de-parfum-enamor-rouge\/#primaryimage"},"thumbnailUrl":"https:\/\/lescollectionsprivees.com\/wp-content\/uploads\/2025\/05\/EAU-DE-PARFUM-ENAMOR-ROUGE-100ML-VOLARE.jpg","datePublished":"2025-08-01T09:32:52+00:00","dateModified":"2025-08-01T10:50:35+00:00","description":"Descubra Enamor Rouge de Volar\u00e9: uma fragr\u00e2ncia elegante e encantadora. As suas notas de rosa, a\u00e7afr\u00e3o e alm\u00edscar criam um rasto profundo e inesquec\u00edvel.","breadcrumb":{"@id":"https:\/\/lescollectionsprivees.com\/parfum\/eau-de-parfum-enamor-rouge\/#breadcrumb"},"inLanguage":"pt-PT","potentialAction":[{"@type":"ReadAction","target":["https:\/\/lescollectionsprivees.com\/parfum\/eau-de-parfum-enamor-rouge\/"]}]},{"@type":"ImageObject","inLanguage":"pt-PT","@id":"https:\/\/lescollectionsprivees.com\/parfum\/eau-de-parfum-enamor-rouge\/#primaryimage","url":"https:\/\/lescollectionsprivees.com\/wp-content\/uploads\/2025\/05\/EAU-DE-PARFUM-ENAMOR-ROUGE-100ML-VOLARE.jpg","contentUrl":"https:\/\/lescollectionsprivees.com\/wp-content\/uploads\/2025\/05\/EAU-DE-PARFUM-ENAMOR-ROUGE-100ML-VOLARE.jpg","width":600,"height":600,"caption":"Eau de parfum Enamor Rouge 100ml \u2013 Volar\u00e9"},{"@type":"BreadcrumbList","@id":"https:\/\/lescollectionsprivees.com\/parfum\/eau-de-parfum-enamor-rouge\/#breadcrumb","itemListElement":[{"@type":"ListItem","position":1,"name":"Accueil","item":"https:\/\/lescollectionsprivees.com\/"},{"@type":"ListItem","position":2,"name":"Boutique","item":"https:\/\/lescollectionsprivees.com\/boutique\/"},{"@type":"ListItem","position":3,"name":"Eau de parfum Enamor Rouge 100ml \u2013 Volar\u00e9"}]},{"@type":"WebSite","@id":"https:\/\/lescollectionsprivees.com\/#website","url":"https:\/\/lescollectionsprivees.com\/","name":"Colec\u00e7\u00f5es privadas","description":"","publisher":{"@id":"https:\/\/lescollectionsprivees.com\/#organization"},"potentialAction":[{"@type":"SearchAction","target":{"@type":"EntryPoint","urlTemplate":"https:\/\/lescollectionsprivees.com\/?s={search_term_string}"},"query-input":{"@type":"PropertyValueSpecification","valueRequired":true,"valueName":"search_term_string"}}],"inLanguage":"pt-PT"},{"@type":"Organization","@id":"https:\/\/lescollectionsprivees.com\/#organization","name":"Colec\u00e7\u00f5es privadas","url":"https:\/\/lescollectionsprivees.com\/","logo":{"@type":"ImageObject","inLanguage":"pt-PT","@id":"https:\/\/lescollectionsprivees.com\/#\/schema\/logo\/image\/","url":"https:\/\/lescollectionsprivees.com\/wp-content\/uploads\/2020\/02\/Logo-Les-Collections-Priv\u00e9es-450x450-1.png","contentUrl":"https:\/\/lescollectionsprivees.com\/wp-content\/uploads\/2020\/02\/Logo-Les-Collections-Priv\u00e9es-450x450-1.png","width":450,"height":450,"caption":"Les Collections Priv\u00e9es"},"image":{"@id":"https:\/\/lescollectionsprivees.com\/#\/schema\/logo\/image\/"}}]}},"_links":{"self":[{"href":"https:\/\/lescollectionsprivees.com\/pt\/wp-json\/wp\/v2\/product\/34937","targetHints":{"allow":["GET"]}}],"collection":[{"href":"https:\/\/lescollectionsprivees.com\/pt\/wp-json\/wp\/v2\/product"}],"about":[{"href":"https:\/\/lescollectionsprivees.com\/pt\/wp-json\/wp\/v2\/types\/product"}],"wp:featuredmedia":[{"embeddable":true,"href":"https:\/\/lescollectionsprivees.com\/pt\/wp-json\/wp\/v2\/media\/34938"}],"wp:attachment":[{"href":"https:\/\/lescollectionsprivees.com\/pt\/wp-json\/wp\/v2\/media?parent=34937"}],"wp:term":[{"taxonomy":"product_brand","embeddable":true,"href":"https:\/\/lescollectionsprivees.com\/pt\/wp-json\/wp\/v2\/product_brand?post=34937"},{"taxonomy":"product_cat","embeddable":true,"href":"https:\/\/lescollectionsprivees.com\/pt\/wp-json\/wp\/v2\/product_cat?post=34937"},{"taxonomy":"product_tag","embeddable":true,"href":"https:\/\/lescollectionsprivees.com\/pt\/wp-json\/wp\/v2\/product_tag?post=34937"}],"curies":[{"name":"wp","href":"https:\/\/api.w.org\/{rel}","templated":true}]}}