{"id":37609,"date":"2026-02-21T12:56:56","date_gmt":"2026-02-21T12:56:56","guid":{"rendered":"https:\/\/lescollectionsprivees.com\/?post_type=product&#038;p=37609"},"modified":"2026-02-21T13:21:15","modified_gmt":"2026-02-21T13:21:15","slug":"extrato-de-perfume-la-vida-loca","status":"publish","type":"product","link":"https:\/\/lescollectionsprivees.com\/pt\/parfum\/extrait-de-parfum-la-vida-loca\/","title":{"rendered":"La Vida Loca Perfume Extract 50ml - La folie des d\u00e9lices"},"content":{"rendered":"","protected":false},"excerpt":{"rendered":"<p><strong><u>Dados t\u00e9cnicos :<\/u><\/strong><\/p>\n<p><strong>Nome do perfume<\/strong> : La vida loca<br \/>\n<strong>Marca<\/strong> A loucura dos prazeres<br \/>\n<strong>Tipo<\/strong> Misto<br \/>\n<strong>Capacidade<\/strong> : 50 m<\/p>\n<p><strong><u>Notas de Fragr\u00e2ncia :<\/u><\/strong><\/p>\n<p><strong>Notas de topo<\/strong> Mandarim, Salva esclareia<br \/>\n<strong>Notas de cora\u00e7\u00e3o<\/strong> Caramelo, Fava Tonka<br \/>\n<strong>Notas de base<\/strong> Vetiver<\/p>","protected":false},"featured_media":37610,"template":"","meta":[],"product_brand":[],"product_cat":[343,201,202],"product_tag":[],"class_list":{"0":"post-37609","1":"product","2":"type-product","3":"status-publish","4":"has-post-thumbnail","6":"product_cat-la-folie-des-delices","7":"product_cat-parfum-femme","8":"product_cat-parfum-homme","10":"first","11":"instock","12":"taxable","13":"shipping-taxable","14":"purchasable","15":"product-type-simple"},"yoast_head":"<!-- This site is optimized with the Yoast SEO plugin v27.5 - https:\/\/yoast.com\/product\/yoast-seo-wordpress\/ -->\n<title>Extrait de parfum La Vida Loca 50ml \u2013 La folie des d\u00e9lices - Les Collections Priv\u00e9es<\/title>\n<meta name=\"robots\" content=\"index, follow, max-snippet:-1, max-image-preview:large, max-video-preview:-1\" \/>\n<link rel=\"canonical\" href=\"https:\/\/lescollectionsprivees.com\/pt\/fragrancia\/extrato-de-perfume-la-vida-loca\/\" \/>\n<meta property=\"og:locale\" content=\"pt_PT\" \/>\n<meta property=\"og:type\" content=\"article\" \/>\n<meta property=\"og:title\" content=\"Extrait de parfum La Vida Loca 50ml \u2013 La folie des d\u00e9lices - Les Collections Priv\u00e9es\" \/>\n<meta property=\"og:description\" content=\"Donn\u00e9es Techniques :  Nom du parfum : La vida loca Marque : La folie des d\u00e9lices Genre : Mixte Contenance : 50 m  Notes Olfactives :  Notes de t\u00eate : Mandarine, Sauge sclar\u00e9e Notes de c\u0153ur : Caramel, F\u00e8ve tonka Notes de fond : V\u00e9tiver\" \/>\n<meta property=\"og:url\" content=\"https:\/\/lescollectionsprivees.com\/pt\/fragrancia\/extrato-de-perfume-la-vida-loca\/\" \/>\n<meta property=\"og:site_name\" content=\"Les Collections Priv\u00e9es\" \/>\n<meta property=\"article:modified_time\" content=\"2026-02-21T13:21:15+00:00\" \/>\n<meta property=\"og:image\" content=\"https:\/\/lescollectionsprivees.com\/wp-content\/uploads\/2026\/02\/Extrait-de-parfum-LA-vida-loca-La-folie-des-delices.jpg\" \/>\n\t<meta property=\"og:image:width\" content=\"600\" \/>\n\t<meta property=\"og:image:height\" content=\"600\" \/>\n\t<meta property=\"og:image:type\" content=\"image\/jpeg\" \/>\n<meta name=\"twitter:card\" content=\"summary_large_image\" \/>\n<meta name=\"twitter:label1\" content=\"Tempo estimado de leitura\" \/>\n\t<meta name=\"twitter:data1\" content=\"1 minuto\" \/>\n<script type=\"application\/ld+json\" class=\"yoast-schema-graph\">{\"@context\":\"https:\\\/\\\/schema.org\",\"@graph\":[{\"@type\":\"WebPage\",\"@id\":\"https:\\\/\\\/lescollectionsprivees.com\\\/parfum\\\/extrait-de-parfum-la-vida-loca\\\/\",\"url\":\"https:\\\/\\\/lescollectionsprivees.com\\\/parfum\\\/extrait-de-parfum-la-vida-loca\\\/\",\"name\":\"Extrait de parfum La Vida Loca 50ml \u2013 La folie des d\u00e9lices - Les Collections Priv\u00e9es\",\"isPartOf\":{\"@id\":\"https:\\\/\\\/lescollectionsprivees.com\\\/#website\"},\"primaryImageOfPage\":{\"@id\":\"https:\\\/\\\/lescollectionsprivees.com\\\/parfum\\\/extrait-de-parfum-la-vida-loca\\\/#primaryimage\"},\"image\":{\"@id\":\"https:\\\/\\\/lescollectionsprivees.com\\\/parfum\\\/extrait-de-parfum-la-vida-loca\\\/#primaryimage\"},\"thumbnailUrl\":\"https:\\\/\\\/lescollectionsprivees.com\\\/wp-content\\\/uploads\\\/2026\\\/02\\\/Extrait-de-parfum-LA-vida-loca-La-folie-des-delices.jpg\",\"datePublished\":\"2026-02-21T12:56:56+00:00\",\"dateModified\":\"2026-02-21T13:21:15+00:00\",\"breadcrumb\":{\"@id\":\"https:\\\/\\\/lescollectionsprivees.com\\\/parfum\\\/extrait-de-parfum-la-vida-loca\\\/#breadcrumb\"},\"inLanguage\":\"pt-PT\",\"potentialAction\":[{\"@type\":\"ReadAction\",\"target\":[\"https:\\\/\\\/lescollectionsprivees.com\\\/parfum\\\/extrait-de-parfum-la-vida-loca\\\/\"]}]},{\"@type\":\"ImageObject\",\"inLanguage\":\"pt-PT\",\"@id\":\"https:\\\/\\\/lescollectionsprivees.com\\\/parfum\\\/extrait-de-parfum-la-vida-loca\\\/#primaryimage\",\"url\":\"https:\\\/\\\/lescollectionsprivees.com\\\/wp-content\\\/uploads\\\/2026\\\/02\\\/Extrait-de-parfum-LA-vida-loca-La-folie-des-delices.jpg\",\"contentUrl\":\"https:\\\/\\\/lescollectionsprivees.com\\\/wp-content\\\/uploads\\\/2026\\\/02\\\/Extrait-de-parfum-LA-vida-loca-La-folie-des-delices.jpg\",\"width\":600,\"height\":600,\"caption\":\"Extrait de parfum La Vida Loca 50ml \u2013 La folie des d\u00e9lices\"},{\"@type\":\"BreadcrumbList\",\"@id\":\"https:\\\/\\\/lescollectionsprivees.com\\\/parfum\\\/extrait-de-parfum-la-vida-loca\\\/#breadcrumb\",\"itemListElement\":[{\"@type\":\"ListItem\",\"position\":1,\"name\":\"Accueil\",\"item\":\"https:\\\/\\\/lescollectionsprivees.com\\\/\"},{\"@type\":\"ListItem\",\"position\":2,\"name\":\"Boutique\",\"item\":\"https:\\\/\\\/lescollectionsprivees.com\\\/boutique\\\/\"},{\"@type\":\"ListItem\",\"position\":3,\"name\":\"Extrait de parfum La Vida Loca 50ml \u2013 La folie des d\u00e9lices\"}]},{\"@type\":\"WebSite\",\"@id\":\"https:\\\/\\\/lescollectionsprivees.com\\\/#website\",\"url\":\"https:\\\/\\\/lescollectionsprivees.com\\\/\",\"name\":\"Les Collections Priv\u00e9es\",\"description\":\"\",\"publisher\":{\"@id\":\"https:\\\/\\\/lescollectionsprivees.com\\\/#organization\"},\"potentialAction\":[{\"@type\":\"SearchAction\",\"target\":{\"@type\":\"EntryPoint\",\"urlTemplate\":\"https:\\\/\\\/lescollectionsprivees.com\\\/?s={search_term_string}\"},\"query-input\":{\"@type\":\"PropertyValueSpecification\",\"valueRequired\":true,\"valueName\":\"search_term_string\"}}],\"inLanguage\":\"pt-PT\"},{\"@type\":\"Organization\",\"@id\":\"https:\\\/\\\/lescollectionsprivees.com\\\/#organization\",\"name\":\"Les Collections Priv\u00e9es\",\"url\":\"https:\\\/\\\/lescollectionsprivees.com\\\/\",\"logo\":{\"@type\":\"ImageObject\",\"inLanguage\":\"pt-PT\",\"@id\":\"https:\\\/\\\/lescollectionsprivees.com\\\/#\\\/schema\\\/logo\\\/image\\\/\",\"url\":\"https:\\\/\\\/lescollectionsprivees.com\\\/wp-content\\\/uploads\\\/2020\\\/02\\\/Logo-Les-Collections-Priv\u00e9es-450x450-1.png\",\"contentUrl\":\"https:\\\/\\\/lescollectionsprivees.com\\\/wp-content\\\/uploads\\\/2020\\\/02\\\/Logo-Les-Collections-Priv\u00e9es-450x450-1.png\",\"width\":450,\"height\":450,\"caption\":\"Les Collections Priv\u00e9es\"},\"image\":{\"@id\":\"https:\\\/\\\/lescollectionsprivees.com\\\/#\\\/schema\\\/logo\\\/image\\\/\"}}]}<\/script>\n<!-- \/ Yoast SEO plugin. -->","yoast_head_json":{"title":"La Vida Loca Perfume Extract 50ml - La folie des d\u00e9lices - Les Collections Priv\u00e9es","robots":{"index":"index","follow":"follow","max-snippet":"max-snippet:-1","max-image-preview":"max-image-preview:large","max-video-preview":"max-video-preview:-1"},"canonical":"https:\/\/lescollectionsprivees.com\/pt\/fragrancia\/extrato-de-perfume-la-vida-loca\/","og_locale":"pt_PT","og_type":"article","og_title":"Extrait de parfum La Vida Loca 50ml \u2013 La folie des d\u00e9lices - Les Collections Priv\u00e9es","og_description":"Donn\u00e9es Techniques :  Nom du parfum : La vida loca Marque : La folie des d\u00e9lices Genre : Mixte Contenance : 50 m  Notes Olfactives :  Notes de t\u00eate : Mandarine, Sauge sclar\u00e9e Notes de c\u0153ur : Caramel, F\u00e8ve tonka Notes de fond : V\u00e9tiver","og_url":"https:\/\/lescollectionsprivees.com\/pt\/fragrancia\/extrato-de-perfume-la-vida-loca\/","og_site_name":"Les Collections Priv\u00e9es","article_modified_time":"2026-02-21T13:21:15+00:00","og_image":[{"width":600,"height":600,"url":"https:\/\/lescollectionsprivees.com\/wp-content\/uploads\/2026\/02\/Extrait-de-parfum-LA-vida-loca-La-folie-des-delices.jpg","type":"image\/jpeg"}],"twitter_card":"summary_large_image","twitter_misc":{"Tempo estimado de leitura":"1 minuto"},"schema":{"@context":"https:\/\/schema.org","@graph":[{"@type":"WebPage","@id":"https:\/\/lescollectionsprivees.com\/parfum\/extrait-de-parfum-la-vida-loca\/","url":"https:\/\/lescollectionsprivees.com\/parfum\/extrait-de-parfum-la-vida-loca\/","name":"La Vida Loca Perfume Extract 50ml - La folie des d\u00e9lices - Les Collections Priv\u00e9es","isPartOf":{"@id":"https:\/\/lescollectionsprivees.com\/#website"},"primaryImageOfPage":{"@id":"https:\/\/lescollectionsprivees.com\/parfum\/extrait-de-parfum-la-vida-loca\/#primaryimage"},"image":{"@id":"https:\/\/lescollectionsprivees.com\/parfum\/extrait-de-parfum-la-vida-loca\/#primaryimage"},"thumbnailUrl":"https:\/\/lescollectionsprivees.com\/wp-content\/uploads\/2026\/02\/Extrait-de-parfum-LA-vida-loca-La-folie-des-delices.jpg","datePublished":"2026-02-21T12:56:56+00:00","dateModified":"2026-02-21T13:21:15+00:00","breadcrumb":{"@id":"https:\/\/lescollectionsprivees.com\/parfum\/extrait-de-parfum-la-vida-loca\/#breadcrumb"},"inLanguage":"pt-PT","potentialAction":[{"@type":"ReadAction","target":["https:\/\/lescollectionsprivees.com\/parfum\/extrait-de-parfum-la-vida-loca\/"]}]},{"@type":"ImageObject","inLanguage":"pt-PT","@id":"https:\/\/lescollectionsprivees.com\/parfum\/extrait-de-parfum-la-vida-loca\/#primaryimage","url":"https:\/\/lescollectionsprivees.com\/wp-content\/uploads\/2026\/02\/Extrait-de-parfum-LA-vida-loca-La-folie-des-delices.jpg","contentUrl":"https:\/\/lescollectionsprivees.com\/wp-content\/uploads\/2026\/02\/Extrait-de-parfum-LA-vida-loca-La-folie-des-delices.jpg","width":600,"height":600,"caption":"Extrait de parfum La Vida Loca 50ml \u2013 La folie des d\u00e9lices"},{"@type":"BreadcrumbList","@id":"https:\/\/lescollectionsprivees.com\/parfum\/extrait-de-parfum-la-vida-loca\/#breadcrumb","itemListElement":[{"@type":"ListItem","position":1,"name":"Accueil","item":"https:\/\/lescollectionsprivees.com\/"},{"@type":"ListItem","position":2,"name":"Boutique","item":"https:\/\/lescollectionsprivees.com\/boutique\/"},{"@type":"ListItem","position":3,"name":"Extrait de parfum La Vida Loca 50ml \u2013 La folie des d\u00e9lices"}]},{"@type":"WebSite","@id":"https:\/\/lescollectionsprivees.com\/#website","url":"https:\/\/lescollectionsprivees.com\/","name":"Colec\u00e7\u00f5es privadas","description":"","publisher":{"@id":"https:\/\/lescollectionsprivees.com\/#organization"},"potentialAction":[{"@type":"SearchAction","target":{"@type":"EntryPoint","urlTemplate":"https:\/\/lescollectionsprivees.com\/?s={search_term_string}"},"query-input":{"@type":"PropertyValueSpecification","valueRequired":true,"valueName":"search_term_string"}}],"inLanguage":"pt-PT"},{"@type":"Organization","@id":"https:\/\/lescollectionsprivees.com\/#organization","name":"Colec\u00e7\u00f5es privadas","url":"https:\/\/lescollectionsprivees.com\/","logo":{"@type":"ImageObject","inLanguage":"pt-PT","@id":"https:\/\/lescollectionsprivees.com\/#\/schema\/logo\/image\/","url":"https:\/\/lescollectionsprivees.com\/wp-content\/uploads\/2020\/02\/Logo-Les-Collections-Priv\u00e9es-450x450-1.png","contentUrl":"https:\/\/lescollectionsprivees.com\/wp-content\/uploads\/2020\/02\/Logo-Les-Collections-Priv\u00e9es-450x450-1.png","width":450,"height":450,"caption":"Les Collections Priv\u00e9es"},"image":{"@id":"https:\/\/lescollectionsprivees.com\/#\/schema\/logo\/image\/"}}]}},"_links":{"self":[{"href":"https:\/\/lescollectionsprivees.com\/pt\/wp-json\/wp\/v2\/product\/37609","targetHints":{"allow":["GET"]}}],"collection":[{"href":"https:\/\/lescollectionsprivees.com\/pt\/wp-json\/wp\/v2\/product"}],"about":[{"href":"https:\/\/lescollectionsprivees.com\/pt\/wp-json\/wp\/v2\/types\/product"}],"wp:featuredmedia":[{"embeddable":true,"href":"https:\/\/lescollectionsprivees.com\/pt\/wp-json\/wp\/v2\/media\/37610"}],"wp:attachment":[{"href":"https:\/\/lescollectionsprivees.com\/pt\/wp-json\/wp\/v2\/media?parent=37609"}],"wp:term":[{"taxonomy":"product_brand","embeddable":true,"href":"https:\/\/lescollectionsprivees.com\/pt\/wp-json\/wp\/v2\/product_brand?post=37609"},{"taxonomy":"product_cat","embeddable":true,"href":"https:\/\/lescollectionsprivees.com\/pt\/wp-json\/wp\/v2\/product_cat?post=37609"},{"taxonomy":"product_tag","embeddable":true,"href":"https:\/\/lescollectionsprivees.com\/pt\/wp-json\/wp\/v2\/product_tag?post=37609"}],"curies":[{"name":"wp","href":"https:\/\/api.w.org\/{rel}","templated":true}]}}