{"id":6326,"date":"2020-02-06T12:41:15","date_gmt":"2020-02-06T12:41:15","guid":{"rendered":"https:\/\/lescollectionsprivees.com\/produit\/import-placeholder-for-1687\/"},"modified":"2025-09-06T18:42:25","modified_gmt":"2025-09-06T18:42:25","slug":"oud-mood-lattafa-perfumes","status":"publish","type":"product","link":"https:\/\/lescollectionsprivees.com\/pt\/parfum\/oud-mood-lattafa-perfumes\/","title":{"rendered":"Oud Mood - Perfumes Lattafa"},"content":{"rendered":"<h2><strong>Oud Mood de Lattafa Perfumes<\/strong><\/h2>\n<p>\u00c9 imposs\u00edvel olhar para o Oud Mood da Lattafa Perfumes sem reparar na sua impon\u00eancia. Fornecido num not\u00e1vel tubo com motivos de filigrana, o frasco de Oud Mood \u00e9, por si s\u00f3, uma cria\u00e7\u00e3o digna de ser vista. Em suma, cria uma experi\u00eancia visual e t\u00e1til \u00fanica que introduz esta eau de parfum.<\/p>\n<h2><strong>Uma fragr\u00e2ncia com acordes subtis<\/strong><\/h2>\n<p>Verdadeira cria\u00e7\u00e3o dos perfumistas orientais, o Oud Mood da Lattafa Perfumes marca a sua heran\u00e7a com cada uma das notas do seu perfil. O a\u00e7afr\u00e3o e a rosa no topo s\u00e3o preparados com a pimenta que os acompanha. Isto conduz depois ao bouquet de aromas que constitui a identidade desta fragr\u00e2ncia. O caramelo, o oud e o patchouli assentam confortavelmente na base formada pelas notas de base. As notas de base s\u00e3o incenso, \u00e2mbar, resina e alm\u00edscares subtis.<\/p>\n<p>Oud Mood \u00e9 uma mistura interessante de aromas doces e amadeirados que, \u00e0 medida que seca, quase evoca notas de fumo. E com raz\u00e3o: a presen\u00e7a de a\u00e7afr\u00e3o, patchouli, caramelo e delicadas notas florais d\u00e3o a esta fragr\u00e2ncia um car\u00e1cter quase \"suave\".<\/p>\n<h2><strong>O caloroso abra\u00e7o das fragr\u00e2ncias orientais<\/strong><\/h2>\n<p>Trata-se de uma fragr\u00e2ncia que, apesar da sua excelente longevidade, \u00e9 quase discreta em termos de proje\u00e7\u00e3o. \u00c9 uma fragr\u00e2ncia relativamente suave, com um rasto muito presente. O resultado \u00e9 uma fragr\u00e2ncia quente, agrad\u00e1vel e harmoniosa, que ficar\u00e1 consigo durante todo o dia.<\/p>","protected":false},"excerpt":{"rendered":"<p><strong><u>Dados t\u00e9cnicos :<\/u><\/strong><\/p>\n<p><strong>Nome do perfume<\/strong> Oud Mood<br \/>\n<strong>Marca<\/strong> : Lattafa Perfumes<br \/>\n<strong>Tipo<\/strong> Unissexo<br \/>\n<strong>Capacidade<\/strong> 100 ml<\/p>\n<p><span style=\"text-decoration: underline;\"><strong>Perfil olfativo<\/strong> :<\/span><\/p>\n<p><strong>Cabe\u00e7a<\/strong>\u00a0A\u00e7afr\u00e3o, Pimenta, Rosa<br \/>\n<strong>Cora\u00e7\u00e3o<\/strong> Patchouli, Caramelo, Oud, Notas florais<br \/>\n<strong>Antecedentes<\/strong> Alm\u00edscar, incenso, \u00e2mbar, resinas e notas amadeiradas.<\/p>","protected":false},"featured_media":8355,"template":"","meta":[],"product_brand":[],"product_cat":[227,15],"product_tag":[],"class_list":{"0":"post-6326","1":"product","2":"type-product","3":"status-publish","4":"has-post-thumbnail","6":"product_cat-parfum-lattafa","7":"product_cat-parfums-de-dubai","8":"pa_marque-lattafa-perfumes","10":"first","11":"instock","12":"taxable","13":"shipping-taxable","14":"purchasable","15":"product-type-simple"},"yoast_head":"<!-- This site is optimized with the Yoast SEO plugin v27.5 - https:\/\/yoast.com\/product\/yoast-seo-wordpress\/ -->\n<title>Oud Mood de Lattafa Perfumes en 100ml - Les Collections Priv\u00e9es<\/title>\n<meta name=\"description\" content=\"Impossible de poser le regard sur Oud Mood de Lattafa Perfumes sans en noter toute la prestance. Et que dire de son profil olfactif... Venez le d\u00e9couvrir !\" \/>\n<meta name=\"robots\" content=\"index, follow, max-snippet:-1, max-image-preview:large, max-video-preview:-1\" \/>\n<link rel=\"canonical\" href=\"https:\/\/lescollectionsprivees.com\/pt\/fragrancia\/oud-mood-lattafa-perfumes\/\" \/>\n<meta property=\"og:locale\" content=\"pt_PT\" \/>\n<meta property=\"og:type\" content=\"article\" \/>\n<meta property=\"og:title\" content=\"Oud Mood de Lattafa Perfumes en 100ml - Les Collections Priv\u00e9es\" \/>\n<meta property=\"og:description\" content=\"Impossible de poser le regard sur Oud Mood de Lattafa Perfumes sans en noter toute la prestance. Et que dire de son profil olfactif... Venez le d\u00e9couvrir !\" \/>\n<meta property=\"og:url\" content=\"https:\/\/lescollectionsprivees.com\/pt\/fragrancia\/oud-mood-lattafa-perfumes\/\" \/>\n<meta property=\"og:site_name\" content=\"Les Collections Priv\u00e9es\" \/>\n<meta property=\"article:modified_time\" content=\"2025-09-06T18:42:25+00:00\" \/>\n<meta property=\"og:image\" content=\"https:\/\/lescollectionsprivees.com\/wp-content\/uploads\/2020\/02\/Oud-Mood-Lattafa-Perfumes-Les-Collections-Priv\u00e9es-1.jpg\" \/>\n\t<meta property=\"og:image:width\" content=\"521\" \/>\n\t<meta property=\"og:image:height\" content=\"695\" \/>\n\t<meta property=\"og:image:type\" content=\"image\/jpeg\" \/>\n<meta name=\"twitter:card\" content=\"summary_large_image\" \/>\n<meta name=\"twitter:label1\" content=\"Tempo estimado de leitura\" \/>\n\t<meta name=\"twitter:data1\" content=\"1 minuto\" \/>\n<script type=\"application\/ld+json\" class=\"yoast-schema-graph\">{\"@context\":\"https:\\\/\\\/schema.org\",\"@graph\":[{\"@type\":\"WebPage\",\"@id\":\"https:\\\/\\\/lescollectionsprivees.com\\\/parfum\\\/oud-mood-lattafa-perfumes\\\/\",\"url\":\"https:\\\/\\\/lescollectionsprivees.com\\\/parfum\\\/oud-mood-lattafa-perfumes\\\/\",\"name\":\"Oud Mood de Lattafa Perfumes en 100ml - Les Collections Priv\u00e9es\",\"isPartOf\":{\"@id\":\"https:\\\/\\\/lescollectionsprivees.com\\\/#website\"},\"primaryImageOfPage\":{\"@id\":\"https:\\\/\\\/lescollectionsprivees.com\\\/parfum\\\/oud-mood-lattafa-perfumes\\\/#primaryimage\"},\"image\":{\"@id\":\"https:\\\/\\\/lescollectionsprivees.com\\\/parfum\\\/oud-mood-lattafa-perfumes\\\/#primaryimage\"},\"thumbnailUrl\":\"https:\\\/\\\/lescollectionsprivees.com\\\/wp-content\\\/uploads\\\/2020\\\/02\\\/Oud-Mood-Lattafa-Perfumes-Les-Collections-Priv\u00e9es-1.jpg\",\"datePublished\":\"2020-02-06T12:41:15+00:00\",\"dateModified\":\"2025-09-06T18:42:25+00:00\",\"description\":\"Impossible de poser le regard sur Oud Mood de Lattafa Perfumes sans en noter toute la prestance. Et que dire de son profil olfactif... Venez le d\u00e9couvrir !\",\"breadcrumb\":{\"@id\":\"https:\\\/\\\/lescollectionsprivees.com\\\/parfum\\\/oud-mood-lattafa-perfumes\\\/#breadcrumb\"},\"inLanguage\":\"pt-PT\",\"potentialAction\":[{\"@type\":\"ReadAction\",\"target\":[\"https:\\\/\\\/lescollectionsprivees.com\\\/parfum\\\/oud-mood-lattafa-perfumes\\\/\"]}]},{\"@type\":\"ImageObject\",\"inLanguage\":\"pt-PT\",\"@id\":\"https:\\\/\\\/lescollectionsprivees.com\\\/parfum\\\/oud-mood-lattafa-perfumes\\\/#primaryimage\",\"url\":\"https:\\\/\\\/lescollectionsprivees.com\\\/wp-content\\\/uploads\\\/2020\\\/02\\\/Oud-Mood-Lattafa-Perfumes-Les-Collections-Priv\u00e9es-1.jpg\",\"contentUrl\":\"https:\\\/\\\/lescollectionsprivees.com\\\/wp-content\\\/uploads\\\/2020\\\/02\\\/Oud-Mood-Lattafa-Perfumes-Les-Collections-Priv\u00e9es-1.jpg\",\"width\":521,\"height\":695,\"caption\":\"Oud Mood - Lattafa Perfumes - Les Collections Priv\u00e9es\"},{\"@type\":\"BreadcrumbList\",\"@id\":\"https:\\\/\\\/lescollectionsprivees.com\\\/parfum\\\/oud-mood-lattafa-perfumes\\\/#breadcrumb\",\"itemListElement\":[{\"@type\":\"ListItem\",\"position\":1,\"name\":\"Accueil\",\"item\":\"https:\\\/\\\/lescollectionsprivees.com\\\/\"},{\"@type\":\"ListItem\",\"position\":2,\"name\":\"Boutique\",\"item\":\"https:\\\/\\\/lescollectionsprivees.com\\\/boutique\\\/\"},{\"@type\":\"ListItem\",\"position\":3,\"name\":\"Oud Mood &#8211; Lattafa Perfumes\"}]},{\"@type\":\"WebSite\",\"@id\":\"https:\\\/\\\/lescollectionsprivees.com\\\/#website\",\"url\":\"https:\\\/\\\/lescollectionsprivees.com\\\/\",\"name\":\"Les Collections Priv\u00e9es\",\"description\":\"\",\"publisher\":{\"@id\":\"https:\\\/\\\/lescollectionsprivees.com\\\/#organization\"},\"potentialAction\":[{\"@type\":\"SearchAction\",\"target\":{\"@type\":\"EntryPoint\",\"urlTemplate\":\"https:\\\/\\\/lescollectionsprivees.com\\\/?s={search_term_string}\"},\"query-input\":{\"@type\":\"PropertyValueSpecification\",\"valueRequired\":true,\"valueName\":\"search_term_string\"}}],\"inLanguage\":\"pt-PT\"},{\"@type\":\"Organization\",\"@id\":\"https:\\\/\\\/lescollectionsprivees.com\\\/#organization\",\"name\":\"Les Collections Priv\u00e9es\",\"url\":\"https:\\\/\\\/lescollectionsprivees.com\\\/\",\"logo\":{\"@type\":\"ImageObject\",\"inLanguage\":\"pt-PT\",\"@id\":\"https:\\\/\\\/lescollectionsprivees.com\\\/#\\\/schema\\\/logo\\\/image\\\/\",\"url\":\"https:\\\/\\\/lescollectionsprivees.com\\\/wp-content\\\/uploads\\\/2020\\\/02\\\/Logo-Les-Collections-Priv\u00e9es-450x450-1.png\",\"contentUrl\":\"https:\\\/\\\/lescollectionsprivees.com\\\/wp-content\\\/uploads\\\/2020\\\/02\\\/Logo-Les-Collections-Priv\u00e9es-450x450-1.png\",\"width\":450,\"height\":450,\"caption\":\"Les Collections Priv\u00e9es\"},\"image\":{\"@id\":\"https:\\\/\\\/lescollectionsprivees.com\\\/#\\\/schema\\\/logo\\\/image\\\/\"}}]}<\/script>\n<!-- \/ Yoast SEO plugin. -->","yoast_head_json":{"title":"Oud Mood por Lattafa Perfumes em 100ml - Les Collections Priv\u00e9es","description":"\u00c9 imposs\u00edvel olhar para o Oud Mood da Lattafa Perfumes sem notar a sua presen\u00e7a. E o que dizer do seu perfil olfativo? Venha descobri-lo!","robots":{"index":"index","follow":"follow","max-snippet":"max-snippet:-1","max-image-preview":"max-image-preview:large","max-video-preview":"max-video-preview:-1"},"canonical":"https:\/\/lescollectionsprivees.com\/pt\/fragrancia\/oud-mood-lattafa-perfumes\/","og_locale":"pt_PT","og_type":"article","og_title":"Oud Mood de Lattafa Perfumes en 100ml - Les Collections Priv\u00e9es","og_description":"Impossible de poser le regard sur Oud Mood de Lattafa Perfumes sans en noter toute la prestance. Et que dire de son profil olfactif... Venez le d\u00e9couvrir !","og_url":"https:\/\/lescollectionsprivees.com\/pt\/fragrancia\/oud-mood-lattafa-perfumes\/","og_site_name":"Les Collections Priv\u00e9es","article_modified_time":"2025-09-06T18:42:25+00:00","og_image":[{"width":521,"height":695,"url":"https:\/\/lescollectionsprivees.com\/wp-content\/uploads\/2020\/02\/Oud-Mood-Lattafa-Perfumes-Les-Collections-Priv\u00e9es-1.jpg","type":"image\/jpeg"}],"twitter_card":"summary_large_image","twitter_misc":{"Tempo estimado de leitura":"1 minuto"},"schema":{"@context":"https:\/\/schema.org","@graph":[{"@type":"WebPage","@id":"https:\/\/lescollectionsprivees.com\/parfum\/oud-mood-lattafa-perfumes\/","url":"https:\/\/lescollectionsprivees.com\/parfum\/oud-mood-lattafa-perfumes\/","name":"Oud Mood por Lattafa Perfumes em 100ml - Les Collections Priv\u00e9es","isPartOf":{"@id":"https:\/\/lescollectionsprivees.com\/#website"},"primaryImageOfPage":{"@id":"https:\/\/lescollectionsprivees.com\/parfum\/oud-mood-lattafa-perfumes\/#primaryimage"},"image":{"@id":"https:\/\/lescollectionsprivees.com\/parfum\/oud-mood-lattafa-perfumes\/#primaryimage"},"thumbnailUrl":"https:\/\/lescollectionsprivees.com\/wp-content\/uploads\/2020\/02\/Oud-Mood-Lattafa-Perfumes-Les-Collections-Priv\u00e9es-1.jpg","datePublished":"2020-02-06T12:41:15+00:00","dateModified":"2025-09-06T18:42:25+00:00","description":"\u00c9 imposs\u00edvel olhar para o Oud Mood da Lattafa Perfumes sem notar a sua presen\u00e7a. E o que dizer do seu perfil olfativo? Venha descobri-lo!","breadcrumb":{"@id":"https:\/\/lescollectionsprivees.com\/parfum\/oud-mood-lattafa-perfumes\/#breadcrumb"},"inLanguage":"pt-PT","potentialAction":[{"@type":"ReadAction","target":["https:\/\/lescollectionsprivees.com\/parfum\/oud-mood-lattafa-perfumes\/"]}]},{"@type":"ImageObject","inLanguage":"pt-PT","@id":"https:\/\/lescollectionsprivees.com\/parfum\/oud-mood-lattafa-perfumes\/#primaryimage","url":"https:\/\/lescollectionsprivees.com\/wp-content\/uploads\/2020\/02\/Oud-Mood-Lattafa-Perfumes-Les-Collections-Priv\u00e9es-1.jpg","contentUrl":"https:\/\/lescollectionsprivees.com\/wp-content\/uploads\/2020\/02\/Oud-Mood-Lattafa-Perfumes-Les-Collections-Priv\u00e9es-1.jpg","width":521,"height":695,"caption":"Oud Mood - Lattafa Perfumes - Les Collections Priv\u00e9es"},{"@type":"BreadcrumbList","@id":"https:\/\/lescollectionsprivees.com\/parfum\/oud-mood-lattafa-perfumes\/#breadcrumb","itemListElement":[{"@type":"ListItem","position":1,"name":"Accueil","item":"https:\/\/lescollectionsprivees.com\/"},{"@type":"ListItem","position":2,"name":"Boutique","item":"https:\/\/lescollectionsprivees.com\/boutique\/"},{"@type":"ListItem","position":3,"name":"Oud Mood &#8211; Lattafa Perfumes"}]},{"@type":"WebSite","@id":"https:\/\/lescollectionsprivees.com\/#website","url":"https:\/\/lescollectionsprivees.com\/","name":"Colec\u00e7\u00f5es privadas","description":"","publisher":{"@id":"https:\/\/lescollectionsprivees.com\/#organization"},"potentialAction":[{"@type":"SearchAction","target":{"@type":"EntryPoint","urlTemplate":"https:\/\/lescollectionsprivees.com\/?s={search_term_string}"},"query-input":{"@type":"PropertyValueSpecification","valueRequired":true,"valueName":"search_term_string"}}],"inLanguage":"pt-PT"},{"@type":"Organization","@id":"https:\/\/lescollectionsprivees.com\/#organization","name":"Colec\u00e7\u00f5es privadas","url":"https:\/\/lescollectionsprivees.com\/","logo":{"@type":"ImageObject","inLanguage":"pt-PT","@id":"https:\/\/lescollectionsprivees.com\/#\/schema\/logo\/image\/","url":"https:\/\/lescollectionsprivees.com\/wp-content\/uploads\/2020\/02\/Logo-Les-Collections-Priv\u00e9es-450x450-1.png","contentUrl":"https:\/\/lescollectionsprivees.com\/wp-content\/uploads\/2020\/02\/Logo-Les-Collections-Priv\u00e9es-450x450-1.png","width":450,"height":450,"caption":"Les Collections Priv\u00e9es"},"image":{"@id":"https:\/\/lescollectionsprivees.com\/#\/schema\/logo\/image\/"}}]}},"_links":{"self":[{"href":"https:\/\/lescollectionsprivees.com\/pt\/wp-json\/wp\/v2\/product\/6326","targetHints":{"allow":["GET"]}}],"collection":[{"href":"https:\/\/lescollectionsprivees.com\/pt\/wp-json\/wp\/v2\/product"}],"about":[{"href":"https:\/\/lescollectionsprivees.com\/pt\/wp-json\/wp\/v2\/types\/product"}],"wp:featuredmedia":[{"embeddable":true,"href":"https:\/\/lescollectionsprivees.com\/pt\/wp-json\/wp\/v2\/media\/8355"}],"wp:attachment":[{"href":"https:\/\/lescollectionsprivees.com\/pt\/wp-json\/wp\/v2\/media?parent=6326"}],"wp:term":[{"taxonomy":"product_brand","embeddable":true,"href":"https:\/\/lescollectionsprivees.com\/pt\/wp-json\/wp\/v2\/product_brand?post=6326"},{"taxonomy":"product_cat","embeddable":true,"href":"https:\/\/lescollectionsprivees.com\/pt\/wp-json\/wp\/v2\/product_cat?post=6326"},{"taxonomy":"product_tag","embeddable":true,"href":"https:\/\/lescollectionsprivees.com\/pt\/wp-json\/wp\/v2\/product_tag?post=6326"}],"curies":[{"name":"wp","href":"https:\/\/api.w.org\/{rel}","templated":true}]}}