{"id":6359,"date":"2020-02-06T12:41:24","date_gmt":"2020-02-06T12:41:24","guid":{"rendered":"https:\/\/lescollectionsprivees.com\/produit\/import-placeholder-for-1843\/"},"modified":"2026-05-16T13:43:41","modified_gmt":"2026-05-16T13:43:41","slug":"edicao-vermelho-preto","status":"publish","type":"product","link":"https:\/\/lescollectionsprivees.com\/pt\/parfum\/rouge-black-edition\/","title":{"rendered":"Vermelho - Edi\u00e7\u00e3o preta"},"content":{"rendered":"<h2><strong>Vermelho da edi\u00e7\u00e3o preta<\/strong><\/h2>\n<p>Apesar da sua embalagem muito discreta, quase modesta, esta fragr\u00e2ncia da <strong>Edi\u00e7\u00e3o preta<\/strong> \u00e9 um verdadeiro concentrado de notas de topo, numa sinfonia olfactiva melodiosa composta por Jasmim, A\u00e7afr\u00e3o, \u00c2mbar gris, Resina de Abeto e Madeira de Cedro. A composi\u00e7\u00e3o equilibrada das notas de topo, m\u00e9dias e de base n\u00e3o cria contrastes desagrad\u00e1veis. Pelo contr\u00e1rio, os aromas enriquecem-se mutuamente para dar a Rouge as suas notas carater\u00edsticas.<\/p>\n<p>Sensual e delicado, robusto mas subtil, n\u00e3o tem dificuldade em seduzir at\u00e9 os narizes mais rigorosos. O <strong>Fragr\u00e2ncia Black Edition Rouge<\/strong>\u00a0herdou o saber-fazer tradicional e n\u00e3o tem medo de conquistar novos horizontes. A sua longevidade consider\u00e1vel e a sua not\u00e1vel proje\u00e7\u00e3o s\u00e3o o testemunho perfeito da per\u00edcia dos perfumistas da Black Edition. E \u00e9 f\u00e1cil perceber porque \u00e9 que Rouge foi, e continua a ser, t\u00e3o popular!<\/p>\n<h2><strong>A sua arma principal<\/strong><\/h2>\n<p>Atrav\u00e9s dos seus aromas reinventados, <strong>Edi\u00e7\u00e3o preta<\/strong> consegue renovar toda a experi\u00eancia olfactiva de aromas ic\u00f3nicos. Mais uma vez, Rouge \u00e9 um golpe de mestre. \u00c9 uma fragr\u00e2ncia com um car\u00e1cter majestoso que certamente seduzir\u00e1 e cativar\u00e1. Para ocasi\u00f5es especiais ou para o dia a dia, fa\u00e7a deste perfume a sua arma principal!<\/p>","protected":false},"excerpt":{"rendered":"<p style=\"text-align: left;\"><strong><u>Dados t\u00e9cnicos :<\/u><\/strong><\/p>\n<p><strong>Nome do perfume<\/strong>\u00a0: Vermelho<br \/>\n<strong>Marca<\/strong>\u00a0Edi\u00e7\u00e3o preta<br \/>\n<strong>Tipo<\/strong>\u00a0Unissexo<br \/>\n<strong>Capacidade<\/strong>\u00a050 ml<\/p>\n<p><span style=\"text-decoration: underline;\"><strong>Perfil olfativo<\/strong> :<\/span><\/p>\n<p><strong>Cabe\u00e7a<\/strong> Jasmim, A\u00e7afr\u00e3o<br \/>\n<strong>Cora\u00e7\u00e3o<\/strong> : Ambergris<br \/>\n<strong>Antecedentes<\/strong> Resina de abeto e madeira de cedro<\/p>\n<div id=\"gtx-trans\" style=\"position: absolute; left: -26px; top: 184.534px;\">\n<div class=\"gtx-trans-icon\"><\/div>\n<\/div>","protected":false},"featured_media":32506,"template":"","meta":[],"product_brand":[],"product_cat":[110,201,202,101],"product_tag":[],"class_list":{"0":"post-6359","1":"product","2":"type-product","3":"status-publish","4":"has-post-thumbnail","6":"product_cat-black-edition","7":"product_cat-parfum-femme","8":"product_cat-parfum-homme","9":"product_cat-parfums-occidentaux","10":"pa_marque-black-edition","12":"first","13":"instock","14":"taxable","15":"shipping-taxable","16":"purchasable","17":"product-type-simple"},"yoast_head":"<!-- This site is optimized with the Yoast SEO plugin v27.5 - https:\/\/yoast.com\/product\/yoast-seo-wordpress\/ -->\n<title>Parfum Black Edition Rouge en 50 ml - Les Collections Priv\u00e9es<\/title>\n<meta name=\"description\" content=\"Parfum Rouge de Black Edition est un chef-d\u2019\u0153uvre d\u2019exception. Ce parfum se veut \u00eatre un p\u00e9riple aventureux entre senteurs fleuries et bois\u00e9es.\" \/>\n<meta name=\"robots\" content=\"index, follow, max-snippet:-1, max-image-preview:large, max-video-preview:-1\" \/>\n<link rel=\"canonical\" href=\"https:\/\/lescollectionsprivees.com\/pt\/fragrancia\/edicao-vermelho-preto\/\" \/>\n<meta property=\"og:locale\" content=\"pt_PT\" \/>\n<meta property=\"og:type\" content=\"article\" \/>\n<meta property=\"og:title\" content=\"Parfum Black Edition Rouge en 50 ml - Les Collections Priv\u00e9es\" \/>\n<meta property=\"og:description\" content=\"Parfum Rouge de Black Edition est un chef-d\u2019\u0153uvre d\u2019exception. Ce parfum se veut \u00eatre un p\u00e9riple aventureux entre senteurs fleuries et bois\u00e9es.\" \/>\n<meta property=\"og:url\" content=\"https:\/\/lescollectionsprivees.com\/pt\/fragrancia\/edicao-vermelho-preto\/\" \/>\n<meta property=\"og:site_name\" content=\"Les Collections Priv\u00e9es\" \/>\n<meta property=\"article:modified_time\" content=\"2026-05-16T13:43:41+00:00\" \/>\n<meta property=\"og:image\" content=\"https:\/\/lescollectionsprivees.com\/wp-content\/uploads\/2024\/12\/BLACK-EDITION-ROUGE-SANS.jpg\" \/>\n\t<meta property=\"og:image:width\" content=\"1000\" \/>\n\t<meta property=\"og:image:height\" content=\"1000\" \/>\n\t<meta property=\"og:image:type\" content=\"image\/jpeg\" \/>\n<meta name=\"twitter:card\" content=\"summary_large_image\" \/>\n<meta name=\"twitter:label1\" content=\"Tempo estimado de leitura\" \/>\n\t<meta name=\"twitter:data1\" content=\"2 minutos\" \/>\n<script type=\"application\/ld+json\" class=\"yoast-schema-graph\">{\"@context\":\"https:\\\/\\\/schema.org\",\"@graph\":[{\"@type\":\"WebPage\",\"@id\":\"https:\\\/\\\/lescollectionsprivees.com\\\/parfum\\\/rouge-black-edition\\\/\",\"url\":\"https:\\\/\\\/lescollectionsprivees.com\\\/parfum\\\/rouge-black-edition\\\/\",\"name\":\"Parfum Black Edition Rouge en 50 ml - Les Collections Priv\u00e9es\",\"isPartOf\":{\"@id\":\"https:\\\/\\\/lescollectionsprivees.com\\\/#website\"},\"primaryImageOfPage\":{\"@id\":\"https:\\\/\\\/lescollectionsprivees.com\\\/parfum\\\/rouge-black-edition\\\/#primaryimage\"},\"image\":{\"@id\":\"https:\\\/\\\/lescollectionsprivees.com\\\/parfum\\\/rouge-black-edition\\\/#primaryimage\"},\"thumbnailUrl\":\"https:\\\/\\\/lescollectionsprivees.com\\\/wp-content\\\/uploads\\\/2024\\\/12\\\/BLACK-EDITION-ROUGE-SANS.jpg\",\"datePublished\":\"2020-02-06T12:41:24+00:00\",\"dateModified\":\"2026-05-16T13:43:41+00:00\",\"description\":\"Parfum Rouge de Black Edition est un chef-d\u2019\u0153uvre d\u2019exception. Ce parfum se veut \u00eatre un p\u00e9riple aventureux entre senteurs fleuries et bois\u00e9es.\",\"breadcrumb\":{\"@id\":\"https:\\\/\\\/lescollectionsprivees.com\\\/parfum\\\/rouge-black-edition\\\/#breadcrumb\"},\"inLanguage\":\"pt-PT\",\"potentialAction\":[{\"@type\":\"ReadAction\",\"target\":[\"https:\\\/\\\/lescollectionsprivees.com\\\/parfum\\\/rouge-black-edition\\\/\"]}]},{\"@type\":\"ImageObject\",\"inLanguage\":\"pt-PT\",\"@id\":\"https:\\\/\\\/lescollectionsprivees.com\\\/parfum\\\/rouge-black-edition\\\/#primaryimage\",\"url\":\"https:\\\/\\\/lescollectionsprivees.com\\\/wp-content\\\/uploads\\\/2024\\\/12\\\/BLACK-EDITION-ROUGE-SANS.jpg\",\"contentUrl\":\"https:\\\/\\\/lescollectionsprivees.com\\\/wp-content\\\/uploads\\\/2024\\\/12\\\/BLACK-EDITION-ROUGE-SANS.jpg\",\"width\":1000,\"height\":1000,\"caption\":\"Rouge \u2013 Black Edition\"},{\"@type\":\"BreadcrumbList\",\"@id\":\"https:\\\/\\\/lescollectionsprivees.com\\\/parfum\\\/rouge-black-edition\\\/#breadcrumb\",\"itemListElement\":[{\"@type\":\"ListItem\",\"position\":1,\"name\":\"Accueil\",\"item\":\"https:\\\/\\\/lescollectionsprivees.com\\\/\"},{\"@type\":\"ListItem\",\"position\":2,\"name\":\"Boutique\",\"item\":\"https:\\\/\\\/lescollectionsprivees.com\\\/boutique\\\/\"},{\"@type\":\"ListItem\",\"position\":3,\"name\":\"Rouge &#8211; Black Edition\"}]},{\"@type\":\"WebSite\",\"@id\":\"https:\\\/\\\/lescollectionsprivees.com\\\/#website\",\"url\":\"https:\\\/\\\/lescollectionsprivees.com\\\/\",\"name\":\"Les Collections Priv\u00e9es\",\"description\":\"\",\"publisher\":{\"@id\":\"https:\\\/\\\/lescollectionsprivees.com\\\/#organization\"},\"potentialAction\":[{\"@type\":\"SearchAction\",\"target\":{\"@type\":\"EntryPoint\",\"urlTemplate\":\"https:\\\/\\\/lescollectionsprivees.com\\\/?s={search_term_string}\"},\"query-input\":{\"@type\":\"PropertyValueSpecification\",\"valueRequired\":true,\"valueName\":\"search_term_string\"}}],\"inLanguage\":\"pt-PT\"},{\"@type\":\"Organization\",\"@id\":\"https:\\\/\\\/lescollectionsprivees.com\\\/#organization\",\"name\":\"Les Collections Priv\u00e9es\",\"url\":\"https:\\\/\\\/lescollectionsprivees.com\\\/\",\"logo\":{\"@type\":\"ImageObject\",\"inLanguage\":\"pt-PT\",\"@id\":\"https:\\\/\\\/lescollectionsprivees.com\\\/#\\\/schema\\\/logo\\\/image\\\/\",\"url\":\"https:\\\/\\\/lescollectionsprivees.com\\\/wp-content\\\/uploads\\\/2020\\\/02\\\/Logo-Les-Collections-Priv\u00e9es-450x450-1.png\",\"contentUrl\":\"https:\\\/\\\/lescollectionsprivees.com\\\/wp-content\\\/uploads\\\/2020\\\/02\\\/Logo-Les-Collections-Priv\u00e9es-450x450-1.png\",\"width\":450,\"height\":450,\"caption\":\"Les Collections Priv\u00e9es\"},\"image\":{\"@id\":\"https:\\\/\\\/lescollectionsprivees.com\\\/#\\\/schema\\\/logo\\\/image\\\/\"}}]}<\/script>\n<!-- \/ Yoast SEO plugin. -->","yoast_head_json":{"title":"Perfume Black Edition Red 50 ml - Les Collections Priv\u00e9es","description":"Parfum Rouge de Black Edition \u00e9 uma obra-prima excecional. Esta fragr\u00e2ncia \u00e9 uma viagem aventureira atrav\u00e9s de aromas florais e amadeirados.","robots":{"index":"index","follow":"follow","max-snippet":"max-snippet:-1","max-image-preview":"max-image-preview:large","max-video-preview":"max-video-preview:-1"},"canonical":"https:\/\/lescollectionsprivees.com\/pt\/fragrancia\/edicao-vermelho-preto\/","og_locale":"pt_PT","og_type":"article","og_title":"Parfum Black Edition Rouge en 50 ml - Les Collections Priv\u00e9es","og_description":"Parfum Rouge de Black Edition est un chef-d\u2019\u0153uvre d\u2019exception. Ce parfum se veut \u00eatre un p\u00e9riple aventureux entre senteurs fleuries et bois\u00e9es.","og_url":"https:\/\/lescollectionsprivees.com\/pt\/fragrancia\/edicao-vermelho-preto\/","og_site_name":"Les Collections Priv\u00e9es","article_modified_time":"2026-05-16T13:43:41+00:00","og_image":[{"width":1000,"height":1000,"url":"https:\/\/lescollectionsprivees.com\/wp-content\/uploads\/2024\/12\/BLACK-EDITION-ROUGE-SANS.jpg","type":"image\/jpeg"}],"twitter_card":"summary_large_image","twitter_misc":{"Tempo estimado de leitura":"2 minutos"},"schema":{"@context":"https:\/\/schema.org","@graph":[{"@type":"WebPage","@id":"https:\/\/lescollectionsprivees.com\/parfum\/rouge-black-edition\/","url":"https:\/\/lescollectionsprivees.com\/parfum\/rouge-black-edition\/","name":"Perfume Black Edition Red 50 ml - Les Collections Priv\u00e9es","isPartOf":{"@id":"https:\/\/lescollectionsprivees.com\/#website"},"primaryImageOfPage":{"@id":"https:\/\/lescollectionsprivees.com\/parfum\/rouge-black-edition\/#primaryimage"},"image":{"@id":"https:\/\/lescollectionsprivees.com\/parfum\/rouge-black-edition\/#primaryimage"},"thumbnailUrl":"https:\/\/lescollectionsprivees.com\/wp-content\/uploads\/2024\/12\/BLACK-EDITION-ROUGE-SANS.jpg","datePublished":"2020-02-06T12:41:24+00:00","dateModified":"2026-05-16T13:43:41+00:00","description":"Parfum Rouge de Black Edition \u00e9 uma obra-prima excecional. Esta fragr\u00e2ncia \u00e9 uma viagem aventureira atrav\u00e9s de aromas florais e amadeirados.","breadcrumb":{"@id":"https:\/\/lescollectionsprivees.com\/parfum\/rouge-black-edition\/#breadcrumb"},"inLanguage":"pt-PT","potentialAction":[{"@type":"ReadAction","target":["https:\/\/lescollectionsprivees.com\/parfum\/rouge-black-edition\/"]}]},{"@type":"ImageObject","inLanguage":"pt-PT","@id":"https:\/\/lescollectionsprivees.com\/parfum\/rouge-black-edition\/#primaryimage","url":"https:\/\/lescollectionsprivees.com\/wp-content\/uploads\/2024\/12\/BLACK-EDITION-ROUGE-SANS.jpg","contentUrl":"https:\/\/lescollectionsprivees.com\/wp-content\/uploads\/2024\/12\/BLACK-EDITION-ROUGE-SANS.jpg","width":1000,"height":1000,"caption":"Rouge \u2013 Black Edition"},{"@type":"BreadcrumbList","@id":"https:\/\/lescollectionsprivees.com\/parfum\/rouge-black-edition\/#breadcrumb","itemListElement":[{"@type":"ListItem","position":1,"name":"Accueil","item":"https:\/\/lescollectionsprivees.com\/"},{"@type":"ListItem","position":2,"name":"Boutique","item":"https:\/\/lescollectionsprivees.com\/boutique\/"},{"@type":"ListItem","position":3,"name":"Rouge &#8211; Black Edition"}]},{"@type":"WebSite","@id":"https:\/\/lescollectionsprivees.com\/#website","url":"https:\/\/lescollectionsprivees.com\/","name":"Colec\u00e7\u00f5es privadas","description":"","publisher":{"@id":"https:\/\/lescollectionsprivees.com\/#organization"},"potentialAction":[{"@type":"SearchAction","target":{"@type":"EntryPoint","urlTemplate":"https:\/\/lescollectionsprivees.com\/?s={search_term_string}"},"query-input":{"@type":"PropertyValueSpecification","valueRequired":true,"valueName":"search_term_string"}}],"inLanguage":"pt-PT"},{"@type":"Organization","@id":"https:\/\/lescollectionsprivees.com\/#organization","name":"Colec\u00e7\u00f5es privadas","url":"https:\/\/lescollectionsprivees.com\/","logo":{"@type":"ImageObject","inLanguage":"pt-PT","@id":"https:\/\/lescollectionsprivees.com\/#\/schema\/logo\/image\/","url":"https:\/\/lescollectionsprivees.com\/wp-content\/uploads\/2020\/02\/Logo-Les-Collections-Priv\u00e9es-450x450-1.png","contentUrl":"https:\/\/lescollectionsprivees.com\/wp-content\/uploads\/2020\/02\/Logo-Les-Collections-Priv\u00e9es-450x450-1.png","width":450,"height":450,"caption":"Les Collections Priv\u00e9es"},"image":{"@id":"https:\/\/lescollectionsprivees.com\/#\/schema\/logo\/image\/"}}]}},"_links":{"self":[{"href":"https:\/\/lescollectionsprivees.com\/pt\/wp-json\/wp\/v2\/product\/6359","targetHints":{"allow":["GET"]}}],"collection":[{"href":"https:\/\/lescollectionsprivees.com\/pt\/wp-json\/wp\/v2\/product"}],"about":[{"href":"https:\/\/lescollectionsprivees.com\/pt\/wp-json\/wp\/v2\/types\/product"}],"wp:featuredmedia":[{"embeddable":true,"href":"https:\/\/lescollectionsprivees.com\/pt\/wp-json\/wp\/v2\/media\/32506"}],"wp:attachment":[{"href":"https:\/\/lescollectionsprivees.com\/pt\/wp-json\/wp\/v2\/media?parent=6359"}],"wp:term":[{"taxonomy":"product_brand","embeddable":true,"href":"https:\/\/lescollectionsprivees.com\/pt\/wp-json\/wp\/v2\/product_brand?post=6359"},{"taxonomy":"product_cat","embeddable":true,"href":"https:\/\/lescollectionsprivees.com\/pt\/wp-json\/wp\/v2\/product_cat?post=6359"},{"taxonomy":"product_tag","embeddable":true,"href":"https:\/\/lescollectionsprivees.com\/pt\/wp-json\/wp\/v2\/product_tag?post=6359"}],"curies":[{"name":"wp","href":"https:\/\/api.w.org\/{rel}","templated":true}]}}