{"id":6372,"date":"2020-02-06T12:41:24","date_gmt":"2020-02-06T12:41:24","guid":{"rendered":"https:\/\/lescollectionsprivees.com\/produit\/import-placeholder-for-1900\/"},"modified":"2025-05-20T05:15:33","modified_gmt":"2025-05-20T05:15:33","slug":"jazzab-silver-ard-al-zaafaran","status":"publish","type":"product","link":"https:\/\/lescollectionsprivees.com\/pt\/parfum\/jazzab-silver-ard-al-zaafaran\/","title":{"rendered":"Jazzab Silver - Ard Al Zaafaran"},"content":{"rendered":"<h2><strong>Jazzab Silver por Ard Al Zaafaran<\/strong><\/h2>\n<p>Uma fragr\u00e2ncia excecional, Jazzab Silver de Ard Al Zaafaran melhora a atmosfera com as suas fant\u00e1sticas notas frutadas, picantes, amadeiradas e almiscaradas. A famosa marca dos Emirados causou um duplo impacto com esta fragr\u00e2ncia de luxo.<\/p>\n<p>O seu frasco cinzento metalizado com uma placa de prata no centro \u00e9 uma verdadeira obra de arte. Mas a maravilhosa subst\u00e2ncia que cont\u00e9m tamb\u00e9m tem algo a dizer. De facto, esta magn\u00edfica fragr\u00e2ncia cont\u00e9m ingredientes cuidadosamente selecionados, puros e n\u00e3o adulterados. Por outras palavras, esta combina\u00e7\u00e3o de ingredientes impec\u00e1veis criou um l\u00edquido precioso, precioso, com um aroma encantador e cativante.<\/p>\n<h2><strong>Um arranque em cheio<\/strong><\/h2>\n<p>Com um in\u00edcio explosivo, Jazzab Silver de Ard Al Zaafaran abre caminho a uma aventura impression\u00e1vel, sens\u00edvel e afectuosa. Dito isto, esta fragr\u00e2ncia \u00e1rabe, sedutora e suave, abala-nos desde o in\u00edcio e apodera-se de n\u00f3s. \u00c9 certo que as suas emana\u00e7\u00f5es majestosas e extravagantes brilham em todo o horizonte com as suas notas de citrinos, lim\u00f5es e folhas de ch\u00e1.<\/p>\n<p>Um trio sumptuoso e firme que o cativar\u00e1 e o projectar\u00e1 numa atmosfera revigorante e fresca. Trememos de emo\u00e7\u00e3o ao ver estes excelentes e deliciosos sabores. De certa forma, este deslumbrante in\u00edcio coloca-o em melhores condi\u00e7\u00f5es para acolher o resto desta extraordin\u00e1ria composi\u00e7\u00e3o.<\/p>\n<h2><strong>Uma sensa\u00e7\u00e3o que perdura e se adensa<\/strong><\/h2>\n<p>Depois de ter provado esta frescura deslumbrante, est\u00e1 pronto para a irresist\u00edvel cadeia de exala\u00e7\u00f5es. De facto, as especiarias, o incenso e o vetiver das notas m\u00e9dias refor\u00e7am o efeito s\u00fabito e r\u00e1pido que acaba de experimentar, sem o chocar. Pelo contr\u00e1rio, este prazer agrad\u00e1vel e duradouro parece inflam\u00e1-lo e excit\u00e1-lo.<\/p>\n<p>Para intensificar esta experi\u00eancia, o cedro, o vetiver e o alm\u00edscar emergem e instalam-se gradualmente no seu espa\u00e7o para o acalmar. Sentir\u00e1 uma sensa\u00e7\u00e3o de al\u00edvio ao saciar a sua sede inalando os seus aromas relaxantes.<\/p>","protected":false},"excerpt":{"rendered":"<p><strong><u>Dados t\u00e9cnicos :<\/u><\/strong><\/p>\n<p><strong>Nome do perfume<\/strong>\u00a0: Jazzab Silver<br \/>\n<strong>Marca<\/strong>\u00a0Ard Al Zaafaran<br \/>\n<strong>Tipo<\/strong>\u00a0Unissexo<br \/>\n<strong>Capacidade<\/strong>\u00a0100 ml<\/p>\n<p><span style=\"text-decoration: underline;\"><strong>Perfil olfativo<\/strong>\u00a0:<\/span><\/p>\n<p><strong>Cabe\u00e7a :<\/strong> Citrinos, Lim\u00f5es, Folhas de ch\u00e1<br \/>\n<b>Cora\u00e7\u00e3o :<\/b> Especiarias, Incenso, Vetiver<br \/>\n<strong>Antecedentes :<\/strong> Cedro, Vetiver e Alm\u00edscar<\/p>","protected":false},"featured_media":7270,"template":"","meta":[],"product_brand":[],"product_cat":[274,15],"product_tag":[],"class_list":{"0":"post-6372","1":"product","2":"type-product","3":"status-publish","4":"has-post-thumbnail","6":"product_cat-ard-al-zaafaran","7":"product_cat-parfums-de-dubai","8":"pa_marque-ard-al-zaafaran","10":"first","11":"instock","12":"taxable","13":"shipping-taxable","14":"purchasable","15":"product-type-simple"},"yoast_head":"<!-- This site is optimized with the Yoast SEO plugin v27.5 - https:\/\/yoast.com\/product\/yoast-seo-wordpress\/ -->\n<title>Jazzab Silver de Ard Al Zaafaran en 100ml - Les Collections Priv\u00e9es<\/title>\n<meta name=\"description\" content=\"Jazzab Silver de Ard Al Zaafaran sublime l&#039;atmosph\u00e8re avec ses fantastiques notes fruit\u00e9es, \u00e9pic\u00e9es, bois\u00e9es et musqu\u00e9es. D\u00e9couvrez ce parfum d&#039;exception\u00a0!\" \/>\n<meta name=\"robots\" content=\"index, follow, max-snippet:-1, max-image-preview:large, max-video-preview:-1\" \/>\n<link rel=\"canonical\" href=\"https:\/\/lescollectionsprivees.com\/pt\/fragrancia\/jazzab-silver-ard-al-zaafaran\/\" \/>\n<meta property=\"og:locale\" content=\"pt_PT\" \/>\n<meta property=\"og:type\" content=\"article\" \/>\n<meta property=\"og:title\" content=\"Jazzab Silver de Ard Al Zaafaran en 100ml - Les Collections Priv\u00e9es\" \/>\n<meta property=\"og:description\" content=\"Jazzab Silver de Ard Al Zaafaran sublime l&#039;atmosph\u00e8re avec ses fantastiques notes fruit\u00e9es, \u00e9pic\u00e9es, bois\u00e9es et musqu\u00e9es. D\u00e9couvrez ce parfum d&#039;exception\u00a0!\" \/>\n<meta property=\"og:url\" content=\"https:\/\/lescollectionsprivees.com\/pt\/fragrancia\/jazzab-silver-ard-al-zaafaran\/\" \/>\n<meta property=\"og:site_name\" content=\"Les Collections Priv\u00e9es\" \/>\n<meta property=\"article:modified_time\" content=\"2025-05-20T05:15:33+00:00\" \/>\n<meta property=\"og:image\" content=\"https:\/\/lescollectionsprivees.com\/wp-content\/uploads\/2020\/02\/Jazzab-Silver-Ard-Al-Zaafaran-Les-Collections-Priv\u00e9es.png\" \/>\n\t<meta property=\"og:image:width\" content=\"521\" \/>\n\t<meta property=\"og:image:height\" content=\"695\" \/>\n\t<meta property=\"og:image:type\" content=\"image\/png\" \/>\n<meta name=\"twitter:card\" content=\"summary_large_image\" \/>\n<meta name=\"twitter:label1\" content=\"Tempo estimado de leitura\" \/>\n\t<meta name=\"twitter:data1\" content=\"2 minutos\" \/>\n<script type=\"application\/ld+json\" class=\"yoast-schema-graph\">{\"@context\":\"https:\\\/\\\/schema.org\",\"@graph\":[{\"@type\":\"WebPage\",\"@id\":\"https:\\\/\\\/lescollectionsprivees.com\\\/parfum\\\/jazzab-silver-ard-al-zaafaran\\\/\",\"url\":\"https:\\\/\\\/lescollectionsprivees.com\\\/parfum\\\/jazzab-silver-ard-al-zaafaran\\\/\",\"name\":\"Jazzab Silver de Ard Al Zaafaran en 100ml - Les Collections Priv\u00e9es\",\"isPartOf\":{\"@id\":\"https:\\\/\\\/lescollectionsprivees.com\\\/#website\"},\"primaryImageOfPage\":{\"@id\":\"https:\\\/\\\/lescollectionsprivees.com\\\/parfum\\\/jazzab-silver-ard-al-zaafaran\\\/#primaryimage\"},\"image\":{\"@id\":\"https:\\\/\\\/lescollectionsprivees.com\\\/parfum\\\/jazzab-silver-ard-al-zaafaran\\\/#primaryimage\"},\"thumbnailUrl\":\"https:\\\/\\\/lescollectionsprivees.com\\\/wp-content\\\/uploads\\\/2020\\\/02\\\/Jazzab-Silver-Ard-Al-Zaafaran-Les-Collections-Priv\u00e9es.png\",\"datePublished\":\"2020-02-06T12:41:24+00:00\",\"dateModified\":\"2025-05-20T05:15:33+00:00\",\"description\":\"Jazzab Silver de Ard Al Zaafaran sublime l'atmosph\u00e8re avec ses fantastiques notes fruit\u00e9es, \u00e9pic\u00e9es, bois\u00e9es et musqu\u00e9es. D\u00e9couvrez ce parfum d'exception\u00a0!\",\"breadcrumb\":{\"@id\":\"https:\\\/\\\/lescollectionsprivees.com\\\/parfum\\\/jazzab-silver-ard-al-zaafaran\\\/#breadcrumb\"},\"inLanguage\":\"pt-PT\",\"potentialAction\":[{\"@type\":\"ReadAction\",\"target\":[\"https:\\\/\\\/lescollectionsprivees.com\\\/parfum\\\/jazzab-silver-ard-al-zaafaran\\\/\"]}]},{\"@type\":\"ImageObject\",\"inLanguage\":\"pt-PT\",\"@id\":\"https:\\\/\\\/lescollectionsprivees.com\\\/parfum\\\/jazzab-silver-ard-al-zaafaran\\\/#primaryimage\",\"url\":\"https:\\\/\\\/lescollectionsprivees.com\\\/wp-content\\\/uploads\\\/2020\\\/02\\\/Jazzab-Silver-Ard-Al-Zaafaran-Les-Collections-Priv\u00e9es.png\",\"contentUrl\":\"https:\\\/\\\/lescollectionsprivees.com\\\/wp-content\\\/uploads\\\/2020\\\/02\\\/Jazzab-Silver-Ard-Al-Zaafaran-Les-Collections-Priv\u00e9es.png\",\"width\":521,\"height\":695,\"caption\":\"Jazzab Silver - Ard Al Zaafaran - Les Collections Priv\u00e9es\"},{\"@type\":\"BreadcrumbList\",\"@id\":\"https:\\\/\\\/lescollectionsprivees.com\\\/parfum\\\/jazzab-silver-ard-al-zaafaran\\\/#breadcrumb\",\"itemListElement\":[{\"@type\":\"ListItem\",\"position\":1,\"name\":\"Accueil\",\"item\":\"https:\\\/\\\/lescollectionsprivees.com\\\/\"},{\"@type\":\"ListItem\",\"position\":2,\"name\":\"Boutique\",\"item\":\"https:\\\/\\\/lescollectionsprivees.com\\\/boutique\\\/\"},{\"@type\":\"ListItem\",\"position\":3,\"name\":\"Jazzab Silver &#8211; Ard Al Zaafaran\"}]},{\"@type\":\"WebSite\",\"@id\":\"https:\\\/\\\/lescollectionsprivees.com\\\/#website\",\"url\":\"https:\\\/\\\/lescollectionsprivees.com\\\/\",\"name\":\"Les Collections Priv\u00e9es\",\"description\":\"\",\"publisher\":{\"@id\":\"https:\\\/\\\/lescollectionsprivees.com\\\/#organization\"},\"potentialAction\":[{\"@type\":\"SearchAction\",\"target\":{\"@type\":\"EntryPoint\",\"urlTemplate\":\"https:\\\/\\\/lescollectionsprivees.com\\\/?s={search_term_string}\"},\"query-input\":{\"@type\":\"PropertyValueSpecification\",\"valueRequired\":true,\"valueName\":\"search_term_string\"}}],\"inLanguage\":\"pt-PT\"},{\"@type\":\"Organization\",\"@id\":\"https:\\\/\\\/lescollectionsprivees.com\\\/#organization\",\"name\":\"Les Collections Priv\u00e9es\",\"url\":\"https:\\\/\\\/lescollectionsprivees.com\\\/\",\"logo\":{\"@type\":\"ImageObject\",\"inLanguage\":\"pt-PT\",\"@id\":\"https:\\\/\\\/lescollectionsprivees.com\\\/#\\\/schema\\\/logo\\\/image\\\/\",\"url\":\"https:\\\/\\\/lescollectionsprivees.com\\\/wp-content\\\/uploads\\\/2020\\\/02\\\/Logo-Les-Collections-Priv\u00e9es-450x450-1.png\",\"contentUrl\":\"https:\\\/\\\/lescollectionsprivees.com\\\/wp-content\\\/uploads\\\/2020\\\/02\\\/Logo-Les-Collections-Priv\u00e9es-450x450-1.png\",\"width\":450,\"height\":450,\"caption\":\"Les Collections Priv\u00e9es\"},\"image\":{\"@id\":\"https:\\\/\\\/lescollectionsprivees.com\\\/#\\\/schema\\\/logo\\\/image\\\/\"}}]}<\/script>\n<!-- \/ Yoast SEO plugin. -->","yoast_head_json":{"title":"Jazzab Silver de Ard Al Zaafaran 100ml - Les Collections Priv\u00e9es","description":"Jazzab Silver de Ard Al Zaafaran melhora a atmosfera com as suas fant\u00e1sticas notas frutadas, picantes, amadeiradas e almiscaradas. Descubra esta fragr\u00e2ncia excecional!","robots":{"index":"index","follow":"follow","max-snippet":"max-snippet:-1","max-image-preview":"max-image-preview:large","max-video-preview":"max-video-preview:-1"},"canonical":"https:\/\/lescollectionsprivees.com\/pt\/fragrancia\/jazzab-silver-ard-al-zaafaran\/","og_locale":"pt_PT","og_type":"article","og_title":"Jazzab Silver de Ard Al Zaafaran en 100ml - Les Collections Priv\u00e9es","og_description":"Jazzab Silver de Ard Al Zaafaran sublime l'atmosph\u00e8re avec ses fantastiques notes fruit\u00e9es, \u00e9pic\u00e9es, bois\u00e9es et musqu\u00e9es. D\u00e9couvrez ce parfum d'exception\u00a0!","og_url":"https:\/\/lescollectionsprivees.com\/pt\/fragrancia\/jazzab-silver-ard-al-zaafaran\/","og_site_name":"Les Collections Priv\u00e9es","article_modified_time":"2025-05-20T05:15:33+00:00","og_image":[{"width":521,"height":695,"url":"https:\/\/lescollectionsprivees.com\/wp-content\/uploads\/2020\/02\/Jazzab-Silver-Ard-Al-Zaafaran-Les-Collections-Priv\u00e9es.png","type":"image\/png"}],"twitter_card":"summary_large_image","twitter_misc":{"Tempo estimado de leitura":"2 minutos"},"schema":{"@context":"https:\/\/schema.org","@graph":[{"@type":"WebPage","@id":"https:\/\/lescollectionsprivees.com\/parfum\/jazzab-silver-ard-al-zaafaran\/","url":"https:\/\/lescollectionsprivees.com\/parfum\/jazzab-silver-ard-al-zaafaran\/","name":"Jazzab Silver de Ard Al Zaafaran 100ml - Les Collections Priv\u00e9es","isPartOf":{"@id":"https:\/\/lescollectionsprivees.com\/#website"},"primaryImageOfPage":{"@id":"https:\/\/lescollectionsprivees.com\/parfum\/jazzab-silver-ard-al-zaafaran\/#primaryimage"},"image":{"@id":"https:\/\/lescollectionsprivees.com\/parfum\/jazzab-silver-ard-al-zaafaran\/#primaryimage"},"thumbnailUrl":"https:\/\/lescollectionsprivees.com\/wp-content\/uploads\/2020\/02\/Jazzab-Silver-Ard-Al-Zaafaran-Les-Collections-Priv\u00e9es.png","datePublished":"2020-02-06T12:41:24+00:00","dateModified":"2025-05-20T05:15:33+00:00","description":"Jazzab Silver de Ard Al Zaafaran melhora a atmosfera com as suas fant\u00e1sticas notas frutadas, picantes, amadeiradas e almiscaradas. Descubra esta fragr\u00e2ncia excecional!","breadcrumb":{"@id":"https:\/\/lescollectionsprivees.com\/parfum\/jazzab-silver-ard-al-zaafaran\/#breadcrumb"},"inLanguage":"pt-PT","potentialAction":[{"@type":"ReadAction","target":["https:\/\/lescollectionsprivees.com\/parfum\/jazzab-silver-ard-al-zaafaran\/"]}]},{"@type":"ImageObject","inLanguage":"pt-PT","@id":"https:\/\/lescollectionsprivees.com\/parfum\/jazzab-silver-ard-al-zaafaran\/#primaryimage","url":"https:\/\/lescollectionsprivees.com\/wp-content\/uploads\/2020\/02\/Jazzab-Silver-Ard-Al-Zaafaran-Les-Collections-Priv\u00e9es.png","contentUrl":"https:\/\/lescollectionsprivees.com\/wp-content\/uploads\/2020\/02\/Jazzab-Silver-Ard-Al-Zaafaran-Les-Collections-Priv\u00e9es.png","width":521,"height":695,"caption":"Jazzab Silver - Ard Al Zaafaran - Les Collections Priv\u00e9es"},{"@type":"BreadcrumbList","@id":"https:\/\/lescollectionsprivees.com\/parfum\/jazzab-silver-ard-al-zaafaran\/#breadcrumb","itemListElement":[{"@type":"ListItem","position":1,"name":"Accueil","item":"https:\/\/lescollectionsprivees.com\/"},{"@type":"ListItem","position":2,"name":"Boutique","item":"https:\/\/lescollectionsprivees.com\/boutique\/"},{"@type":"ListItem","position":3,"name":"Jazzab Silver &#8211; Ard Al Zaafaran"}]},{"@type":"WebSite","@id":"https:\/\/lescollectionsprivees.com\/#website","url":"https:\/\/lescollectionsprivees.com\/","name":"Colec\u00e7\u00f5es privadas","description":"","publisher":{"@id":"https:\/\/lescollectionsprivees.com\/#organization"},"potentialAction":[{"@type":"SearchAction","target":{"@type":"EntryPoint","urlTemplate":"https:\/\/lescollectionsprivees.com\/?s={search_term_string}"},"query-input":{"@type":"PropertyValueSpecification","valueRequired":true,"valueName":"search_term_string"}}],"inLanguage":"pt-PT"},{"@type":"Organization","@id":"https:\/\/lescollectionsprivees.com\/#organization","name":"Colec\u00e7\u00f5es privadas","url":"https:\/\/lescollectionsprivees.com\/","logo":{"@type":"ImageObject","inLanguage":"pt-PT","@id":"https:\/\/lescollectionsprivees.com\/#\/schema\/logo\/image\/","url":"https:\/\/lescollectionsprivees.com\/wp-content\/uploads\/2020\/02\/Logo-Les-Collections-Priv\u00e9es-450x450-1.png","contentUrl":"https:\/\/lescollectionsprivees.com\/wp-content\/uploads\/2020\/02\/Logo-Les-Collections-Priv\u00e9es-450x450-1.png","width":450,"height":450,"caption":"Les Collections Priv\u00e9es"},"image":{"@id":"https:\/\/lescollectionsprivees.com\/#\/schema\/logo\/image\/"}}]}},"_links":{"self":[{"href":"https:\/\/lescollectionsprivees.com\/pt\/wp-json\/wp\/v2\/product\/6372","targetHints":{"allow":["GET"]}}],"collection":[{"href":"https:\/\/lescollectionsprivees.com\/pt\/wp-json\/wp\/v2\/product"}],"about":[{"href":"https:\/\/lescollectionsprivees.com\/pt\/wp-json\/wp\/v2\/types\/product"}],"wp:featuredmedia":[{"embeddable":true,"href":"https:\/\/lescollectionsprivees.com\/pt\/wp-json\/wp\/v2\/media\/7270"}],"wp:attachment":[{"href":"https:\/\/lescollectionsprivees.com\/pt\/wp-json\/wp\/v2\/media?parent=6372"}],"wp:term":[{"taxonomy":"product_brand","embeddable":true,"href":"https:\/\/lescollectionsprivees.com\/pt\/wp-json\/wp\/v2\/product_brand?post=6372"},{"taxonomy":"product_cat","embeddable":true,"href":"https:\/\/lescollectionsprivees.com\/pt\/wp-json\/wp\/v2\/product_cat?post=6372"},{"taxonomy":"product_tag","embeddable":true,"href":"https:\/\/lescollectionsprivees.com\/pt\/wp-json\/wp\/v2\/product_tag?post=6372"}],"curies":[{"name":"wp","href":"https:\/\/api.w.org\/{rel}","templated":true}]}}