{"id":8385,"date":"2020-04-28T23:34:52","date_gmt":"2020-04-28T23:34:52","guid":{"rendered":"https:\/\/lescollectionsprivees.com\/?post_type=product&#038;p=8385"},"modified":"2023-10-20T19:24:31","modified_gmt":"2023-10-20T19:24:31","slug":"manasib-ard-al-zaafaran","status":"publish","type":"product","link":"https:\/\/lescollectionsprivees.com\/pt\/parfum\/manasib-ard-al-zaafaran\/","title":{"rendered":"Manasib - Ard Al Zaafaran"},"content":{"rendered":"<h2><strong>Manasib de Ard Al Zaafaran<\/strong><\/h2>\n<p>Com os seus aromas orientais, florais, picantes, ambarinos e amadeirados, Manasib de Ard Al Zaafaran \u00e9 um perfume encantador e sedutor do Dubai. Vai adorar os seus sabores deliciosos e frescos. Al\u00e9m disso, o encanto gracioso da sua embalagem vai atra\u00ed-la e cativ\u00e1-la desde o primeiro olhar. Em suma, vai querer devorar esta magn\u00edfica fragr\u00e2ncia oriental com os olhos e inalar as suas espl\u00eandidas emana\u00e7\u00f5es durante horas a fio.<\/p>\n<h2><strong>Um perfil olfativo que se destaca na mat\u00e9ria<\/strong><\/h2>\n<p>Encantador e absorvente, Manasib de Ard Al Zaafaran consegue seduzir todos os que encontra pelo caminho. De facto, esta fragr\u00e2ncia dos Emirados tem uma est\u00e9tica refinada e exala aromas magn\u00edficos. Um design moderno que desperta o seu esp\u00edrito e capta a sua aten\u00e7\u00e3o. Al\u00e9m disso, transporta-o para um mundo oriental, evocando as belas terras do M\u00e9dio Oriente.<\/p>\n<p>No entanto, esta fragr\u00e2ncia de luxo tem uma composi\u00e7\u00e3o excecional com ingredientes preciosos e de alta qualidade. Vai admirar as suas maravilhosas notas de jasmim, a\u00e7afr\u00e3o, \u00e2mbar gris, cedro e alm\u00edscar. Um cocktail de aromas sublimes em harmonia harmoniosa que o ir\u00e1 surpreender e fascinar.<\/p>\n<h2><strong>Vestido extraordin\u00e1rio e proje\u00e7\u00e3o imensa<\/strong><\/h2>\n<p>Esta fragr\u00e2ncia \u00e1rabe delicada e sensual \u00e9 particularmente adequada para as mulheres. Tem um rasto duradouro e um spray denso. Depois de deitar algumas gotas deste belo elixir sobre o seu corpo ou sobre a sua roupa, tornar-se-\u00e1 o assunto da cidade quando se sentar. E a sua popularidade aumentar\u00e1 em pouco tempo.<\/p>\n<p>Dito isto, esta fragr\u00e2ncia original tem a particularidade de satisfazer as expectativas das mulheres que gostam de agradar, mantendo uma atitude refinada e respeitosa. Venha conhecer esta maravilhosa fragr\u00e2ncia do M\u00e9dio Oriente que simboliza a eleg\u00e2ncia e a sensualidade com estima.<\/p>","protected":false},"excerpt":{"rendered":"<p><strong><u>Dados t\u00e9cnicos :<\/u><\/strong><\/p>\n<p><strong>Nome do perfume<\/strong> : Manasib<br \/>\n<strong>Marca<\/strong> Ard Al Zaafaran<br \/>\n<strong>Tipo<\/strong> : Mulher<br \/>\n<strong>Capacidade<\/strong> 100 ml<\/p>\n<p><span style=\"text-decoration: underline;\"><strong>Perfil olfativo<\/strong> :<\/span><\/p>\n<p>Jasmim, A\u00e7afr\u00e3o, Ambergris, Cedro e Alm\u00edscar<\/p>","protected":false},"featured_media":8386,"template":"","meta":[],"product_brand":[],"product_cat":[274,15],"product_tag":[],"class_list":{"0":"post-8385","1":"product","2":"type-product","3":"status-publish","4":"has-post-thumbnail","6":"product_cat-ard-al-zaafaran","7":"product_cat-parfums-de-dubai","8":"pa_marque-ard-al-zaafaran","10":"first","11":"instock","12":"taxable","13":"shipping-taxable","14":"purchasable","15":"product-type-simple"},"yoast_head":"<!-- This site is optimized with the Yoast SEO plugin v27.5 - https:\/\/yoast.com\/product\/yoast-seo-wordpress\/ -->\n<title>Manasib de Ard Al Zaafaran en 100 ml - Les Collections Priv\u00e9es<\/title>\n<meta name=\"description\" content=\"\u00c0 travers ses senteurs orientales, florales, \u00e9pic\u00e9es et bois\u00e9es, Manasib de Ard Al Zaafaran se r\u00e9v\u00e8le \u00eatre un parfum de Duba\u00ef s\u00e9duisant. D\u00e9couvrez-le\u00a0!\" \/>\n<meta name=\"robots\" content=\"index, follow, max-snippet:-1, max-image-preview:large, max-video-preview:-1\" \/>\n<link rel=\"canonical\" href=\"https:\/\/lescollectionsprivees.com\/pt\/fragrancia\/manasib-ard-al-zaafaran\/\" \/>\n<meta property=\"og:locale\" content=\"pt_PT\" \/>\n<meta property=\"og:type\" content=\"article\" \/>\n<meta property=\"og:title\" content=\"Manasib de Ard Al Zaafaran en 100 ml - Les Collections Priv\u00e9es\" \/>\n<meta property=\"og:description\" content=\"\u00c0 travers ses senteurs orientales, florales, \u00e9pic\u00e9es et bois\u00e9es, Manasib de Ard Al Zaafaran se r\u00e9v\u00e8le \u00eatre un parfum de Duba\u00ef s\u00e9duisant. D\u00e9couvrez-le\u00a0!\" \/>\n<meta property=\"og:url\" content=\"https:\/\/lescollectionsprivees.com\/pt\/fragrancia\/manasib-ard-al-zaafaran\/\" \/>\n<meta property=\"og:site_name\" content=\"Les Collections Priv\u00e9es\" \/>\n<meta property=\"article:modified_time\" content=\"2023-10-20T19:24:31+00:00\" \/>\n<meta property=\"og:image\" content=\"https:\/\/lescollectionsprivees.com\/wp-content\/uploads\/2020\/04\/Manasib-Ard-Al-Zaafaran-Les-Collections-Priv\u00e9es.jpg\" \/>\n\t<meta property=\"og:image:width\" content=\"521\" \/>\n\t<meta property=\"og:image:height\" content=\"695\" \/>\n\t<meta property=\"og:image:type\" content=\"image\/jpeg\" \/>\n<meta name=\"twitter:card\" content=\"summary_large_image\" \/>\n<meta name=\"twitter:label1\" content=\"Tempo estimado de leitura\" \/>\n\t<meta name=\"twitter:data1\" content=\"2 minutos\" \/>\n<script type=\"application\/ld+json\" class=\"yoast-schema-graph\">{\"@context\":\"https:\\\/\\\/schema.org\",\"@graph\":[{\"@type\":\"WebPage\",\"@id\":\"https:\\\/\\\/lescollectionsprivees.com\\\/parfum\\\/manasib-ard-al-zaafaran\\\/\",\"url\":\"https:\\\/\\\/lescollectionsprivees.com\\\/parfum\\\/manasib-ard-al-zaafaran\\\/\",\"name\":\"Manasib de Ard Al Zaafaran en 100 ml - Les Collections Priv\u00e9es\",\"isPartOf\":{\"@id\":\"https:\\\/\\\/lescollectionsprivees.com\\\/#website\"},\"primaryImageOfPage\":{\"@id\":\"https:\\\/\\\/lescollectionsprivees.com\\\/parfum\\\/manasib-ard-al-zaafaran\\\/#primaryimage\"},\"image\":{\"@id\":\"https:\\\/\\\/lescollectionsprivees.com\\\/parfum\\\/manasib-ard-al-zaafaran\\\/#primaryimage\"},\"thumbnailUrl\":\"https:\\\/\\\/lescollectionsprivees.com\\\/wp-content\\\/uploads\\\/2020\\\/04\\\/Manasib-Ard-Al-Zaafaran-Les-Collections-Priv\u00e9es.jpg\",\"datePublished\":\"2020-04-28T23:34:52+00:00\",\"dateModified\":\"2023-10-20T19:24:31+00:00\",\"description\":\"\u00c0 travers ses senteurs orientales, florales, \u00e9pic\u00e9es et bois\u00e9es, Manasib de Ard Al Zaafaran se r\u00e9v\u00e8le \u00eatre un parfum de Duba\u00ef s\u00e9duisant. D\u00e9couvrez-le\u00a0!\",\"breadcrumb\":{\"@id\":\"https:\\\/\\\/lescollectionsprivees.com\\\/parfum\\\/manasib-ard-al-zaafaran\\\/#breadcrumb\"},\"inLanguage\":\"pt-PT\",\"potentialAction\":[{\"@type\":\"ReadAction\",\"target\":[\"https:\\\/\\\/lescollectionsprivees.com\\\/parfum\\\/manasib-ard-al-zaafaran\\\/\"]}]},{\"@type\":\"ImageObject\",\"inLanguage\":\"pt-PT\",\"@id\":\"https:\\\/\\\/lescollectionsprivees.com\\\/parfum\\\/manasib-ard-al-zaafaran\\\/#primaryimage\",\"url\":\"https:\\\/\\\/lescollectionsprivees.com\\\/wp-content\\\/uploads\\\/2020\\\/04\\\/Manasib-Ard-Al-Zaafaran-Les-Collections-Priv\u00e9es.jpg\",\"contentUrl\":\"https:\\\/\\\/lescollectionsprivees.com\\\/wp-content\\\/uploads\\\/2020\\\/04\\\/Manasib-Ard-Al-Zaafaran-Les-Collections-Priv\u00e9es.jpg\",\"width\":521,\"height\":695,\"caption\":\"Manasib - Ard Al Zaafaran - Les Collections Priv\u00e9es\"},{\"@type\":\"BreadcrumbList\",\"@id\":\"https:\\\/\\\/lescollectionsprivees.com\\\/parfum\\\/manasib-ard-al-zaafaran\\\/#breadcrumb\",\"itemListElement\":[{\"@type\":\"ListItem\",\"position\":1,\"name\":\"Accueil\",\"item\":\"https:\\\/\\\/lescollectionsprivees.com\\\/\"},{\"@type\":\"ListItem\",\"position\":2,\"name\":\"Boutique\",\"item\":\"https:\\\/\\\/lescollectionsprivees.com\\\/boutique\\\/\"},{\"@type\":\"ListItem\",\"position\":3,\"name\":\"Manasib &#8211; Ard Al Zaafaran\"}]},{\"@type\":\"WebSite\",\"@id\":\"https:\\\/\\\/lescollectionsprivees.com\\\/#website\",\"url\":\"https:\\\/\\\/lescollectionsprivees.com\\\/\",\"name\":\"Les Collections Priv\u00e9es\",\"description\":\"\",\"publisher\":{\"@id\":\"https:\\\/\\\/lescollectionsprivees.com\\\/#organization\"},\"potentialAction\":[{\"@type\":\"SearchAction\",\"target\":{\"@type\":\"EntryPoint\",\"urlTemplate\":\"https:\\\/\\\/lescollectionsprivees.com\\\/?s={search_term_string}\"},\"query-input\":{\"@type\":\"PropertyValueSpecification\",\"valueRequired\":true,\"valueName\":\"search_term_string\"}}],\"inLanguage\":\"pt-PT\"},{\"@type\":\"Organization\",\"@id\":\"https:\\\/\\\/lescollectionsprivees.com\\\/#organization\",\"name\":\"Les Collections Priv\u00e9es\",\"url\":\"https:\\\/\\\/lescollectionsprivees.com\\\/\",\"logo\":{\"@type\":\"ImageObject\",\"inLanguage\":\"pt-PT\",\"@id\":\"https:\\\/\\\/lescollectionsprivees.com\\\/#\\\/schema\\\/logo\\\/image\\\/\",\"url\":\"https:\\\/\\\/lescollectionsprivees.com\\\/wp-content\\\/uploads\\\/2020\\\/02\\\/Logo-Les-Collections-Priv\u00e9es-450x450-1.png\",\"contentUrl\":\"https:\\\/\\\/lescollectionsprivees.com\\\/wp-content\\\/uploads\\\/2020\\\/02\\\/Logo-Les-Collections-Priv\u00e9es-450x450-1.png\",\"width\":450,\"height\":450,\"caption\":\"Les Collections Priv\u00e9es\"},\"image\":{\"@id\":\"https:\\\/\\\/lescollectionsprivees.com\\\/#\\\/schema\\\/logo\\\/image\\\/\"}}]}<\/script>\n<!-- \/ Yoast SEO plugin. -->","yoast_head_json":{"title":"Manasib de Ard Al Zaafaran em 100 ml - Les Collections Priv\u00e9es","description":"Com os seus aromas orientais, florais, picantes e amadeirados, Manasib de Ard Al Zaafaran \u00e9 um perfume sedutor do Dubai. Descubra-o por si mesmo!","robots":{"index":"index","follow":"follow","max-snippet":"max-snippet:-1","max-image-preview":"max-image-preview:large","max-video-preview":"max-video-preview:-1"},"canonical":"https:\/\/lescollectionsprivees.com\/pt\/fragrancia\/manasib-ard-al-zaafaran\/","og_locale":"pt_PT","og_type":"article","og_title":"Manasib de Ard Al Zaafaran en 100 ml - Les Collections Priv\u00e9es","og_description":"\u00c0 travers ses senteurs orientales, florales, \u00e9pic\u00e9es et bois\u00e9es, Manasib de Ard Al Zaafaran se r\u00e9v\u00e8le \u00eatre un parfum de Duba\u00ef s\u00e9duisant. D\u00e9couvrez-le\u00a0!","og_url":"https:\/\/lescollectionsprivees.com\/pt\/fragrancia\/manasib-ard-al-zaafaran\/","og_site_name":"Les Collections Priv\u00e9es","article_modified_time":"2023-10-20T19:24:31+00:00","og_image":[{"width":521,"height":695,"url":"https:\/\/lescollectionsprivees.com\/wp-content\/uploads\/2020\/04\/Manasib-Ard-Al-Zaafaran-Les-Collections-Priv\u00e9es.jpg","type":"image\/jpeg"}],"twitter_card":"summary_large_image","twitter_misc":{"Tempo estimado de leitura":"2 minutos"},"schema":{"@context":"https:\/\/schema.org","@graph":[{"@type":"WebPage","@id":"https:\/\/lescollectionsprivees.com\/parfum\/manasib-ard-al-zaafaran\/","url":"https:\/\/lescollectionsprivees.com\/parfum\/manasib-ard-al-zaafaran\/","name":"Manasib de Ard Al Zaafaran em 100 ml - Les Collections Priv\u00e9es","isPartOf":{"@id":"https:\/\/lescollectionsprivees.com\/#website"},"primaryImageOfPage":{"@id":"https:\/\/lescollectionsprivees.com\/parfum\/manasib-ard-al-zaafaran\/#primaryimage"},"image":{"@id":"https:\/\/lescollectionsprivees.com\/parfum\/manasib-ard-al-zaafaran\/#primaryimage"},"thumbnailUrl":"https:\/\/lescollectionsprivees.com\/wp-content\/uploads\/2020\/04\/Manasib-Ard-Al-Zaafaran-Les-Collections-Priv\u00e9es.jpg","datePublished":"2020-04-28T23:34:52+00:00","dateModified":"2023-10-20T19:24:31+00:00","description":"Com os seus aromas orientais, florais, picantes e amadeirados, Manasib de Ard Al Zaafaran \u00e9 um perfume sedutor do Dubai. Descubra-o por si mesmo!","breadcrumb":{"@id":"https:\/\/lescollectionsprivees.com\/parfum\/manasib-ard-al-zaafaran\/#breadcrumb"},"inLanguage":"pt-PT","potentialAction":[{"@type":"ReadAction","target":["https:\/\/lescollectionsprivees.com\/parfum\/manasib-ard-al-zaafaran\/"]}]},{"@type":"ImageObject","inLanguage":"pt-PT","@id":"https:\/\/lescollectionsprivees.com\/parfum\/manasib-ard-al-zaafaran\/#primaryimage","url":"https:\/\/lescollectionsprivees.com\/wp-content\/uploads\/2020\/04\/Manasib-Ard-Al-Zaafaran-Les-Collections-Priv\u00e9es.jpg","contentUrl":"https:\/\/lescollectionsprivees.com\/wp-content\/uploads\/2020\/04\/Manasib-Ard-Al-Zaafaran-Les-Collections-Priv\u00e9es.jpg","width":521,"height":695,"caption":"Manasib - Ard Al Zaafaran - Les Collections Priv\u00e9es"},{"@type":"BreadcrumbList","@id":"https:\/\/lescollectionsprivees.com\/parfum\/manasib-ard-al-zaafaran\/#breadcrumb","itemListElement":[{"@type":"ListItem","position":1,"name":"Accueil","item":"https:\/\/lescollectionsprivees.com\/"},{"@type":"ListItem","position":2,"name":"Boutique","item":"https:\/\/lescollectionsprivees.com\/boutique\/"},{"@type":"ListItem","position":3,"name":"Manasib &#8211; Ard Al Zaafaran"}]},{"@type":"WebSite","@id":"https:\/\/lescollectionsprivees.com\/#website","url":"https:\/\/lescollectionsprivees.com\/","name":"Colec\u00e7\u00f5es privadas","description":"","publisher":{"@id":"https:\/\/lescollectionsprivees.com\/#organization"},"potentialAction":[{"@type":"SearchAction","target":{"@type":"EntryPoint","urlTemplate":"https:\/\/lescollectionsprivees.com\/?s={search_term_string}"},"query-input":{"@type":"PropertyValueSpecification","valueRequired":true,"valueName":"search_term_string"}}],"inLanguage":"pt-PT"},{"@type":"Organization","@id":"https:\/\/lescollectionsprivees.com\/#organization","name":"Colec\u00e7\u00f5es privadas","url":"https:\/\/lescollectionsprivees.com\/","logo":{"@type":"ImageObject","inLanguage":"pt-PT","@id":"https:\/\/lescollectionsprivees.com\/#\/schema\/logo\/image\/","url":"https:\/\/lescollectionsprivees.com\/wp-content\/uploads\/2020\/02\/Logo-Les-Collections-Priv\u00e9es-450x450-1.png","contentUrl":"https:\/\/lescollectionsprivees.com\/wp-content\/uploads\/2020\/02\/Logo-Les-Collections-Priv\u00e9es-450x450-1.png","width":450,"height":450,"caption":"Les Collections Priv\u00e9es"},"image":{"@id":"https:\/\/lescollectionsprivees.com\/#\/schema\/logo\/image\/"}}]}},"_links":{"self":[{"href":"https:\/\/lescollectionsprivees.com\/pt\/wp-json\/wp\/v2\/product\/8385","targetHints":{"allow":["GET"]}}],"collection":[{"href":"https:\/\/lescollectionsprivees.com\/pt\/wp-json\/wp\/v2\/product"}],"about":[{"href":"https:\/\/lescollectionsprivees.com\/pt\/wp-json\/wp\/v2\/types\/product"}],"wp:featuredmedia":[{"embeddable":true,"href":"https:\/\/lescollectionsprivees.com\/pt\/wp-json\/wp\/v2\/media\/8386"}],"wp:attachment":[{"href":"https:\/\/lescollectionsprivees.com\/pt\/wp-json\/wp\/v2\/media?parent=8385"}],"wp:term":[{"taxonomy":"product_brand","embeddable":true,"href":"https:\/\/lescollectionsprivees.com\/pt\/wp-json\/wp\/v2\/product_brand?post=8385"},{"taxonomy":"product_cat","embeddable":true,"href":"https:\/\/lescollectionsprivees.com\/pt\/wp-json\/wp\/v2\/product_cat?post=8385"},{"taxonomy":"product_tag","embeddable":true,"href":"https:\/\/lescollectionsprivees.com\/pt\/wp-json\/wp\/v2\/product_tag?post=8385"}],"curies":[{"name":"wp","href":"https:\/\/api.w.org\/{rel}","templated":true}]}}