{"id":9581,"date":"2021-07-16T10:13:29","date_gmt":"2021-07-16T10:13:29","guid":{"rendered":"https:\/\/lescollectionsprivees.com\/?post_type=product&#038;p=9581"},"modified":"2023-09-21T19:34:31","modified_gmt":"2023-09-21T19:34:31","slug":"kera-queens-gama-de-queratina-e-coco","status":"publish","type":"product","link":"https:\/\/lescollectionsprivees.com\/pt\/parfum\/gamme-keratine-et-coco-kera-queens\/","title":{"rendered":"Gama queratina e coco - Kera Queen's"},"content":{"rendered":"","protected":false},"excerpt":{"rendered":"<p><strong>Nome :<\/strong> Gama Queratina e Coco<br \/>\n<strong>Marca :<\/strong> Kera Queen's<\/p>\n<p><strong>Gama Coco :<\/strong> Trio Ultra-Nutritivo Sem Sulfatos. Indicado para cabelos ba\u00e7os, secos e frisados. Queratina sem sulfato e sem parabenos.<\/p>\n<p class=\"st-po\"><strong>Capacidade :<\/strong><\/p>\n<ul class=\"st-no\">\n<li><strong>Champ\u00f4 Ultra-Nutritivo<\/strong>\u00a0(Queratina e Coco) - 500 ml<\/li>\n<li><strong>M\u00e1scara ultra-nutritiva<\/strong>\u00a0(Queratina e Coco) - 500 ml<\/li>\n<li><strong>S\u00e9rum ultra-nutritivo<\/strong>\u00a0(Queratina e Coco) - 100 ml<\/li>\n<\/ul>","protected":false},"featured_media":9573,"template":"","meta":[],"product_brand":[],"product_cat":[195,245,161,160],"product_tag":[],"class_list":{"0":"post-9581","1":"product","2":"type-product","3":"status-publish","4":"has-post-thumbnail","6":"product_cat-botox-capillaire","7":"product_cat-botox-capillaire-keratine","8":"product_cat-cosmetiques","9":"product_cat-kera-queens","11":"first","12":"instock","13":"taxable","14":"shipping-taxable","15":"purchasable","16":"product-type-simple"},"yoast_head":"<!-- This site is optimized with the Yoast SEO plugin v27.5 - https:\/\/yoast.com\/product\/yoast-seo-wordpress\/ -->\n<title>Gamme K\u00e9ratine et coco - Kera Queen&#039;s - Les Collections Priv\u00e9es<\/title>\n<meta name=\"robots\" content=\"index, follow, max-snippet:-1, max-image-preview:large, max-video-preview:-1\" \/>\n<link rel=\"canonical\" href=\"https:\/\/lescollectionsprivees.com\/pt\/fragrancia\/kera-queens-gama-de-queratina-e-coco\/\" \/>\n<meta property=\"og:locale\" content=\"pt_PT\" \/>\n<meta property=\"og:type\" content=\"article\" \/>\n<meta property=\"og:title\" content=\"Gamme K\u00e9ratine et coco - Kera Queen&#039;s - Les Collections Priv\u00e9es\" \/>\n<meta property=\"og:description\" content=\"Nom : Gamme K\u00e9ratine &amp; Coco Marque : Kera Queen\u2019s  Gamme Coco : Trio Sans Sulfate Ultra-Nourissant. Convient pour les Cheveux Ternes, Secs et Fris\u00e9s. K\u00e9ratine Sans Sulfate et Sans Paraben. Contenance :    Shampoing Ultra-Nourrissant\u00a0(K\u00e9ratine &amp; Coco) \u2013 500 ml  Masque Ultra-Nourrissant\u00a0(K\u00e9ratine &amp; Coco) \u2013 500 ml  S\u00e9rum Ultra-Nourrissant\u00a0(K\u00e9ratine &amp; Coco) \u2013 100 ml\" \/>\n<meta property=\"og:url\" content=\"https:\/\/lescollectionsprivees.com\/pt\/fragrancia\/kera-queens-gama-de-queratina-e-coco\/\" \/>\n<meta property=\"og:site_name\" content=\"Les Collections Priv\u00e9es\" \/>\n<meta property=\"article:modified_time\" content=\"2023-09-21T19:34:31+00:00\" \/>\n<meta property=\"og:image\" content=\"https:\/\/lescollectionsprivees.com\/wp-content\/uploads\/2021\/07\/gamme-coco.jpg\" \/>\n\t<meta property=\"og:image:width\" content=\"510\" \/>\n\t<meta property=\"og:image:height\" content=\"510\" \/>\n\t<meta property=\"og:image:type\" content=\"image\/jpeg\" \/>\n<meta name=\"twitter:card\" content=\"summary_large_image\" \/>\n<script type=\"application\/ld+json\" class=\"yoast-schema-graph\">{\"@context\":\"https:\\\/\\\/schema.org\",\"@graph\":[{\"@type\":\"WebPage\",\"@id\":\"https:\\\/\\\/lescollectionsprivees.com\\\/parfum\\\/gamme-keratine-et-coco-kera-queens\\\/\",\"url\":\"https:\\\/\\\/lescollectionsprivees.com\\\/parfum\\\/gamme-keratine-et-coco-kera-queens\\\/\",\"name\":\"Gamme K\u00e9ratine et coco - Kera Queen's - Les Collections Priv\u00e9es\",\"isPartOf\":{\"@id\":\"https:\\\/\\\/lescollectionsprivees.com\\\/#website\"},\"primaryImageOfPage\":{\"@id\":\"https:\\\/\\\/lescollectionsprivees.com\\\/parfum\\\/gamme-keratine-et-coco-kera-queens\\\/#primaryimage\"},\"image\":{\"@id\":\"https:\\\/\\\/lescollectionsprivees.com\\\/parfum\\\/gamme-keratine-et-coco-kera-queens\\\/#primaryimage\"},\"thumbnailUrl\":\"https:\\\/\\\/lescollectionsprivees.com\\\/wp-content\\\/uploads\\\/2021\\\/07\\\/gamme-coco.jpg\",\"datePublished\":\"2021-07-16T10:13:29+00:00\",\"dateModified\":\"2023-09-21T19:34:31+00:00\",\"breadcrumb\":{\"@id\":\"https:\\\/\\\/lescollectionsprivees.com\\\/parfum\\\/gamme-keratine-et-coco-kera-queens\\\/#breadcrumb\"},\"inLanguage\":\"pt-PT\",\"potentialAction\":[{\"@type\":\"ReadAction\",\"target\":[\"https:\\\/\\\/lescollectionsprivees.com\\\/parfum\\\/gamme-keratine-et-coco-kera-queens\\\/\"]}]},{\"@type\":\"ImageObject\",\"inLanguage\":\"pt-PT\",\"@id\":\"https:\\\/\\\/lescollectionsprivees.com\\\/parfum\\\/gamme-keratine-et-coco-kera-queens\\\/#primaryimage\",\"url\":\"https:\\\/\\\/lescollectionsprivees.com\\\/wp-content\\\/uploads\\\/2021\\\/07\\\/gamme-coco.jpg\",\"contentUrl\":\"https:\\\/\\\/lescollectionsprivees.com\\\/wp-content\\\/uploads\\\/2021\\\/07\\\/gamme-coco.jpg\",\"width\":510,\"height\":510,\"caption\":\"Gamme K\u00e9ratine et coco - Kera Queen's\"},{\"@type\":\"BreadcrumbList\",\"@id\":\"https:\\\/\\\/lescollectionsprivees.com\\\/parfum\\\/gamme-keratine-et-coco-kera-queens\\\/#breadcrumb\",\"itemListElement\":[{\"@type\":\"ListItem\",\"position\":1,\"name\":\"Accueil\",\"item\":\"https:\\\/\\\/lescollectionsprivees.com\\\/\"},{\"@type\":\"ListItem\",\"position\":2,\"name\":\"Boutique\",\"item\":\"https:\\\/\\\/lescollectionsprivees.com\\\/boutique\\\/\"},{\"@type\":\"ListItem\",\"position\":3,\"name\":\"Gamme K\u00e9ratine et coco &#8211; Kera Queen&#8217;s\"}]},{\"@type\":\"WebSite\",\"@id\":\"https:\\\/\\\/lescollectionsprivees.com\\\/#website\",\"url\":\"https:\\\/\\\/lescollectionsprivees.com\\\/\",\"name\":\"Les Collections Priv\u00e9es\",\"description\":\"\",\"publisher\":{\"@id\":\"https:\\\/\\\/lescollectionsprivees.com\\\/#organization\"},\"potentialAction\":[{\"@type\":\"SearchAction\",\"target\":{\"@type\":\"EntryPoint\",\"urlTemplate\":\"https:\\\/\\\/lescollectionsprivees.com\\\/?s={search_term_string}\"},\"query-input\":{\"@type\":\"PropertyValueSpecification\",\"valueRequired\":true,\"valueName\":\"search_term_string\"}}],\"inLanguage\":\"pt-PT\"},{\"@type\":\"Organization\",\"@id\":\"https:\\\/\\\/lescollectionsprivees.com\\\/#organization\",\"name\":\"Les Collections Priv\u00e9es\",\"url\":\"https:\\\/\\\/lescollectionsprivees.com\\\/\",\"logo\":{\"@type\":\"ImageObject\",\"inLanguage\":\"pt-PT\",\"@id\":\"https:\\\/\\\/lescollectionsprivees.com\\\/#\\\/schema\\\/logo\\\/image\\\/\",\"url\":\"https:\\\/\\\/lescollectionsprivees.com\\\/wp-content\\\/uploads\\\/2020\\\/02\\\/Logo-Les-Collections-Priv\u00e9es-450x450-1.png\",\"contentUrl\":\"https:\\\/\\\/lescollectionsprivees.com\\\/wp-content\\\/uploads\\\/2020\\\/02\\\/Logo-Les-Collections-Priv\u00e9es-450x450-1.png\",\"width\":450,\"height\":450,\"caption\":\"Les Collections Priv\u00e9es\"},\"image\":{\"@id\":\"https:\\\/\\\/lescollectionsprivees.com\\\/#\\\/schema\\\/logo\\\/image\\\/\"}}]}<\/script>\n<!-- \/ Yoast SEO plugin. -->","yoast_head_json":{"title":"Gama queratina e coco - Kera Queen's - Les Collections Priv\u00e9es","robots":{"index":"index","follow":"follow","max-snippet":"max-snippet:-1","max-image-preview":"max-image-preview:large","max-video-preview":"max-video-preview:-1"},"canonical":"https:\/\/lescollectionsprivees.com\/pt\/fragrancia\/kera-queens-gama-de-queratina-e-coco\/","og_locale":"pt_PT","og_type":"article","og_title":"Gamme K\u00e9ratine et coco - Kera Queen's - Les Collections Priv\u00e9es","og_description":"Nom : Gamme K\u00e9ratine &amp; Coco Marque : Kera Queen\u2019s  Gamme Coco : Trio Sans Sulfate Ultra-Nourissant. Convient pour les Cheveux Ternes, Secs et Fris\u00e9s. K\u00e9ratine Sans Sulfate et Sans Paraben. Contenance :    Shampoing Ultra-Nourrissant\u00a0(K\u00e9ratine &amp; Coco) \u2013 500 ml  Masque Ultra-Nourrissant\u00a0(K\u00e9ratine &amp; Coco) \u2013 500 ml  S\u00e9rum Ultra-Nourrissant\u00a0(K\u00e9ratine &amp; Coco) \u2013 100 ml","og_url":"https:\/\/lescollectionsprivees.com\/pt\/fragrancia\/kera-queens-gama-de-queratina-e-coco\/","og_site_name":"Les Collections Priv\u00e9es","article_modified_time":"2023-09-21T19:34:31+00:00","og_image":[{"width":510,"height":510,"url":"https:\/\/lescollectionsprivees.com\/wp-content\/uploads\/2021\/07\/gamme-coco.jpg","type":"image\/jpeg"}],"twitter_card":"summary_large_image","schema":{"@context":"https:\/\/schema.org","@graph":[{"@type":"WebPage","@id":"https:\/\/lescollectionsprivees.com\/parfum\/gamme-keratine-et-coco-kera-queens\/","url":"https:\/\/lescollectionsprivees.com\/parfum\/gamme-keratine-et-coco-kera-queens\/","name":"Gama queratina e coco - Kera Queen's - Les Collections Priv\u00e9es","isPartOf":{"@id":"https:\/\/lescollectionsprivees.com\/#website"},"primaryImageOfPage":{"@id":"https:\/\/lescollectionsprivees.com\/parfum\/gamme-keratine-et-coco-kera-queens\/#primaryimage"},"image":{"@id":"https:\/\/lescollectionsprivees.com\/parfum\/gamme-keratine-et-coco-kera-queens\/#primaryimage"},"thumbnailUrl":"https:\/\/lescollectionsprivees.com\/wp-content\/uploads\/2021\/07\/gamme-coco.jpg","datePublished":"2021-07-16T10:13:29+00:00","dateModified":"2023-09-21T19:34:31+00:00","breadcrumb":{"@id":"https:\/\/lescollectionsprivees.com\/parfum\/gamme-keratine-et-coco-kera-queens\/#breadcrumb"},"inLanguage":"pt-PT","potentialAction":[{"@type":"ReadAction","target":["https:\/\/lescollectionsprivees.com\/parfum\/gamme-keratine-et-coco-kera-queens\/"]}]},{"@type":"ImageObject","inLanguage":"pt-PT","@id":"https:\/\/lescollectionsprivees.com\/parfum\/gamme-keratine-et-coco-kera-queens\/#primaryimage","url":"https:\/\/lescollectionsprivees.com\/wp-content\/uploads\/2021\/07\/gamme-coco.jpg","contentUrl":"https:\/\/lescollectionsprivees.com\/wp-content\/uploads\/2021\/07\/gamme-coco.jpg","width":510,"height":510,"caption":"Gamme K\u00e9ratine et coco - Kera Queen's"},{"@type":"BreadcrumbList","@id":"https:\/\/lescollectionsprivees.com\/parfum\/gamme-keratine-et-coco-kera-queens\/#breadcrumb","itemListElement":[{"@type":"ListItem","position":1,"name":"Accueil","item":"https:\/\/lescollectionsprivees.com\/"},{"@type":"ListItem","position":2,"name":"Boutique","item":"https:\/\/lescollectionsprivees.com\/boutique\/"},{"@type":"ListItem","position":3,"name":"Gamme K\u00e9ratine et coco &#8211; Kera Queen&#8217;s"}]},{"@type":"WebSite","@id":"https:\/\/lescollectionsprivees.com\/#website","url":"https:\/\/lescollectionsprivees.com\/","name":"Colec\u00e7\u00f5es privadas","description":"","publisher":{"@id":"https:\/\/lescollectionsprivees.com\/#organization"},"potentialAction":[{"@type":"SearchAction","target":{"@type":"EntryPoint","urlTemplate":"https:\/\/lescollectionsprivees.com\/?s={search_term_string}"},"query-input":{"@type":"PropertyValueSpecification","valueRequired":true,"valueName":"search_term_string"}}],"inLanguage":"pt-PT"},{"@type":"Organization","@id":"https:\/\/lescollectionsprivees.com\/#organization","name":"Colec\u00e7\u00f5es privadas","url":"https:\/\/lescollectionsprivees.com\/","logo":{"@type":"ImageObject","inLanguage":"pt-PT","@id":"https:\/\/lescollectionsprivees.com\/#\/schema\/logo\/image\/","url":"https:\/\/lescollectionsprivees.com\/wp-content\/uploads\/2020\/02\/Logo-Les-Collections-Priv\u00e9es-450x450-1.png","contentUrl":"https:\/\/lescollectionsprivees.com\/wp-content\/uploads\/2020\/02\/Logo-Les-Collections-Priv\u00e9es-450x450-1.png","width":450,"height":450,"caption":"Les Collections Priv\u00e9es"},"image":{"@id":"https:\/\/lescollectionsprivees.com\/#\/schema\/logo\/image\/"}}]}},"_links":{"self":[{"href":"https:\/\/lescollectionsprivees.com\/pt\/wp-json\/wp\/v2\/product\/9581","targetHints":{"allow":["GET"]}}],"collection":[{"href":"https:\/\/lescollectionsprivees.com\/pt\/wp-json\/wp\/v2\/product"}],"about":[{"href":"https:\/\/lescollectionsprivees.com\/pt\/wp-json\/wp\/v2\/types\/product"}],"wp:featuredmedia":[{"embeddable":true,"href":"https:\/\/lescollectionsprivees.com\/pt\/wp-json\/wp\/v2\/media\/9573"}],"wp:attachment":[{"href":"https:\/\/lescollectionsprivees.com\/pt\/wp-json\/wp\/v2\/media?parent=9581"}],"wp:term":[{"taxonomy":"product_brand","embeddable":true,"href":"https:\/\/lescollectionsprivees.com\/pt\/wp-json\/wp\/v2\/product_brand?post=9581"},{"taxonomy":"product_cat","embeddable":true,"href":"https:\/\/lescollectionsprivees.com\/pt\/wp-json\/wp\/v2\/product_cat?post=9581"},{"taxonomy":"product_tag","embeddable":true,"href":"https:\/\/lescollectionsprivees.com\/pt\/wp-json\/wp\/v2\/product_tag?post=9581"}],"curies":[{"name":"wp","href":"https:\/\/api.w.org\/{rel}","templated":true}]}}